{"id":2898,"date":"2017-08-17T09:05:15","date_gmt":"2017-08-17T07:05:15","guid":{"rendered":"http:\/\/lorrylesmetz-histoire.fr\/?page_id=2898"},"modified":"2017-08-17T09:18:36","modified_gmt":"2017-08-17T07:18:36","slug":"colloque-de-woippy-2012","status":"publish","type":"page","link":"http:\/\/lorrylesmetz-histoire.fr\/?page_id=2898","title":{"rendered":"Colloque de Woippy\u00a02012"},"content":{"rendered":"<h2>16 novembre 2012<\/h2>\n<p>Lors du colloque d&rsquo;histoire \u00e0 Woippy, Fran\u00e7ois Courtade, pr\u00e9sident de l&rsquo;association \u00ab\u00a0Lorry-l\u00e8s-Metz au fil du temps\u00a0\u00bb a pr\u00e9sent\u00e9 et lu le discours du maire de Lorry-l\u00e8s-Metz, Pierre-Alexandre Montrond, le 14 juillet 1800.<\/p>\n<p>Texte de la communication de Fran\u00e7ois Courtade <a href=\"http:\/\/lorrylesmetz-histoire.fr\/wp-content\/uploads\/2017\/08\/Colloque_Woippy_2012.pdf\" target=\"_blank\" rel=\"noopener\"><img loading=\"lazy\" decoding=\"async\" class=\"alignnone wp-image-683 size-full\" src=\"http:\/\/lorrylesmetz-histoire.fr\/wp-content\/uploads\/2017\/05\/voir.png?_t=1502953952\" alt=\"\" width=\"89\" height=\"31\" \/><\/a> <a href=\"http:\/\/lorrylesmetz-histoire.fr\/?media_dl=2899\"><img decoding=\"async\" src=\"http:\/\/lorrylesmetz-histoire.fr\/wp-content\/uploads\/2017\/05\/telecharger_pdf.png\" \/><\/a><\/p>\n<p style=\"text-align: center;\"><a href=\"http:\/\/lorrylesmetz-histoire.fr\/wp-content\/uploads\/2017\/08\/DSCN4079.jpg\" target=\"_blank\" rel=\"noopener\"><img loading=\"lazy\" decoding=\"async\" class=\"alignnone wp-image-2900 size-medium\" src=\"http:\/\/lorrylesmetz-histoire.fr\/wp-content\/uploads\/2017\/08\/DSCN4079-173x300.jpg\" alt=\"\" width=\"173\" height=\"300\" srcset=\"http:\/\/lorrylesmetz-histoire.fr\/wp-content\/uploads\/2017\/08\/DSCN4079-173x300.jpg 173w, http:\/\/lorrylesmetz-histoire.fr\/wp-content\/uploads\/2017\/08\/DSCN4079.jpg 370w\" sizes=\"auto, (max-width: 173px) 100vw, 173px\" \/><\/a><\/p>\n<p>Photo Roger Mariotte.<\/p>\n<p><a href=\"http:\/\/lorrylesmetz-histoire.fr\/?page_id=2228\"><img loading=\"lazy\" decoding=\"async\" class=\"alignnone wp-image-378 size-full\" src=\"http:\/\/lorrylesmetz-histoire.fr\/wp-content\/uploads\/2017\/05\/retour.png?_t=1502953661\" alt=\"\" width=\"89\" height=\"31\" \/><\/a><\/p>\n","protected":false},"excerpt":{"rendered":"<p>16 novembre 2012 Lors du colloque d&rsquo;histoire \u00e0 Woippy, Fran\u00e7ois Courtade, pr\u00e9sident de l&rsquo;association \u00ab\u00a0Lorry-l\u00e8s-Metz au fil du temps\u00a0\u00bb a pr\u00e9sent\u00e9 et lu le discours du maire de Lorry-l\u00e8s-Metz, Pierre-Alexandre Montrond, le 14 juillet 1800. Texte de la communication de&hellip; <\/p>\n","protected":false},"author":1,"featured_media":0,"parent":2228,"menu_order":3,"comment_status":"closed","ping_status":"closed","template":"","meta":{"_mc_calendar":[],"footnotes":""},"class_list":["post-2898","page","type-page","status-publish","hentry"],"_links":{"self":[{"href":"http:\/\/lorrylesmetz-histoire.fr\/index.php?rest_route=\/wp\/v2\/pages\/2898","targetHints":{"allow":["GET"]}}],"collection":[{"href":"http:\/\/lorrylesmetz-histoire.fr\/index.php?rest_route=\/wp\/v2\/pages"}],"about":[{"href":"http:\/\/lorrylesmetz-histoire.fr\/index.php?rest_route=\/wp\/v2\/types\/page"}],"author":[{"embeddable":true,"href":"http:\/\/lorrylesmetz-histoire.fr\/index.php?rest_route=\/wp\/v2\/users\/1"}],"replies":[{"embeddable":true,"href":"http:\/\/lorrylesmetz-histoire.fr\/index.php?rest_route=%2Fwp%2Fv2%2Fcomments&post=2898"}],"version-history":[{"count":8,"href":"http:\/\/lorrylesmetz-histoire.fr\/index.php?rest_route=\/wp\/v2\/pages\/2898\/revisions"}],"predecessor-version":[{"id":2910,"href":"http:\/\/lorrylesmetz-histoire.fr\/index.php?rest_route=\/wp\/v2\/pages\/2898\/revisions\/2910"}],"up":[{"embeddable":true,"href":"http:\/\/lorrylesmetz-histoire.fr\/index.php?rest_route=\/wp\/v2\/pages\/2228"}],"wp:attachment":[{"href":"http:\/\/lorrylesmetz-histoire.fr\/index.php?rest_route=%2Fwp%2Fv2%2Fmedia&parent=2898"}],"curies":[{"name":"wp","href":"https:\/\/api.w.org\/{rel}","templated":true}]}}