{"id":2991,"date":"2018-01-02T08:24:29","date_gmt":"2018-01-02T07:24:29","guid":{"rendered":"http:\/\/lorrylesmetz-histoire.fr\/?page_id=2991"},"modified":"2019-02-13T17:56:56","modified_gmt":"2019-02-13T16:56:56","slug":"2018-2","status":"publish","type":"page","link":"http:\/\/lorrylesmetz-histoire.fr\/?page_id=2991","title":{"rendered":"2018"},"content":{"rendered":"<table style=\"width: 572px; height: 388px;\">\n<tbody>\n<tr>\n<td style=\"width: 102.883px;\">16 d\u00e9cembre<\/td>\n<td style=\"width: 283px;\">Jeanne et Vincent<\/td>\n<td style=\"width: 109.717px;\"><a href=\"http:\/\/lorrylesmetz-histoire.fr\/?page_id=4325\"><img loading=\"lazy\" decoding=\"async\" class=\"alignnone size-full wp-image-683\" src=\"http:\/\/lorrylesmetz-histoire.fr\/wp-content\/uploads\/2017\/05\/voir.png\" alt=\"\" width=\"89\" height=\"31\" \/><\/a><\/td>\n<\/tr>\n<tr>\n<td style=\"width: 102.883px;\">1<sup>er<\/sup> d\u00e9cembre<\/td>\n<td style=\"width: 283px;\">Vernissage de l&rsquo;exposition \u00e0 la maison du Pays messin<\/td>\n<td style=\"width: 109.717px;\"><a href=\"http:\/\/lorrylesmetz-histoire.fr\/?page_id=4127\"><img loading=\"lazy\" decoding=\"async\" class=\"alignnone wp-image-683 size-full\" src=\"http:\/\/lorrylesmetz-histoire.fr\/wp-content\/uploads\/2017\/05\/voir.png?_t=1543823396\" alt=\"\" width=\"89\" height=\"31\" \/><\/a><\/td>\n<\/tr>\n<tr>\n<td style=\"width: 102.883px;\">23 novembre<\/td>\n<td style=\"width: 283px;\">Ouverture de l&rsquo;exposition \u00e0 la maison du Pays messin<\/td>\n<td style=\"width: 109.717px;\"><a href=\"http:\/\/lorrylesmetz-histoire.fr\/?page_id=4134\"><img loading=\"lazy\" decoding=\"async\" class=\"alignnone size-full wp-image-683\" src=\"http:\/\/lorrylesmetz-histoire.fr\/wp-content\/uploads\/2017\/05\/voir.png\" alt=\"\" width=\"89\" height=\"31\" \/><\/a><\/td>\n<\/tr>\n<tr>\n<td style=\"width: 102.883px;\">16 novembre<\/td>\n<td style=\"width: 283px;\">Cl\u00f4ture de l&rsquo;ann\u00e9e Philippe de Vigneulles et conf\u00e9rence de K\u00e9vin G\u0153uriot<\/td>\n<td style=\"width: 109.717px;\"><a href=\"http:\/\/lorrylesmetz-histoire.fr\/?page_id=4156\"><img loading=\"lazy\" decoding=\"async\" class=\"alignnone size-full wp-image-683\" src=\"http:\/\/lorrylesmetz-histoire.fr\/wp-content\/uploads\/2017\/05\/voir.png\" alt=\"\" width=\"89\" height=\"31\" \/><\/a><\/td>\n<\/tr>\n<tr>\n<td style=\"width: 102.883px;\">19 octobre<\/td>\n<td style=\"width: 283px;\">Conf\u00e9rence de S\u00e9bastien Wagner<\/td>\n<td style=\"width: 109.717px;\"><a href=\"http:\/\/lorrylesmetz-histoire.fr\/?page_id=4044\"><img loading=\"lazy\" decoding=\"async\" class=\"alignnone size-full wp-image-683\" src=\"http:\/\/lorrylesmetz-histoire.fr\/wp-content\/uploads\/2017\/05\/voir.png\" alt=\"\" width=\"89\" height=\"31\" \/><\/a><\/td>\n<\/tr>\n<tr>\n<td style=\"width: 102.883px;\">14 octobre<\/td>\n<td style=\"width: 283px;\">Jeu de piste<\/td>\n<td style=\"width: 109.717px;\"><a href=\"http:\/\/lorrylesmetz-histoire.fr\/?page_id=4019\"><img loading=\"lazy\" decoding=\"async\" class=\"alignnone size-full wp-image-683\" src=\"http:\/\/lorrylesmetz-histoire.fr\/wp-content\/uploads\/2017\/05\/voir.png\" alt=\"\" width=\"89\" height=\"31\" \/><\/a><\/td>\n<\/tr>\n<tr>\n<td style=\"width: 102.883px;\">21 septembre<\/td>\n<td style=\"width: 283px;\">Conf\u00e9rence de Julien L\u00e9onard<\/td>\n<td style=\"width: 109.717px;\"><a href=\"http:\/\/lorrylesmetz-histoire.fr\/?page_id=4070\"><img loading=\"lazy\" decoding=\"async\" class=\"alignnone size-full wp-image-683\" src=\"http:\/\/lorrylesmetz-histoire.fr\/wp-content\/uploads\/2017\/05\/voir.png\" alt=\"\" width=\"89\" height=\"31\" \/><\/a><\/td>\n<\/tr>\n<tr>\n<td style=\"width: 102.883px;\">25 juillet<\/td>\n<td style=\"width: 283px;\">Visite du 8<sup>e<\/sup> RMAT<\/td>\n<td style=\"width: 109.717px;\"><a href=\"http:\/\/lorrylesmetz-histoire.fr\/?page_id=3853\"><img loading=\"lazy\" decoding=\"async\" class=\"alignnone wp-image-683 size-full\" src=\"http:\/\/lorrylesmetz-histoire.fr\/wp-content\/uploads\/2017\/05\/voir.png\" alt=\"\" width=\"89\" height=\"31\" \/><\/a><\/td>\n<\/tr>\n<tr>\n<td style=\"width: 102.883px;\">18 mai<\/td>\n<td style=\"width: 283px;\">Conf\u00e9rence de Pierre Bronn<\/td>\n<td style=\"width: 109.717px;\"><a href=\"http:\/\/lorrylesmetz-histoire.fr\/?page_id=3782\"><img loading=\"lazy\" decoding=\"async\" class=\"alignnone wp-image-683 size-full\" src=\"http:\/\/lorrylesmetz-histoire.fr\/wp-content\/uploads\/2017\/05\/voir.png?_t=1534751121\" alt=\"\" width=\"89\" height=\"31\" \/><\/a><\/td>\n<\/tr>\n<tr style=\"height: 11px;\">\n<td style=\"width: 102.883px; height: 11px;\">22 avril<\/td>\n<td style=\"width: 283px; height: 11px;\">Repas de l&rsquo;association<\/td>\n<td style=\"width: 109.717px; height: 11px;\"><a href=\"http:\/\/lorrylesmetz-histoire.fr\/?page_id=3671\"><img loading=\"lazy\" decoding=\"async\" class=\"alignnone size-full wp-image-683\" src=\"http:\/\/lorrylesmetz-histoire.fr\/wp-content\/uploads\/2017\/05\/voir.png\" alt=\"\" width=\"89\" height=\"31\" \/><\/a><\/td>\n<\/tr>\n<tr style=\"height: 11px;\">\n<td style=\"width: 102.883px; height: 11px;\">20 et 21 avril<\/td>\n<td style=\"width: 283px; height: 11px;\">Journ\u00e9es Philippe de Vigneulles<\/td>\n<td style=\"width: 109.717px; height: 11px;\"><a href=\"http:\/\/lorrylesmetz-histoire.fr\/?page_id=3342\"><img loading=\"lazy\" decoding=\"async\" class=\"alignnone size-full wp-image-683\" src=\"http:\/\/lorrylesmetz-histoire.fr\/wp-content\/uploads\/2017\/05\/voir.png\" alt=\"\" width=\"89\" height=\"31\" \/><\/a><\/td>\n<\/tr>\n<tr style=\"height: 11px;\">\n<td style=\"width: 102.883px; height: 11px;\">14 mars<\/td>\n<td style=\"width: 283px; height: 11px;\">\u00c9lection du bureau<\/td>\n<td style=\"width: 109.717px; height: 11px;\"><a href=\"http:\/\/lorrylesmetz-histoire.fr\/?page_id=3307\"><img loading=\"lazy\" decoding=\"async\" class=\"alignnone wp-image-683 size-full\" src=\"http:\/\/lorrylesmetz-histoire.fr\/wp-content\/uploads\/2017\/05\/voir.png\" alt=\"\" width=\"89\" height=\"31\" \/><\/a><\/td>\n<\/tr>\n<tr style=\"height: 11px;\">\n<td style=\"width: 102.883px; height: 11px;\">9 mars<\/td>\n<td style=\"width: 283px; height: 11px;\">Assembl\u00e9e g\u00e9n\u00e9rale 2018 et ouverture de l\u2019ann\u00e9e Philippe de Vigneulles<\/td>\n<td style=\"width: 109.717px; height: 11px;\"><a href=\"http:\/\/lorrylesmetz-histoire.fr\/?page_id=3290\"><img loading=\"lazy\" decoding=\"async\" class=\"alignnone wp-image-683 size-full\" src=\"http:\/\/lorrylesmetz-histoire.fr\/wp-content\/uploads\/2017\/05\/voir.png?_t=1521129615\" alt=\"\" width=\"89\" height=\"31\" \/><\/a><\/td>\n<\/tr>\n<tr style=\"height: 30px;\">\n<td style=\"width: 102.883px; height: 30px;\">10 janvier<\/td>\n<td style=\"width: 283px; height: 30px;\">Galette des Rois<\/td>\n<td style=\"width: 109.717px; height: 30px;\"><a href=\"http:\/\/lorrylesmetz-histoire.fr\/?page_id=3106\"><img loading=\"lazy\" decoding=\"async\" class=\"alignnone size-full wp-image-683\" src=\"http:\/\/lorrylesmetz-histoire.fr\/wp-content\/uploads\/2017\/05\/voir.png\" alt=\"\" width=\"89\" height=\"31\" \/><\/a><\/td>\n<\/tr>\n<\/tbody>\n<\/table>\n<p><a href=\"http:\/\/lorrylesmetz-histoire.fr\/?page_id=60\"><img loading=\"lazy\" decoding=\"async\" class=\"alignnone size-full wp-image-378\" src=\"http:\/\/lorrylesmetz-histoire.fr\/wp-content\/uploads\/2017\/05\/retour.png\" alt=\"\" width=\"89\" height=\"31\" \/><\/a><\/p>\n","protected":false},"excerpt":{"rendered":"<p>16 d\u00e9cembre Jeanne et Vincent 1er d\u00e9cembre Vernissage de l&rsquo;exposition \u00e0 la maison du Pays messin 23 novembre Ouverture de l&rsquo;exposition \u00e0 la maison du Pays messin 16 novembre Cl\u00f4ture de l&rsquo;ann\u00e9e Philippe de Vigneulles et conf\u00e9rence de K\u00e9vin G\u0153uriot&hellip; <\/p>\n","protected":false},"author":1,"featured_media":0,"parent":60,"menu_order":9,"comment_status":"closed","ping_status":"closed","template":"","meta":{"_mc_calendar":[],"footnotes":""},"class_list":["post-2991","page","type-page","status-publish","hentry"],"_links":{"self":[{"href":"http:\/\/lorrylesmetz-histoire.fr\/index.php?rest_route=\/wp\/v2\/pages\/2991","targetHints":{"allow":["GET"]}}],"collection":[{"href":"http:\/\/lorrylesmetz-histoire.fr\/index.php?rest_route=\/wp\/v2\/pages"}],"about":[{"href":"http:\/\/lorrylesmetz-histoire.fr\/index.php?rest_route=\/wp\/v2\/types\/page"}],"author":[{"embeddable":true,"href":"http:\/\/lorrylesmetz-histoire.fr\/index.php?rest_route=\/wp\/v2\/users\/1"}],"replies":[{"embeddable":true,"href":"http:\/\/lorrylesmetz-histoire.fr\/index.php?rest_route=%2Fwp%2Fv2%2Fcomments&post=2991"}],"version-history":[{"count":10,"href":"http:\/\/lorrylesmetz-histoire.fr\/index.php?rest_route=\/wp\/v2\/pages\/2991\/revisions"}],"predecessor-version":[{"id":4353,"href":"http:\/\/lorrylesmetz-histoire.fr\/index.php?rest_route=\/wp\/v2\/pages\/2991\/revisions\/4353"}],"up":[{"embeddable":true,"href":"http:\/\/lorrylesmetz-histoire.fr\/index.php?rest_route=\/wp\/v2\/pages\/60"}],"wp:attachment":[{"href":"http:\/\/lorrylesmetz-histoire.fr\/index.php?rest_route=%2Fwp%2Fv2%2Fmedia&parent=2991"}],"curies":[{"name":"wp","href":"https:\/\/api.w.org\/{rel}","templated":true}]}}