{"id":3106,"date":"2018-02-14T15:30:13","date_gmt":"2018-02-14T14:30:13","guid":{"rendered":"http:\/\/lorrylesmetz-histoire.fr\/?page_id=3106"},"modified":"2018-02-14T15:44:43","modified_gmt":"2018-02-14T14:44:43","slug":"galette-des-rois","status":"publish","type":"page","link":"http:\/\/lorrylesmetz-histoire.fr\/?page_id=3106","title":{"rendered":"Galette des Rois"},"content":{"rendered":"<h2>10\u00a0janvier\u00a02018<\/h2>\n<p>Apr\u00e8s l\u2019\u00e9change traditionnel des v\u0153ux, Lorry-l\u00e8s-Metz \u00ab\u00a0au fil du temps\u00a0\u00bb a tir\u00e9 les Rois, petite pause r\u00e9cr\u00e9ative apr\u00e8s une fructueuse r\u00e9union de travail.<\/p>\n<p>La premi\u00e8re conf\u00e9rence de l\u2019ann\u00e9e Philippe de Vigneulles arrive \u00e0 grands pas\u00a0: 9\u00a0mars\u00a02018\u2009!<\/p>\n<p>Photos Claudine\u00a0Kester<\/p>\n<div id=\"metaslider-id-3099\" style=\"max-width: 600px; margin: 0 auto;\" class=\"ml-slider-3-108-0 metaslider metaslider-responsive metaslider-3099 ml-slider has-dots-nav ms-theme-default\" role=\"region\" aria-label=\"Galette 2018\" data-height=\"600\" data-width=\"600\">\n    <div id=\"metaslider_container_3099\">\n        <ul id='metaslider_3099' class='rslides'>\n            <li aria-roledescription='slide' aria-labelledby='slide-0'><a href=\"http:\/\/lorrylesmetz-histoire.fr\/wp-content\/uploads\/2018\/02\/11.jpg\" target=\"_blank\"><img loading=\"lazy\" decoding=\"async\" width=\"236\" height=\"214\" src=\"http:\/\/lorrylesmetz-histoire.fr\/wp-content\/uploads\/2018\/02\/11.jpg\" class=\"slider-3099 slide-3100 msDefaultImage\" alt=\"\" rel=\"\" title=\"\" \/><\/a><\/li>\n            <li style='display: none;' aria-roledescription='slide' aria-labelledby='slide-1'><a href=\"http:\/\/lorrylesmetz-histoire.fr\/wp-content\/uploads\/2018\/02\/12.jpg\" target=\"_blank\"><img loading=\"lazy\" decoding=\"async\" width=\"1000\" height=\"750\" src=\"http:\/\/lorrylesmetz-histoire.fr\/wp-content\/uploads\/2018\/02\/12.jpg\" class=\"slider-3099 slide-3101 msDefaultImage\" alt=\"\" rel=\"\" title=\"\" srcset=\"http:\/\/lorrylesmetz-histoire.fr\/wp-content\/uploads\/2018\/02\/12.jpg 1000w, http:\/\/lorrylesmetz-histoire.fr\/wp-content\/uploads\/2018\/02\/12-300x225.jpg 300w, http:\/\/lorrylesmetz-histoire.fr\/wp-content\/uploads\/2018\/02\/12-768x576.jpg 768w\" sizes=\"auto, (max-width: 1000px) 100vw, 1000px\" \/><\/a><\/li>\n            <li style='display: none;' aria-roledescription='slide' aria-labelledby='slide-2'><a href=\"http:\/\/lorrylesmetz-histoire.fr\/wp-content\/uploads\/2018\/02\/13.jpg\" target=\"_blank\"><img loading=\"lazy\" decoding=\"async\" width=\"1000\" height=\"750\" src=\"http:\/\/lorrylesmetz-histoire.fr\/wp-content\/uploads\/2018\/02\/13.jpg\" class=\"slider-3099 slide-3102 msDefaultImage\" alt=\"\" rel=\"\" title=\"\" srcset=\"http:\/\/lorrylesmetz-histoire.fr\/wp-content\/uploads\/2018\/02\/13.jpg 1000w, http:\/\/lorrylesmetz-histoire.fr\/wp-content\/uploads\/2018\/02\/13-300x225.jpg 300w, http:\/\/lorrylesmetz-histoire.fr\/wp-content\/uploads\/2018\/02\/13-768x576.jpg 768w\" sizes=\"auto, (max-width: 1000px) 100vw, 1000px\" \/><\/a><\/li>\n            <li style='display: none;' aria-roledescription='slide' aria-labelledby='slide-3'><a href=\"http:\/\/lorrylesmetz-histoire.fr\/wp-content\/uploads\/2018\/02\/14.jpg\" target=\"_blank\"><img loading=\"lazy\" decoding=\"async\" width=\"1000\" height=\"750\" src=\"http:\/\/lorrylesmetz-histoire.fr\/wp-content\/uploads\/2018\/02\/14.jpg\" class=\"slider-3099 slide-3103 msDefaultImage\" alt=\"\" rel=\"\" title=\"\" srcset=\"http:\/\/lorrylesmetz-histoire.fr\/wp-content\/uploads\/2018\/02\/14.jpg 1000w, http:\/\/lorrylesmetz-histoire.fr\/wp-content\/uploads\/2018\/02\/14-300x225.jpg 300w, http:\/\/lorrylesmetz-histoire.fr\/wp-content\/uploads\/2018\/02\/14-768x576.jpg 768w\" sizes=\"auto, (max-width: 1000px) 100vw, 1000px\" \/><\/a><\/li>\n            <li style='display: none;' aria-roledescription='slide' aria-labelledby='slide-4'><a href=\"http:\/\/lorrylesmetz-histoire.fr\/wp-content\/uploads\/2018\/02\/15.jpg\" target=\"_blank\"><img loading=\"lazy\" decoding=\"async\" width=\"1000\" height=\"750\" src=\"http:\/\/lorrylesmetz-histoire.fr\/wp-content\/uploads\/2018\/02\/15.jpg\" class=\"slider-3099 slide-3104 msDefaultImage\" alt=\"\" rel=\"\" title=\"\" srcset=\"http:\/\/lorrylesmetz-histoire.fr\/wp-content\/uploads\/2018\/02\/15.jpg 1000w, http:\/\/lorrylesmetz-histoire.fr\/wp-content\/uploads\/2018\/02\/15-300x225.jpg 300w, http:\/\/lorrylesmetz-histoire.fr\/wp-content\/uploads\/2018\/02\/15-768x576.jpg 768w\" sizes=\"auto, (max-width: 1000px) 100vw, 1000px\" \/><\/a><\/li>\n            <li style='display: none;' aria-roledescription='slide' aria-labelledby='slide-5'><a href=\"http:\/\/lorrylesmetz-histoire.fr\/wp-content\/uploads\/2018\/02\/16.jpg\" target=\"_blank\"><img loading=\"lazy\" decoding=\"async\" width=\"750\" height=\"1000\" src=\"http:\/\/lorrylesmetz-histoire.fr\/wp-content\/uploads\/2018\/02\/16.jpg\" class=\"slider-3099 slide-3105 msDefaultImage\" alt=\"\" rel=\"\" title=\"\" srcset=\"http:\/\/lorrylesmetz-histoire.fr\/wp-content\/uploads\/2018\/02\/16.jpg 750w, http:\/\/lorrylesmetz-histoire.fr\/wp-content\/uploads\/2018\/02\/16-225x300.jpg 225w\" sizes=\"auto, (max-width: 750px) 100vw, 750px\" \/><\/a><\/li>\n        <\/ul>\n        \n    <\/div>\n<\/div>\n<p><a href=\"http:\/\/lorrylesmetz-histoire.fr\/?page_id=2991\"><img loading=\"lazy\" decoding=\"async\" class=\"alignnone size-full wp-image-378\" src=\"http:\/\/lorrylesmetz-histoire.fr\/wp-content\/uploads\/2017\/05\/retour.png\" alt=\"\" width=\"89\" height=\"31\" \/><\/a><\/p>\n","protected":false},"excerpt":{"rendered":"<p>10\u00a0janvier\u00a02018 Apr\u00e8s l\u2019\u00e9change traditionnel des v\u0153ux, Lorry-l\u00e8s-Metz \u00ab\u00a0au fil du temps\u00a0\u00bb a tir\u00e9 les Rois, petite pause r\u00e9cr\u00e9ative apr\u00e8s une fructueuse r\u00e9union de travail. La premi\u00e8re conf\u00e9rence de l\u2019ann\u00e9e Philippe de Vigneulles arrive \u00e0 grands pas\u00a0: 9\u00a0mars\u00a02018\u2009! Photos Claudine\u00a0Kester<\/p>\n","protected":false},"author":1,"featured_media":0,"parent":2991,"menu_order":8,"comment_status":"closed","ping_status":"closed","template":"","meta":{"_mc_calendar":[],"footnotes":""},"class_list":["post-3106","page","type-page","status-publish","hentry"],"_links":{"self":[{"href":"http:\/\/lorrylesmetz-histoire.fr\/index.php?rest_route=\/wp\/v2\/pages\/3106","targetHints":{"allow":["GET"]}}],"collection":[{"href":"http:\/\/lorrylesmetz-histoire.fr\/index.php?rest_route=\/wp\/v2\/pages"}],"about":[{"href":"http:\/\/lorrylesmetz-histoire.fr\/index.php?rest_route=\/wp\/v2\/types\/page"}],"author":[{"embeddable":true,"href":"http:\/\/lorrylesmetz-histoire.fr\/index.php?rest_route=\/wp\/v2\/users\/1"}],"replies":[{"embeddable":true,"href":"http:\/\/lorrylesmetz-histoire.fr\/index.php?rest_route=%2Fwp%2Fv2%2Fcomments&post=3106"}],"version-history":[{"count":2,"href":"http:\/\/lorrylesmetz-histoire.fr\/index.php?rest_route=\/wp\/v2\/pages\/3106\/revisions"}],"predecessor-version":[{"id":3109,"href":"http:\/\/lorrylesmetz-histoire.fr\/index.php?rest_route=\/wp\/v2\/pages\/3106\/revisions\/3109"}],"up":[{"embeddable":true,"href":"http:\/\/lorrylesmetz-histoire.fr\/index.php?rest_route=\/wp\/v2\/pages\/2991"}],"wp:attachment":[{"href":"http:\/\/lorrylesmetz-histoire.fr\/index.php?rest_route=%2Fwp%2Fv2%2Fmedia&parent=3106"}],"curies":[{"name":"wp","href":"https:\/\/api.w.org\/{rel}","templated":true}]}}