{"id":3129,"date":"2018-02-14T16:33:12","date_gmt":"2018-02-14T15:33:12","guid":{"rendered":"http:\/\/lorrylesmetz-histoire.fr\/?page_id=3129"},"modified":"2018-05-13T15:16:26","modified_gmt":"2018-05-13T13:16:26","slug":"voeux-du-maire-02","status":"publish","type":"page","link":"http:\/\/lorrylesmetz-histoire.fr\/?page_id=3129","title":{"rendered":"R\u00e9union du Comit\u00e9 d\u2019Histoire du Pays messin"},"content":{"rendered":"<h3>29\u00a0janvier\u00a02018<\/h3>\n<p>Lorry-l\u00e8s-Metz \u00ab\u00a0au fil du temps\u00a0\u00bb participait, comme d\u2019habitude, \u00e0 la r\u00e9union du CHPM, men\u00e9e par Pierre\u00a0Brasme en l\u2019absence de Marc\u00a0Bojic. Toujours beaucoup d\u2019associations amies autour de la table pour un travail studieux et fructueux. On y remarquait la pr\u00e9sence de Jacques\u00a0Mondon, d\u00e9l\u00e9gu\u00e9 g\u00e9n\u00e9ral du Souvenir fran\u00e7ais pour la Moselle, qui venait chercher une collaboration avec les associations patrimoniales du Pays messin.<\/p>\n<p>Piere Brasme a invit\u00e9 Lorry-l\u00e8s-Metz \u00ab\u00a0au fil du temps\u00a0\u00bb \u00e0 pr\u00e9senter son \u00ab\u00a0Ann\u00e9e Philippe de Vigneulles\u00a0\u00bb, ce dont elle le remercie chaleureusement.<\/p>\n<p>Il a ensuite \u00e9voqu\u00e9 Yvette\u00a0Pierpaoli, auteur de \u00ab\u00a0La femme aux mille enfants\u00a0\u00bb. Cette personnalit\u00e9 extraordinaire \u00e0 la vie rocambolesque s\u2019est d\u00e9vou\u00e9e corps et \u00e2me aupr\u00e8s d\u2019enfants d\u00e9favoris\u00e9s en Extr\u00eame-Orient et au Guatemala (entre autres). N\u00e9e \u00e0 Ban-Saint-Martin en 1938 elle finit tragiquement dans un accident de voiture en 1999 en Albanie. Une rue porte son nom.<\/p>\n<p>Compte-rendu de la communication <a href=\"http:\/\/lorrylesmetz-histoire.fr\/wp-content\/uploads\/2018\/02\/CR-PIERPAOLI.pdf\" target=\"_blank\" rel=\"noopener\"><img loading=\"lazy\" decoding=\"async\" class=\"alignnone wp-image-683 size-full\" src=\"http:\/\/lorrylesmetz-histoire.fr\/wp-content\/uploads\/2017\/05\/voir.png?_t=1518623160\" alt=\"\" width=\"89\" height=\"31\" \/><\/a>\u00a0 <a href=\"http:\/\/lorrylesmetz-histoire.fr\/wp-content\/uploads\/2017\/07\/CR-ART-PROTESTANT.pdf\" target=\"_blank\" rel=\"noopener\"><a href=\"http:\/\/lorrylesmetz-histoire.fr\/?media_dl=3171\"><img decoding=\"async\" src=\"http:\/\/lorrylesmetz-histoire.fr\/wp-content\/uploads\/2017\/05\/telecharger_pdf.png\" \/><\/a><\/a><\/p>\n<p>Photos Claudine\u00a0Kester-ElGhozi.<\/p>\n<div id=\"metaslider-id-3110\" style=\"max-width: 600px; margin: 0 auto;\" class=\"ml-slider-3-108-0 metaslider metaslider-responsive metaslider-3110 ml-slider has-dots-nav ms-theme-default\" role=\"region\" aria-label=\"CHPM 2018 1\" data-height=\"600\" data-width=\"600\">\n    <div id=\"metaslider_container_3110\">\n        <ul id='metaslider_3110' class='rslides'>\n            <li aria-roledescription='slide' aria-labelledby='slide-0'><a href=\"http:\/\/lorrylesmetz-histoire.fr\/wp-content\/uploads\/2018\/02\/41.jpg\" target=\"_blank\"><img loading=\"lazy\" decoding=\"async\" width=\"1000\" height=\"663\" src=\"http:\/\/lorrylesmetz-histoire.fr\/wp-content\/uploads\/2018\/02\/41.jpg\" class=\"slider-3110 slide-3159 msDefaultImage\" alt=\"\" rel=\"\" title=\"\" srcset=\"http:\/\/lorrylesmetz-histoire.fr\/wp-content\/uploads\/2018\/02\/41.jpg 1000w, http:\/\/lorrylesmetz-histoire.fr\/wp-content\/uploads\/2018\/02\/41-300x199.jpg 300w, http:\/\/lorrylesmetz-histoire.fr\/wp-content\/uploads\/2018\/02\/41-768x509.jpg 768w\" sizes=\"auto, (max-width: 1000px) 100vw, 1000px\" \/><\/a><\/li>\n            <li style='display: none;' aria-roledescription='slide' aria-labelledby='slide-1'><a href=\"http:\/\/lorrylesmetz-histoire.fr\/wp-content\/uploads\/2018\/02\/42.jpg\" target=\"_blank\"><img loading=\"lazy\" decoding=\"async\" width=\"1000\" height=\"635\" src=\"http:\/\/lorrylesmetz-histoire.fr\/wp-content\/uploads\/2018\/02\/42.jpg\" class=\"slider-3110 slide-3160 msDefaultImage\" alt=\"\" rel=\"\" title=\"\" srcset=\"http:\/\/lorrylesmetz-histoire.fr\/wp-content\/uploads\/2018\/02\/42.jpg 1000w, http:\/\/lorrylesmetz-histoire.fr\/wp-content\/uploads\/2018\/02\/42-300x191.jpg 300w, http:\/\/lorrylesmetz-histoire.fr\/wp-content\/uploads\/2018\/02\/42-768x488.jpg 768w\" sizes=\"auto, (max-width: 1000px) 100vw, 1000px\" \/><\/a><\/li>\n            <li style='display: none;' aria-roledescription='slide' aria-labelledby='slide-2'><a href=\"http:\/\/lorrylesmetz-histoire.fr\/wp-content\/uploads\/2018\/02\/43.jpg\" target=\"_blank\"><img loading=\"lazy\" decoding=\"async\" width=\"1000\" height=\"690\" src=\"http:\/\/lorrylesmetz-histoire.fr\/wp-content\/uploads\/2018\/02\/43.jpg\" class=\"slider-3110 slide-3161 msDefaultImage\" alt=\"\" rel=\"\" title=\"\" srcset=\"http:\/\/lorrylesmetz-histoire.fr\/wp-content\/uploads\/2018\/02\/43.jpg 1000w, http:\/\/lorrylesmetz-histoire.fr\/wp-content\/uploads\/2018\/02\/43-300x207.jpg 300w, http:\/\/lorrylesmetz-histoire.fr\/wp-content\/uploads\/2018\/02\/43-768x530.jpg 768w\" sizes=\"auto, (max-width: 1000px) 100vw, 1000px\" \/><\/a><\/li>\n            <li style='display: none;' aria-roledescription='slide' aria-labelledby='slide-3'><a href=\"http:\/\/lorrylesmetz-histoire.fr\/wp-content\/uploads\/2018\/02\/44.jpg\" target=\"_blank\"><img loading=\"lazy\" decoding=\"async\" width=\"1000\" height=\"750\" src=\"http:\/\/lorrylesmetz-histoire.fr\/wp-content\/uploads\/2018\/02\/44.jpg\" class=\"slider-3110 slide-3162 msDefaultImage\" alt=\"\" rel=\"\" title=\"\" srcset=\"http:\/\/lorrylesmetz-histoire.fr\/wp-content\/uploads\/2018\/02\/44.jpg 1000w, http:\/\/lorrylesmetz-histoire.fr\/wp-content\/uploads\/2018\/02\/44-300x225.jpg 300w, http:\/\/lorrylesmetz-histoire.fr\/wp-content\/uploads\/2018\/02\/44-768x576.jpg 768w\" sizes=\"auto, (max-width: 1000px) 100vw, 1000px\" \/><\/a><\/li>\n            <li style='display: none;' aria-roledescription='slide' aria-labelledby='slide-4'><a href=\"http:\/\/lorrylesmetz-histoire.fr\/wp-content\/uploads\/2018\/02\/45.jpg\" target=\"_blank\"><img loading=\"lazy\" decoding=\"async\" width=\"1000\" height=\"750\" src=\"http:\/\/lorrylesmetz-histoire.fr\/wp-content\/uploads\/2018\/02\/45.jpg\" class=\"slider-3110 slide-3163 msDefaultImage\" alt=\"\" rel=\"\" title=\"\" srcset=\"http:\/\/lorrylesmetz-histoire.fr\/wp-content\/uploads\/2018\/02\/45.jpg 1000w, http:\/\/lorrylesmetz-histoire.fr\/wp-content\/uploads\/2018\/02\/45-300x225.jpg 300w, http:\/\/lorrylesmetz-histoire.fr\/wp-content\/uploads\/2018\/02\/45-768x576.jpg 768w\" sizes=\"auto, (max-width: 1000px) 100vw, 1000px\" \/><\/a><\/li>\n            <li style='display: none;' aria-roledescription='slide' aria-labelledby='slide-5'><a href=\"http:\/\/lorrylesmetz-histoire.fr\/wp-content\/uploads\/2018\/02\/46.jpg\" target=\"_blank\"><img loading=\"lazy\" decoding=\"async\" width=\"389\" height=\"595\" src=\"http:\/\/lorrylesmetz-histoire.fr\/wp-content\/uploads\/2018\/02\/46.jpg\" class=\"slider-3110 slide-3164 msDefaultImage\" alt=\"\" rel=\"\" title=\"\" srcset=\"http:\/\/lorrylesmetz-histoire.fr\/wp-content\/uploads\/2018\/02\/46.jpg 389w, http:\/\/lorrylesmetz-histoire.fr\/wp-content\/uploads\/2018\/02\/46-196x300.jpg 196w\" sizes=\"auto, (max-width: 389px) 100vw, 389px\" \/><\/a><\/li>\n        <\/ul>\n        \n    <\/div>\n<\/div>\n<p>&nbsp;<\/p>\n<p><a href=\"http:\/\/lorrylesmetz-histoire.fr\/?page_id=3008\"><img loading=\"lazy\" decoding=\"async\" class=\"alignnone size-full wp-image-378\" src=\"http:\/\/lorrylesmetz-histoire.fr\/wp-content\/uploads\/2017\/05\/retour.png\" alt=\"\" width=\"89\" height=\"31\" \/><\/a><\/p>\n","protected":false},"excerpt":{"rendered":"<p>29\u00a0janvier\u00a02018 Lorry-l\u00e8s-Metz \u00ab\u00a0au fil du temps\u00a0\u00bb participait, comme d\u2019habitude, \u00e0 la r\u00e9union du CHPM, men\u00e9e par Pierre\u00a0Brasme en l\u2019absence de Marc\u00a0Bojic. Toujours beaucoup d\u2019associations amies autour de la table pour un travail studieux et fructueux. On y remarquait la pr\u00e9sence&hellip; <\/p>\n","protected":false},"author":1,"featured_media":0,"parent":3008,"menu_order":1,"comment_status":"closed","ping_status":"closed","template":"","meta":{"_mc_calendar":[],"footnotes":""},"class_list":["post-3129","page","type-page","status-publish","hentry"],"_links":{"self":[{"href":"http:\/\/lorrylesmetz-histoire.fr\/index.php?rest_route=\/wp\/v2\/pages\/3129","targetHints":{"allow":["GET"]}}],"collection":[{"href":"http:\/\/lorrylesmetz-histoire.fr\/index.php?rest_route=\/wp\/v2\/pages"}],"about":[{"href":"http:\/\/lorrylesmetz-histoire.fr\/index.php?rest_route=\/wp\/v2\/types\/page"}],"author":[{"embeddable":true,"href":"http:\/\/lorrylesmetz-histoire.fr\/index.php?rest_route=\/wp\/v2\/users\/1"}],"replies":[{"embeddable":true,"href":"http:\/\/lorrylesmetz-histoire.fr\/index.php?rest_route=%2Fwp%2Fv2%2Fcomments&post=3129"}],"version-history":[{"count":10,"href":"http:\/\/lorrylesmetz-histoire.fr\/index.php?rest_route=\/wp\/v2\/pages\/3129\/revisions"}],"predecessor-version":[{"id":3177,"href":"http:\/\/lorrylesmetz-histoire.fr\/index.php?rest_route=\/wp\/v2\/pages\/3129\/revisions\/3177"}],"up":[{"embeddable":true,"href":"http:\/\/lorrylesmetz-histoire.fr\/index.php?rest_route=\/wp\/v2\/pages\/3008"}],"wp:attachment":[{"href":"http:\/\/lorrylesmetz-histoire.fr\/index.php?rest_route=%2Fwp%2Fv2%2Fmedia&parent=3129"}],"curies":[{"name":"wp","href":"https:\/\/api.w.org\/{rel}","templated":true}]}}