{"id":322,"date":"2017-05-26T16:29:31","date_gmt":"2017-05-26T14:29:31","guid":{"rendered":"http:\/\/lorrylesmetz-histoire.fr\/?page_id=322"},"modified":"2017-06-06T14:50:41","modified_gmt":"2017-06-06T12:50:41","slug":"essai","status":"publish","type":"page","link":"http:\/\/lorrylesmetz-histoire.fr\/?page_id=322","title":{"rendered":"Immeubles prot\u00e9g\u00e9s de Moselle"},"content":{"rendered":"<p>Les renseignements fournis ici ont pour source le site <a href=\"https:\/\/www.data.gouv.fr\/fr\/datasets\/monuments-historiques-liste-des-immeubles-proteges-au-titre-des-monuments-historiques\/\">data.gouv.fr<\/a>, la plateforme ouverte des donn\u00e9es publiques fran\u00e7aises. ils sont extraits de la liste des immeubles prot\u00e9g\u00e9s au titre des Monuments historiques. Nous ne listons ici que les immeubles de Moselle.<\/p>\n<p><input name=\"Submit\" type=\"submit\" value=\"Envoyer\" \/><\/p>\n","protected":false},"excerpt":{"rendered":"<p>Les renseignements fournis ici ont pour source le site data.gouv.fr, la plateforme ouverte des donn\u00e9es publiques fran\u00e7aises. ils sont extraits de la liste des immeubles prot\u00e9g\u00e9s au titre des Monuments historiques. Nous ne listons ici que les immeubles de Moselle.<\/p>\n","protected":false},"author":1,"featured_media":0,"parent":80,"menu_order":5,"comment_status":"closed","ping_status":"closed","template":"templates\/immeubles.php","meta":{"_mc_calendar":[],"footnotes":""},"class_list":["post-322","page","type-page","status-publish","hentry"],"_links":{"self":[{"href":"http:\/\/lorrylesmetz-histoire.fr\/index.php?rest_route=\/wp\/v2\/pages\/322","targetHints":{"allow":["GET"]}}],"collection":[{"href":"http:\/\/lorrylesmetz-histoire.fr\/index.php?rest_route=\/wp\/v2\/pages"}],"about":[{"href":"http:\/\/lorrylesmetz-histoire.fr\/index.php?rest_route=\/wp\/v2\/types\/page"}],"author":[{"embeddable":true,"href":"http:\/\/lorrylesmetz-histoire.fr\/index.php?rest_route=\/wp\/v2\/users\/1"}],"replies":[{"embeddable":true,"href":"http:\/\/lorrylesmetz-histoire.fr\/index.php?rest_route=%2Fwp%2Fv2%2Fcomments&post=322"}],"version-history":[{"count":0,"href":"http:\/\/lorrylesmetz-histoire.fr\/index.php?rest_route=\/wp\/v2\/pages\/322\/revisions"}],"up":[{"embeddable":true,"href":"http:\/\/lorrylesmetz-histoire.fr\/index.php?rest_route=\/wp\/v2\/pages\/80"}],"wp:attachment":[{"href":"http:\/\/lorrylesmetz-histoire.fr\/index.php?rest_route=%2Fwp%2Fv2%2Fmedia&parent=322"}],"curies":[{"name":"wp","href":"https:\/\/api.w.org\/{rel}","templated":true}]}}