{"id":3307,"date":"2018-03-15T16:55:53","date_gmt":"2018-03-15T15:55:53","guid":{"rendered":"http:\/\/lorrylesmetz-histoire.fr\/?page_id=3307"},"modified":"2018-03-15T17:02:21","modified_gmt":"2018-03-15T16:02:21","slug":"election-du-bureau","status":"publish","type":"page","link":"http:\/\/lorrylesmetz-histoire.fr\/?page_id=3307","title":{"rendered":"&Eacute;lection du bureau"},"content":{"rendered":"<h3>14 mars 2018<\/h3>\n<p>Suite \u00e0 l&rsquo;assembl\u00e9e g\u00e9n\u00e9rale, Gis\u00e8le GUTHMULLER, en tant que doyenne de l&rsquo;assembl\u00e9e, a pr\u00e9sid\u00e9 \u00e0 la nomination du pr\u00e9sident.<\/p>\n<p>Claudine KESTER-ELGHOZI a \u00e9t\u00e9 r\u00e9\u00e9lue \u00e0 l&rsquo;unanimit\u00e9.<\/p>\n<p>La pr\u00e9sidente a alors proc\u00e9d\u00e9 \u00e0 l&rsquo;\u00e9lection du bureau. Ont \u00e9t\u00e9 \u00e9lus :<\/p>\n<p>Vice-pr\u00e9sidente : Monique COURTOIS<\/p>\n<p>Vice-pr\u00e9sident : Roger MARIOTTE<\/p>\n<p>Secr\u00e9taire : Fran\u00e7oise BITAUD<\/p>\n<p>Secr\u00e9taire-adjoint : Jacques ANTOINE<\/p>\n<p>Tr\u00e9sori\u00e8re : Ghislaine FOUBET<\/p>\n<p>Tr\u00e9sorier adjoint : Philippe JULLIARD<\/p>\n<p>Commission communication :<\/p>\n<p>Andr\u00e9 DE PIZZOL et G\u00e9rard KESTER.<\/p>\n<p>La r\u00e9union mensuelle a suivi ces \u00e9lections, deux heures de travail intensif pour aborder tous les sujets du jour\u00a0: actualit\u00e9s, \u00ab\u00a0Journ\u00e9es Philippe de Vigneulles\u00a0\u00bb, bulletin n\u00b0 32, gestion du site, etc.<\/p>\n<div id=\"metaslider-id-3308\" style=\"width: 100%; margin: 0 auto;\" class=\"ml-slider-3-108-0 metaslider metaslider-responsive metaslider-3308 ml-slider has-dots-nav ms-theme-default\" role=\"region\" aria-label=\"Bureau 2018\" data-height=\"600\" data-width=\"600\">\n    <div id=\"metaslider_container_3308\">\n        <ul id='metaslider_3308' class='rslides'>\n            <li aria-roledescription='slide' aria-labelledby='slide-0'><a href=\"http:\/\/lorrylesmetz-histoire.fr\/wp-content\/uploads\/2018\/03\/501.jpg\" target=\"_blank\"><img loading=\"lazy\" decoding=\"async\" width=\"1000\" height=\"664\" src=\"http:\/\/lorrylesmetz-histoire.fr\/wp-content\/uploads\/2018\/03\/501.jpg\" class=\"slider-3308 slide-3309 msDefaultImage\" alt=\"\" rel=\"\" title=\"501\" srcset=\"http:\/\/lorrylesmetz-histoire.fr\/wp-content\/uploads\/2018\/03\/501.jpg 1000w, http:\/\/lorrylesmetz-histoire.fr\/wp-content\/uploads\/2018\/03\/501-300x199.jpg 300w, http:\/\/lorrylesmetz-histoire.fr\/wp-content\/uploads\/2018\/03\/501-768x510.jpg 768w\" sizes=\"auto, (max-width: 1000px) 100vw, 1000px\" \/><\/a><\/li>\n            <li style='display: none;' aria-roledescription='slide' aria-labelledby='slide-1'><a href=\"http:\/\/lorrylesmetz-histoire.fr\/wp-content\/uploads\/2018\/03\/502.jpg\" target=\"_blank\"><img loading=\"lazy\" decoding=\"async\" width=\"1000\" height=\"664\" src=\"http:\/\/lorrylesmetz-histoire.fr\/wp-content\/uploads\/2018\/03\/502.jpg\" class=\"slider-3308 slide-3310 msDefaultImage\" alt=\"\" rel=\"\" title=\"502\" srcset=\"http:\/\/lorrylesmetz-histoire.fr\/wp-content\/uploads\/2018\/03\/502.jpg 1000w, http:\/\/lorrylesmetz-histoire.fr\/wp-content\/uploads\/2018\/03\/502-300x199.jpg 300w, http:\/\/lorrylesmetz-histoire.fr\/wp-content\/uploads\/2018\/03\/502-768x510.jpg 768w\" sizes=\"auto, (max-width: 1000px) 100vw, 1000px\" \/><\/a><\/li>\n            <li style='display: none;' aria-roledescription='slide' aria-labelledby='slide-2'><a href=\"http:\/\/lorrylesmetz-histoire.fr\/wp-content\/uploads\/2018\/03\/503.jpg\" target=\"_blank\"><img loading=\"lazy\" decoding=\"async\" width=\"1000\" height=\"566\" src=\"http:\/\/lorrylesmetz-histoire.fr\/wp-content\/uploads\/2018\/03\/503.jpg\" class=\"slider-3308 slide-3311 msDefaultImage\" alt=\"\" rel=\"\" title=\"503\" srcset=\"http:\/\/lorrylesmetz-histoire.fr\/wp-content\/uploads\/2018\/03\/503.jpg 1000w, http:\/\/lorrylesmetz-histoire.fr\/wp-content\/uploads\/2018\/03\/503-300x170.jpg 300w, http:\/\/lorrylesmetz-histoire.fr\/wp-content\/uploads\/2018\/03\/503-768x435.jpg 768w\" sizes=\"auto, (max-width: 1000px) 100vw, 1000px\" \/><\/a><\/li>\n            <li style='display: none;' aria-roledescription='slide' aria-labelledby='slide-3'><a href=\"http:\/\/lorrylesmetz-histoire.fr\/wp-content\/uploads\/2018\/03\/504.jpg\" target=\"_blank\"><img loading=\"lazy\" decoding=\"async\" width=\"1000\" height=\"508\" src=\"http:\/\/lorrylesmetz-histoire.fr\/wp-content\/uploads\/2018\/03\/504.jpg\" class=\"slider-3308 slide-3312 msDefaultImage\" alt=\"\" rel=\"\" title=\"504\" srcset=\"http:\/\/lorrylesmetz-histoire.fr\/wp-content\/uploads\/2018\/03\/504.jpg 1000w, http:\/\/lorrylesmetz-histoire.fr\/wp-content\/uploads\/2018\/03\/504-300x152.jpg 300w, http:\/\/lorrylesmetz-histoire.fr\/wp-content\/uploads\/2018\/03\/504-768x390.jpg 768w\" sizes=\"auto, (max-width: 1000px) 100vw, 1000px\" \/><\/a><\/li>\n            <li style='display: none;' aria-roledescription='slide' aria-labelledby='slide-4'><a href=\"http:\/\/lorrylesmetz-histoire.fr\/wp-content\/uploads\/2018\/03\/505.jpg\" target=\"_blank\"><img loading=\"lazy\" decoding=\"async\" width=\"1000\" height=\"664\" src=\"http:\/\/lorrylesmetz-histoire.fr\/wp-content\/uploads\/2018\/03\/505.jpg\" class=\"slider-3308 slide-3313 msDefaultImage\" alt=\"\" rel=\"\" title=\"505\" srcset=\"http:\/\/lorrylesmetz-histoire.fr\/wp-content\/uploads\/2018\/03\/505.jpg 1000w, http:\/\/lorrylesmetz-histoire.fr\/wp-content\/uploads\/2018\/03\/505-300x199.jpg 300w, http:\/\/lorrylesmetz-histoire.fr\/wp-content\/uploads\/2018\/03\/505-768x510.jpg 768w\" sizes=\"auto, (max-width: 1000px) 100vw, 1000px\" \/><\/a><\/li>\n        <\/ul>\n        \n    <\/div>\n<\/div>\n<p>Photos Fran\u00e7ois COURTADE &amp; G\u00e9rard KESTER.<\/p>\n<p><a href=\"http:\/\/lorrylesmetz-histoire.fr\/?page_id=2991\"><img loading=\"lazy\" decoding=\"async\" class=\"alignnone wp-image-378 size-full\" src=\"http:\/\/lorrylesmetz-histoire.fr\/wp-content\/uploads\/2017\/05\/retour.png?_t=1521129433\" alt=\"\" width=\"89\" height=\"31\" \/><\/a><\/p>\n","protected":false},"excerpt":{"rendered":"<p>14 mars 2018 Suite \u00e0 l&rsquo;assembl\u00e9e g\u00e9n\u00e9rale, Gis\u00e8le GUTHMULLER, en tant que doyenne de l&rsquo;assembl\u00e9e, a pr\u00e9sid\u00e9 \u00e0 la nomination du pr\u00e9sident. Claudine KESTER-ELGHOZI a \u00e9t\u00e9 r\u00e9\u00e9lue \u00e0 l&rsquo;unanimit\u00e9. La pr\u00e9sidente a alors proc\u00e9d\u00e9 \u00e0 l&rsquo;\u00e9lection du bureau. Ont \u00e9t\u00e9&hellip; <\/p>\n","protected":false},"author":1,"featured_media":0,"parent":2991,"menu_order":10,"comment_status":"closed","ping_status":"closed","template":"","meta":{"_mc_calendar":[],"footnotes":""},"class_list":["post-3307","page","type-page","status-publish","hentry"],"_links":{"self":[{"href":"http:\/\/lorrylesmetz-histoire.fr\/index.php?rest_route=\/wp\/v2\/pages\/3307","targetHints":{"allow":["GET"]}}],"collection":[{"href":"http:\/\/lorrylesmetz-histoire.fr\/index.php?rest_route=\/wp\/v2\/pages"}],"about":[{"href":"http:\/\/lorrylesmetz-histoire.fr\/index.php?rest_route=\/wp\/v2\/types\/page"}],"author":[{"embeddable":true,"href":"http:\/\/lorrylesmetz-histoire.fr\/index.php?rest_route=\/wp\/v2\/users\/1"}],"replies":[{"embeddable":true,"href":"http:\/\/lorrylesmetz-histoire.fr\/index.php?rest_route=%2Fwp%2Fv2%2Fcomments&post=3307"}],"version-history":[{"count":4,"href":"http:\/\/lorrylesmetz-histoire.fr\/index.php?rest_route=\/wp\/v2\/pages\/3307\/revisions"}],"predecessor-version":[{"id":3319,"href":"http:\/\/lorrylesmetz-histoire.fr\/index.php?rest_route=\/wp\/v2\/pages\/3307\/revisions\/3319"}],"up":[{"embeddable":true,"href":"http:\/\/lorrylesmetz-histoire.fr\/index.php?rest_route=\/wp\/v2\/pages\/2991"}],"wp:attachment":[{"href":"http:\/\/lorrylesmetz-histoire.fr\/index.php?rest_route=%2Fwp%2Fv2%2Fmedia&parent=3307"}],"curies":[{"name":"wp","href":"https:\/\/api.w.org\/{rel}","templated":true}]}}