{"id":3342,"date":"2018-05-07T14:52:16","date_gmt":"2018-05-07T12:52:16","guid":{"rendered":"http:\/\/lorrylesmetz-histoire.fr\/?page_id=3342"},"modified":"2018-05-09T15:26:32","modified_gmt":"2018-05-09T13:26:32","slug":"journees-philippe-de-vigneulles","status":"publish","type":"page","link":"http:\/\/lorrylesmetz-histoire.fr\/?page_id=3342","title":{"rendered":"Journ\u00e9es Philippe de Vigneulles"},"content":{"rendered":"<p>Les grands moments de ces journ\u00e9es :<\/p>\n<table style=\"width: 351.883px;\">\n<tbody>\n<tr style=\"height: 20.8333px;\">\n<td style=\"width: 182px; height: 20.8333px;\">Vendredi soir<\/td>\n<td style=\"width: 113.883px; height: 20.8333px;\"><a href=\"http:\/\/lorrylesmetz-histoire.fr\/?page_id=3577\"><img loading=\"lazy\" decoding=\"async\" class=\"alignnone wp-image-683 size-full\" src=\"http:\/\/lorrylesmetz-histoire.fr\/wp-content\/uploads\/2017\/05\/voir.png?_t=1525872271\" alt=\"\" width=\"89\" height=\"31\" \/><\/a><\/td>\n<\/tr>\n<tr style=\"height: 30px;\">\n<td style=\"width: 182px; height: 30px;\">Samedi matin<\/td>\n<td style=\"width: 113.883px; height: 30px;\"><a href=\"http:\/\/lorrylesmetz-histoire.fr\/?page_id=3578\"><img loading=\"lazy\" decoding=\"async\" class=\"alignnone size-full wp-image-683\" src=\"http:\/\/lorrylesmetz-histoire.fr\/wp-content\/uploads\/2017\/05\/voir.png\" alt=\"\" width=\"89\" height=\"31\" \/><\/a><\/td>\n<\/tr>\n<tr style=\"height: 30px;\">\n<td style=\"width: 182px; height: 30px;\">Samedi apr\u00e8s-midi<\/td>\n<td style=\"width: 113.883px; height: 30px;\"><a href=\"http:\/\/lorrylesmetz-histoire.fr\/?page_id=3579\"><img loading=\"lazy\" decoding=\"async\" class=\"alignnone wp-image-683 size-full\" src=\"http:\/\/lorrylesmetz-histoire.fr\/wp-content\/uploads\/2017\/05\/voir.png\" alt=\"\" width=\"89\" height=\"31\" \/><\/a><\/td>\n<\/tr>\n<tr style=\"height: 30px;\">\n<td style=\"width: 182px; height: 30px;\">Samedi \u00e0 Vigneulles<\/td>\n<td style=\"width: 113.883px; height: 30px;\"><a href=\"http:\/\/lorrylesmetz-histoire.fr\/?page_id=3580\"><img loading=\"lazy\" decoding=\"async\" class=\"alignnone wp-image-683 size-full\" src=\"http:\/\/lorrylesmetz-histoire.fr\/wp-content\/uploads\/2017\/05\/voir.png\" alt=\"\" width=\"89\" height=\"31\" \/><\/a><\/td>\n<\/tr>\n<tr style=\"height: 30px;\">\n<td style=\"width: 182px; height: 30px;\">Samedi soir<\/td>\n<td style=\"width: 113.883px; height: 30px;\"><a href=\"http:\/\/lorrylesmetz-histoire.fr\/?page_id=3581\"><img loading=\"lazy\" decoding=\"async\" class=\"alignnone wp-image-683 size-full\" src=\"http:\/\/lorrylesmetz-histoire.fr\/wp-content\/uploads\/2017\/05\/voir.png\" alt=\"\" width=\"89\" height=\"31\" \/><\/a><\/td>\n<\/tr>\n<\/tbody>\n<\/table>\n<p><a href=\"http:\/\/lorrylesmetz-histoire.fr\/?page_id=2991\"><img loading=\"lazy\" decoding=\"async\" class=\"alignnone wp-image-378 size-full\" src=\"http:\/\/lorrylesmetz-histoire.fr\/wp-content\/uploads\/2017\/05\/retour.png\" alt=\"\" width=\"89\" height=\"31\" \/><\/a><\/p>\n","protected":false},"excerpt":{"rendered":"<p>Les grands moments de ces journ\u00e9es : Vendredi soir Samedi matin Samedi apr\u00e8s-midi Samedi \u00e0 Vigneulles Samedi soir<\/p>\n","protected":false},"author":1,"featured_media":0,"parent":2991,"menu_order":12,"comment_status":"closed","ping_status":"closed","template":"","meta":{"_mc_calendar":[],"footnotes":""},"class_list":["post-3342","page","type-page","status-publish","hentry"],"_links":{"self":[{"href":"http:\/\/lorrylesmetz-histoire.fr\/index.php?rest_route=\/wp\/v2\/pages\/3342","targetHints":{"allow":["GET"]}}],"collection":[{"href":"http:\/\/lorrylesmetz-histoire.fr\/index.php?rest_route=\/wp\/v2\/pages"}],"about":[{"href":"http:\/\/lorrylesmetz-histoire.fr\/index.php?rest_route=\/wp\/v2\/types\/page"}],"author":[{"embeddable":true,"href":"http:\/\/lorrylesmetz-histoire.fr\/index.php?rest_route=\/wp\/v2\/users\/1"}],"replies":[{"embeddable":true,"href":"http:\/\/lorrylesmetz-histoire.fr\/index.php?rest_route=%2Fwp%2Fv2%2Fcomments&post=3342"}],"version-history":[{"count":9,"href":"http:\/\/lorrylesmetz-histoire.fr\/index.php?rest_route=\/wp\/v2\/pages\/3342\/revisions"}],"predecessor-version":[{"id":3589,"href":"http:\/\/lorrylesmetz-histoire.fr\/index.php?rest_route=\/wp\/v2\/pages\/3342\/revisions\/3589"}],"up":[{"embeddable":true,"href":"http:\/\/lorrylesmetz-histoire.fr\/index.php?rest_route=\/wp\/v2\/pages\/2991"}],"wp:attachment":[{"href":"http:\/\/lorrylesmetz-histoire.fr\/index.php?rest_route=%2Fwp%2Fv2%2Fmedia&parent=3342"}],"curies":[{"name":"wp","href":"https:\/\/api.w.org\/{rel}","templated":true}]}}