{"id":3578,"date":"2018-05-09T15:13:48","date_gmt":"2018-05-09T13:13:48","guid":{"rendered":"http:\/\/lorrylesmetz-histoire.fr\/?page_id=3578"},"modified":"2018-05-09T15:13:48","modified_gmt":"2018-05-09T13:13:48","slug":"samedi-02","status":"publish","type":"page","link":"http:\/\/lorrylesmetz-histoire.fr\/?page_id=3578","title":{"rendered":"Samedi matin"},"content":{"rendered":"<p>La journ\u00e9e a commenc\u00e9 par l\u2019ouverture des Journ\u00e9es Philippe de Vigneulles avec allocution de la pr\u00e9sidente, Claudine\u00a0Kester, d\u00e9fil\u00e9 des oriflammes, inauguration culturelle de l\u2019Espace Philippe-de-Vigneulles avec discours de Jean-Yves Le Ber et Jean-Luc\u00a0Bohl, pr\u00e9sentation de Mireille\u00a0Chazan et Pierre-\u00c9douard\u00a0Wagner, marraine et parrain de cette manifestation.<\/p>\n<p>Mireille\u00a0Chazan nous a pr\u00e9sent\u00e9 <em>Le plus connu des chroniqueurs messins<\/em>.<\/p>\n<div id=\"metaslider-id-3458\" style=\"width: 100%; margin: 0 auto;\" class=\"ml-slider-3-108-0 metaslider metaslider-responsive metaslider-3458 ml-slider has-dots-nav ms-theme-default\" role=\"region\" aria-label=\"PDV2\" data-height=\"800\" data-width=\"800\">\n    <div id=\"metaslider_container_3458\">\n        <ul id='metaslider_3458' class='rslides'>\n            <li aria-roledescription='slide' aria-labelledby='slide-0'><a href=\"http:\/\/lorrylesmetz-histoire.fr\/wp-content\/uploads\/2018\/05\/B01.jpg\" target=\"_blank\"><img loading=\"lazy\" decoding=\"async\" width=\"1000\" height=\"664\" src=\"http:\/\/lorrylesmetz-histoire.fr\/wp-content\/uploads\/2018\/05\/B01.jpg\" class=\"slider-3458 slide-3459 msDefaultImage\" alt=\"\" rel=\"\" title=\"B01\" srcset=\"http:\/\/lorrylesmetz-histoire.fr\/wp-content\/uploads\/2018\/05\/B01.jpg 1000w, http:\/\/lorrylesmetz-histoire.fr\/wp-content\/uploads\/2018\/05\/B01-300x199.jpg 300w, http:\/\/lorrylesmetz-histoire.fr\/wp-content\/uploads\/2018\/05\/B01-768x510.jpg 768w\" sizes=\"auto, (max-width: 1000px) 100vw, 1000px\" \/><\/a><\/li>\n            <li style='display: none;' aria-roledescription='slide' aria-labelledby='slide-1'><a href=\"http:\/\/lorrylesmetz-histoire.fr\/wp-content\/uploads\/2018\/05\/B11.jpg\" target=\"_blank\"><img loading=\"lazy\" decoding=\"async\" width=\"664\" height=\"1000\" src=\"http:\/\/lorrylesmetz-histoire.fr\/wp-content\/uploads\/2018\/05\/B11.jpg\" class=\"slider-3458 slide-3469 msDefaultImage\" alt=\"\" rel=\"\" title=\"B11\" srcset=\"http:\/\/lorrylesmetz-histoire.fr\/wp-content\/uploads\/2018\/05\/B11.jpg 664w, http:\/\/lorrylesmetz-histoire.fr\/wp-content\/uploads\/2018\/05\/B11-199x300.jpg 199w\" sizes=\"auto, (max-width: 664px) 100vw, 664px\" \/><div class=\"caption-wrap\"><div class=\"caption\">Le blason de Philippe de Vigneulles, petit-fils du chroniqueur.<\/div><\/div><\/a><\/li>\n            <li style='display: none;' aria-roledescription='slide' aria-labelledby='slide-2'><a href=\"http:\/\/lorrylesmetz-histoire.fr\/wp-content\/uploads\/2018\/05\/B12.jpg\" target=\"_blank\"><img loading=\"lazy\" decoding=\"async\" width=\"664\" height=\"1000\" src=\"http:\/\/lorrylesmetz-histoire.fr\/wp-content\/uploads\/2018\/05\/B12.jpg\" class=\"slider-3458 slide-3470 msDefaultImage\" alt=\"\" rel=\"\" title=\"B12\" srcset=\"http:\/\/lorrylesmetz-histoire.fr\/wp-content\/uploads\/2018\/05\/B12.jpg 664w, http:\/\/lorrylesmetz-histoire.fr\/wp-content\/uploads\/2018\/05\/B12-199x300.jpg 199w\" sizes=\"auto, (max-width: 664px) 100vw, 664px\" \/><div class=\"caption-wrap\"><div class=\"caption\">Blason de la famille Baudoche, qui fit seigneur de Lorry-l\u00e8s-Metz.<\/div><\/div><\/a><\/li>\n            <li style='display: none;' aria-roledescription='slide' aria-labelledby='slide-3'><a href=\"http:\/\/lorrylesmetz-histoire.fr\/wp-content\/uploads\/2018\/05\/B13.jpg\" target=\"_blank\"><img loading=\"lazy\" decoding=\"async\" width=\"490\" height=\"1000\" src=\"http:\/\/lorrylesmetz-histoire.fr\/wp-content\/uploads\/2018\/05\/B13.jpg\" class=\"slider-3458 slide-3471 msDefaultImage\" alt=\"\" rel=\"\" title=\"B13\" srcset=\"http:\/\/lorrylesmetz-histoire.fr\/wp-content\/uploads\/2018\/05\/B13.jpg 490w, http:\/\/lorrylesmetz-histoire.fr\/wp-content\/uploads\/2018\/05\/B13-147x300.jpg 147w\" sizes=\"auto, (max-width: 490px) 100vw, 490px\" \/><div class=\"caption-wrap\"><div class=\"caption\">Blasonde Lorry-l\u00e8s-Metz.<\/div><\/div><\/a><\/li>\n            <li style='display: none;' aria-roledescription='slide' aria-labelledby='slide-4'><a href=\"http:\/\/lorrylesmetz-histoire.fr\/wp-content\/uploads\/2018\/05\/B14.jpg\" target=\"_blank\"><img loading=\"lazy\" decoding=\"async\" width=\"535\" height=\"1000\" src=\"http:\/\/lorrylesmetz-histoire.fr\/wp-content\/uploads\/2018\/05\/B14.jpg\" class=\"slider-3458 slide-3472 msDefaultImage\" alt=\"\" rel=\"\" title=\"B14\" srcset=\"http:\/\/lorrylesmetz-histoire.fr\/wp-content\/uploads\/2018\/05\/B14.jpg 535w, http:\/\/lorrylesmetz-histoire.fr\/wp-content\/uploads\/2018\/05\/B14-161x300.jpg 161w\" sizes=\"auto, (max-width: 535px) 100vw, 535px\" \/><div class=\"caption-wrap\"><div class=\"caption\">Blason de Metz.<\/div><\/div><\/a><\/li>\n            <li style='display: none;' aria-roledescription='slide' aria-labelledby='slide-5'><a href=\"http:\/\/lorrylesmetz-histoire.fr\/wp-content\/uploads\/2018\/05\/B32.jpg\" target=\"_blank\"><img loading=\"lazy\" decoding=\"async\" width=\"1000\" height=\"750\" src=\"http:\/\/lorrylesmetz-histoire.fr\/wp-content\/uploads\/2018\/05\/B32.jpg\" class=\"slider-3458 slide-3638 msDefaultImage\" alt=\"\" rel=\"\" title=\"B32\" srcset=\"http:\/\/lorrylesmetz-histoire.fr\/wp-content\/uploads\/2018\/05\/B32.jpg 1000w, http:\/\/lorrylesmetz-histoire.fr\/wp-content\/uploads\/2018\/05\/B32-300x225.jpg 300w, http:\/\/lorrylesmetz-histoire.fr\/wp-content\/uploads\/2018\/05\/B32-768x576.jpg 768w\" sizes=\"auto, (max-width: 1000px) 100vw, 1000px\" \/><\/a><\/li>\n            <li style='display: none;' aria-roledescription='slide' aria-labelledby='slide-6'><a href=\"http:\/\/lorrylesmetz-histoire.fr\/wp-content\/uploads\/2018\/05\/B15.jpg\" target=\"_blank\"><img loading=\"lazy\" decoding=\"async\" width=\"404\" height=\"1000\" src=\"http:\/\/lorrylesmetz-histoire.fr\/wp-content\/uploads\/2018\/05\/B15.jpg\" class=\"slider-3458 slide-3473 msDefaultImage\" alt=\"\" rel=\"\" title=\"B15\" srcset=\"http:\/\/lorrylesmetz-histoire.fr\/wp-content\/uploads\/2018\/05\/B15.jpg 404w, http:\/\/lorrylesmetz-histoire.fr\/wp-content\/uploads\/2018\/05\/B15-121x300.jpg 121w\" sizes=\"auto, (max-width: 404px) 100vw, 404px\" \/><div class=\"caption-wrap\"><div class=\"caption\">Le Graouilly fait partie de l'histoire de Metz.<\/div><\/div><\/a><\/li>\n            <li style='display: none;' aria-roledescription='slide' aria-labelledby='slide-7'><a href=\"http:\/\/lorrylesmetz-histoire.fr\/wp-content\/uploads\/2018\/05\/B31.jpg\" target=\"_blank\"><img loading=\"lazy\" decoding=\"async\" width=\"1000\" height=\"750\" src=\"http:\/\/lorrylesmetz-histoire.fr\/wp-content\/uploads\/2018\/05\/B31.jpg\" class=\"slider-3458 slide-3637 msDefaultImage\" alt=\"\" rel=\"\" title=\"B31\" srcset=\"http:\/\/lorrylesmetz-histoire.fr\/wp-content\/uploads\/2018\/05\/B31.jpg 1000w, http:\/\/lorrylesmetz-histoire.fr\/wp-content\/uploads\/2018\/05\/B31-300x225.jpg 300w, http:\/\/lorrylesmetz-histoire.fr\/wp-content\/uploads\/2018\/05\/B31-768x576.jpg 768w\" sizes=\"auto, (max-width: 1000px) 100vw, 1000px\" \/><div class=\"caption-wrap\"><div class=\"caption\">Jean-Luc Bohl et Jean-Yves Le Ber appr\u00e9cient l'arriv\u00e9e des oriflammes.<\/div><\/div><\/a><\/li>\n            <li style='display: none;' aria-roledescription='slide' aria-labelledby='slide-8'><a href=\"http:\/\/lorrylesmetz-histoire.fr\/wp-content\/uploads\/2018\/05\/B16.jpg\" target=\"_blank\"><img loading=\"lazy\" decoding=\"async\" width=\"664\" height=\"1000\" src=\"http:\/\/lorrylesmetz-histoire.fr\/wp-content\/uploads\/2018\/05\/B16.jpg\" class=\"slider-3458 slide-3474 msDefaultImage\" alt=\"\" rel=\"\" title=\"B16\" srcset=\"http:\/\/lorrylesmetz-histoire.fr\/wp-content\/uploads\/2018\/05\/B16.jpg 664w, http:\/\/lorrylesmetz-histoire.fr\/wp-content\/uploads\/2018\/05\/B16-199x300.jpg 199w\" sizes=\"auto, (max-width: 664px) 100vw, 664px\" \/><div class=\"caption-wrap\"><div class=\"caption\">Claudine Kester-El Ghozi.<\/div><\/div><\/a><\/li>\n            <li style='display: none;' aria-roledescription='slide' aria-labelledby='slide-9'><a href=\"http:\/\/lorrylesmetz-histoire.fr\/wp-content\/uploads\/2018\/05\/B17.jpg\" target=\"_blank\"><img loading=\"lazy\" decoding=\"async\" width=\"664\" height=\"1000\" src=\"http:\/\/lorrylesmetz-histoire.fr\/wp-content\/uploads\/2018\/05\/B17.jpg\" class=\"slider-3458 slide-3475 msDefaultImage\" alt=\"\" rel=\"\" title=\"B17\" srcset=\"http:\/\/lorrylesmetz-histoire.fr\/wp-content\/uploads\/2018\/05\/B17.jpg 664w, http:\/\/lorrylesmetz-histoire.fr\/wp-content\/uploads\/2018\/05\/B17-199x300.jpg 199w\" sizes=\"auto, (max-width: 664px) 100vw, 664px\" \/><div class=\"caption-wrap\"><div class=\"caption\">Jean-Yves Le ber, maire de Lorry-l\u00e8s-Metz.<\/div><\/div><\/a><\/li>\n            <li style='display: none;' aria-roledescription='slide' aria-labelledby='slide-10'><a href=\"http:\/\/lorrylesmetz-histoire.fr\/wp-content\/uploads\/2018\/05\/B18.jpg\" target=\"_blank\"><img loading=\"lazy\" decoding=\"async\" width=\"797\" height=\"1000\" src=\"http:\/\/lorrylesmetz-histoire.fr\/wp-content\/uploads\/2018\/05\/B18.jpg\" class=\"slider-3458 slide-3476 msDefaultImage\" alt=\"\" rel=\"\" title=\"B18\" srcset=\"http:\/\/lorrylesmetz-histoire.fr\/wp-content\/uploads\/2018\/05\/B18.jpg 797w, http:\/\/lorrylesmetz-histoire.fr\/wp-content\/uploads\/2018\/05\/B18-239x300.jpg 239w, http:\/\/lorrylesmetz-histoire.fr\/wp-content\/uploads\/2018\/05\/B18-768x964.jpg 768w\" sizes=\"auto, (max-width: 797px) 100vw, 797px\" \/><div class=\"caption-wrap\"><div class=\"caption\">Jean-Luc Bohl, premier vice-pr\u00e9sident de la r\u00e9gion Grand Est, pr\u00e9sident de Metz m\u00e9tropole et maire de Montigny-l\u00e8s-Metz.<\/div><\/div><\/a><\/li>\n            <li style='display: none;' aria-roledescription='slide' aria-labelledby='slide-11'><a href=\"http:\/\/lorrylesmetz-histoire.fr\/wp-content\/uploads\/2018\/05\/B19.jpg\" target=\"_blank\"><img loading=\"lazy\" decoding=\"async\" width=\"1000\" height=\"664\" src=\"http:\/\/lorrylesmetz-histoire.fr\/wp-content\/uploads\/2018\/05\/B19.jpg\" class=\"slider-3458 slide-3477 msDefaultImage\" alt=\"\" rel=\"\" title=\"B19\" srcset=\"http:\/\/lorrylesmetz-histoire.fr\/wp-content\/uploads\/2018\/05\/B19.jpg 1000w, http:\/\/lorrylesmetz-histoire.fr\/wp-content\/uploads\/2018\/05\/B19-300x199.jpg 300w, http:\/\/lorrylesmetz-histoire.fr\/wp-content\/uploads\/2018\/05\/B19-768x510.jpg 768w\" sizes=\"auto, (max-width: 1000px) 100vw, 1000px\" \/><\/a><\/li>\n            <li style='display: none;' aria-roledescription='slide' aria-labelledby='slide-12'><a href=\"http:\/\/lorrylesmetz-histoire.fr\/wp-content\/uploads\/2018\/05\/B02.jpg\" target=\"_blank\"><img loading=\"lazy\" decoding=\"async\" width=\"572\" height=\"1000\" src=\"http:\/\/lorrylesmetz-histoire.fr\/wp-content\/uploads\/2018\/05\/B02.jpg\" class=\"slider-3458 slide-3460 msDefaultImage\" alt=\"\" rel=\"\" title=\"B02\" srcset=\"http:\/\/lorrylesmetz-histoire.fr\/wp-content\/uploads\/2018\/05\/B02.jpg 572w, http:\/\/lorrylesmetz-histoire.fr\/wp-content\/uploads\/2018\/05\/B02-172x300.jpg 172w\" sizes=\"auto, (max-width: 572px) 100vw, 572px\" \/><div class=\"caption-wrap\"><div class=\"caption\">Andr\u00e9 De Pizol.<\/div><\/div><\/a><\/li>\n            <li style='display: none;' aria-roledescription='slide' aria-labelledby='slide-13'><a href=\"http:\/\/lorrylesmetz-histoire.fr\/wp-content\/uploads\/2018\/05\/B03.jpg\" target=\"_blank\"><img loading=\"lazy\" decoding=\"async\" width=\"719\" height=\"1000\" src=\"http:\/\/lorrylesmetz-histoire.fr\/wp-content\/uploads\/2018\/05\/B03.jpg\" class=\"slider-3458 slide-3461 msDefaultImage\" alt=\"\" rel=\"\" title=\"B03\" srcset=\"http:\/\/lorrylesmetz-histoire.fr\/wp-content\/uploads\/2018\/05\/B03.jpg 719w, http:\/\/lorrylesmetz-histoire.fr\/wp-content\/uploads\/2018\/05\/B03-216x300.jpg 216w\" sizes=\"auto, (max-width: 719px) 100vw, 719px\" \/><div class=\"caption-wrap\"><div class=\"caption\">Mireille Chazan.<\/div><\/div><\/a><\/li>\n            <li style='display: none;' aria-roledescription='slide' aria-labelledby='slide-14'><a href=\"http:\/\/lorrylesmetz-histoire.fr\/wp-content\/uploads\/2018\/05\/B04.jpg\" target=\"_blank\"><img loading=\"lazy\" decoding=\"async\" width=\"664\" height=\"1000\" src=\"http:\/\/lorrylesmetz-histoire.fr\/wp-content\/uploads\/2018\/05\/B04.jpg\" class=\"slider-3458 slide-3462 msDefaultImage\" alt=\"\" rel=\"\" title=\"B04\" srcset=\"http:\/\/lorrylesmetz-histoire.fr\/wp-content\/uploads\/2018\/05\/B04.jpg 664w, http:\/\/lorrylesmetz-histoire.fr\/wp-content\/uploads\/2018\/05\/B04-199x300.jpg 199w\" sizes=\"auto, (max-width: 664px) 100vw, 664px\" \/><\/a><\/li>\n            <li style='display: none;' aria-roledescription='slide' aria-labelledby='slide-15'><a href=\"http:\/\/lorrylesmetz-histoire.fr\/wp-content\/uploads\/2018\/05\/B05.jpg\" target=\"_blank\"><img loading=\"lazy\" decoding=\"async\" width=\"634\" height=\"1000\" src=\"http:\/\/lorrylesmetz-histoire.fr\/wp-content\/uploads\/2018\/05\/B05.jpg\" class=\"slider-3458 slide-3463 msDefaultImage\" alt=\"\" rel=\"\" title=\"B05\" srcset=\"http:\/\/lorrylesmetz-histoire.fr\/wp-content\/uploads\/2018\/05\/B05.jpg 634w, http:\/\/lorrylesmetz-histoire.fr\/wp-content\/uploads\/2018\/05\/B05-190x300.jpg 190w\" sizes=\"auto, (max-width: 634px) 100vw, 634px\" \/><\/a><\/li>\n            <li style='display: none;' aria-roledescription='slide' aria-labelledby='slide-16'><a href=\"http:\/\/lorrylesmetz-histoire.fr\/wp-content\/uploads\/2018\/05\/B06.jpg\" target=\"_blank\"><img loading=\"lazy\" decoding=\"async\" width=\"750\" height=\"1000\" src=\"http:\/\/lorrylesmetz-histoire.fr\/wp-content\/uploads\/2018\/05\/B06.jpg\" class=\"slider-3458 slide-3464 msDefaultImage\" alt=\"\" rel=\"\" title=\"B06\" srcset=\"http:\/\/lorrylesmetz-histoire.fr\/wp-content\/uploads\/2018\/05\/B06.jpg 750w, http:\/\/lorrylesmetz-histoire.fr\/wp-content\/uploads\/2018\/05\/B06-225x300.jpg 225w\" sizes=\"auto, (max-width: 750px) 100vw, 750px\" \/><\/a><\/li>\n            <li style='display: none;' aria-roledescription='slide' aria-labelledby='slide-17'><a href=\"http:\/\/lorrylesmetz-histoire.fr\/wp-content\/uploads\/2018\/05\/B07.jpg\" target=\"_blank\"><img loading=\"lazy\" decoding=\"async\" width=\"1000\" height=\"750\" src=\"http:\/\/lorrylesmetz-histoire.fr\/wp-content\/uploads\/2018\/05\/B07.jpg\" class=\"slider-3458 slide-3465 msDefaultImage\" alt=\"\" rel=\"\" title=\"B07\" srcset=\"http:\/\/lorrylesmetz-histoire.fr\/wp-content\/uploads\/2018\/05\/B07.jpg 1000w, http:\/\/lorrylesmetz-histoire.fr\/wp-content\/uploads\/2018\/05\/B07-300x225.jpg 300w, http:\/\/lorrylesmetz-histoire.fr\/wp-content\/uploads\/2018\/05\/B07-768x576.jpg 768w\" sizes=\"auto, (max-width: 1000px) 100vw, 1000px\" \/><\/a><\/li>\n            <li style='display: none;' aria-roledescription='slide' aria-labelledby='slide-18'><a href=\"http:\/\/lorrylesmetz-histoire.fr\/wp-content\/uploads\/2018\/05\/B08.jpg\" target=\"_blank\"><img loading=\"lazy\" decoding=\"async\" width=\"1000\" height=\"664\" src=\"http:\/\/lorrylesmetz-histoire.fr\/wp-content\/uploads\/2018\/05\/B08.jpg\" class=\"slider-3458 slide-3466 msDefaultImage\" alt=\"\" rel=\"\" title=\"B08\" srcset=\"http:\/\/lorrylesmetz-histoire.fr\/wp-content\/uploads\/2018\/05\/B08.jpg 1000w, http:\/\/lorrylesmetz-histoire.fr\/wp-content\/uploads\/2018\/05\/B08-300x199.jpg 300w, http:\/\/lorrylesmetz-histoire.fr\/wp-content\/uploads\/2018\/05\/B08-768x510.jpg 768w\" sizes=\"auto, (max-width: 1000px) 100vw, 1000px\" \/><div class=\"caption-wrap\"><div class=\"caption\">\u00c9change entre Mireille Chazan et Andr\u00e9 De Pizol .<\/div><\/div><\/a><\/li>\n            <li style='display: none;' aria-roledescription='slide' aria-labelledby='slide-19'><a href=\"http:\/\/lorrylesmetz-histoire.fr\/wp-content\/uploads\/2018\/05\/B09.jpg\" target=\"_blank\"><img loading=\"lazy\" decoding=\"async\" width=\"1000\" height=\"647\" src=\"http:\/\/lorrylesmetz-histoire.fr\/wp-content\/uploads\/2018\/05\/B09.jpg\" class=\"slider-3458 slide-3467 msDefaultImage\" alt=\"\" rel=\"\" title=\"B09\" srcset=\"http:\/\/lorrylesmetz-histoire.fr\/wp-content\/uploads\/2018\/05\/B09.jpg 1000w, http:\/\/lorrylesmetz-histoire.fr\/wp-content\/uploads\/2018\/05\/B09-300x194.jpg 300w, http:\/\/lorrylesmetz-histoire.fr\/wp-content\/uploads\/2018\/05\/B09-768x497.jpg 768w\" sizes=\"auto, (max-width: 1000px) 100vw, 1000px\" \/><div class=\"caption-wrap\"><div class=\"caption\">On r\u00e8gle les probl\u00e8mes techniques.<\/div><\/div><\/a><\/li>\n            <li style='display: none;' aria-roledescription='slide' aria-labelledby='slide-20'><a href=\"http:\/\/lorrylesmetz-histoire.fr\/wp-content\/uploads\/2018\/05\/B10.jpg\" target=\"_blank\"><img loading=\"lazy\" decoding=\"async\" width=\"750\" height=\"1000\" src=\"http:\/\/lorrylesmetz-histoire.fr\/wp-content\/uploads\/2018\/05\/B10.jpg\" class=\"slider-3458 slide-3468 msDefaultImage\" alt=\"\" rel=\"\" title=\"B10\" srcset=\"http:\/\/lorrylesmetz-histoire.fr\/wp-content\/uploads\/2018\/05\/B10.jpg 750w, http:\/\/lorrylesmetz-histoire.fr\/wp-content\/uploads\/2018\/05\/B10-225x300.jpg 225w\" sizes=\"auto, (max-width: 750px) 100vw, 750px\" \/><div class=\"caption-wrap\"><div class=\"caption\">G\u00e9rard Kester \u00e0 la trchnique, pour que tout se passe bien.<\/div><\/div><\/a><\/li>\n            <li style='display: none;' aria-roledescription='slide' aria-labelledby='slide-21'><a href=\"http:\/\/lorrylesmetz-histoire.fr\/wp-content\/uploads\/2018\/05\/B33.jpg\" target=\"_blank\"><img loading=\"lazy\" decoding=\"async\" width=\"1000\" height=\"750\" src=\"http:\/\/lorrylesmetz-histoire.fr\/wp-content\/uploads\/2018\/05\/B33.jpg\" class=\"slider-3458 slide-3639 msDefaultImage\" alt=\"\" rel=\"\" title=\"B33\" srcset=\"http:\/\/lorrylesmetz-histoire.fr\/wp-content\/uploads\/2018\/05\/B33.jpg 1000w, http:\/\/lorrylesmetz-histoire.fr\/wp-content\/uploads\/2018\/05\/B33-300x225.jpg 300w, http:\/\/lorrylesmetz-histoire.fr\/wp-content\/uploads\/2018\/05\/B33-768x576.jpg 768w\" sizes=\"auto, (max-width: 1000px) 100vw, 1000px\" \/><div class=\"caption-wrap\"><div class=\"caption\">Le moment de convivialit\u00e9, appr\u00e9ci\u00e9 par tous.<\/div><\/div><\/a><\/li>\n        <\/ul>\n        \n    <\/div>\n<\/div>\n<p><span class=\"text_exposed_show\">Photos Claudine\u00a0Kester, G\u00e9rard\u00a0Kester<\/span> et Roger\u00a0Mariotte<\/p>\n<p><a href=\"http:\/\/lorrylesmetz-histoire.fr\/?page_id=3342\"><img loading=\"lazy\" decoding=\"async\" class=\"alignnone wp-image-378 size-full\" src=\"http:\/\/lorrylesmetz-histoire.fr\/wp-content\/uploads\/2017\/05\/retour.png?_t=1525871587\" alt=\"\" width=\"89\" height=\"31\" \/><\/a><\/p>\n","protected":false},"excerpt":{"rendered":"<p>La journ\u00e9e a commenc\u00e9 par l\u2019ouverture des Journ\u00e9es Philippe de Vigneulles avec allocution de la pr\u00e9sidente, Claudine\u00a0Kester, d\u00e9fil\u00e9 des oriflammes, inauguration culturelle de l\u2019Espace Philippe-de-Vigneulles avec discours de Jean-Yves Le Ber et Jean-Luc\u00a0Bohl, pr\u00e9sentation de Mireille\u00a0Chazan et Pierre-\u00c9douard\u00a0Wagner, marraine et&hellip; <\/p>\n","protected":false},"author":1,"featured_media":0,"parent":3342,"menu_order":1,"comment_status":"closed","ping_status":"closed","template":"","meta":{"_mc_calendar":[],"footnotes":""},"class_list":["post-3578","page","type-page","status-publish","hentry"],"_links":{"self":[{"href":"http:\/\/lorrylesmetz-histoire.fr\/index.php?rest_route=\/wp\/v2\/pages\/3578","targetHints":{"allow":["GET"]}}],"collection":[{"href":"http:\/\/lorrylesmetz-histoire.fr\/index.php?rest_route=\/wp\/v2\/pages"}],"about":[{"href":"http:\/\/lorrylesmetz-histoire.fr\/index.php?rest_route=\/wp\/v2\/types\/page"}],"author":[{"embeddable":true,"href":"http:\/\/lorrylesmetz-histoire.fr\/index.php?rest_route=\/wp\/v2\/users\/1"}],"replies":[{"embeddable":true,"href":"http:\/\/lorrylesmetz-histoire.fr\/index.php?rest_route=%2Fwp%2Fv2%2Fcomments&post=3578"}],"version-history":[{"count":1,"href":"http:\/\/lorrylesmetz-histoire.fr\/index.php?rest_route=\/wp\/v2\/pages\/3578\/revisions"}],"predecessor-version":[{"id":3586,"href":"http:\/\/lorrylesmetz-histoire.fr\/index.php?rest_route=\/wp\/v2\/pages\/3578\/revisions\/3586"}],"up":[{"embeddable":true,"href":"http:\/\/lorrylesmetz-histoire.fr\/index.php?rest_route=\/wp\/v2\/pages\/3342"}],"wp:attachment":[{"href":"http:\/\/lorrylesmetz-histoire.fr\/index.php?rest_route=%2Fwp%2Fv2%2Fmedia&parent=3578"}],"curies":[{"name":"wp","href":"https:\/\/api.w.org\/{rel}","templated":true}]}}