{"id":3581,"date":"2018-05-09T15:03:05","date_gmt":"2018-05-09T13:03:05","guid":{"rendered":"http:\/\/lorrylesmetz-histoire.fr\/?page_id=3581"},"modified":"2018-05-09T15:06:42","modified_gmt":"2018-05-09T13:06:42","slug":"samedi-05","status":"publish","type":"page","link":"http:\/\/lorrylesmetz-histoire.fr\/?page_id=3581","title":{"rendered":"Samedi soir"},"content":{"rendered":"<p>Samedi soir, table ronde tr\u00e8s int\u00e9ressante. Mireille\u00a0Chazan, Pierre-\u00c9douard\u00a0Wagner, Laurent\u00a0Litzenburger et S\u00e9bastien\u00a0Wagner (directeur des \u00c9ditions des Paraiges) ont r\u00e9pondu aux questions d&rsquo;Andr\u00e9 de Pizzol qui animait le d\u00e9bat, et \u00e0 celle de l&rsquo;auditoire.<\/p>\n<p>La soir\u00e9e s&rsquo;est achev\u00e9e par les remerciements et la remise de cadeaux aux intervenants, au pr\u00e9sident honoraire et \u00e0 la responsable de l&rsquo;intendance, Ghislaine\u00a0Foubet.<\/p>\n<p>Les \u00c9ditions des Paraiges feront para\u00eetre un ouvrage illustr\u00e9 contenant toutes les conf\u00e9rences de ces deux journ\u00e9es.<\/p>\n<p>La pr\u00e9sidente remercie la formidable \u00e9quipe qui l&rsquo;\u00e9paule sans compter.<\/p>\n<div id=\"metaslider-id-3559\" style=\"width: 100%; margin: 0 auto;\" class=\"ml-slider-3-108-0 metaslider metaslider-responsive metaslider-3559 ml-slider has-dots-nav ms-theme-default\" role=\"region\" aria-label=\"PDV5\" data-height=\"800\" data-width=\"800\">\n    <div id=\"metaslider_container_3559\">\n        <ul id='metaslider_3559' class='rslides'>\n            <li aria-roledescription='slide' aria-labelledby='slide-0'><a href=\"http:\/\/lorrylesmetz-histoire.fr\/wp-content\/uploads\/2018\/05\/G001.jpg\" target=\"_blank\"><img loading=\"lazy\" decoding=\"async\" width=\"1000\" height=\"664\" src=\"http:\/\/lorrylesmetz-histoire.fr\/wp-content\/uploads\/2018\/05\/G001.jpg\" class=\"slider-3559 slide-3560 msDefaultImage\" alt=\"\" rel=\"\" title=\"G001\" srcset=\"http:\/\/lorrylesmetz-histoire.fr\/wp-content\/uploads\/2018\/05\/G001.jpg 1000w, http:\/\/lorrylesmetz-histoire.fr\/wp-content\/uploads\/2018\/05\/G001-300x199.jpg 300w, http:\/\/lorrylesmetz-histoire.fr\/wp-content\/uploads\/2018\/05\/G001-768x510.jpg 768w\" sizes=\"auto, (max-width: 1000px) 100vw, 1000px\" \/><\/a><\/li>\n            <li style='display: none;' aria-roledescription='slide' aria-labelledby='slide-1'><a href=\"http:\/\/lorrylesmetz-histoire.fr\/wp-content\/uploads\/2018\/05\/G002.jpg\" target=\"_blank\"><img loading=\"lazy\" decoding=\"async\" width=\"1000\" height=\"664\" src=\"http:\/\/lorrylesmetz-histoire.fr\/wp-content\/uploads\/2018\/05\/G002.jpg\" class=\"slider-3559 slide-3561 msDefaultImage\" alt=\"\" rel=\"\" title=\"G002\" srcset=\"http:\/\/lorrylesmetz-histoire.fr\/wp-content\/uploads\/2018\/05\/G002.jpg 1000w, http:\/\/lorrylesmetz-histoire.fr\/wp-content\/uploads\/2018\/05\/G002-300x199.jpg 300w, http:\/\/lorrylesmetz-histoire.fr\/wp-content\/uploads\/2018\/05\/G002-768x510.jpg 768w\" sizes=\"auto, (max-width: 1000px) 100vw, 1000px\" \/><\/a><\/li>\n            <li style='display: none;' aria-roledescription='slide' aria-labelledby='slide-2'><a href=\"http:\/\/lorrylesmetz-histoire.fr\/wp-content\/uploads\/2018\/05\/G003.jpg\" target=\"_blank\"><img loading=\"lazy\" decoding=\"async\" width=\"750\" height=\"1000\" src=\"http:\/\/lorrylesmetz-histoire.fr\/wp-content\/uploads\/2018\/05\/G003.jpg\" class=\"slider-3559 slide-3562 msDefaultImage\" alt=\"\" rel=\"\" title=\"G003\" srcset=\"http:\/\/lorrylesmetz-histoire.fr\/wp-content\/uploads\/2018\/05\/G003.jpg 750w, http:\/\/lorrylesmetz-histoire.fr\/wp-content\/uploads\/2018\/05\/G003-225x300.jpg 225w\" sizes=\"auto, (max-width: 750px) 100vw, 750px\" \/><\/a><\/li>\n            <li style='display: none;' aria-roledescription='slide' aria-labelledby='slide-3'><a href=\"http:\/\/lorrylesmetz-histoire.fr\/wp-content\/uploads\/2018\/05\/G004.jpg\" target=\"_blank\"><img loading=\"lazy\" decoding=\"async\" width=\"500\" height=\"1000\" src=\"http:\/\/lorrylesmetz-histoire.fr\/wp-content\/uploads\/2018\/05\/G004.jpg\" class=\"slider-3559 slide-3563 msDefaultImage\" alt=\"\" rel=\"\" title=\"G004\" srcset=\"http:\/\/lorrylesmetz-histoire.fr\/wp-content\/uploads\/2018\/05\/G004.jpg 500w, http:\/\/lorrylesmetz-histoire.fr\/wp-content\/uploads\/2018\/05\/G004-150x300.jpg 150w\" sizes=\"auto, (max-width: 500px) 100vw, 500px\" \/><div class=\"caption-wrap\"><div class=\"caption\">S\u00e9bastien Wagner.<\/div><\/div><\/a><\/li>\n            <li style='display: none;' aria-roledescription='slide' aria-labelledby='slide-4'><a href=\"http:\/\/lorrylesmetz-histoire.fr\/wp-content\/uploads\/2018\/05\/G005.jpg\" target=\"_blank\"><img loading=\"lazy\" decoding=\"async\" width=\"1000\" height=\"664\" src=\"http:\/\/lorrylesmetz-histoire.fr\/wp-content\/uploads\/2018\/05\/G005.jpg\" class=\"slider-3559 slide-3564 msDefaultImage\" alt=\"\" rel=\"\" title=\"G005\" srcset=\"http:\/\/lorrylesmetz-histoire.fr\/wp-content\/uploads\/2018\/05\/G005.jpg 1000w, http:\/\/lorrylesmetz-histoire.fr\/wp-content\/uploads\/2018\/05\/G005-300x199.jpg 300w, http:\/\/lorrylesmetz-histoire.fr\/wp-content\/uploads\/2018\/05\/G005-768x510.jpg 768w\" sizes=\"auto, (max-width: 1000px) 100vw, 1000px\" \/><div class=\"caption-wrap\"><div class=\"caption\">Les intervenants de la table ronde : S\u00e9bastien Wagner, Laurent Litzenburger, Pierre-\u00c9douard Wagner, Mireille Chazan et Andr\u00e9 De Pizol.<\/div><\/div><\/a><\/li>\n            <li style='display: none;' aria-roledescription='slide' aria-labelledby='slide-5'><a href=\"http:\/\/lorrylesmetz-histoire.fr\/wp-content\/uploads\/2018\/05\/G006.jpg\" target=\"_blank\"><img loading=\"lazy\" decoding=\"async\" width=\"1000\" height=\"702\" src=\"http:\/\/lorrylesmetz-histoire.fr\/wp-content\/uploads\/2018\/05\/G006.jpg\" class=\"slider-3559 slide-3565 msDefaultImage\" alt=\"\" rel=\"\" title=\"G006\" srcset=\"http:\/\/lorrylesmetz-histoire.fr\/wp-content\/uploads\/2018\/05\/G006.jpg 1000w, http:\/\/lorrylesmetz-histoire.fr\/wp-content\/uploads\/2018\/05\/G006-300x211.jpg 300w, http:\/\/lorrylesmetz-histoire.fr\/wp-content\/uploads\/2018\/05\/G006-768x539.jpg 768w\" sizes=\"auto, (max-width: 1000px) 100vw, 1000px\" \/><div class=\"caption-wrap\"><div class=\"caption\">Le parrain et la marraine des journ\u00e9e Philippe de Vigneulles.<\/div><\/div><\/a><\/li>\n            <li style='display: none;' aria-roledescription='slide' aria-labelledby='slide-6'><a href=\"http:\/\/lorrylesmetz-histoire.fr\/wp-content\/uploads\/2018\/05\/G007.jpg\" target=\"_blank\"><img loading=\"lazy\" decoding=\"async\" width=\"637\" height=\"960\" src=\"http:\/\/lorrylesmetz-histoire.fr\/wp-content\/uploads\/2018\/05\/G007.jpg\" class=\"slider-3559 slide-3566 msDefaultImage\" alt=\"\" rel=\"\" title=\"G007\" srcset=\"http:\/\/lorrylesmetz-histoire.fr\/wp-content\/uploads\/2018\/05\/G007.jpg 637w, http:\/\/lorrylesmetz-histoire.fr\/wp-content\/uploads\/2018\/05\/G007-199x300.jpg 199w\" sizes=\"auto, (max-width: 637px) 100vw, 637px\" \/><div class=\"caption-wrap\"><div class=\"caption\">Mireille Chazan d\u00e9couvre son cadeau.<\/div><\/div><\/a><\/li>\n            <li style='display: none;' aria-roledescription='slide' aria-labelledby='slide-7'><a href=\"http:\/\/lorrylesmetz-histoire.fr\/wp-content\/uploads\/2018\/05\/G008.jpg\" target=\"_blank\"><img loading=\"lazy\" decoding=\"async\" width=\"1000\" height=\"667\" src=\"http:\/\/lorrylesmetz-histoire.fr\/wp-content\/uploads\/2018\/05\/G008.jpg\" class=\"slider-3559 slide-3567 msDefaultImage\" alt=\"\" rel=\"\" title=\"G008\" srcset=\"http:\/\/lorrylesmetz-histoire.fr\/wp-content\/uploads\/2018\/05\/G008.jpg 1000w, http:\/\/lorrylesmetz-histoire.fr\/wp-content\/uploads\/2018\/05\/G008-300x200.jpg 300w, http:\/\/lorrylesmetz-histoire.fr\/wp-content\/uploads\/2018\/05\/G008-768x512.jpg 768w\" sizes=\"auto, (max-width: 1000px) 100vw, 1000px\" \/><div class=\"caption-wrap\"><div class=\"caption\">L'int\u00e9rieur de la pochette.<\/div><\/div><\/a><\/li>\n            <li style='display: none;' aria-roledescription='slide' aria-labelledby='slide-8'><a href=\"http:\/\/lorrylesmetz-histoire.fr\/wp-content\/uploads\/2018\/05\/G009.jpg\" target=\"_blank\"><img loading=\"lazy\" decoding=\"async\" width=\"637\" height=\"960\" src=\"http:\/\/lorrylesmetz-histoire.fr\/wp-content\/uploads\/2018\/05\/G009.jpg\" class=\"slider-3559 slide-3568 msDefaultImage\" alt=\"\" rel=\"\" title=\"G009\" srcset=\"http:\/\/lorrylesmetz-histoire.fr\/wp-content\/uploads\/2018\/05\/G009.jpg 637w, http:\/\/lorrylesmetz-histoire.fr\/wp-content\/uploads\/2018\/05\/G009-199x300.jpg 199w\" sizes=\"auto, (max-width: 637px) 100vw, 637px\" \/><\/a><\/li>\n            <li style='display: none;' aria-roledescription='slide' aria-labelledby='slide-9'><a href=\"http:\/\/lorrylesmetz-histoire.fr\/wp-content\/uploads\/2018\/05\/G010.jpg\" target=\"_blank\"><img loading=\"lazy\" decoding=\"async\" width=\"637\" height=\"960\" src=\"http:\/\/lorrylesmetz-histoire.fr\/wp-content\/uploads\/2018\/05\/G010.jpg\" class=\"slider-3559 slide-3569 msDefaultImage\" alt=\"\" rel=\"\" title=\"G010\" srcset=\"http:\/\/lorrylesmetz-histoire.fr\/wp-content\/uploads\/2018\/05\/G010.jpg 637w, http:\/\/lorrylesmetz-histoire.fr\/wp-content\/uploads\/2018\/05\/G010-199x300.jpg 199w\" sizes=\"auto, (max-width: 637px) 100vw, 637px\" \/><div class=\"caption-wrap\"><div class=\"caption\">Pierre-\u00c9douard Wagner.<\/div><\/div><\/a><\/li>\n            <li style='display: none;' aria-roledescription='slide' aria-labelledby='slide-10'><a href=\"http:\/\/lorrylesmetz-histoire.fr\/wp-content\/uploads\/2018\/05\/G011.jpg\" target=\"_blank\"><img loading=\"lazy\" decoding=\"async\" width=\"637\" height=\"960\" src=\"http:\/\/lorrylesmetz-histoire.fr\/wp-content\/uploads\/2018\/05\/G011.jpg\" class=\"slider-3559 slide-3570 msDefaultImage\" alt=\"\" rel=\"\" title=\"G011\" srcset=\"http:\/\/lorrylesmetz-histoire.fr\/wp-content\/uploads\/2018\/05\/G011.jpg 637w, http:\/\/lorrylesmetz-histoire.fr\/wp-content\/uploads\/2018\/05\/G011-199x300.jpg 199w\" sizes=\"auto, (max-width: 637px) 100vw, 637px\" \/><div class=\"caption-wrap\"><div class=\"caption\">Laurent Litzenburger.<\/div><\/div><\/a><\/li>\n            <li style='display: none;' aria-roledescription='slide' aria-labelledby='slide-11'><a href=\"http:\/\/lorrylesmetz-histoire.fr\/wp-content\/uploads\/2018\/05\/G012.jpg\" target=\"_blank\"><img loading=\"lazy\" decoding=\"async\" width=\"637\" height=\"960\" src=\"http:\/\/lorrylesmetz-histoire.fr\/wp-content\/uploads\/2018\/05\/G012.jpg\" class=\"slider-3559 slide-3571 msDefaultImage\" alt=\"\" rel=\"\" title=\"G012\" srcset=\"http:\/\/lorrylesmetz-histoire.fr\/wp-content\/uploads\/2018\/05\/G012.jpg 637w, http:\/\/lorrylesmetz-histoire.fr\/wp-content\/uploads\/2018\/05\/G012-199x300.jpg 199w\" sizes=\"auto, (max-width: 637px) 100vw, 637px\" \/><div class=\"caption-wrap\"><div class=\"caption\">S\u00e9bastien Wagner d\u00e9couvre le contenu de la pochette.<\/div><\/div><\/a><\/li>\n            <li style='display: none;' aria-roledescription='slide' aria-labelledby='slide-12'><a href=\"http:\/\/lorrylesmetz-histoire.fr\/wp-content\/uploads\/2018\/05\/G013.jpg\" target=\"_blank\"><img loading=\"lazy\" decoding=\"async\" width=\"637\" height=\"960\" src=\"http:\/\/lorrylesmetz-histoire.fr\/wp-content\/uploads\/2018\/05\/G013.jpg\" class=\"slider-3559 slide-3572 msDefaultImage\" alt=\"\" rel=\"\" title=\"G013\" srcset=\"http:\/\/lorrylesmetz-histoire.fr\/wp-content\/uploads\/2018\/05\/G013.jpg 637w, http:\/\/lorrylesmetz-histoire.fr\/wp-content\/uploads\/2018\/05\/G013-199x300.jpg 199w\" sizes=\"auto, (max-width: 637px) 100vw, 637px\" \/><div class=\"caption-wrap\"><div class=\"caption\">Remise du cadeau \u00e0 Fran\u00e7ois Courtade.<\/div><\/div><\/a><\/li>\n            <li style='display: none;' aria-roledescription='slide' aria-labelledby='slide-13'><a href=\"http:\/\/lorrylesmetz-histoire.fr\/wp-content\/uploads\/2018\/05\/G014.jpg\" target=\"_blank\"><img loading=\"lazy\" decoding=\"async\" width=\"637\" height=\"960\" src=\"http:\/\/lorrylesmetz-histoire.fr\/wp-content\/uploads\/2018\/05\/G014.jpg\" class=\"slider-3559 slide-3573 msDefaultImage\" alt=\"\" rel=\"\" title=\"G014\" srcset=\"http:\/\/lorrylesmetz-histoire.fr\/wp-content\/uploads\/2018\/05\/G014.jpg 637w, http:\/\/lorrylesmetz-histoire.fr\/wp-content\/uploads\/2018\/05\/G014-199x300.jpg 199w\" sizes=\"auto, (max-width: 637px) 100vw, 637px\" \/><div class=\"caption-wrap\"><div class=\"caption\">Le cadeau de Ghislaine Foubet.<\/div><\/div><\/a><\/li>\n            <li style='display: none;' aria-roledescription='slide' aria-labelledby='slide-14'><a href=\"http:\/\/lorrylesmetz-histoire.fr\/wp-content\/uploads\/2018\/05\/G015.jpg\" target=\"_blank\"><img loading=\"lazy\" decoding=\"async\" width=\"1000\" height=\"664\" src=\"http:\/\/lorrylesmetz-histoire.fr\/wp-content\/uploads\/2018\/05\/G015.jpg\" class=\"slider-3559 slide-3574 msDefaultImage\" alt=\"\" rel=\"\" title=\"G015\" srcset=\"http:\/\/lorrylesmetz-histoire.fr\/wp-content\/uploads\/2018\/05\/G015.jpg 1000w, http:\/\/lorrylesmetz-histoire.fr\/wp-content\/uploads\/2018\/05\/G015-300x199.jpg 300w, http:\/\/lorrylesmetz-histoire.fr\/wp-content\/uploads\/2018\/05\/G015-768x510.jpg 768w\" sizes=\"auto, (max-width: 1000px) 100vw, 1000px\" \/><div class=\"caption-wrap\"><div class=\"caption\">Le stand des \u00c9ditions des Paraiges.<\/div><\/div><\/a><\/li>\n        <\/ul>\n        \n    <\/div>\n<\/div>\n<p><span class=\"text_exposed_show\">Photos Claudine\u00a0Kester, G\u00e9rard\u00a0Kester<\/span> et Roger\u00a0Mariotte<\/p>\n<p><a href=\"http:\/\/lorrylesmetz-histoire.fr\/?page_id=3342\"><img loading=\"lazy\" decoding=\"async\" class=\"alignnone wp-image-378 size-full\" src=\"http:\/\/lorrylesmetz-histoire.fr\/wp-content\/uploads\/2017\/05\/retour.png?_t=1525870821\" alt=\"\" width=\"89\" height=\"31\" \/><\/a><\/p>\n","protected":false},"excerpt":{"rendered":"<p>Samedi soir, table ronde tr\u00e8s int\u00e9ressante. Mireille\u00a0Chazan, Pierre-\u00c9douard\u00a0Wagner, Laurent\u00a0Litzenburger et S\u00e9bastien\u00a0Wagner (directeur des \u00c9ditions des Paraiges) ont r\u00e9pondu aux questions d&rsquo;Andr\u00e9 de Pizzol qui animait le d\u00e9bat, et \u00e0 celle de l&rsquo;auditoire. La soir\u00e9e s&rsquo;est achev\u00e9e par les remerciements et&hellip; <\/p>\n","protected":false},"author":1,"featured_media":0,"parent":3342,"menu_order":4,"comment_status":"closed","ping_status":"closed","template":"","meta":{"_mc_calendar":[],"footnotes":""},"class_list":["post-3581","page","type-page","status-publish","hentry"],"_links":{"self":[{"href":"http:\/\/lorrylesmetz-histoire.fr\/index.php?rest_route=\/wp\/v2\/pages\/3581","targetHints":{"allow":["GET"]}}],"collection":[{"href":"http:\/\/lorrylesmetz-histoire.fr\/index.php?rest_route=\/wp\/v2\/pages"}],"about":[{"href":"http:\/\/lorrylesmetz-histoire.fr\/index.php?rest_route=\/wp\/v2\/types\/page"}],"author":[{"embeddable":true,"href":"http:\/\/lorrylesmetz-histoire.fr\/index.php?rest_route=\/wp\/v2\/users\/1"}],"replies":[{"embeddable":true,"href":"http:\/\/lorrylesmetz-histoire.fr\/index.php?rest_route=%2Fwp%2Fv2%2Fcomments&post=3581"}],"version-history":[{"count":2,"href":"http:\/\/lorrylesmetz-histoire.fr\/index.php?rest_route=\/wp\/v2\/pages\/3581\/revisions"}],"predecessor-version":[{"id":3584,"href":"http:\/\/lorrylesmetz-histoire.fr\/index.php?rest_route=\/wp\/v2\/pages\/3581\/revisions\/3584"}],"up":[{"embeddable":true,"href":"http:\/\/lorrylesmetz-histoire.fr\/index.php?rest_route=\/wp\/v2\/pages\/3342"}],"wp:attachment":[{"href":"http:\/\/lorrylesmetz-histoire.fr\/index.php?rest_route=%2Fwp%2Fv2%2Fmedia&parent=3581"}],"curies":[{"name":"wp","href":"https:\/\/api.w.org\/{rel}","templated":true}]}}