{"id":3671,"date":"2018-05-13T15:10:34","date_gmt":"2018-05-13T13:10:34","guid":{"rendered":"http:\/\/lorrylesmetz-histoire.fr\/?page_id=3671"},"modified":"2018-05-13T15:10:34","modified_gmt":"2018-05-13T13:10:34","slug":"22-mai","status":"publish","type":"page","link":"http:\/\/lorrylesmetz-histoire.fr\/?page_id=3671","title":{"rendered":"Dimanche 22 avril"},"content":{"rendered":"<p>Et comme dans tout bon village fran\u00e7ais, tout se termine par le partage de quelques sangliers et oreilles de truie farcies&#8230;\u2009!<br \/>\nLa pr\u00e9sidente a remerci\u00e9 toute son \u00e9quipe pour le formidable travail qui a \u00e9t\u00e9 effectu\u00e9 avec rigueur et talent, que ce soit l\u2019organisation, les contacts et la restauration. La r\u00e9ussite de ces journ\u00e9es est act\u00e9e.<br \/>\nFran\u00e7ois\u00a0Courtade, pr\u00e9sident honoraire, s\u2019est f\u00e9licit\u00e9 du devenir de Lorry-l\u00e8s-Metz \u00ab\u00a0au fil du temps\u00a0\u00bb, chaleureusement ap<span class=\"text_exposed_show\">prouv\u00e9 par Marie-H\u00e9l\u00e8ne\u00a0Strugala.<br \/>\nAvait \u00e9t\u00e9 pr\u00e9vu un petit souvenir pour tous les membres du comit\u00e9 et les b\u00e9n\u00e9voles qui sont venus si gentiment donner un coup de main.<br \/>\nLa joie et la bonne humeur \u00e9taient de la partie.<\/span><\/p>\n<p><span class=\"text_exposed_show\"><div id=\"metaslider-id-3656\" style=\"width: 100%; margin: 0 auto;\" class=\"ml-slider-3-108-0 metaslider metaslider-responsive metaslider-3656 ml-slider has-dots-nav ms-theme-default\" role=\"region\" aria-label=\"PDV6\" data-height=\"800\" data-width=\"800\">\n    <div id=\"metaslider_container_3656\">\n        <ul id='metaslider_3656' class='rslides'>\n            <li aria-roledescription='slide' aria-labelledby='slide-0'><a href=\"http:\/\/lorrylesmetz-histoire.fr\/wp-content\/uploads\/2018\/05\/E01.jpg\" target=\"_blank\"><img loading=\"lazy\" decoding=\"async\" width=\"664\" height=\"1000\" src=\"http:\/\/lorrylesmetz-histoire.fr\/wp-content\/uploads\/2018\/05\/E01.jpg\" class=\"slider-3656 slide-3657 msDefaultImage\" alt=\"\" rel=\"\" title=\"E01\" srcset=\"http:\/\/lorrylesmetz-histoire.fr\/wp-content\/uploads\/2018\/05\/E01.jpg 664w, http:\/\/lorrylesmetz-histoire.fr\/wp-content\/uploads\/2018\/05\/E01-199x300.jpg 199w\" sizes=\"auto, (max-width: 664px) 100vw, 664px\" \/><\/a><\/li>\n            <li style='display: none;' aria-roledescription='slide' aria-labelledby='slide-1'><a href=\"http:\/\/lorrylesmetz-histoire.fr\/wp-content\/uploads\/2018\/05\/E02.jpg\" target=\"_blank\"><img loading=\"lazy\" decoding=\"async\" width=\"664\" height=\"1000\" src=\"http:\/\/lorrylesmetz-histoire.fr\/wp-content\/uploads\/2018\/05\/E02.jpg\" class=\"slider-3656 slide-3658 msDefaultImage\" alt=\"\" rel=\"\" title=\"E02\" srcset=\"http:\/\/lorrylesmetz-histoire.fr\/wp-content\/uploads\/2018\/05\/E02.jpg 664w, http:\/\/lorrylesmetz-histoire.fr\/wp-content\/uploads\/2018\/05\/E02-199x300.jpg 199w\" sizes=\"auto, (max-width: 664px) 100vw, 664px\" \/><\/a><\/li>\n            <li style='display: none;' aria-roledescription='slide' aria-labelledby='slide-2'><a href=\"http:\/\/lorrylesmetz-histoire.fr\/wp-content\/uploads\/2018\/05\/E03.jpg\" target=\"_blank\"><img loading=\"lazy\" decoding=\"async\" width=\"664\" height=\"1000\" src=\"http:\/\/lorrylesmetz-histoire.fr\/wp-content\/uploads\/2018\/05\/E03.jpg\" class=\"slider-3656 slide-3659 msDefaultImage\" alt=\"\" rel=\"\" title=\"E03\" srcset=\"http:\/\/lorrylesmetz-histoire.fr\/wp-content\/uploads\/2018\/05\/E03.jpg 664w, http:\/\/lorrylesmetz-histoire.fr\/wp-content\/uploads\/2018\/05\/E03-199x300.jpg 199w\" sizes=\"auto, (max-width: 664px) 100vw, 664px\" \/><\/a><\/li>\n            <li style='display: none;' aria-roledescription='slide' aria-labelledby='slide-3'><a href=\"http:\/\/lorrylesmetz-histoire.fr\/wp-content\/uploads\/2018\/05\/E04.jpg\" target=\"_blank\"><img loading=\"lazy\" decoding=\"async\" width=\"1000\" height=\"664\" src=\"http:\/\/lorrylesmetz-histoire.fr\/wp-content\/uploads\/2018\/05\/E04.jpg\" class=\"slider-3656 slide-3660 msDefaultImage\" alt=\"\" rel=\"\" title=\"E04\" srcset=\"http:\/\/lorrylesmetz-histoire.fr\/wp-content\/uploads\/2018\/05\/E04.jpg 1000w, http:\/\/lorrylesmetz-histoire.fr\/wp-content\/uploads\/2018\/05\/E04-300x199.jpg 300w, http:\/\/lorrylesmetz-histoire.fr\/wp-content\/uploads\/2018\/05\/E04-768x510.jpg 768w\" sizes=\"auto, (max-width: 1000px) 100vw, 1000px\" \/><\/a><\/li>\n            <li style='display: none;' aria-roledescription='slide' aria-labelledby='slide-4'><a href=\"http:\/\/lorrylesmetz-histoire.fr\/wp-content\/uploads\/2018\/05\/E05.jpg\" target=\"_blank\"><img loading=\"lazy\" decoding=\"async\" width=\"768\" height=\"1000\" src=\"http:\/\/lorrylesmetz-histoire.fr\/wp-content\/uploads\/2018\/05\/E05.jpg\" class=\"slider-3656 slide-3661 msDefaultImage\" alt=\"\" rel=\"\" title=\"E05\" srcset=\"http:\/\/lorrylesmetz-histoire.fr\/wp-content\/uploads\/2018\/05\/E05.jpg 768w, http:\/\/lorrylesmetz-histoire.fr\/wp-content\/uploads\/2018\/05\/E05-230x300.jpg 230w\" sizes=\"auto, (max-width: 768px) 100vw, 768px\" \/><\/a><\/li>\n            <li style='display: none;' aria-roledescription='slide' aria-labelledby='slide-5'><a href=\"http:\/\/lorrylesmetz-histoire.fr\/wp-content\/uploads\/2018\/05\/E06.jpg\" target=\"_blank\"><img loading=\"lazy\" decoding=\"async\" width=\"750\" height=\"1000\" src=\"http:\/\/lorrylesmetz-histoire.fr\/wp-content\/uploads\/2018\/05\/E06.jpg\" class=\"slider-3656 slide-3662 msDefaultImage\" alt=\"\" rel=\"\" title=\"E06\" srcset=\"http:\/\/lorrylesmetz-histoire.fr\/wp-content\/uploads\/2018\/05\/E06.jpg 750w, http:\/\/lorrylesmetz-histoire.fr\/wp-content\/uploads\/2018\/05\/E06-225x300.jpg 225w\" sizes=\"auto, (max-width: 750px) 100vw, 750px\" \/><\/a><\/li>\n            <li style='display: none;' aria-roledescription='slide' aria-labelledby='slide-6'><a href=\"http:\/\/lorrylesmetz-histoire.fr\/wp-content\/uploads\/2018\/05\/E07.jpg\" target=\"_blank\"><img loading=\"lazy\" decoding=\"async\" width=\"1000\" height=\"750\" src=\"http:\/\/lorrylesmetz-histoire.fr\/wp-content\/uploads\/2018\/05\/E07.jpg\" class=\"slider-3656 slide-3663 msDefaultImage\" alt=\"\" rel=\"\" title=\"E07\" srcset=\"http:\/\/lorrylesmetz-histoire.fr\/wp-content\/uploads\/2018\/05\/E07.jpg 1000w, http:\/\/lorrylesmetz-histoire.fr\/wp-content\/uploads\/2018\/05\/E07-300x225.jpg 300w, http:\/\/lorrylesmetz-histoire.fr\/wp-content\/uploads\/2018\/05\/E07-768x576.jpg 768w\" sizes=\"auto, (max-width: 1000px) 100vw, 1000px\" \/><\/a><\/li>\n            <li style='display: none;' aria-roledescription='slide' aria-labelledby='slide-7'><a href=\"http:\/\/lorrylesmetz-histoire.fr\/wp-content\/uploads\/2018\/05\/E08.jpg\" target=\"_blank\"><img loading=\"lazy\" decoding=\"async\" width=\"1000\" height=\"750\" src=\"http:\/\/lorrylesmetz-histoire.fr\/wp-content\/uploads\/2018\/05\/E08.jpg\" class=\"slider-3656 slide-3664 msDefaultImage\" alt=\"\" rel=\"\" title=\"E08\" srcset=\"http:\/\/lorrylesmetz-histoire.fr\/wp-content\/uploads\/2018\/05\/E08.jpg 1000w, http:\/\/lorrylesmetz-histoire.fr\/wp-content\/uploads\/2018\/05\/E08-300x225.jpg 300w, http:\/\/lorrylesmetz-histoire.fr\/wp-content\/uploads\/2018\/05\/E08-768x576.jpg 768w\" sizes=\"auto, (max-width: 1000px) 100vw, 1000px\" \/><\/a><\/li>\n            <li style='display: none;' aria-roledescription='slide' aria-labelledby='slide-8'><a href=\"http:\/\/lorrylesmetz-histoire.fr\/wp-content\/uploads\/2018\/05\/E09.jpg\" target=\"_blank\"><img loading=\"lazy\" decoding=\"async\" width=\"1000\" height=\"750\" src=\"http:\/\/lorrylesmetz-histoire.fr\/wp-content\/uploads\/2018\/05\/E09.jpg\" class=\"slider-3656 slide-3665 msDefaultImage\" alt=\"\" rel=\"\" title=\"E09\" srcset=\"http:\/\/lorrylesmetz-histoire.fr\/wp-content\/uploads\/2018\/05\/E09.jpg 1000w, http:\/\/lorrylesmetz-histoire.fr\/wp-content\/uploads\/2018\/05\/E09-300x225.jpg 300w, http:\/\/lorrylesmetz-histoire.fr\/wp-content\/uploads\/2018\/05\/E09-768x576.jpg 768w\" sizes=\"auto, (max-width: 1000px) 100vw, 1000px\" \/><\/a><\/li>\n            <li style='display: none;' aria-roledescription='slide' aria-labelledby='slide-9'><a href=\"http:\/\/lorrylesmetz-histoire.fr\/wp-content\/uploads\/2018\/05\/E10.jpg\" target=\"_blank\"><img loading=\"lazy\" decoding=\"async\" width=\"1000\" height=\"750\" src=\"http:\/\/lorrylesmetz-histoire.fr\/wp-content\/uploads\/2018\/05\/E10.jpg\" class=\"slider-3656 slide-3666 msDefaultImage\" alt=\"\" rel=\"\" title=\"E10\" srcset=\"http:\/\/lorrylesmetz-histoire.fr\/wp-content\/uploads\/2018\/05\/E10.jpg 1000w, http:\/\/lorrylesmetz-histoire.fr\/wp-content\/uploads\/2018\/05\/E10-300x225.jpg 300w, http:\/\/lorrylesmetz-histoire.fr\/wp-content\/uploads\/2018\/05\/E10-768x576.jpg 768w\" sizes=\"auto, (max-width: 1000px) 100vw, 1000px\" \/><\/a><\/li>\n            <li style='display: none;' aria-roledescription='slide' aria-labelledby='slide-10'><a href=\"http:\/\/lorrylesmetz-histoire.fr\/wp-content\/uploads\/2018\/05\/E11.jpg\" target=\"_blank\"><img loading=\"lazy\" decoding=\"async\" width=\"1000\" height=\"750\" src=\"http:\/\/lorrylesmetz-histoire.fr\/wp-content\/uploads\/2018\/05\/E11.jpg\" class=\"slider-3656 slide-3667 msDefaultImage\" alt=\"\" rel=\"\" title=\"E11\" srcset=\"http:\/\/lorrylesmetz-histoire.fr\/wp-content\/uploads\/2018\/05\/E11.jpg 1000w, http:\/\/lorrylesmetz-histoire.fr\/wp-content\/uploads\/2018\/05\/E11-300x225.jpg 300w, http:\/\/lorrylesmetz-histoire.fr\/wp-content\/uploads\/2018\/05\/E11-768x576.jpg 768w\" sizes=\"auto, (max-width: 1000px) 100vw, 1000px\" \/><\/a><\/li>\n            <li style='display: none;' aria-roledescription='slide' aria-labelledby='slide-11'><a href=\"http:\/\/lorrylesmetz-histoire.fr\/wp-content\/uploads\/2018\/05\/E12.jpg\" target=\"_blank\"><img loading=\"lazy\" decoding=\"async\" width=\"1000\" height=\"750\" src=\"http:\/\/lorrylesmetz-histoire.fr\/wp-content\/uploads\/2018\/05\/E12.jpg\" class=\"slider-3656 slide-3668 msDefaultImage\" alt=\"\" rel=\"\" title=\"E12\" srcset=\"http:\/\/lorrylesmetz-histoire.fr\/wp-content\/uploads\/2018\/05\/E12.jpg 1000w, http:\/\/lorrylesmetz-histoire.fr\/wp-content\/uploads\/2018\/05\/E12-300x225.jpg 300w, http:\/\/lorrylesmetz-histoire.fr\/wp-content\/uploads\/2018\/05\/E12-768x576.jpg 768w\" sizes=\"auto, (max-width: 1000px) 100vw, 1000px\" \/><\/a><\/li>\n            <li style='display: none;' aria-roledescription='slide' aria-labelledby='slide-12'><a href=\"http:\/\/lorrylesmetz-histoire.fr\/wp-content\/uploads\/2018\/05\/E13.jpg\" target=\"_blank\"><img loading=\"lazy\" decoding=\"async\" width=\"1000\" height=\"750\" src=\"http:\/\/lorrylesmetz-histoire.fr\/wp-content\/uploads\/2018\/05\/E13.jpg\" class=\"slider-3656 slide-3669 msDefaultImage\" alt=\"\" rel=\"\" title=\"E13\" srcset=\"http:\/\/lorrylesmetz-histoire.fr\/wp-content\/uploads\/2018\/05\/E13.jpg 1000w, http:\/\/lorrylesmetz-histoire.fr\/wp-content\/uploads\/2018\/05\/E13-300x225.jpg 300w, http:\/\/lorrylesmetz-histoire.fr\/wp-content\/uploads\/2018\/05\/E13-768x576.jpg 768w\" sizes=\"auto, (max-width: 1000px) 100vw, 1000px\" \/><\/a><\/li>\n            <li style='display: none;' aria-roledescription='slide' aria-labelledby='slide-13'><a href=\"http:\/\/lorrylesmetz-histoire.fr\/wp-content\/uploads\/2018\/05\/E14.jpg\" target=\"_blank\"><img loading=\"lazy\" decoding=\"async\" width=\"750\" height=\"1000\" src=\"http:\/\/lorrylesmetz-histoire.fr\/wp-content\/uploads\/2018\/05\/E14.jpg\" class=\"slider-3656 slide-3670 msDefaultImage\" alt=\"\" rel=\"\" title=\"E14\" srcset=\"http:\/\/lorrylesmetz-histoire.fr\/wp-content\/uploads\/2018\/05\/E14.jpg 750w, http:\/\/lorrylesmetz-histoire.fr\/wp-content\/uploads\/2018\/05\/E14-225x300.jpg 225w\" sizes=\"auto, (max-width: 750px) 100vw, 750px\" \/><\/a><\/li>\n        <\/ul>\n        \n    <\/div>\n<\/div><br \/>\nPhotos Claudine\u00a0Kester et G\u00e9rard\u00a0Kester<\/span><\/p>\n<p><img loading=\"lazy\" decoding=\"async\" class=\"alignnone size-full wp-image-378\" src=\"http:\/\/lorrylesmetz-histoire.fr\/wp-content\/uploads\/2017\/05\/retour.png\" alt=\"\" width=\"89\" height=\"31\" \/><\/p>\n","protected":false},"excerpt":{"rendered":"<p>Et comme dans tout bon village fran\u00e7ais, tout se termine par le partage de quelques sangliers et oreilles de truie farcies&#8230;\u2009! La pr\u00e9sidente a remerci\u00e9 toute son \u00e9quipe pour le formidable travail qui a \u00e9t\u00e9 effectu\u00e9 avec rigueur et talent,&hellip; <\/p>\n","protected":false},"author":1,"featured_media":0,"parent":2991,"menu_order":13,"comment_status":"closed","ping_status":"closed","template":"","meta":{"_mc_calendar":[],"footnotes":""},"class_list":["post-3671","page","type-page","status-publish","hentry"],"_links":{"self":[{"href":"http:\/\/lorrylesmetz-histoire.fr\/index.php?rest_route=\/wp\/v2\/pages\/3671","targetHints":{"allow":["GET"]}}],"collection":[{"href":"http:\/\/lorrylesmetz-histoire.fr\/index.php?rest_route=\/wp\/v2\/pages"}],"about":[{"href":"http:\/\/lorrylesmetz-histoire.fr\/index.php?rest_route=\/wp\/v2\/types\/page"}],"author":[{"embeddable":true,"href":"http:\/\/lorrylesmetz-histoire.fr\/index.php?rest_route=\/wp\/v2\/users\/1"}],"replies":[{"embeddable":true,"href":"http:\/\/lorrylesmetz-histoire.fr\/index.php?rest_route=%2Fwp%2Fv2%2Fcomments&post=3671"}],"version-history":[{"count":1,"href":"http:\/\/lorrylesmetz-histoire.fr\/index.php?rest_route=\/wp\/v2\/pages\/3671\/revisions"}],"predecessor-version":[{"id":3672,"href":"http:\/\/lorrylesmetz-histoire.fr\/index.php?rest_route=\/wp\/v2\/pages\/3671\/revisions\/3672"}],"up":[{"embeddable":true,"href":"http:\/\/lorrylesmetz-histoire.fr\/index.php?rest_route=\/wp\/v2\/pages\/2991"}],"wp:attachment":[{"href":"http:\/\/lorrylesmetz-histoire.fr\/index.php?rest_route=%2Fwp%2Fv2%2Fmedia&parent=3671"}],"curies":[{"name":"wp","href":"https:\/\/api.w.org\/{rel}","templated":true}]}}