{"id":3675,"date":"2018-05-13T15:42:09","date_gmt":"2018-05-13T13:42:09","guid":{"rendered":"http:\/\/lorrylesmetz-histoire.fr\/?page_id=3675"},"modified":"2018-05-13T15:55:54","modified_gmt":"2018-05-13T13:55:54","slug":"aa-02","status":"publish","type":"page","link":"http:\/\/lorrylesmetz-histoire.fr\/?page_id=3675","title":{"rendered":"Activit\u00e9 des associations"},"content":{"rendered":"<h2>29\u00a0mars\u00a02018<\/h2>\n<p>Sophie\u00a0Cr\u00e9ty, conseill\u00e8re municipale responsable de la commission Culture et Patrimoine et pr\u00e9sidente de l\u2019ALCEA, a anim\u00e9 une r\u00e9union qui invitait les associations lorriotes \u00e0 pr\u00e9senter leurs objectifs et leurs manifestations pour 2018. \u00c9taient repr\u00e9sent\u00e9es\u00a0:<\/p>\n<ul style=\"list-style-type: circle;\">\n<li>L\u2019Atelier par Alain\u00a0Meyer \u2013 Concerts et expositions<\/li>\n<li>Lorry-l\u00e8s-Metz \u00ab\u00a0au fil du temps\u00a0\u00bb par Claudine\u00a0Kester-Elghozi \u2013 Ann\u00e9e Philippe de Vigneulles<\/li>\n<li>Les anciens combattants par Christian\u00a0Evesque \u2013 Voyages et travail de m\u00e9moire dans les \u00e9coles, entretien du patrimoine<\/li>\n<li>\u00c0 Voix ouvertes par B\u00e9n\u00e9dicte\u00a0Billet \u2013 Chant et th\u00e9rapie par le chant<\/li>\n<li>L\u2019Alcea par St\u00e9phane\u00a0Cr\u00e9ty \u2013 \u0152nologie<\/li>\n<li>L\u2019Aldam par Charles\u00a0Scherer \u2013 Cours de musique<\/li>\n<li>L\u2019Itep par Yasmina\u00a0Saidia \u2013 Accompagnement d\u2019enfants TDAH<\/li>\n<li>Les Caligeottes par Marie-Christine\u00a0Faust \u2013 Expositions<\/li>\n<li>Yoga par Claudine\u00a0Muller \u2013 Yoga et relaxation<\/li>\n<li>Les jardins de Ker Xavier Roussel par Annie\u00a0Frey \u2013 Jardins partag\u00e9s et bio<\/li>\n<li>Le Festival sur les C\u00f4tes par Jean-Paul\u00a0Schmitt \u2013 Concerts<\/li>\n<li>Thomas\u00a0Wilvert, photographe et guide messin, \u00e9tait l\u2019invit\u00e9 de Sophie\u00a0Cr\u00e9ty, il a soulign\u00e9 l\u2019importance d\u2019associations dynamiques pour le rayonnement du Pays messin.<\/li>\n<\/ul>\n<p>Il a \u00e9t\u00e9 propos\u00e9 d\u2019envisager que cette r\u00e9union soit rendue publique afin que tous puissent venir \u00e9changer et s\u2019informer en direct aupr\u00e8s des associations.<\/p>\n<div id=\"metaslider-id-3704\" style=\"width: 100%; margin: 0 auto;\" class=\"ml-slider-3-108-0 metaslider metaslider-responsive metaslider-3704 ml-slider has-dots-nav ms-theme-default\" role=\"region\" aria-label=\"Pr\u00e9sent assoc\" data-height=\"800\" data-width=\"800\">\n    <div id=\"metaslider_container_3704\">\n        <ul id='metaslider_3704' class='rslides'>\n            <li aria-roledescription='slide' aria-labelledby='slide-0'><a href=\"http:\/\/lorrylesmetz-histoire.fr\/wp-content\/uploads\/2018\/03\/INFO-FIL.jpg\" target=\"_blank\"><img loading=\"lazy\" decoding=\"async\" width=\"983\" height=\"730\" src=\"http:\/\/lorrylesmetz-histoire.fr\/wp-content\/uploads\/2018\/03\/INFO-FIL.jpg\" class=\"slider-3704 slide-3706 msDefaultImage\" alt=\"\" rel=\"\" title=\"INFO FIL\" srcset=\"http:\/\/lorrylesmetz-histoire.fr\/wp-content\/uploads\/2018\/03\/INFO-FIL.jpg 983w, http:\/\/lorrylesmetz-histoire.fr\/wp-content\/uploads\/2018\/03\/INFO-FIL-300x223.jpg 300w, http:\/\/lorrylesmetz-histoire.fr\/wp-content\/uploads\/2018\/03\/INFO-FIL-768x570.jpg 768w\" sizes=\"auto, (max-width: 983px) 100vw, 983px\" \/><\/a><\/li>\n            <li style='display: none;' aria-roledescription='slide' aria-labelledby='slide-1'><a href=\"http:\/\/lorrylesmetz-histoire.fr\/wp-content\/uploads\/2018\/05\/F02-1.jpg\" target=\"_blank\"><img loading=\"lazy\" decoding=\"async\" width=\"1000\" height=\"750\" src=\"http:\/\/lorrylesmetz-histoire.fr\/wp-content\/uploads\/2018\/05\/F02-1.jpg\" class=\"slider-3704 slide-3707 msDefaultImage\" alt=\"\" rel=\"\" title=\"F02\" srcset=\"http:\/\/lorrylesmetz-histoire.fr\/wp-content\/uploads\/2018\/05\/F02-1.jpg 1000w, http:\/\/lorrylesmetz-histoire.fr\/wp-content\/uploads\/2018\/05\/F02-1-300x225.jpg 300w, http:\/\/lorrylesmetz-histoire.fr\/wp-content\/uploads\/2018\/05\/F02-1-768x576.jpg 768w\" sizes=\"auto, (max-width: 1000px) 100vw, 1000px\" \/><\/a><\/li>\n            <li style='display: none;' aria-roledescription='slide' aria-labelledby='slide-2'><a href=\"http:\/\/lorrylesmetz-histoire.fr\/wp-content\/uploads\/2018\/05\/F03-1.jpg\" target=\"_blank\"><img loading=\"lazy\" decoding=\"async\" width=\"1000\" height=\"750\" src=\"http:\/\/lorrylesmetz-histoire.fr\/wp-content\/uploads\/2018\/05\/F03-1.jpg\" class=\"slider-3704 slide-3708 msDefaultImage\" alt=\"\" rel=\"\" title=\"F03\" srcset=\"http:\/\/lorrylesmetz-histoire.fr\/wp-content\/uploads\/2018\/05\/F03-1.jpg 1000w, http:\/\/lorrylesmetz-histoire.fr\/wp-content\/uploads\/2018\/05\/F03-1-300x225.jpg 300w, http:\/\/lorrylesmetz-histoire.fr\/wp-content\/uploads\/2018\/05\/F03-1-768x576.jpg 768w\" sizes=\"auto, (max-width: 1000px) 100vw, 1000px\" \/><\/a><\/li>\n            <li style='display: none;' aria-roledescription='slide' aria-labelledby='slide-3'><a href=\"http:\/\/lorrylesmetz-histoire.fr\/wp-content\/uploads\/2018\/05\/F04.jpg\" target=\"_blank\"><img loading=\"lazy\" decoding=\"async\" width=\"1000\" height=\"750\" src=\"http:\/\/lorrylesmetz-histoire.fr\/wp-content\/uploads\/2018\/05\/F04.jpg\" class=\"slider-3704 slide-3709 msDefaultImage\" alt=\"\" rel=\"\" title=\"F04\" srcset=\"http:\/\/lorrylesmetz-histoire.fr\/wp-content\/uploads\/2018\/05\/F04.jpg 1000w, http:\/\/lorrylesmetz-histoire.fr\/wp-content\/uploads\/2018\/05\/F04-300x225.jpg 300w, http:\/\/lorrylesmetz-histoire.fr\/wp-content\/uploads\/2018\/05\/F04-768x576.jpg 768w\" sizes=\"auto, (max-width: 1000px) 100vw, 1000px\" \/><\/a><\/li>\n            <li style='display: none;' aria-roledescription='slide' aria-labelledby='slide-4'><a href=\"http:\/\/lorrylesmetz-histoire.fr\/wp-content\/uploads\/2018\/05\/F05.jpg\" target=\"_blank\"><img loading=\"lazy\" decoding=\"async\" width=\"1000\" height=\"750\" src=\"http:\/\/lorrylesmetz-histoire.fr\/wp-content\/uploads\/2018\/05\/F05.jpg\" class=\"slider-3704 slide-3710 msDefaultImage\" alt=\"\" rel=\"\" title=\"F05\" srcset=\"http:\/\/lorrylesmetz-histoire.fr\/wp-content\/uploads\/2018\/05\/F05.jpg 1000w, http:\/\/lorrylesmetz-histoire.fr\/wp-content\/uploads\/2018\/05\/F05-300x225.jpg 300w, http:\/\/lorrylesmetz-histoire.fr\/wp-content\/uploads\/2018\/05\/F05-768x576.jpg 768w\" sizes=\"auto, (max-width: 1000px) 100vw, 1000px\" \/><\/a><\/li>\n            <li style='display: none;' aria-roledescription='slide' aria-labelledby='slide-5'><a href=\"http:\/\/lorrylesmetz-histoire.fr\/wp-content\/uploads\/2018\/05\/F06.jpg\" target=\"_blank\"><img loading=\"lazy\" decoding=\"async\" width=\"1000\" height=\"750\" src=\"http:\/\/lorrylesmetz-histoire.fr\/wp-content\/uploads\/2018\/05\/F06.jpg\" class=\"slider-3704 slide-3711 msDefaultImage\" alt=\"\" rel=\"\" title=\"F06\" srcset=\"http:\/\/lorrylesmetz-histoire.fr\/wp-content\/uploads\/2018\/05\/F06.jpg 1000w, http:\/\/lorrylesmetz-histoire.fr\/wp-content\/uploads\/2018\/05\/F06-300x225.jpg 300w, http:\/\/lorrylesmetz-histoire.fr\/wp-content\/uploads\/2018\/05\/F06-768x576.jpg 768w\" sizes=\"auto, (max-width: 1000px) 100vw, 1000px\" \/><\/a><\/li>\n            <li style='display: none;' aria-roledescription='slide' aria-labelledby='slide-6'><a href=\"http:\/\/lorrylesmetz-histoire.fr\/wp-content\/uploads\/2018\/05\/F07.jpg\" target=\"_blank\"><img loading=\"lazy\" decoding=\"async\" width=\"1000\" height=\"750\" src=\"http:\/\/lorrylesmetz-histoire.fr\/wp-content\/uploads\/2018\/05\/F07.jpg\" class=\"slider-3704 slide-3712 msDefaultImage\" alt=\"\" rel=\"\" title=\"F07\" srcset=\"http:\/\/lorrylesmetz-histoire.fr\/wp-content\/uploads\/2018\/05\/F07.jpg 1000w, http:\/\/lorrylesmetz-histoire.fr\/wp-content\/uploads\/2018\/05\/F07-300x225.jpg 300w, http:\/\/lorrylesmetz-histoire.fr\/wp-content\/uploads\/2018\/05\/F07-768x576.jpg 768w\" sizes=\"auto, (max-width: 1000px) 100vw, 1000px\" \/><div class=\"caption-wrap\"><div class=\"caption\">Sophie Cr\u00e9ty et G\u00e9rard Kester.<\/div><\/div><\/a><\/li>\n            <li style='display: none;' aria-roledescription='slide' aria-labelledby='slide-7'><a href=\"http:\/\/lorrylesmetz-histoire.fr\/wp-content\/uploads\/2018\/05\/F08.jpg\" target=\"_blank\"><img loading=\"lazy\" decoding=\"async\" width=\"1000\" height=\"675\" src=\"http:\/\/lorrylesmetz-histoire.fr\/wp-content\/uploads\/2018\/05\/F08.jpg\" class=\"slider-3704 slide-3713 msDefaultImage\" alt=\"\" rel=\"\" title=\"F08\" srcset=\"http:\/\/lorrylesmetz-histoire.fr\/wp-content\/uploads\/2018\/05\/F08.jpg 1000w, http:\/\/lorrylesmetz-histoire.fr\/wp-content\/uploads\/2018\/05\/F08-300x203.jpg 300w, http:\/\/lorrylesmetz-histoire.fr\/wp-content\/uploads\/2018\/05\/F08-768x518.jpg 768w\" sizes=\"auto, (max-width: 1000px) 100vw, 1000px\" \/><div class=\"caption-wrap\"><div class=\"caption\">Sophie Cr\u00e9ty<\/div><\/div><\/a><\/li>\n            <li style='display: none;' aria-roledescription='slide' aria-labelledby='slide-8'><a href=\"http:\/\/lorrylesmetz-histoire.fr\/wp-content\/uploads\/2018\/05\/F09.jpg\" target=\"_blank\"><img loading=\"lazy\" decoding=\"async\" width=\"750\" height=\"1000\" src=\"http:\/\/lorrylesmetz-histoire.fr\/wp-content\/uploads\/2018\/05\/F09.jpg\" class=\"slider-3704 slide-3714 msDefaultImage\" alt=\"\" rel=\"\" title=\"F09\" srcset=\"http:\/\/lorrylesmetz-histoire.fr\/wp-content\/uploads\/2018\/05\/F09.jpg 750w, http:\/\/lorrylesmetz-histoire.fr\/wp-content\/uploads\/2018\/05\/F09-225x300.jpg 225w\" sizes=\"auto, (max-width: 750px) 100vw, 750px\" \/><div class=\"caption-wrap\"><div class=\"caption\">Alain Meyer<\/div><\/div><\/a><\/li>\n            <li style='display: none;' aria-roledescription='slide' aria-labelledby='slide-9'><a href=\"http:\/\/lorrylesmetz-histoire.fr\/wp-content\/uploads\/2018\/05\/F10.jpg\" target=\"_blank\"><img loading=\"lazy\" decoding=\"async\" width=\"981\" height=\"739\" src=\"http:\/\/lorrylesmetz-histoire.fr\/wp-content\/uploads\/2018\/05\/F10.jpg\" class=\"slider-3704 slide-3715 msDefaultImage\" alt=\"\" rel=\"\" title=\"F10\" srcset=\"http:\/\/lorrylesmetz-histoire.fr\/wp-content\/uploads\/2018\/05\/F10.jpg 981w, http:\/\/lorrylesmetz-histoire.fr\/wp-content\/uploads\/2018\/05\/F10-300x226.jpg 300w, http:\/\/lorrylesmetz-histoire.fr\/wp-content\/uploads\/2018\/05\/F10-768x579.jpg 768w\" sizes=\"auto, (max-width: 981px) 100vw, 981px\" \/><div class=\"caption-wrap\"><div class=\"caption\">Pr\u00e9sentation de l'association Lorry-l\u00e8s-Metz \"au fil du temps\".<\/div><\/div><\/a><\/li>\n            <li style='display: none;' aria-roledescription='slide' aria-labelledby='slide-10'><a href=\"http:\/\/lorrylesmetz-histoire.fr\/wp-content\/uploads\/2018\/05\/F11.jpg\" target=\"_blank\"><img loading=\"lazy\" decoding=\"async\" width=\"750\" height=\"1000\" src=\"http:\/\/lorrylesmetz-histoire.fr\/wp-content\/uploads\/2018\/05\/F11.jpg\" class=\"slider-3704 slide-3716 msDefaultImage\" alt=\"\" rel=\"\" title=\"F11\" srcset=\"http:\/\/lorrylesmetz-histoire.fr\/wp-content\/uploads\/2018\/05\/F11.jpg 750w, http:\/\/lorrylesmetz-histoire.fr\/wp-content\/uploads\/2018\/05\/F11-225x300.jpg 225w\" sizes=\"auto, (max-width: 750px) 100vw, 750px\" \/><div class=\"caption-wrap\"><div class=\"caption\">Christian Evesque<\/div><\/div><\/a><\/li>\n            <li style='display: none;' aria-roledescription='slide' aria-labelledby='slide-11'><a href=\"http:\/\/lorrylesmetz-histoire.fr\/wp-content\/uploads\/2018\/05\/F12.jpg\" target=\"_blank\"><img loading=\"lazy\" decoding=\"async\" width=\"623\" height=\"1000\" src=\"http:\/\/lorrylesmetz-histoire.fr\/wp-content\/uploads\/2018\/05\/F12.jpg\" class=\"slider-3704 slide-3717 msDefaultImage\" alt=\"\" rel=\"\" title=\"F12\" srcset=\"http:\/\/lorrylesmetz-histoire.fr\/wp-content\/uploads\/2018\/05\/F12.jpg 623w, http:\/\/lorrylesmetz-histoire.fr\/wp-content\/uploads\/2018\/05\/F12-187x300.jpg 187w\" sizes=\"auto, (max-width: 623px) 100vw, 623px\" \/><div class=\"caption-wrap\"><div class=\"caption\">B\u00e9n\u00e9dicte Billet <\/div><\/div><\/a><\/li>\n            <li style='display: none;' aria-roledescription='slide' aria-labelledby='slide-12'><a href=\"http:\/\/lorrylesmetz-histoire.fr\/wp-content\/uploads\/2018\/05\/F13.jpg\" target=\"_blank\"><img loading=\"lazy\" decoding=\"async\" width=\"750\" height=\"1000\" src=\"http:\/\/lorrylesmetz-histoire.fr\/wp-content\/uploads\/2018\/05\/F13.jpg\" class=\"slider-3704 slide-3718 msDefaultImage\" alt=\"\" rel=\"\" title=\"F13\" srcset=\"http:\/\/lorrylesmetz-histoire.fr\/wp-content\/uploads\/2018\/05\/F13.jpg 750w, http:\/\/lorrylesmetz-histoire.fr\/wp-content\/uploads\/2018\/05\/F13-225x300.jpg 225w\" sizes=\"auto, (max-width: 750px) 100vw, 750px\" \/><div class=\"caption-wrap\"><div class=\"caption\">Charles Scherer <\/div><\/div><\/a><\/li>\n            <li style='display: none;' aria-roledescription='slide' aria-labelledby='slide-13'><a href=\"http:\/\/lorrylesmetz-histoire.fr\/wp-content\/uploads\/2018\/05\/F14.jpg\" target=\"_blank\"><img loading=\"lazy\" decoding=\"async\" width=\"718\" height=\"1000\" src=\"http:\/\/lorrylesmetz-histoire.fr\/wp-content\/uploads\/2018\/05\/F14.jpg\" class=\"slider-3704 slide-3719 msDefaultImage\" alt=\"\" rel=\"\" title=\"F14\" srcset=\"http:\/\/lorrylesmetz-histoire.fr\/wp-content\/uploads\/2018\/05\/F14.jpg 718w, http:\/\/lorrylesmetz-histoire.fr\/wp-content\/uploads\/2018\/05\/F14-215x300.jpg 215w\" sizes=\"auto, (max-width: 718px) 100vw, 718px\" \/><div class=\"caption-wrap\"><div class=\"caption\">Yasmina Saidia<\/div><\/div><\/a><\/li>\n            <li style='display: none;' aria-roledescription='slide' aria-labelledby='slide-14'><a href=\"http:\/\/lorrylesmetz-histoire.fr\/wp-content\/uploads\/2018\/05\/F15.jpg\" target=\"_blank\"><img loading=\"lazy\" decoding=\"async\" width=\"1000\" height=\"785\" src=\"http:\/\/lorrylesmetz-histoire.fr\/wp-content\/uploads\/2018\/05\/F15.jpg\" class=\"slider-3704 slide-3720 msDefaultImage\" alt=\"\" rel=\"\" title=\"F15\" srcset=\"http:\/\/lorrylesmetz-histoire.fr\/wp-content\/uploads\/2018\/05\/F15.jpg 1000w, http:\/\/lorrylesmetz-histoire.fr\/wp-content\/uploads\/2018\/05\/F15-300x236.jpg 300w, http:\/\/lorrylesmetz-histoire.fr\/wp-content\/uploads\/2018\/05\/F15-768x603.jpg 768w\" sizes=\"auto, (max-width: 1000px) 100vw, 1000px\" \/><div class=\"caption-wrap\"><div class=\"caption\">Marie-Christine Faust <\/div><\/div><\/a><\/li>\n            <li style='display: none;' aria-roledescription='slide' aria-labelledby='slide-15'><a href=\"http:\/\/lorrylesmetz-histoire.fr\/wp-content\/uploads\/2018\/05\/F16.jpg\" target=\"_blank\"><img loading=\"lazy\" decoding=\"async\" width=\"667\" height=\"1000\" src=\"http:\/\/lorrylesmetz-histoire.fr\/wp-content\/uploads\/2018\/05\/F16.jpg\" class=\"slider-3704 slide-3721 msDefaultImage\" alt=\"\" rel=\"\" title=\"F16\" srcset=\"http:\/\/lorrylesmetz-histoire.fr\/wp-content\/uploads\/2018\/05\/F16.jpg 667w, http:\/\/lorrylesmetz-histoire.fr\/wp-content\/uploads\/2018\/05\/F16-200x300.jpg 200w\" sizes=\"auto, (max-width: 667px) 100vw, 667px\" \/><div class=\"caption-wrap\"><div class=\"caption\">Claudine Muller <\/div><\/div><\/a><\/li>\n            <li style='display: none;' aria-roledescription='slide' aria-labelledby='slide-16'><a href=\"http:\/\/lorrylesmetz-histoire.fr\/wp-content\/uploads\/2018\/05\/F17.jpg\" target=\"_blank\"><img loading=\"lazy\" decoding=\"async\" width=\"615\" height=\"1000\" src=\"http:\/\/lorrylesmetz-histoire.fr\/wp-content\/uploads\/2018\/05\/F17.jpg\" class=\"slider-3704 slide-3722 msDefaultImage\" alt=\"\" rel=\"\" title=\"F17\" srcset=\"http:\/\/lorrylesmetz-histoire.fr\/wp-content\/uploads\/2018\/05\/F17.jpg 615w, http:\/\/lorrylesmetz-histoire.fr\/wp-content\/uploads\/2018\/05\/F17-185x300.jpg 185w\" sizes=\"auto, (max-width: 615px) 100vw, 615px\" \/><div class=\"caption-wrap\"><div class=\"caption\">Annie Frey<\/div><\/div><\/a><\/li>\n            <li style='display: none;' aria-roledescription='slide' aria-labelledby='slide-17'><a href=\"http:\/\/lorrylesmetz-histoire.fr\/wp-content\/uploads\/2018\/05\/F18.jpg\" target=\"_blank\"><img loading=\"lazy\" decoding=\"async\" width=\"750\" height=\"1000\" src=\"http:\/\/lorrylesmetz-histoire.fr\/wp-content\/uploads\/2018\/05\/F18.jpg\" class=\"slider-3704 slide-3723 msDefaultImage\" alt=\"\" rel=\"\" title=\"F18\" srcset=\"http:\/\/lorrylesmetz-histoire.fr\/wp-content\/uploads\/2018\/05\/F18.jpg 750w, http:\/\/lorrylesmetz-histoire.fr\/wp-content\/uploads\/2018\/05\/F18-225x300.jpg 225w\" sizes=\"auto, (max-width: 750px) 100vw, 750px\" \/><div class=\"caption-wrap\"><div class=\"caption\">Jean-Paul Schmitt<\/div><\/div><\/a><\/li>\n            <li style='display: none;' aria-roledescription='slide' aria-labelledby='slide-18'><a href=\"http:\/\/lorrylesmetz-histoire.fr\/wp-content\/uploads\/2018\/05\/F19.jpg\" target=\"_blank\"><img loading=\"lazy\" decoding=\"async\" width=\"723\" height=\"1000\" src=\"http:\/\/lorrylesmetz-histoire.fr\/wp-content\/uploads\/2018\/05\/F19.jpg\" class=\"slider-3704 slide-3724 msDefaultImage\" alt=\"\" rel=\"\" title=\"F19\" srcset=\"http:\/\/lorrylesmetz-histoire.fr\/wp-content\/uploads\/2018\/05\/F19.jpg 723w, http:\/\/lorrylesmetz-histoire.fr\/wp-content\/uploads\/2018\/05\/F19-217x300.jpg 217w\" sizes=\"auto, (max-width: 723px) 100vw, 723px\" \/><div class=\"caption-wrap\"><div class=\"caption\">Thomas Wilvert<\/div><\/div><\/a><\/li>\n        <\/ul>\n        \n    <\/div>\n<\/div>\n<p>Photos Claudine\u00a0Kester-ElGhozi<\/p>\n<p><a href=\"http:\/\/lorrylesmetz-histoire.fr\/?page_id=3008\"><img loading=\"lazy\" decoding=\"async\" class=\"alignnone size-full wp-image-378\" src=\"http:\/\/lorrylesmetz-histoire.fr\/wp-content\/uploads\/2017\/05\/retour.png\" alt=\"\" width=\"89\" height=\"31\" \/><\/a><\/p>\n<p>&nbsp;<\/p>\n<p>&nbsp;<\/p>\n","protected":false},"excerpt":{"rendered":"<p>29\u00a0mars\u00a02018 Sophie\u00a0Cr\u00e9ty, conseill\u00e8re municipale responsable de la commission Culture et Patrimoine et pr\u00e9sidente de l\u2019ALCEA, a anim\u00e9 une r\u00e9union qui invitait les associations lorriotes \u00e0 pr\u00e9senter leurs objectifs et leurs manifestations pour 2018. \u00c9taient repr\u00e9sent\u00e9es\u00a0: L\u2019Atelier par Alain\u00a0Meyer \u2013 Concerts&hellip; <\/p>\n","protected":false},"author":1,"featured_media":0,"parent":3008,"menu_order":3,"comment_status":"closed","ping_status":"closed","template":"","meta":{"_mc_calendar":[],"footnotes":""},"class_list":["post-3675","page","type-page","status-publish","hentry"],"_links":{"self":[{"href":"http:\/\/lorrylesmetz-histoire.fr\/index.php?rest_route=\/wp\/v2\/pages\/3675","targetHints":{"allow":["GET"]}}],"collection":[{"href":"http:\/\/lorrylesmetz-histoire.fr\/index.php?rest_route=\/wp\/v2\/pages"}],"about":[{"href":"http:\/\/lorrylesmetz-histoire.fr\/index.php?rest_route=\/wp\/v2\/types\/page"}],"author":[{"embeddable":true,"href":"http:\/\/lorrylesmetz-histoire.fr\/index.php?rest_route=\/wp\/v2\/users\/1"}],"replies":[{"embeddable":true,"href":"http:\/\/lorrylesmetz-histoire.fr\/index.php?rest_route=%2Fwp%2Fv2%2Fcomments&post=3675"}],"version-history":[{"count":2,"href":"http:\/\/lorrylesmetz-histoire.fr\/index.php?rest_route=\/wp\/v2\/pages\/3675\/revisions"}],"predecessor-version":[{"id":3727,"href":"http:\/\/lorrylesmetz-histoire.fr\/index.php?rest_route=\/wp\/v2\/pages\/3675\/revisions\/3727"}],"up":[{"embeddable":true,"href":"http:\/\/lorrylesmetz-histoire.fr\/index.php?rest_route=\/wp\/v2\/pages\/3008"}],"wp:attachment":[{"href":"http:\/\/lorrylesmetz-histoire.fr\/index.php?rest_route=%2Fwp%2Fv2%2Fmedia&parent=3675"}],"curies":[{"name":"wp","href":"https:\/\/api.w.org\/{rel}","templated":true}]}}