{"id":3752,"date":"2018-06-18T14:56:02","date_gmt":"2018-06-18T12:56:02","guid":{"rendered":"http:\/\/lorrylesmetz-histoire.fr\/?page_id=3752"},"modified":"2018-08-20T10:47:07","modified_gmt":"2018-08-20T08:47:07","slug":"colloque-de-la-societe-dhstoire-de-woippy","status":"publish","type":"page","link":"http:\/\/lorrylesmetz-histoire.fr\/?page_id=3752","title":{"rendered":"Colloque de la Soci\u00e9t\u00e9 d&rsquo;hstoire de Woippy"},"content":{"rendered":"<h2>2\u00a0juin\u00a02018<\/h2>\n<p>Lorry-l\u00e8s-Metz \u00ab\u00a0au fil du temps\u00a0\u00bb \u00e9tait pr\u00e9sent au colloque de Woippy sur le th\u00e8me \u00ab\u00a0De la Lorraine annex\u00e9e \u00e0 la Moselle fran\u00e7aise\u00a0\u00bb, organis\u00e9 par la SHW. L\u2019invit\u00e9 d\u2019honneur en \u00e9tait le professeur Rainer Hudemann, le pr\u00e9sident de s\u00e9ance G\u00e9rard\u00a0Michaux et les intervenants prestigieux.<\/p>\n<ul style=\"list-style-type: circle;\">\n<li>G\u00e9n\u00e9ral Laparra\u00a0: \u00ab\u00a0Novembre\u00a01918\u00a0: les bisons aux portes de Metz\u00a0\u00bb.<\/li>\n<li>Fran\u00e7ois\u00a0Cochet\u00a0: \u00ab\u00a0Les festivit\u00e9s de la d\u00e9livrance \u00e0 Metz\u00a0: 19\u00a0novembre et 8\u00a0d\u00e9cembre\u00a01918.<\/li>\n<li>Jean-Fran\u00e7ois Thull\u00a0: \u201cL\u2019expulsion des Allemands de l\u2019ancien Bezirk Lothringen\u00a0: une page oubli\u00e9e de l\u2019histoire de l\u2019apr\u00e8s-guerre en Moselle\u201d.<\/li>\n<li>Jean-No\u00ebl\u00a0Grandhomme\u00a0: \u201cLe g\u00e9n\u00e9ral Hirchauer\u00a0: une figure incontournable de la vie politique et du monde combattant en Moselle apr\u00e8s 1918\u201d.<\/li>\n<li>Laurette\u00a0Michaux\u00a0: \u201cLe retour des \u00e9coles maternelles et \u00e9l\u00e9mentaires de Moselle dans le giron fran\u00e7ais\u201d.<\/li>\n<li>Jean-Christophe Branger\u00a0: \u201cR\u00e9introduire la langue et la culture fran\u00e7aise par le biais du th\u00e9\u00e2tre et de la musique\u00a0: le r\u00e9pertoire lyrique de Metz de 1919 \u00e0 1924\u201d.<\/li>\n<li>Philippe\u00a0Alexandre \u201cLe retour des \u2018fr\u00e8res\u2019 annex\u00e9s\u00a0: enthousiasmes et inqui\u00e9tudes dans l\u2019opinion lorraine au lendemain de la d\u00e9sannexion de l\u2019Alsace-Lorraine\u201d.<\/li>\n<li>Rainer Hudemann\u00a0: \u201cUne m\u00e9moire transfrontali\u00e8re\u2009? r\u00e9flexions sur les confrontations, continuit\u00e9s et interd\u00e9pendances dans les grandes ruptures\u201d.<\/li>\n<\/ul>\n<p>Une synth\u00e8se de ce colloque a ouvert nombre de pistes pour de jeunes chercheurs, ne reste plus qu\u2019\u00e0 trouver les candidats&#8230;.<\/p>\n<p>C\u2019\u00e9tait \u00e9galement le jour de sortie aux \u00c9ditions des Paraiges du nouvel ouvrage de Pierre\u00a0Brasme\u00a0: \u201cDe la Lorraine allemande \u00e0 la Moselle fran\u00e7aise (1918-1919)\u201d. L\u2019auteur a \u00e9t\u00e9 sollicit\u00e9 pour de nombreuses d\u00e9dicaces.<\/p>\n<div id=\"metaslider-id-3741\" style=\"width: 100%; margin: 0 auto;\" class=\"ml-slider-3-108-0 metaslider metaslider-responsive metaslider-3741 ml-slider has-dots-nav ms-theme-default\" role=\"region\" aria-label=\"Colloque SHW 2018\" data-height=\"800\" data-width=\"800\">\n    <div id=\"metaslider_container_3741\">\n        <ul id='metaslider_3741' class='rslides'>\n            <li aria-roledescription='slide' aria-labelledby='slide-0'><a href=\"http:\/\/lorrylesmetz-histoire.fr\/wp-content\/uploads\/2018\/06\/AA001.jpg\" target=\"_blank\"><img loading=\"lazy\" decoding=\"async\" width=\"1000\" height=\"680\" src=\"http:\/\/lorrylesmetz-histoire.fr\/wp-content\/uploads\/2018\/06\/AA001.jpg\" class=\"slider-3741 slide-3742 msDefaultImage\" alt=\"\" rel=\"\" title=\"AA001\" srcset=\"http:\/\/lorrylesmetz-histoire.fr\/wp-content\/uploads\/2018\/06\/AA001.jpg 1000w, http:\/\/lorrylesmetz-histoire.fr\/wp-content\/uploads\/2018\/06\/AA001-300x204.jpg 300w, http:\/\/lorrylesmetz-histoire.fr\/wp-content\/uploads\/2018\/06\/AA001-768x522.jpg 768w\" sizes=\"auto, (max-width: 1000px) 100vw, 1000px\" \/><\/a><\/li>\n            <li style='display: none;' aria-roledescription='slide' aria-labelledby='slide-1'><a href=\"http:\/\/lorrylesmetz-histoire.fr\/wp-content\/uploads\/2018\/06\/AA002.jpg\" target=\"_blank\"><img loading=\"lazy\" decoding=\"async\" width=\"750\" height=\"1000\" src=\"http:\/\/lorrylesmetz-histoire.fr\/wp-content\/uploads\/2018\/06\/AA002.jpg\" class=\"slider-3741 slide-3743 msDefaultImage\" alt=\"\" rel=\"\" title=\"AA002\" srcset=\"http:\/\/lorrylesmetz-histoire.fr\/wp-content\/uploads\/2018\/06\/AA002.jpg 750w, http:\/\/lorrylesmetz-histoire.fr\/wp-content\/uploads\/2018\/06\/AA002-225x300.jpg 225w\" sizes=\"auto, (max-width: 750px) 100vw, 750px\" \/><\/a><\/li>\n            <li style='display: none;' aria-roledescription='slide' aria-labelledby='slide-2'><a href=\"http:\/\/lorrylesmetz-histoire.fr\/wp-content\/uploads\/2018\/06\/AA003.jpg\" target=\"_blank\"><img loading=\"lazy\" decoding=\"async\" width=\"750\" height=\"1000\" src=\"http:\/\/lorrylesmetz-histoire.fr\/wp-content\/uploads\/2018\/06\/AA003.jpg\" class=\"slider-3741 slide-3744 msDefaultImage\" alt=\"\" rel=\"\" title=\"AA003\" srcset=\"http:\/\/lorrylesmetz-histoire.fr\/wp-content\/uploads\/2018\/06\/AA003.jpg 750w, http:\/\/lorrylesmetz-histoire.fr\/wp-content\/uploads\/2018\/06\/AA003-225x300.jpg 225w\" sizes=\"auto, (max-width: 750px) 100vw, 750px\" \/><\/a><\/li>\n            <li style='display: none;' aria-roledescription='slide' aria-labelledby='slide-3'><a href=\"http:\/\/lorrylesmetz-histoire.fr\/wp-content\/uploads\/2018\/06\/AA004.jpg\" target=\"_blank\"><img loading=\"lazy\" decoding=\"async\" width=\"1000\" height=\"750\" src=\"http:\/\/lorrylesmetz-histoire.fr\/wp-content\/uploads\/2018\/06\/AA004.jpg\" class=\"slider-3741 slide-3745 msDefaultImage\" alt=\"\" rel=\"\" title=\"AA004\" srcset=\"http:\/\/lorrylesmetz-histoire.fr\/wp-content\/uploads\/2018\/06\/AA004.jpg 1000w, http:\/\/lorrylesmetz-histoire.fr\/wp-content\/uploads\/2018\/06\/AA004-300x225.jpg 300w, http:\/\/lorrylesmetz-histoire.fr\/wp-content\/uploads\/2018\/06\/AA004-768x576.jpg 768w\" sizes=\"auto, (max-width: 1000px) 100vw, 1000px\" \/><div class=\"caption-wrap\"><div class=\"caption\"> Jean-Fran\u00e7ois Thull<\/div><\/div><\/a><\/li>\n            <li style='display: none;' aria-roledescription='slide' aria-labelledby='slide-4'><a href=\"http:\/\/lorrylesmetz-histoire.fr\/wp-content\/uploads\/2018\/06\/AA005.jpg\" target=\"_blank\"><img loading=\"lazy\" decoding=\"async\" width=\"3866\" height=\"2577\" src=\"http:\/\/lorrylesmetz-histoire.fr\/wp-content\/uploads\/2018\/06\/AA005.jpg\" class=\"slider-3741 slide-3746 msDefaultImage\" alt=\"\" rel=\"\" title=\"AA005\" srcset=\"http:\/\/lorrylesmetz-histoire.fr\/wp-content\/uploads\/2018\/06\/AA005.jpg 3866w, http:\/\/lorrylesmetz-histoire.fr\/wp-content\/uploads\/2018\/06\/AA005-300x200.jpg 300w, http:\/\/lorrylesmetz-histoire.fr\/wp-content\/uploads\/2018\/06\/AA005-768x512.jpg 768w, http:\/\/lorrylesmetz-histoire.fr\/wp-content\/uploads\/2018\/06\/AA005-1024x683.jpg 1024w\" sizes=\"auto, (max-width: 3866px) 100vw, 3866px\" \/><\/a><\/li>\n            <li style='display: none;' aria-roledescription='slide' aria-labelledby='slide-5'><a href=\"http:\/\/lorrylesmetz-histoire.fr\/wp-content\/uploads\/2018\/06\/AA006.jpg\" target=\"_blank\"><img loading=\"lazy\" decoding=\"async\" width=\"750\" height=\"1000\" src=\"http:\/\/lorrylesmetz-histoire.fr\/wp-content\/uploads\/2018\/06\/AA006.jpg\" class=\"slider-3741 slide-3747 msDefaultImage\" alt=\"\" rel=\"\" title=\"AA006\" srcset=\"http:\/\/lorrylesmetz-histoire.fr\/wp-content\/uploads\/2018\/06\/AA006.jpg 750w, http:\/\/lorrylesmetz-histoire.fr\/wp-content\/uploads\/2018\/06\/AA006-225x300.jpg 225w\" sizes=\"auto, (max-width: 750px) 100vw, 750px\" \/><div class=\"caption-wrap\"><div class=\"caption\">Laurette Michaux<\/div><\/div><\/a><\/li>\n            <li style='display: none;' aria-roledescription='slide' aria-labelledby='slide-6'><a href=\"http:\/\/lorrylesmetz-histoire.fr\/wp-content\/uploads\/2018\/06\/AA007.jpg\" target=\"_blank\"><img loading=\"lazy\" decoding=\"async\" width=\"1000\" height=\"771\" src=\"http:\/\/lorrylesmetz-histoire.fr\/wp-content\/uploads\/2018\/06\/AA007.jpg\" class=\"slider-3741 slide-3748 msDefaultImage\" alt=\"\" rel=\"\" title=\"AA007\" srcset=\"http:\/\/lorrylesmetz-histoire.fr\/wp-content\/uploads\/2018\/06\/AA007.jpg 1000w, http:\/\/lorrylesmetz-histoire.fr\/wp-content\/uploads\/2018\/06\/AA007-300x231.jpg 300w, http:\/\/lorrylesmetz-histoire.fr\/wp-content\/uploads\/2018\/06\/AA007-768x592.jpg 768w\" sizes=\"auto, (max-width: 1000px) 100vw, 1000px\" \/><\/a><\/li>\n            <li style='display: none;' aria-roledescription='slide' aria-labelledby='slide-7'><a href=\"http:\/\/lorrylesmetz-histoire.fr\/wp-content\/uploads\/2018\/06\/AA008.jpg\" target=\"_blank\"><img loading=\"lazy\" decoding=\"async\" width=\"1000\" height=\"596\" src=\"http:\/\/lorrylesmetz-histoire.fr\/wp-content\/uploads\/2018\/06\/AA008.jpg\" class=\"slider-3741 slide-3749 msDefaultImage\" alt=\"\" rel=\"\" title=\"AA008\" srcset=\"http:\/\/lorrylesmetz-histoire.fr\/wp-content\/uploads\/2018\/06\/AA008.jpg 1000w, http:\/\/lorrylesmetz-histoire.fr\/wp-content\/uploads\/2018\/06\/AA008-300x179.jpg 300w, http:\/\/lorrylesmetz-histoire.fr\/wp-content\/uploads\/2018\/06\/AA008-768x458.jpg 768w\" sizes=\"auto, (max-width: 1000px) 100vw, 1000px\" \/><div class=\"caption-wrap\"><div class=\"caption\">Rainer Hudemann<\/div><\/div><\/a><\/li>\n            <li style='display: none;' aria-roledescription='slide' aria-labelledby='slide-8'><a href=\"http:\/\/lorrylesmetz-histoire.fr\/wp-content\/uploads\/2018\/06\/AA009.jpg\" target=\"_blank\"><img loading=\"lazy\" decoding=\"async\" width=\"1000\" height=\"750\" src=\"http:\/\/lorrylesmetz-histoire.fr\/wp-content\/uploads\/2018\/06\/AA009.jpg\" class=\"slider-3741 slide-3750 msDefaultImage\" alt=\"\" rel=\"\" title=\"AA009\" srcset=\"http:\/\/lorrylesmetz-histoire.fr\/wp-content\/uploads\/2018\/06\/AA009.jpg 1000w, http:\/\/lorrylesmetz-histoire.fr\/wp-content\/uploads\/2018\/06\/AA009-300x225.jpg 300w, http:\/\/lorrylesmetz-histoire.fr\/wp-content\/uploads\/2018\/06\/AA009-768x576.jpg 768w\" sizes=\"auto, (max-width: 1000px) 100vw, 1000px\" \/><div class=\"caption-wrap\"><div class=\"caption\">S\u00e9bastien Wagner pr\u00e9sente d'autres livres publi\u00e9s aux \u00c9ditions des Paraiges.<\/div><\/div><\/a><\/li>\n            <li style='display: none;' aria-roledescription='slide' aria-labelledby='slide-9'><a href=\"http:\/\/lorrylesmetz-histoire.fr\/wp-content\/uploads\/2018\/06\/AA010.jpg\" target=\"_blank\"><img loading=\"lazy\" decoding=\"async\" width=\"713\" height=\"1000\" src=\"http:\/\/lorrylesmetz-histoire.fr\/wp-content\/uploads\/2018\/06\/AA010.jpg\" class=\"slider-3741 slide-3751 msDefaultImage\" alt=\"\" rel=\"\" title=\"AA010\" srcset=\"http:\/\/lorrylesmetz-histoire.fr\/wp-content\/uploads\/2018\/06\/AA010.jpg 713w, http:\/\/lorrylesmetz-histoire.fr\/wp-content\/uploads\/2018\/06\/AA010-214x300.jpg 214w\" sizes=\"auto, (max-width: 713px) 100vw, 713px\" \/><div class=\"caption-wrap\"><div class=\"caption\">Le livre de pierre brasme.<\/div><\/div><\/a><\/li>\n        <\/ul>\n        \n    <\/div>\n<\/div>\n<p>Photos Claudine\u00a0Kester-ElGhozi<\/p>\n<p><a href=\"http:\/\/lorrylesmetz-histoire.fr\/?page_id=3008\" rel=\"noopener\"><img loading=\"lazy\" decoding=\"async\" class=\"alignnone wp-image-378 size-full\" src=\"http:\/\/lorrylesmetz-histoire.fr\/wp-content\/uploads\/2017\/05\/retour.png?_t=1534754817\" alt=\"\" width=\"89\" height=\"31\" \/><\/a><\/p>\n<p>&nbsp;<\/p>\n","protected":false},"excerpt":{"rendered":"<p>2\u00a0juin\u00a02018 Lorry-l\u00e8s-Metz \u00ab\u00a0au fil du temps\u00a0\u00bb \u00e9tait pr\u00e9sent au colloque de Woippy sur le th\u00e8me \u00ab\u00a0De la Lorraine annex\u00e9e \u00e0 la Moselle fran\u00e7aise\u00a0\u00bb, organis\u00e9 par la SHW. L\u2019invit\u00e9 d\u2019honneur en \u00e9tait le professeur Rainer Hudemann, le pr\u00e9sident de s\u00e9ance G\u00e9rard\u00a0Michaux&hellip; <\/p>\n","protected":false},"author":1,"featured_media":0,"parent":3008,"menu_order":5,"comment_status":"closed","ping_status":"closed","template":"","meta":{"_mc_calendar":[],"footnotes":""},"class_list":["post-3752","page","type-page","status-publish","hentry"],"_links":{"self":[{"href":"http:\/\/lorrylesmetz-histoire.fr\/index.php?rest_route=\/wp\/v2\/pages\/3752","targetHints":{"allow":["GET"]}}],"collection":[{"href":"http:\/\/lorrylesmetz-histoire.fr\/index.php?rest_route=\/wp\/v2\/pages"}],"about":[{"href":"http:\/\/lorrylesmetz-histoire.fr\/index.php?rest_route=\/wp\/v2\/types\/page"}],"author":[{"embeddable":true,"href":"http:\/\/lorrylesmetz-histoire.fr\/index.php?rest_route=\/wp\/v2\/users\/1"}],"replies":[{"embeddable":true,"href":"http:\/\/lorrylesmetz-histoire.fr\/index.php?rest_route=%2Fwp%2Fv2%2Fcomments&post=3752"}],"version-history":[{"count":6,"href":"http:\/\/lorrylesmetz-histoire.fr\/index.php?rest_route=\/wp\/v2\/pages\/3752\/revisions"}],"predecessor-version":[{"id":3817,"href":"http:\/\/lorrylesmetz-histoire.fr\/index.php?rest_route=\/wp\/v2\/pages\/3752\/revisions\/3817"}],"up":[{"embeddable":true,"href":"http:\/\/lorrylesmetz-histoire.fr\/index.php?rest_route=\/wp\/v2\/pages\/3008"}],"wp:attachment":[{"href":"http:\/\/lorrylesmetz-histoire.fr\/index.php?rest_route=%2Fwp%2Fv2%2Fmedia&parent=3752"}],"curies":[{"name":"wp","href":"https:\/\/api.w.org\/{rel}","templated":true}]}}