{"id":3782,"date":"2018-08-20T09:43:10","date_gmt":"2018-08-20T07:43:10","guid":{"rendered":"http:\/\/lorrylesmetz-histoire.fr\/?page_id=3782"},"modified":"2018-08-20T09:43:10","modified_gmt":"2018-08-20T07:43:10","slug":"conference-de-pierre-bronn","status":"publish","type":"page","link":"http:\/\/lorrylesmetz-histoire.fr\/?page_id=3782","title":{"rendered":"Conf\u00e9rence de Pierre Bronn"},"content":{"rendered":"<h2>18\u00a0mai\u00a02018<\/h2>\n<p>Dans le cadre de l\u2019ann\u00e9e Philippe de Vigneulles Lorry-l\u00e8s-Metz \u00ab\u00a0au fil du temps\u00a0\u00bb pr\u00e9sentait une conf\u00e9rence donn\u00e9e par le docteur Pierre\u00a0Bronn, chirurgien digestif de l\u2019h\u00f4pital Saint-Andr\u00e9 \u00e0 la retraite, acad\u00e9micien et pr\u00e9sident de la Soci\u00e9t\u00e9 des sciences m\u00e9dicales de la Moselle\u00a0: \u00ab\u00a0Le fl\u00e9au des \u00e9pid\u00e9mies aux XV<sup>e<\/sup> et XVI<sup>e<\/sup>\u00a0si\u00e8cles\u00a0\u00bb. Cette \u00e9difiante communication a permis de comprendre le contexte terrifiant de ces \u00e9poques lointaines compl\u00e8tement d\u00e9munies devant les maladies qui ne pouvaient \u00eatre clairement identifi\u00e9es par manque de savoir et de connaissance des pathologies et des m\u00e9dications. Philippe de Vigneulles en 57\u00a0ans de vie a vu 14\u00a0vagues d\u2019\u00e9pid\u00e9mies. Le mot d\u2019ordre de cette \u00e9poque \u00e9tait \u00ab\u00a0juste survivre\u00a0\u00bb.<\/p>\n<p>Vous pourrez retrouver le contenu de cette conf\u00e9rence dans un ouvrage \u00e0 para\u00eetre dans le premier semestre\u00a02019 \u00e9dit\u00e9 aux \u00c9ditions des Paraiges.<\/p>\n<div id=\"metaslider-id-3771\" style=\"width: 100%; margin: 0 auto;\" class=\"ml-slider-3-108-0 metaslider metaslider-responsive metaslider-3771 ml-slider has-dots-nav ms-theme-default\" role=\"region\" aria-label=\"Conf Bronn\" data-height=\"800\" data-width=\"800\">\n    <div id=\"metaslider_container_3771\">\n        <ul id='metaslider_3771' class='rslides'>\n            <li aria-roledescription='slide' aria-labelledby='slide-0'><a href=\"http:\/\/lorrylesmetz-histoire.fr\/wp-content\/uploads\/2018\/08\/AA01.jpg\" target=\"_blank\"><img loading=\"lazy\" decoding=\"async\" width=\"1000\" height=\"750\" src=\"http:\/\/lorrylesmetz-histoire.fr\/wp-content\/uploads\/2018\/08\/AA01.jpg\" class=\"slider-3771 slide-3772 msDefaultImage\" alt=\"\" rel=\"\" title=\"AA01\" srcset=\"http:\/\/lorrylesmetz-histoire.fr\/wp-content\/uploads\/2018\/08\/AA01.jpg 1000w, http:\/\/lorrylesmetz-histoire.fr\/wp-content\/uploads\/2018\/08\/AA01-300x225.jpg 300w, http:\/\/lorrylesmetz-histoire.fr\/wp-content\/uploads\/2018\/08\/AA01-768x576.jpg 768w\" sizes=\"auto, (max-width: 1000px) 100vw, 1000px\" \/><\/a><\/li>\n            <li style='display: none;' aria-roledescription='slide' aria-labelledby='slide-1'><a href=\"http:\/\/lorrylesmetz-histoire.fr\/wp-content\/uploads\/2018\/08\/AA02.jpg\" target=\"_blank\"><img loading=\"lazy\" decoding=\"async\" width=\"1000\" height=\"596\" src=\"http:\/\/lorrylesmetz-histoire.fr\/wp-content\/uploads\/2018\/08\/AA02.jpg\" class=\"slider-3771 slide-3773 msDefaultImage\" alt=\"\" rel=\"\" title=\"AA02\" srcset=\"http:\/\/lorrylesmetz-histoire.fr\/wp-content\/uploads\/2018\/08\/AA02.jpg 1000w, http:\/\/lorrylesmetz-histoire.fr\/wp-content\/uploads\/2018\/08\/AA02-300x179.jpg 300w, http:\/\/lorrylesmetz-histoire.fr\/wp-content\/uploads\/2018\/08\/AA02-768x458.jpg 768w\" sizes=\"auto, (max-width: 1000px) 100vw, 1000px\" \/><\/a><\/li>\n            <li style='display: none;' aria-roledescription='slide' aria-labelledby='slide-2'><a href=\"http:\/\/lorrylesmetz-histoire.fr\/wp-content\/uploads\/2018\/08\/AA03.jpg\" target=\"_blank\"><img loading=\"lazy\" decoding=\"async\" width=\"1000\" height=\"750\" src=\"http:\/\/lorrylesmetz-histoire.fr\/wp-content\/uploads\/2018\/08\/AA03.jpg\" class=\"slider-3771 slide-3774 msDefaultImage\" alt=\"\" rel=\"\" title=\"AA03\" srcset=\"http:\/\/lorrylesmetz-histoire.fr\/wp-content\/uploads\/2018\/08\/AA03.jpg 1000w, http:\/\/lorrylesmetz-histoire.fr\/wp-content\/uploads\/2018\/08\/AA03-300x225.jpg 300w, http:\/\/lorrylesmetz-histoire.fr\/wp-content\/uploads\/2018\/08\/AA03-768x576.jpg 768w\" sizes=\"auto, (max-width: 1000px) 100vw, 1000px\" \/><\/a><\/li>\n            <li style='display: none;' aria-roledescription='slide' aria-labelledby='slide-3'><a href=\"http:\/\/lorrylesmetz-histoire.fr\/wp-content\/uploads\/2018\/08\/AA04.jpg\" target=\"_blank\"><img loading=\"lazy\" decoding=\"async\" width=\"1000\" height=\"750\" src=\"http:\/\/lorrylesmetz-histoire.fr\/wp-content\/uploads\/2018\/08\/AA04.jpg\" class=\"slider-3771 slide-3775 msDefaultImage\" alt=\"\" rel=\"\" title=\"AA04\" srcset=\"http:\/\/lorrylesmetz-histoire.fr\/wp-content\/uploads\/2018\/08\/AA04.jpg 1000w, http:\/\/lorrylesmetz-histoire.fr\/wp-content\/uploads\/2018\/08\/AA04-300x225.jpg 300w, http:\/\/lorrylesmetz-histoire.fr\/wp-content\/uploads\/2018\/08\/AA04-768x576.jpg 768w\" sizes=\"auto, (max-width: 1000px) 100vw, 1000px\" \/><\/a><\/li>\n            <li style='display: none;' aria-roledescription='slide' aria-labelledby='slide-4'><a href=\"http:\/\/lorrylesmetz-histoire.fr\/wp-content\/uploads\/2018\/08\/AA05.jpg\" target=\"_blank\"><img loading=\"lazy\" decoding=\"async\" width=\"1000\" height=\"711\" src=\"http:\/\/lorrylesmetz-histoire.fr\/wp-content\/uploads\/2018\/08\/AA05.jpg\" class=\"slider-3771 slide-3776 msDefaultImage\" alt=\"\" rel=\"\" title=\"AA05\" srcset=\"http:\/\/lorrylesmetz-histoire.fr\/wp-content\/uploads\/2018\/08\/AA05.jpg 1000w, http:\/\/lorrylesmetz-histoire.fr\/wp-content\/uploads\/2018\/08\/AA05-300x213.jpg 300w, http:\/\/lorrylesmetz-histoire.fr\/wp-content\/uploads\/2018\/08\/AA05-768x546.jpg 768w\" sizes=\"auto, (max-width: 1000px) 100vw, 1000px\" \/><\/a><\/li>\n            <li style='display: none;' aria-roledescription='slide' aria-labelledby='slide-5'><a href=\"http:\/\/lorrylesmetz-histoire.fr\/wp-content\/uploads\/2018\/08\/AA06.jpg\" target=\"_blank\"><img loading=\"lazy\" decoding=\"async\" width=\"723\" height=\"1000\" src=\"http:\/\/lorrylesmetz-histoire.fr\/wp-content\/uploads\/2018\/08\/AA06.jpg\" class=\"slider-3771 slide-3777 msDefaultImage\" alt=\"\" rel=\"\" title=\"AA06\" srcset=\"http:\/\/lorrylesmetz-histoire.fr\/wp-content\/uploads\/2018\/08\/AA06.jpg 723w, http:\/\/lorrylesmetz-histoire.fr\/wp-content\/uploads\/2018\/08\/AA06-217x300.jpg 217w\" sizes=\"auto, (max-width: 723px) 100vw, 723px\" \/><\/a><\/li>\n            <li style='display: none;' aria-roledescription='slide' aria-labelledby='slide-6'><a href=\"http:\/\/lorrylesmetz-histoire.fr\/wp-content\/uploads\/2018\/08\/AA07.jpg\" target=\"_blank\"><img loading=\"lazy\" decoding=\"async\" width=\"1000\" height=\"750\" src=\"http:\/\/lorrylesmetz-histoire.fr\/wp-content\/uploads\/2018\/08\/AA07.jpg\" class=\"slider-3771 slide-3778 msDefaultImage\" alt=\"\" rel=\"\" title=\"AA07\" srcset=\"http:\/\/lorrylesmetz-histoire.fr\/wp-content\/uploads\/2018\/08\/AA07.jpg 1000w, http:\/\/lorrylesmetz-histoire.fr\/wp-content\/uploads\/2018\/08\/AA07-300x225.jpg 300w, http:\/\/lorrylesmetz-histoire.fr\/wp-content\/uploads\/2018\/08\/AA07-768x576.jpg 768w\" sizes=\"auto, (max-width: 1000px) 100vw, 1000px\" \/><\/a><\/li>\n            <li style='display: none;' aria-roledescription='slide' aria-labelledby='slide-7'><a href=\"http:\/\/lorrylesmetz-histoire.fr\/wp-content\/uploads\/2018\/08\/AA08.jpg\" target=\"_blank\"><img loading=\"lazy\" decoding=\"async\" width=\"750\" height=\"1000\" src=\"http:\/\/lorrylesmetz-histoire.fr\/wp-content\/uploads\/2018\/08\/AA08.jpg\" class=\"slider-3771 slide-3779 msDefaultImage\" alt=\"\" rel=\"\" title=\"AA08\" srcset=\"http:\/\/lorrylesmetz-histoire.fr\/wp-content\/uploads\/2018\/08\/AA08.jpg 750w, http:\/\/lorrylesmetz-histoire.fr\/wp-content\/uploads\/2018\/08\/AA08-225x300.jpg 225w\" sizes=\"auto, (max-width: 750px) 100vw, 750px\" \/><\/a><\/li>\n            <li style='display: none;' aria-roledescription='slide' aria-labelledby='slide-8'><a href=\"http:\/\/lorrylesmetz-histoire.fr\/wp-content\/uploads\/2018\/08\/AA09.jpg\" target=\"_blank\"><img loading=\"lazy\" decoding=\"async\" width=\"750\" height=\"1000\" src=\"http:\/\/lorrylesmetz-histoire.fr\/wp-content\/uploads\/2018\/08\/AA09.jpg\" class=\"slider-3771 slide-3780 msDefaultImage\" alt=\"\" rel=\"\" title=\"AA09\" srcset=\"http:\/\/lorrylesmetz-histoire.fr\/wp-content\/uploads\/2018\/08\/AA09.jpg 750w, http:\/\/lorrylesmetz-histoire.fr\/wp-content\/uploads\/2018\/08\/AA09-225x300.jpg 225w\" sizes=\"auto, (max-width: 750px) 100vw, 750px\" \/><\/a><\/li>\n            <li style='display: none;' aria-roledescription='slide' aria-labelledby='slide-9'><a href=\"http:\/\/lorrylesmetz-histoire.fr\/wp-content\/uploads\/2018\/08\/AA10.jpg\" target=\"_blank\"><img loading=\"lazy\" decoding=\"async\" width=\"1000\" height=\"643\" src=\"http:\/\/lorrylesmetz-histoire.fr\/wp-content\/uploads\/2018\/08\/AA10.jpg\" class=\"slider-3771 slide-3781 msDefaultImage\" alt=\"\" rel=\"\" title=\"AA10\" srcset=\"http:\/\/lorrylesmetz-histoire.fr\/wp-content\/uploads\/2018\/08\/AA10.jpg 1000w, http:\/\/lorrylesmetz-histoire.fr\/wp-content\/uploads\/2018\/08\/AA10-300x193.jpg 300w, http:\/\/lorrylesmetz-histoire.fr\/wp-content\/uploads\/2018\/08\/AA10-768x494.jpg 768w\" sizes=\"auto, (max-width: 1000px) 100vw, 1000px\" \/><\/a><\/li>\n        <\/ul>\n        \n    <\/div>\n<\/div>\n<p>Photos Claudine Kester et G\u00e9rard Kester.<\/p>\n<p><a href=\"http:\/\/lorrylesmetz-histoire.fr\/?page_id=2991\"><img loading=\"lazy\" decoding=\"async\" class=\"alignnone size-full wp-image-378\" src=\"http:\/\/lorrylesmetz-histoire.fr\/wp-content\/uploads\/2017\/05\/retour.png\" alt=\"\" width=\"89\" height=\"31\" \/><\/a><\/p>\n","protected":false},"excerpt":{"rendered":"<p>18\u00a0mai\u00a02018 Dans le cadre de l\u2019ann\u00e9e Philippe de Vigneulles Lorry-l\u00e8s-Metz \u00ab\u00a0au fil du temps\u00a0\u00bb pr\u00e9sentait une conf\u00e9rence donn\u00e9e par le docteur Pierre\u00a0Bronn, chirurgien digestif de l\u2019h\u00f4pital Saint-Andr\u00e9 \u00e0 la retraite, acad\u00e9micien et pr\u00e9sident de la Soci\u00e9t\u00e9 des sciences m\u00e9dicales de&hellip; <\/p>\n","protected":false},"author":1,"featured_media":0,"parent":2991,"menu_order":6,"comment_status":"closed","ping_status":"closed","template":"","meta":{"_mc_calendar":[],"footnotes":""},"class_list":["post-3782","page","type-page","status-publish","hentry"],"_links":{"self":[{"href":"http:\/\/lorrylesmetz-histoire.fr\/index.php?rest_route=\/wp\/v2\/pages\/3782","targetHints":{"allow":["GET"]}}],"collection":[{"href":"http:\/\/lorrylesmetz-histoire.fr\/index.php?rest_route=\/wp\/v2\/pages"}],"about":[{"href":"http:\/\/lorrylesmetz-histoire.fr\/index.php?rest_route=\/wp\/v2\/types\/page"}],"author":[{"embeddable":true,"href":"http:\/\/lorrylesmetz-histoire.fr\/index.php?rest_route=\/wp\/v2\/users\/1"}],"replies":[{"embeddable":true,"href":"http:\/\/lorrylesmetz-histoire.fr\/index.php?rest_route=%2Fwp%2Fv2%2Fcomments&post=3782"}],"version-history":[{"count":2,"href":"http:\/\/lorrylesmetz-histoire.fr\/index.php?rest_route=\/wp\/v2\/pages\/3782\/revisions"}],"predecessor-version":[{"id":3784,"href":"http:\/\/lorrylesmetz-histoire.fr\/index.php?rest_route=\/wp\/v2\/pages\/3782\/revisions\/3784"}],"up":[{"embeddable":true,"href":"http:\/\/lorrylesmetz-histoire.fr\/index.php?rest_route=\/wp\/v2\/pages\/2991"}],"wp:attachment":[{"href":"http:\/\/lorrylesmetz-histoire.fr\/index.php?rest_route=%2Fwp%2Fv2%2Fmedia&parent=3782"}],"curies":[{"name":"wp","href":"https:\/\/api.w.org\/{rel}","templated":true}]}}