{"id":3808,"date":"2018-08-20T10:02:08","date_gmt":"2018-08-20T08:02:08","guid":{"rendered":"http:\/\/lorrylesmetz-histoire.fr\/?page_id=3808"},"modified":"2018-08-20T10:48:10","modified_gmt":"2018-08-20T08:48:10","slug":"piece-jeanne-et-vincent","status":"publish","type":"page","link":"http:\/\/lorrylesmetz-histoire.fr\/?page_id=3808","title":{"rendered":"Pi\u00e8ce Jeanne et Vincent"},"content":{"rendered":"<h2>14\u00a0juin\u00a02018<\/h2>\n<p>Lorry-l\u00e8s-Metz \u00ab\u00a0au fil du temps\u00a0\u00bb \u00e9tait salle Braun, \u00e0 la premi\u00e8re de \u00ab\u00a0Jeanne et Vincent\u00a0\u00bb. Cette pi\u00e8ce est issue de l\u2019ouvrage \u00ab\u00a0Metz, une ville dans la guerre 1914-1918\u00a0\u00bb journal de Jeanne Hass qui raconte le quotidien des Messins pendant le conflit. Ces \u00e9crits mis \u00e0 jour par Pierre\u00a0Brasme, vice-pr\u00e9sident de l\u2019Acad\u00e9mie nationale de Metz, ont \u00e9t\u00e9 intelligemment mis en sc\u00e8ne par Philippe\u00a0Voivenel qui a adapt\u00e9 le texte pour le th\u00e9\u00e2tre en pr\u00e9sentant des sayn\u00e8tes encha\u00een\u00e9es avec fluidit\u00e9. Martine\u00a0Kochert et Philippe\u00a0Voivenel sont des interpr\u00e8tes convaincants, \u00e9voluant dans les d\u00e9cors sobres.<\/p>\n<p>L\u2019intervention finale de Marc\u00a0Bojic a appel\u00e9 les spectateurs \u00e0 r\u00e9fl\u00e9chir sur ce qu\u2019est l\u2019Europe aujourd\u2019hui et son avenir.<\/p>\n<p>Un spectacle \u00e0 recommander.<\/p>\n<div id=\"metaslider-id-3798\" style=\"width: 100%; margin: 0 auto;\" class=\"ml-slider-3-108-0 metaslider metaslider-responsive metaslider-3798 ml-slider has-dots-nav ms-theme-default\" role=\"region\" aria-label=\"Jeanne Vincent\" data-height=\"800\" data-width=\"800\">\n    <div id=\"metaslider_container_3798\">\n        <ul id='metaslider_3798' class='rslides'>\n            <li aria-roledescription='slide' aria-labelledby='slide-0'><a href=\"http:\/\/lorrylesmetz-histoire.fr\/wp-content\/uploads\/2018\/08\/AC01.jpg\" target=\"_blank\"><img loading=\"lazy\" decoding=\"async\" width=\"1000\" height=\"684\" src=\"http:\/\/lorrylesmetz-histoire.fr\/wp-content\/uploads\/2018\/08\/AC01.jpg\" class=\"slider-3798 slide-3799 msDefaultImage\" alt=\"\" rel=\"\" title=\"AC01\" srcset=\"http:\/\/lorrylesmetz-histoire.fr\/wp-content\/uploads\/2018\/08\/AC01.jpg 1000w, http:\/\/lorrylesmetz-histoire.fr\/wp-content\/uploads\/2018\/08\/AC01-300x205.jpg 300w, http:\/\/lorrylesmetz-histoire.fr\/wp-content\/uploads\/2018\/08\/AC01-768x525.jpg 768w\" sizes=\"auto, (max-width: 1000px) 100vw, 1000px\" \/><\/a><\/li>\n            <li style='display: none;' aria-roledescription='slide' aria-labelledby='slide-1'><a href=\"http:\/\/lorrylesmetz-histoire.fr\/wp-content\/uploads\/2018\/08\/AC02.jpg\" target=\"_blank\"><img loading=\"lazy\" decoding=\"async\" width=\"1000\" height=\"664\" src=\"http:\/\/lorrylesmetz-histoire.fr\/wp-content\/uploads\/2018\/08\/AC02.jpg\" class=\"slider-3798 slide-3800 msDefaultImage\" alt=\"\" rel=\"\" title=\"AC02\" srcset=\"http:\/\/lorrylesmetz-histoire.fr\/wp-content\/uploads\/2018\/08\/AC02.jpg 1000w, http:\/\/lorrylesmetz-histoire.fr\/wp-content\/uploads\/2018\/08\/AC02-300x199.jpg 300w, http:\/\/lorrylesmetz-histoire.fr\/wp-content\/uploads\/2018\/08\/AC02-768x510.jpg 768w\" sizes=\"auto, (max-width: 1000px) 100vw, 1000px\" \/><\/a><\/li>\n            <li style='display: none;' aria-roledescription='slide' aria-labelledby='slide-2'><a href=\"http:\/\/lorrylesmetz-histoire.fr\/wp-content\/uploads\/2018\/08\/AC03.jpg\" target=\"_blank\"><img loading=\"lazy\" decoding=\"async\" width=\"1000\" height=\"658\" src=\"http:\/\/lorrylesmetz-histoire.fr\/wp-content\/uploads\/2018\/08\/AC03.jpg\" class=\"slider-3798 slide-3801 msDefaultImage\" alt=\"\" rel=\"\" title=\"AC03\" srcset=\"http:\/\/lorrylesmetz-histoire.fr\/wp-content\/uploads\/2018\/08\/AC03.jpg 1000w, http:\/\/lorrylesmetz-histoire.fr\/wp-content\/uploads\/2018\/08\/AC03-300x197.jpg 300w, http:\/\/lorrylesmetz-histoire.fr\/wp-content\/uploads\/2018\/08\/AC03-768x505.jpg 768w\" sizes=\"auto, (max-width: 1000px) 100vw, 1000px\" \/><\/a><\/li>\n            <li style='display: none;' aria-roledescription='slide' aria-labelledby='slide-3'><a href=\"http:\/\/lorrylesmetz-histoire.fr\/wp-content\/uploads\/2018\/08\/AC04.jpg\" target=\"_blank\"><img loading=\"lazy\" decoding=\"async\" width=\"664\" height=\"1000\" src=\"http:\/\/lorrylesmetz-histoire.fr\/wp-content\/uploads\/2018\/08\/AC04.jpg\" class=\"slider-3798 slide-3802 msDefaultImage\" alt=\"\" rel=\"\" title=\"AC04\" srcset=\"http:\/\/lorrylesmetz-histoire.fr\/wp-content\/uploads\/2018\/08\/AC04.jpg 664w, http:\/\/lorrylesmetz-histoire.fr\/wp-content\/uploads\/2018\/08\/AC04-199x300.jpg 199w\" sizes=\"auto, (max-width: 664px) 100vw, 664px\" \/><\/a><\/li>\n            <li style='display: none;' aria-roledescription='slide' aria-labelledby='slide-4'><a href=\"http:\/\/lorrylesmetz-histoire.fr\/wp-content\/uploads\/2018\/08\/AC05.jpg\" target=\"_blank\"><img loading=\"lazy\" decoding=\"async\" width=\"664\" height=\"1000\" src=\"http:\/\/lorrylesmetz-histoire.fr\/wp-content\/uploads\/2018\/08\/AC05.jpg\" class=\"slider-3798 slide-3803 msDefaultImage\" alt=\"\" rel=\"\" title=\"AC05\" srcset=\"http:\/\/lorrylesmetz-histoire.fr\/wp-content\/uploads\/2018\/08\/AC05.jpg 664w, http:\/\/lorrylesmetz-histoire.fr\/wp-content\/uploads\/2018\/08\/AC05-199x300.jpg 199w\" sizes=\"auto, (max-width: 664px) 100vw, 664px\" \/><\/a><\/li>\n            <li style='display: none;' aria-roledescription='slide' aria-labelledby='slide-5'><a href=\"http:\/\/lorrylesmetz-histoire.fr\/wp-content\/uploads\/2018\/08\/AC06.jpg\" target=\"_blank\"><img loading=\"lazy\" decoding=\"async\" width=\"664\" height=\"1000\" src=\"http:\/\/lorrylesmetz-histoire.fr\/wp-content\/uploads\/2018\/08\/AC06.jpg\" class=\"slider-3798 slide-3804 msDefaultImage\" alt=\"\" rel=\"\" title=\"AC06\" srcset=\"http:\/\/lorrylesmetz-histoire.fr\/wp-content\/uploads\/2018\/08\/AC06.jpg 664w, http:\/\/lorrylesmetz-histoire.fr\/wp-content\/uploads\/2018\/08\/AC06-199x300.jpg 199w\" sizes=\"auto, (max-width: 664px) 100vw, 664px\" \/><\/a><\/li>\n            <li style='display: none;' aria-roledescription='slide' aria-labelledby='slide-6'><a href=\"http:\/\/lorrylesmetz-histoire.fr\/wp-content\/uploads\/2018\/08\/AC07.jpg\" target=\"_blank\"><img loading=\"lazy\" decoding=\"async\" width=\"664\" height=\"1000\" src=\"http:\/\/lorrylesmetz-histoire.fr\/wp-content\/uploads\/2018\/08\/AC07.jpg\" class=\"slider-3798 slide-3805 msDefaultImage\" alt=\"\" rel=\"\" title=\"AC07\" srcset=\"http:\/\/lorrylesmetz-histoire.fr\/wp-content\/uploads\/2018\/08\/AC07.jpg 664w, http:\/\/lorrylesmetz-histoire.fr\/wp-content\/uploads\/2018\/08\/AC07-199x300.jpg 199w\" sizes=\"auto, (max-width: 664px) 100vw, 664px\" \/><\/a><\/li>\n            <li style='display: none;' aria-roledescription='slide' aria-labelledby='slide-7'><a href=\"http:\/\/lorrylesmetz-histoire.fr\/wp-content\/uploads\/2018\/08\/AC08.jpg\" target=\"_blank\"><img loading=\"lazy\" decoding=\"async\" width=\"664\" height=\"1000\" src=\"http:\/\/lorrylesmetz-histoire.fr\/wp-content\/uploads\/2018\/08\/AC08.jpg\" class=\"slider-3798 slide-3806 msDefaultImage\" alt=\"\" rel=\"\" title=\"AC08\" srcset=\"http:\/\/lorrylesmetz-histoire.fr\/wp-content\/uploads\/2018\/08\/AC08.jpg 664w, http:\/\/lorrylesmetz-histoire.fr\/wp-content\/uploads\/2018\/08\/AC08-199x300.jpg 199w\" sizes=\"auto, (max-width: 664px) 100vw, 664px\" \/><\/a><\/li>\n            <li style='display: none;' aria-roledescription='slide' aria-labelledby='slide-8'><a href=\"http:\/\/lorrylesmetz-histoire.fr\/wp-content\/uploads\/2018\/08\/AC09.jpg\" target=\"_blank\"><img loading=\"lazy\" decoding=\"async\" width=\"664\" height=\"1000\" src=\"http:\/\/lorrylesmetz-histoire.fr\/wp-content\/uploads\/2018\/08\/AC09.jpg\" class=\"slider-3798 slide-3807 msDefaultImage\" alt=\"\" rel=\"\" title=\"AC09\" srcset=\"http:\/\/lorrylesmetz-histoire.fr\/wp-content\/uploads\/2018\/08\/AC09.jpg 664w, http:\/\/lorrylesmetz-histoire.fr\/wp-content\/uploads\/2018\/08\/AC09-199x300.jpg 199w\" sizes=\"auto, (max-width: 664px) 100vw, 664px\" \/><\/a><\/li>\n        <\/ul>\n        \n    <\/div>\n<\/div>\n<p>Photos Claudine Kesteret G\u00e9rard Kester.<\/p>\n<p><a href=\"http:\/\/lorrylesmetz-histoire.fr\/?page_id=3008\"><img loading=\"lazy\" decoding=\"async\" class=\"alignnone wp-image-378 size-full\" src=\"http:\/\/lorrylesmetz-histoire.fr\/wp-content\/uploads\/2017\/05\/retour.png?_t=1534754874\" alt=\"\" width=\"89\" height=\"31\" \/><\/a><\/p>\n","protected":false},"excerpt":{"rendered":"<p>14\u00a0juin\u00a02018 Lorry-l\u00e8s-Metz \u00ab\u00a0au fil du temps\u00a0\u00bb \u00e9tait salle Braun, \u00e0 la premi\u00e8re de \u00ab\u00a0Jeanne et Vincent\u00a0\u00bb. Cette pi\u00e8ce est issue de l\u2019ouvrage \u00ab\u00a0Metz, une ville dans la guerre 1914-1918\u00a0\u00bb journal de Jeanne Hass qui raconte le quotidien des Messins pendant&hellip; <\/p>\n","protected":false},"author":1,"featured_media":0,"parent":3008,"menu_order":6,"comment_status":"closed","ping_status":"closed","template":"","meta":{"_mc_calendar":[],"footnotes":""},"class_list":["post-3808","page","type-page","status-publish","hentry"],"_links":{"self":[{"href":"http:\/\/lorrylesmetz-histoire.fr\/index.php?rest_route=\/wp\/v2\/pages\/3808","targetHints":{"allow":["GET"]}}],"collection":[{"href":"http:\/\/lorrylesmetz-histoire.fr\/index.php?rest_route=\/wp\/v2\/pages"}],"about":[{"href":"http:\/\/lorrylesmetz-histoire.fr\/index.php?rest_route=\/wp\/v2\/types\/page"}],"author":[{"embeddable":true,"href":"http:\/\/lorrylesmetz-histoire.fr\/index.php?rest_route=\/wp\/v2\/users\/1"}],"replies":[{"embeddable":true,"href":"http:\/\/lorrylesmetz-histoire.fr\/index.php?rest_route=%2Fwp%2Fv2%2Fcomments&post=3808"}],"version-history":[{"count":4,"href":"http:\/\/lorrylesmetz-histoire.fr\/index.php?rest_route=\/wp\/v2\/pages\/3808\/revisions"}],"predecessor-version":[{"id":3818,"href":"http:\/\/lorrylesmetz-histoire.fr\/index.php?rest_route=\/wp\/v2\/pages\/3808\/revisions\/3818"}],"up":[{"embeddable":true,"href":"http:\/\/lorrylesmetz-histoire.fr\/index.php?rest_route=\/wp\/v2\/pages\/3008"}],"wp:attachment":[{"href":"http:\/\/lorrylesmetz-histoire.fr\/index.php?rest_route=%2Fwp%2Fv2%2Fmedia&parent=3808"}],"curies":[{"name":"wp","href":"https:\/\/api.w.org\/{rel}","templated":true}]}}