{"id":3840,"date":"2018-08-20T12:12:54","date_gmt":"2018-08-20T10:12:54","guid":{"rendered":"http:\/\/lorrylesmetz-histoire.fr\/?page_id=3840"},"modified":"2018-08-20T12:12:54","modified_gmt":"2018-08-20T10:12:54","slug":"assemblee-generale-de-la-shw","status":"publish","type":"page","link":"http:\/\/lorrylesmetz-histoire.fr\/?page_id=3840","title":{"rendered":"Assembl\u00e9e g\u00e9n\u00e9rale de la SHW"},"content":{"rendered":"<h2>23\u00a0mars\u00a02018<\/h2>\n<p>Lorry-l\u00e8s-Metz \u00ab\u00a0au fil du temps\u00a0\u00bb s\u2019est rendu en force \u00e0 l\u2019assembl\u00e9e g\u00e9n\u00e9rale de la Soci\u00e9t\u00e9 d\u2019Histoire de Woippy qui f\u00eatait aussi ses 30\u00a0ann\u00e9es d\u2019existence.<\/p>\n<p>Marc\u00a0Bojic a fait l\u2019\u00e9loge de Pierre\u00a0Brasme, fondateur le 17\u00a0mai\u00a01988 de cette association patrimoniale, qui n\u2019a fait que prendre de l\u2019ampleur gr\u00e2ce \u00e0 l\u2019implication totale de ses membres et adh\u00e9rents, il constate toujours un bel enthousiasme et a souhait\u00e9 de beaux jours \u00e0 venir.<\/p>\n<p>Pierre\u00a0Brasme a t\u00e9moign\u00e9, avec beaucoup d\u2019\u00e9motion, de cette belle r\u00e9ussite et a remerci\u00e9 chaleureusement tous ceux qui y ont particip\u00e9, les disparus n\u2019ont pas \u00e9t\u00e9 oubli\u00e9s, une minute de silence leur a \u00e9t\u00e9 d\u00e9di\u00e9e. Il sait qu\u2019avec Marc\u00a0Bojic, l\u2019avenir est entre bonnes mains, il va pouvoir occuper l\u2019esprit libre le poste de pr\u00e9sident de l\u2019Acad\u00e9mie Nationale de Metz qui l\u2019attend pour l\u2019ann\u00e9e prochaine. Nos v\u0153ux l\u2019accompagnent.<\/p>\n<p>Le maire de Woippy, C\u00e9dric\u00a0Gouth, a f\u00e9licit\u00e9 et encourag\u00e9 la SHW \u00e0 poursuivre son travail si fructueux, non seulement pour les passionn\u00e9s d\u2019histoire mais aussi pour le rayonnement du village. Il l\u2019a assur\u00e9e de son total soutien.<\/p>\n<p>A suivi une conf\u00e9rence d\u2019Alain\u00a0Hiebold sur \u00ab\u00a0Metz ou les mutations d\u2019une ville au si\u00e8cle des Lumi\u00e8res\u00a0\u00bb qui a permis de constater l\u2019\u00e9volution incroyable de l\u2019urbanisme principalement sous Louis\u00a0XV\u00a0: d\u00e9molitions, reconstructions, travaux gigantesques, qui ont une fois de plus m\u00e9tamorphos\u00e9 Metz.<\/p>\n<p>La possibilit\u00e9 d\u2019un d\u00eener \u00e9tait offerte et certains membres de Lorry-l\u00e8s-Metz \u00ab\u00a0au fil du temps\u00a0\u00bb y ont particip\u00e9, ravis de discuter avec leur ch\u00e8re voisine Yvette\u00a0Illy et de lier connaissances avec d\u2019autres personnes.<\/p>\n<div id=\"metaslider-id-3829\" style=\"width: 100%; margin: 0 auto;\" class=\"ml-slider-3-108-0 metaslider metaslider-responsive metaslider-3829 ml-slider has-dots-nav ms-theme-default\" role=\"region\" aria-label=\"AG SHW 2018\" data-height=\"800\" data-width=\"800\">\n    <div id=\"metaslider_container_3829\">\n        <ul id='metaslider_3829' class='rslides'>\n            <li aria-roledescription='slide' aria-labelledby='slide-0'><a href=\"http:\/\/lorrylesmetz-histoire.fr\/wp-content\/uploads\/2018\/08\/AB01.jpg\" target=\"_blank\"><img loading=\"lazy\" decoding=\"async\" width=\"1000\" height=\"750\" src=\"http:\/\/lorrylesmetz-histoire.fr\/wp-content\/uploads\/2018\/08\/AB01.jpg\" class=\"slider-3829 slide-3830 msDefaultImage\" alt=\"\" rel=\"\" title=\"AB01\" srcset=\"http:\/\/lorrylesmetz-histoire.fr\/wp-content\/uploads\/2018\/08\/AB01.jpg 1000w, http:\/\/lorrylesmetz-histoire.fr\/wp-content\/uploads\/2018\/08\/AB01-300x225.jpg 300w, http:\/\/lorrylesmetz-histoire.fr\/wp-content\/uploads\/2018\/08\/AB01-768x576.jpg 768w\" sizes=\"auto, (max-width: 1000px) 100vw, 1000px\" \/><\/a><\/li>\n            <li style='display: none;' aria-roledescription='slide' aria-labelledby='slide-1'><a href=\"http:\/\/lorrylesmetz-histoire.fr\/wp-content\/uploads\/2018\/08\/AB02.jpg\" target=\"_blank\"><img loading=\"lazy\" decoding=\"async\" width=\"1000\" height=\"750\" src=\"http:\/\/lorrylesmetz-histoire.fr\/wp-content\/uploads\/2018\/08\/AB02.jpg\" class=\"slider-3829 slide-3831 msDefaultImage\" alt=\"\" rel=\"\" title=\"AB02\" srcset=\"http:\/\/lorrylesmetz-histoire.fr\/wp-content\/uploads\/2018\/08\/AB02.jpg 1000w, http:\/\/lorrylesmetz-histoire.fr\/wp-content\/uploads\/2018\/08\/AB02-300x225.jpg 300w, http:\/\/lorrylesmetz-histoire.fr\/wp-content\/uploads\/2018\/08\/AB02-768x576.jpg 768w\" sizes=\"auto, (max-width: 1000px) 100vw, 1000px\" \/><\/a><\/li>\n            <li style='display: none;' aria-roledescription='slide' aria-labelledby='slide-2'><a href=\"http:\/\/lorrylesmetz-histoire.fr\/wp-content\/uploads\/2018\/08\/AB03.jpg\" target=\"_blank\"><img loading=\"lazy\" decoding=\"async\" width=\"1000\" height=\"750\" src=\"http:\/\/lorrylesmetz-histoire.fr\/wp-content\/uploads\/2018\/08\/AB04.jpg\" class=\"slider-3829 slide-3832 msDefaultImage\" alt=\"\" rel=\"\" title=\"AB04\" srcset=\"http:\/\/lorrylesmetz-histoire.fr\/wp-content\/uploads\/2018\/08\/AB04.jpg 1000w, http:\/\/lorrylesmetz-histoire.fr\/wp-content\/uploads\/2018\/08\/AB04-300x225.jpg 300w, http:\/\/lorrylesmetz-histoire.fr\/wp-content\/uploads\/2018\/08\/AB04-768x576.jpg 768w\" sizes=\"auto, (max-width: 1000px) 100vw, 1000px\" \/><\/a><\/li>\n            <li style='display: none;' aria-roledescription='slide' aria-labelledby='slide-3'><a href=\"http:\/\/lorrylesmetz-histoire.fr\/wp-content\/uploads\/2018\/08\/AB04.jpg\" target=\"_blank\"><img loading=\"lazy\" decoding=\"async\" width=\"750\" height=\"1000\" src=\"http:\/\/lorrylesmetz-histoire.fr\/wp-content\/uploads\/2018\/08\/AB06.jpg\" class=\"slider-3829 slide-3833 msDefaultImage\" alt=\"\" rel=\"\" title=\"AB06\" srcset=\"http:\/\/lorrylesmetz-histoire.fr\/wp-content\/uploads\/2018\/08\/AB06.jpg 750w, http:\/\/lorrylesmetz-histoire.fr\/wp-content\/uploads\/2018\/08\/AB06-225x300.jpg 225w\" sizes=\"auto, (max-width: 750px) 100vw, 750px\" \/><\/a><\/li>\n            <li style='display: none;' aria-roledescription='slide' aria-labelledby='slide-4'><a href=\"http:\/\/lorrylesmetz-histoire.fr\/wp-content\/uploads\/2018\/08\/AB05.jpg\" target=\"_blank\"><img loading=\"lazy\" decoding=\"async\" width=\"1000\" height=\"750\" src=\"http:\/\/lorrylesmetz-histoire.fr\/wp-content\/uploads\/2018\/08\/AB07.jpg\" class=\"slider-3829 slide-3834 msDefaultImage\" alt=\"\" rel=\"\" title=\"AB07\" srcset=\"http:\/\/lorrylesmetz-histoire.fr\/wp-content\/uploads\/2018\/08\/AB07.jpg 1000w, http:\/\/lorrylesmetz-histoire.fr\/wp-content\/uploads\/2018\/08\/AB07-300x225.jpg 300w, http:\/\/lorrylesmetz-histoire.fr\/wp-content\/uploads\/2018\/08\/AB07-768x576.jpg 768w\" sizes=\"auto, (max-width: 1000px) 100vw, 1000px\" \/><\/a><\/li>\n            <li style='display: none;' aria-roledescription='slide' aria-labelledby='slide-5'><a href=\"http:\/\/lorrylesmetz-histoire.fr\/wp-content\/uploads\/2018\/08\/AB06.jpg\" target=\"_blank\"><img loading=\"lazy\" decoding=\"async\" width=\"1000\" height=\"750\" src=\"http:\/\/lorrylesmetz-histoire.fr\/wp-content\/uploads\/2018\/08\/AB08.jpg\" class=\"slider-3829 slide-3835 msDefaultImage\" alt=\"\" rel=\"\" title=\"AB08\" srcset=\"http:\/\/lorrylesmetz-histoire.fr\/wp-content\/uploads\/2018\/08\/AB08.jpg 1000w, http:\/\/lorrylesmetz-histoire.fr\/wp-content\/uploads\/2018\/08\/AB08-300x225.jpg 300w, http:\/\/lorrylesmetz-histoire.fr\/wp-content\/uploads\/2018\/08\/AB08-768x576.jpg 768w\" sizes=\"auto, (max-width: 1000px) 100vw, 1000px\" \/><\/a><\/li>\n            <li style='display: none;' aria-roledescription='slide' aria-labelledby='slide-6'><a href=\"http:\/\/lorrylesmetz-histoire.fr\/wp-content\/uploads\/2018\/08\/AB07.jpg\" target=\"_blank\"><img loading=\"lazy\" decoding=\"async\" width=\"1000\" height=\"750\" src=\"http:\/\/lorrylesmetz-histoire.fr\/wp-content\/uploads\/2018\/08\/AB09.jpg\" class=\"slider-3829 slide-3836 msDefaultImage\" alt=\"\" rel=\"\" title=\"AB09\" srcset=\"http:\/\/lorrylesmetz-histoire.fr\/wp-content\/uploads\/2018\/08\/AB09.jpg 1000w, http:\/\/lorrylesmetz-histoire.fr\/wp-content\/uploads\/2018\/08\/AB09-300x225.jpg 300w, http:\/\/lorrylesmetz-histoire.fr\/wp-content\/uploads\/2018\/08\/AB09-768x576.jpg 768w\" sizes=\"auto, (max-width: 1000px) 100vw, 1000px\" \/><\/a><\/li>\n            <li style='display: none;' aria-roledescription='slide' aria-labelledby='slide-7'><a href=\"http:\/\/lorrylesmetz-histoire.fr\/wp-content\/uploads\/2018\/08\/AB08.jpg\" target=\"_blank\"><img loading=\"lazy\" decoding=\"async\" width=\"1000\" height=\"750\" src=\"http:\/\/lorrylesmetz-histoire.fr\/wp-content\/uploads\/2018\/08\/AB10.jpg\" class=\"slider-3829 slide-3837 msDefaultImage\" alt=\"\" rel=\"\" title=\"AB10\" srcset=\"http:\/\/lorrylesmetz-histoire.fr\/wp-content\/uploads\/2018\/08\/AB10.jpg 1000w, http:\/\/lorrylesmetz-histoire.fr\/wp-content\/uploads\/2018\/08\/AB10-300x225.jpg 300w, http:\/\/lorrylesmetz-histoire.fr\/wp-content\/uploads\/2018\/08\/AB10-768x576.jpg 768w\" sizes=\"auto, (max-width: 1000px) 100vw, 1000px\" \/><\/a><\/li>\n            <li style='display: none;' aria-roledescription='slide' aria-labelledby='slide-8'><a href=\"http:\/\/lorrylesmetz-histoire.fr\/wp-content\/uploads\/2018\/08\/AB09.jpg\" target=\"_blank\"><img loading=\"lazy\" decoding=\"async\" width=\"750\" height=\"1000\" src=\"http:\/\/lorrylesmetz-histoire.fr\/wp-content\/uploads\/2018\/08\/Ab03.jpg\" class=\"slider-3829 slide-3838 msDefaultImage\" alt=\"\" rel=\"\" title=\"Ab03\" srcset=\"http:\/\/lorrylesmetz-histoire.fr\/wp-content\/uploads\/2018\/08\/Ab03.jpg 750w, http:\/\/lorrylesmetz-histoire.fr\/wp-content\/uploads\/2018\/08\/Ab03-225x300.jpg 225w\" sizes=\"auto, (max-width: 750px) 100vw, 750px\" \/><\/a><\/li>\n            <li style='display: none;' aria-roledescription='slide' aria-labelledby='slide-9'><a href=\"http:\/\/lorrylesmetz-histoire.fr\/wp-content\/uploads\/2018\/08\/AB10.jpg\" target=\"_blank\"><img loading=\"lazy\" decoding=\"async\" width=\"750\" height=\"1000\" src=\"http:\/\/lorrylesmetz-histoire.fr\/wp-content\/uploads\/2018\/08\/Ab05.jpg\" class=\"slider-3829 slide-3839 msDefaultImage\" alt=\"\" rel=\"\" title=\"Ab05\" srcset=\"http:\/\/lorrylesmetz-histoire.fr\/wp-content\/uploads\/2018\/08\/Ab05.jpg 750w, http:\/\/lorrylesmetz-histoire.fr\/wp-content\/uploads\/2018\/08\/Ab05-225x300.jpg 225w\" sizes=\"auto, (max-width: 750px) 100vw, 750px\" \/><\/a><\/li>\n        <\/ul>\n        \n    <\/div>\n<\/div>\n<p>Photos Claudine\u00a0Kester<\/p>\n<p><a href=\"http:\/\/lorrylesmetz-histoire.fr\/?page_id=3008\"><img loading=\"lazy\" decoding=\"async\" class=\"alignnone wp-image-378 size-full\" src=\"http:\/\/lorrylesmetz-histoire.fr\/wp-content\/uploads\/2017\/05\/retour.png\" alt=\"\" width=\"89\" height=\"31\" \/><\/a><\/p>\n","protected":false},"excerpt":{"rendered":"<p>23\u00a0mars\u00a02018 Lorry-l\u00e8s-Metz \u00ab\u00a0au fil du temps\u00a0\u00bb s\u2019est rendu en force \u00e0 l\u2019assembl\u00e9e g\u00e9n\u00e9rale de la Soci\u00e9t\u00e9 d\u2019Histoire de Woippy qui f\u00eatait aussi ses 30\u00a0ann\u00e9es d\u2019existence. Marc\u00a0Bojic a fait l\u2019\u00e9loge de Pierre\u00a0Brasme, fondateur le 17\u00a0mai\u00a01988 de cette association patrimoniale, qui n\u2019a&hellip; <\/p>\n","protected":false},"author":1,"featured_media":0,"parent":3008,"menu_order":4,"comment_status":"closed","ping_status":"closed","template":"","meta":{"_mc_calendar":[],"footnotes":""},"class_list":["post-3840","page","type-page","status-publish","hentry"],"_links":{"self":[{"href":"http:\/\/lorrylesmetz-histoire.fr\/index.php?rest_route=\/wp\/v2\/pages\/3840","targetHints":{"allow":["GET"]}}],"collection":[{"href":"http:\/\/lorrylesmetz-histoire.fr\/index.php?rest_route=\/wp\/v2\/pages"}],"about":[{"href":"http:\/\/lorrylesmetz-histoire.fr\/index.php?rest_route=\/wp\/v2\/types\/page"}],"author":[{"embeddable":true,"href":"http:\/\/lorrylesmetz-histoire.fr\/index.php?rest_route=\/wp\/v2\/users\/1"}],"replies":[{"embeddable":true,"href":"http:\/\/lorrylesmetz-histoire.fr\/index.php?rest_route=%2Fwp%2Fv2%2Fcomments&post=3840"}],"version-history":[{"count":1,"href":"http:\/\/lorrylesmetz-histoire.fr\/index.php?rest_route=\/wp\/v2\/pages\/3840\/revisions"}],"predecessor-version":[{"id":3841,"href":"http:\/\/lorrylesmetz-histoire.fr\/index.php?rest_route=\/wp\/v2\/pages\/3840\/revisions\/3841"}],"up":[{"embeddable":true,"href":"http:\/\/lorrylesmetz-histoire.fr\/index.php?rest_route=\/wp\/v2\/pages\/3008"}],"wp:attachment":[{"href":"http:\/\/lorrylesmetz-histoire.fr\/index.php?rest_route=%2Fwp%2Fv2%2Fmedia&parent=3840"}],"curies":[{"name":"wp","href":"https:\/\/api.w.org\/{rel}","templated":true}]}}