{"id":3853,"date":"2018-08-20T12:38:27","date_gmt":"2018-08-20T10:38:27","guid":{"rendered":"http:\/\/lorrylesmetz-histoire.fr\/?page_id=3853"},"modified":"2018-08-20T12:43:40","modified_gmt":"2018-08-20T10:43:40","slug":"visite-du-8e-rmat","status":"publish","type":"page","link":"http:\/\/lorrylesmetz-histoire.fr\/?page_id=3853","title":{"rendered":"Visite du  8e RMAT"},"content":{"rendered":"<p>25\u00a0juillet\u00a02018<\/p>\n<p>Visite du 8<sup>e<\/sup>\u00a0r\u00e9giment de mat\u00e9riel de Woippy. Le Lieutenant-colonel J\u00e9r\u00f4me\u00a0Blandin, chef de d\u00e9tachement, nous a tr\u00e8s aimablement re\u00e7us et pilot\u00e9s \u00e0 travers les ateliers de r\u00e9parations apr\u00e8s une pr\u00e9sentation globale du r\u00e9giment en salle d\u2019honneur.<\/p>\n<p>Les photos \u00e9tant interdites \u00e0 l\u2019int\u00e9rieur de la caserne, on ne trouvera que celles prises en salle d\u2019honneur et le groupe sur le perron d\u2019un b\u00e2timent de la cour int\u00e9rieure.<\/p>\n<p>Ce fut un moment \u00e9difiant et sympathique.<\/p>\n<div id=\"metaslider-id-3848\" style=\"width: 100%; margin: 0 auto;\" class=\"ml-slider-3-108-0 metaslider metaslider-responsive metaslider-3848 ml-slider has-dots-nav ms-theme-default\" role=\"region\" aria-label=\"RMAT\" data-height=\"800\" data-width=\"800\">\n    <div id=\"metaslider_container_3848\">\n        <ul id='metaslider_3848' class='rslides'>\n            <li aria-roledescription='slide' aria-labelledby='slide-0'><a href=\"http:\/\/lorrylesmetz-histoire.fr\/wp-content\/uploads\/2018\/08\/IMG_7458.jpg\" target=\"_blank\"><img loading=\"lazy\" decoding=\"async\" width=\"1000\" height=\"681\" src=\"http:\/\/lorrylesmetz-histoire.fr\/wp-content\/uploads\/2018\/08\/IMG_7458.jpg\" class=\"slider-3848 slide-3849 msDefaultImage\" alt=\"\" rel=\"\" title=\"IMG_7458\" srcset=\"http:\/\/lorrylesmetz-histoire.fr\/wp-content\/uploads\/2018\/08\/IMG_7458.jpg 1000w, http:\/\/lorrylesmetz-histoire.fr\/wp-content\/uploads\/2018\/08\/IMG_7458-300x204.jpg 300w, http:\/\/lorrylesmetz-histoire.fr\/wp-content\/uploads\/2018\/08\/IMG_7458-768x523.jpg 768w\" sizes=\"auto, (max-width: 1000px) 100vw, 1000px\" \/><\/a><\/li>\n            <li style='display: none;' aria-roledescription='slide' aria-labelledby='slide-1'><a href=\"http:\/\/lorrylesmetz-histoire.fr\/wp-content\/uploads\/2018\/08\/IMG_7459.jpg\" target=\"_blank\"><img loading=\"lazy\" decoding=\"async\" width=\"1000\" height=\"750\" src=\"http:\/\/lorrylesmetz-histoire.fr\/wp-content\/uploads\/2018\/08\/IMG_7459.jpg\" class=\"slider-3848 slide-3850 msDefaultImage\" alt=\"\" rel=\"\" title=\"IMG_7459\" srcset=\"http:\/\/lorrylesmetz-histoire.fr\/wp-content\/uploads\/2018\/08\/IMG_7459.jpg 1000w, http:\/\/lorrylesmetz-histoire.fr\/wp-content\/uploads\/2018\/08\/IMG_7459-300x225.jpg 300w, http:\/\/lorrylesmetz-histoire.fr\/wp-content\/uploads\/2018\/08\/IMG_7459-768x576.jpg 768w\" sizes=\"auto, (max-width: 1000px) 100vw, 1000px\" \/><\/a><\/li>\n            <li style='display: none;' aria-roledescription='slide' aria-labelledby='slide-2'><a href=\"http:\/\/lorrylesmetz-histoire.fr\/wp-content\/uploads\/2018\/08\/IMG_7464.jpg\" target=\"_blank\"><img loading=\"lazy\" decoding=\"async\" width=\"1000\" height=\"750\" src=\"http:\/\/lorrylesmetz-histoire.fr\/wp-content\/uploads\/2018\/08\/IMG_7464.jpg\" class=\"slider-3848 slide-3851 msDefaultImage\" alt=\"\" rel=\"\" title=\"IMG_7464\" srcset=\"http:\/\/lorrylesmetz-histoire.fr\/wp-content\/uploads\/2018\/08\/IMG_7464.jpg 1000w, http:\/\/lorrylesmetz-histoire.fr\/wp-content\/uploads\/2018\/08\/IMG_7464-300x225.jpg 300w, http:\/\/lorrylesmetz-histoire.fr\/wp-content\/uploads\/2018\/08\/IMG_7464-768x576.jpg 768w\" sizes=\"auto, (max-width: 1000px) 100vw, 1000px\" \/><\/a><\/li>\n            <li style='display: none;' aria-roledescription='slide' aria-labelledby='slide-3'><a href=\"http:\/\/lorrylesmetz-histoire.fr\/wp-content\/uploads\/2018\/08\/IMG_7467.jpg\" target=\"_blank\"><img loading=\"lazy\" decoding=\"async\" width=\"1000\" height=\"614\" src=\"http:\/\/lorrylesmetz-histoire.fr\/wp-content\/uploads\/2018\/08\/IMG_7467.jpg\" class=\"slider-3848 slide-3852 msDefaultImage\" alt=\"\" rel=\"\" title=\"IMG_7467\" srcset=\"http:\/\/lorrylesmetz-histoire.fr\/wp-content\/uploads\/2018\/08\/IMG_7467.jpg 1000w, http:\/\/lorrylesmetz-histoire.fr\/wp-content\/uploads\/2018\/08\/IMG_7467-300x184.jpg 300w, http:\/\/lorrylesmetz-histoire.fr\/wp-content\/uploads\/2018\/08\/IMG_7467-768x472.jpg 768w\" sizes=\"auto, (max-width: 1000px) 100vw, 1000px\" \/><\/a><\/li>\n        <\/ul>\n        \n    <\/div>\n<\/div>\n<p>Photos Claudine Kester.<\/p>\n<p><a href=\"http:\/\/lorrylesmetz-histoire.fr\/?page_id=2991\"><img loading=\"lazy\" decoding=\"async\" class=\"alignnone wp-image-378 size-full\" src=\"http:\/\/lorrylesmetz-histoire.fr\/wp-content\/uploads\/2017\/05\/retour.png?_t=1534761751\" alt=\"\" width=\"89\" height=\"31\" \/><\/a><\/p>\n","protected":false},"excerpt":{"rendered":"<p>25\u00a0juillet\u00a02018 Visite du 8e\u00a0r\u00e9giment de mat\u00e9riel de Woippy. Le Lieutenant-colonel J\u00e9r\u00f4me\u00a0Blandin, chef de d\u00e9tachement, nous a tr\u00e8s aimablement re\u00e7us et pilot\u00e9s \u00e0 travers les ateliers de r\u00e9parations apr\u00e8s une pr\u00e9sentation globale du r\u00e9giment en salle d\u2019honneur. Les photos \u00e9tant interdites&hellip; <\/p>\n","protected":false},"author":1,"featured_media":0,"parent":2991,"menu_order":7,"comment_status":"closed","ping_status":"closed","template":"","meta":{"_mc_calendar":[],"footnotes":""},"class_list":["post-3853","page","type-page","status-publish","hentry"],"_links":{"self":[{"href":"http:\/\/lorrylesmetz-histoire.fr\/index.php?rest_route=\/wp\/v2\/pages\/3853","targetHints":{"allow":["GET"]}}],"collection":[{"href":"http:\/\/lorrylesmetz-histoire.fr\/index.php?rest_route=\/wp\/v2\/pages"}],"about":[{"href":"http:\/\/lorrylesmetz-histoire.fr\/index.php?rest_route=\/wp\/v2\/types\/page"}],"author":[{"embeddable":true,"href":"http:\/\/lorrylesmetz-histoire.fr\/index.php?rest_route=\/wp\/v2\/users\/1"}],"replies":[{"embeddable":true,"href":"http:\/\/lorrylesmetz-histoire.fr\/index.php?rest_route=%2Fwp%2Fv2%2Fcomments&post=3853"}],"version-history":[{"count":3,"href":"http:\/\/lorrylesmetz-histoire.fr\/index.php?rest_route=\/wp\/v2\/pages\/3853\/revisions"}],"predecessor-version":[{"id":3859,"href":"http:\/\/lorrylesmetz-histoire.fr\/index.php?rest_route=\/wp\/v2\/pages\/3853\/revisions\/3859"}],"up":[{"embeddable":true,"href":"http:\/\/lorrylesmetz-histoire.fr\/index.php?rest_route=\/wp\/v2\/pages\/2991"}],"wp:attachment":[{"href":"http:\/\/lorrylesmetz-histoire.fr\/index.php?rest_route=%2Fwp%2Fv2%2Fmedia&parent=3853"}],"curies":[{"name":"wp","href":"https:\/\/api.w.org\/{rel}","templated":true}]}}