{"id":4070,"date":"2018-11-04T08:49:51","date_gmt":"2018-11-04T07:49:51","guid":{"rendered":"http:\/\/lorrylesmetz-histoire.fr\/?page_id=4070"},"modified":"2018-11-04T09:10:24","modified_gmt":"2018-11-04T08:10:24","slug":"conference-de-julien-leonard","status":"publish","type":"page","link":"http:\/\/lorrylesmetz-histoire.fr\/?page_id=4070","title":{"rendered":"Conf\u00e9rence de Julien l\u00e9onard"},"content":{"rendered":"<h2>21\u00a0septembre\u00a02018<\/h2>\n<p>Une belle conf\u00e9rence en deux temps.<\/p>\n<p>Fran\u00e7ois\u00a0Courtade et G\u00e9rard\u00a0Kester par un dialogue attrayant nous ont racont\u00e9, l\u2019un (G\u00e9rard\u00a0Kester), la lign\u00e9e de Philippe de Vigneulles que l\u2019autre (Fran\u00e7ois\u00a0Courtade) a \u00e9maill\u00e9 d\u2019anecdotes toutes tir\u00e9es des \u00e9crits du chroniqueur.<\/p>\n<p>Ensuite, le lien \u00e9tant \u00e9tabli entre l\u2019a\u00efeul et son arri\u00e8re-petite-fille, Julien\u00a0L\u00e9onard, ma\u00eetre de conf\u00e9rences au CRUHL et chercheur, nous a pr\u00e9sent\u00e9 Esther\u00a0de Vigneulles, femme de Paul\u00a0Ferry, pasteur, figure notoire du protestantisme. On ne conna\u00eet ce personnage que par le biais des lettres de son mari\u00a0: une femme de caract\u00e8re et aimante, au service du minist\u00e8re de \u00ab\u00a0son cher c\u0153ur\u00a0\u00bb, son \u00e9poux aim\u00e9.<\/p>\n<div id=\"metaslider-id-4059\" style=\"width: 100%; margin: 0 auto;\" class=\"ml-slider-3-108-0 metaslider metaslider-responsive metaslider-4059 ml-slider has-dots-nav ms-theme-default\" role=\"region\" aria-label=\"L\u00e9onard\" data-height=\"1329\" data-width=\"787\">\n    <div id=\"metaslider_container_4059\">\n        <ul id='metaslider_4059' class='rslides'>\n            <li aria-roledescription='slide' aria-labelledby='slide-0'><a href=\"http:\/\/lorrylesmetz-histoire.fr\/wp-content\/uploads\/2018\/11\/L01.jpg\" target=\"_blank\"><img loading=\"lazy\" decoding=\"async\" src=\"http:\/\/lorrylesmetz-histoire.fr\/wp-content\/uploads\/2018\/11\/L01-787x1329.jpg\" height=\"1329\" width=\"787\" alt=\"\" class=\"slider-4059 slide-4060 msDefaultImage\" title=\"L01\" \/><\/a><\/li>\n            <li style='display: none;' aria-roledescription='slide' aria-labelledby='slide-1'><a href=\"http:\/\/lorrylesmetz-histoire.fr\/wp-content\/uploads\/2018\/11\/L02.jpg\" target=\"_blank\"><img loading=\"lazy\" decoding=\"async\" src=\"http:\/\/lorrylesmetz-histoire.fr\/wp-content\/uploads\/2018\/11\/L02-787x1329.jpg\" height=\"1329\" width=\"787\" alt=\"\" class=\"slider-4059 slide-4061 msDefaultImage\" title=\"L02\" \/><\/a><\/li>\n            <li style='display: none;' aria-roledescription='slide' aria-labelledby='slide-2'><a href=\"http:\/\/lorrylesmetz-histoire.fr\/wp-content\/uploads\/2018\/11\/L03.jpg\" target=\"_blank\"><img loading=\"lazy\" decoding=\"async\" src=\"http:\/\/lorrylesmetz-histoire.fr\/wp-content\/uploads\/2018\/11\/L03-787x1329.jpg\" height=\"1329\" width=\"787\" alt=\"\" class=\"slider-4059 slide-4062 msDefaultImage\" title=\"L03\" \/><\/a><\/li>\n            <li style='display: none;' aria-roledescription='slide' aria-labelledby='slide-3'><a href=\"http:\/\/lorrylesmetz-histoire.fr\/wp-content\/uploads\/2018\/11\/L04.jpg\" target=\"_blank\"><img loading=\"lazy\" decoding=\"async\" src=\"http:\/\/lorrylesmetz-histoire.fr\/wp-content\/uploads\/2018\/11\/L04-787x1329.jpg\" height=\"1329\" width=\"787\" alt=\"\" class=\"slider-4059 slide-4063 msDefaultImage\" title=\"L04\" \/><\/a><\/li>\n            <li style='display: none;' aria-roledescription='slide' aria-labelledby='slide-4'><a href=\"http:\/\/lorrylesmetz-histoire.fr\/wp-content\/uploads\/2018\/11\/L05.jpg\" target=\"_blank\"><img loading=\"lazy\" decoding=\"async\" src=\"http:\/\/lorrylesmetz-histoire.fr\/wp-content\/uploads\/2018\/11\/L05-787x1329.jpg\" height=\"1329\" width=\"787\" alt=\"\" class=\"slider-4059 slide-4064 msDefaultImage\" title=\"L05\" \/><\/a><\/li>\n            <li style='display: none;' aria-roledescription='slide' aria-labelledby='slide-5'><a href=\"http:\/\/lorrylesmetz-histoire.fr\/wp-content\/uploads\/2018\/11\/L06.jpg\" target=\"_blank\"><img loading=\"lazy\" decoding=\"async\" src=\"http:\/\/lorrylesmetz-histoire.fr\/wp-content\/uploads\/2018\/11\/L06-787x1329.jpg\" height=\"1329\" width=\"787\" alt=\"\" class=\"slider-4059 slide-4065 msDefaultImage\" title=\"L06\" \/><\/a><\/li>\n            <li style='display: none;' aria-roledescription='slide' aria-labelledby='slide-6'><a href=\"http:\/\/lorrylesmetz-histoire.fr\/wp-content\/uploads\/2018\/11\/L07.jpg\" target=\"_blank\"><img loading=\"lazy\" decoding=\"async\" src=\"http:\/\/lorrylesmetz-histoire.fr\/wp-content\/uploads\/2018\/11\/L07-787x1329.jpg\" height=\"1329\" width=\"787\" alt=\"\" class=\"slider-4059 slide-4066 msDefaultImage\" title=\"L07\" \/><\/a><\/li>\n            <li style='display: none;' aria-roledescription='slide' aria-labelledby='slide-7'><a href=\"http:\/\/lorrylesmetz-histoire.fr\/wp-content\/uploads\/2018\/11\/L08.jpg\" target=\"_blank\"><img loading=\"lazy\" decoding=\"async\" src=\"http:\/\/lorrylesmetz-histoire.fr\/wp-content\/uploads\/2018\/11\/L08-787x1329.jpg\" height=\"1329\" width=\"787\" alt=\"\" class=\"slider-4059 slide-4067 msDefaultImage\" title=\"L08\" \/><\/a><\/li>\n            <li style='display: none;' aria-roledescription='slide' aria-labelledby='slide-8'><a href=\"http:\/\/lorrylesmetz-histoire.fr\/wp-content\/uploads\/2018\/11\/L09.jpg\" target=\"_blank\"><img loading=\"lazy\" decoding=\"async\" src=\"http:\/\/lorrylesmetz-histoire.fr\/wp-content\/uploads\/2018\/11\/L09-787x1329.jpg\" height=\"1329\" width=\"787\" alt=\"\" class=\"slider-4059 slide-4068 msDefaultImage\" title=\"L09\" \/><\/a><\/li>\n            <li style='display: none;' aria-roledescription='slide' aria-labelledby='slide-9'><a href=\"http:\/\/lorrylesmetz-histoire.fr\/wp-content\/uploads\/2018\/11\/L10.jpg\" target=\"_blank\"><img loading=\"lazy\" decoding=\"async\" src=\"http:\/\/lorrylesmetz-histoire.fr\/wp-content\/uploads\/2018\/11\/L10-787x1329.jpg\" height=\"1329\" width=\"787\" alt=\"\" class=\"slider-4059 slide-4069 msDefaultImage\" title=\"L10\" \/><\/a><\/li>\n        <\/ul>\n        \n    <\/div>\n<\/div>\n<p>Photos Claudine et G\u00e9rard Kester.<\/p>\n<p><a href=\"http:\/\/lorrylesmetz-histoire.fr\/?page_id=2991\"><img loading=\"lazy\" decoding=\"async\" class=\"alignnone size-full wp-image-378\" src=\"http:\/\/lorrylesmetz-histoire.fr\/wp-content\/uploads\/2017\/05\/retour.png\" alt=\"\" width=\"89\" height=\"31\" \/><\/a><\/p>\n","protected":false},"excerpt":{"rendered":"<p>21\u00a0septembre\u00a02018 Une belle conf\u00e9rence en deux temps. Fran\u00e7ois\u00a0Courtade et G\u00e9rard\u00a0Kester par un dialogue attrayant nous ont racont\u00e9, l\u2019un (G\u00e9rard\u00a0Kester), la lign\u00e9e de Philippe de Vigneulles que l\u2019autre (Fran\u00e7ois\u00a0Courtade) a \u00e9maill\u00e9 d\u2019anecdotes toutes tir\u00e9es des \u00e9crits du chroniqueur. Ensuite, le lien&hellip; <\/p>\n","protected":false},"author":1,"featured_media":0,"parent":2991,"menu_order":5,"comment_status":"closed","ping_status":"closed","template":"","meta":{"_mc_calendar":[],"footnotes":""},"class_list":["post-4070","page","type-page","status-publish","hentry"],"_links":{"self":[{"href":"http:\/\/lorrylesmetz-histoire.fr\/index.php?rest_route=\/wp\/v2\/pages\/4070","targetHints":{"allow":["GET"]}}],"collection":[{"href":"http:\/\/lorrylesmetz-histoire.fr\/index.php?rest_route=\/wp\/v2\/pages"}],"about":[{"href":"http:\/\/lorrylesmetz-histoire.fr\/index.php?rest_route=\/wp\/v2\/types\/page"}],"author":[{"embeddable":true,"href":"http:\/\/lorrylesmetz-histoire.fr\/index.php?rest_route=\/wp\/v2\/users\/1"}],"replies":[{"embeddable":true,"href":"http:\/\/lorrylesmetz-histoire.fr\/index.php?rest_route=%2Fwp%2Fv2%2Fcomments&post=4070"}],"version-history":[{"count":1,"href":"http:\/\/lorrylesmetz-histoire.fr\/index.php?rest_route=\/wp\/v2\/pages\/4070\/revisions"}],"predecessor-version":[{"id":4071,"href":"http:\/\/lorrylesmetz-histoire.fr\/index.php?rest_route=\/wp\/v2\/pages\/4070\/revisions\/4071"}],"up":[{"embeddable":true,"href":"http:\/\/lorrylesmetz-histoire.fr\/index.php?rest_route=\/wp\/v2\/pages\/2991"}],"wp:attachment":[{"href":"http:\/\/lorrylesmetz-histoire.fr\/index.php?rest_route=%2Fwp%2Fv2%2Fmedia&parent=4070"}],"curies":[{"name":"wp","href":"https:\/\/api.w.org\/{rel}","templated":true}]}}