{"id":4127,"date":"2018-12-03T08:27:10","date_gmt":"2018-12-03T07:27:10","guid":{"rendered":"http:\/\/lorrylesmetz-histoire.fr\/?page_id=4127"},"modified":"2018-12-03T08:52:51","modified_gmt":"2018-12-03T07:52:51","slug":"inauguration-exposition-a-la-maison-du-pays-messin","status":"publish","type":"page","link":"http:\/\/lorrylesmetz-histoire.fr\/?page_id=4127","title":{"rendered":"Vernissage exposition \u00e0 la maison du Pays messin"},"content":{"rendered":"<h2>1<sup>er<\/sup>\u00a0d\u00e9cembre\u00a02018<\/h2>\n<p>Le vernissage de l\u2019exposition Philippe de Vigneulles \u00e0 la Maison du Pays messin s\u2019est fait avec la pr\u00e9sence de Dominique\u00a0Gros, maire de Metz, Jean-Luc\u00a0Bohl, maire de Montigny-l\u00e8s-Metz, pr\u00e9sident de Metz M\u00e9tropole et premier vice-pr\u00e9sident de la r\u00e9gion Grand Est, Monique\u00a0Sary, conservateur en chef honoraire du Mus\u00e9e de la Cour d\u2019Or, Xavier\u00a0Bouvet, directeur g\u00e9n\u00e9ral d\u2019Inspire Metz, Fran\u00e7ois\u00a0Courtade, pr\u00e9sident honoraire de Lorry-l\u00e8s-Metz \u00ab\u00a0au fil du temps\u00a0\u00bb, et Bernard\u00a0Stein repr\u00e9sentant le maire de Lorry-l\u00e8s-Metz.<br \/>\nL\u2019exposition a \u00e9t\u00e9 jug\u00e9e tr\u00e8s int\u00e9ressante, ses visuels bien mis en valeur.<br \/>\nLa pr\u00e9sidente de Lorry-l\u00e8s-Metz \u00ab\u00a0au fil du temps\u00a0\u00bb a expliqu\u00e9 les origines de l\u2019\u00ab\u00a0Ann\u00e9e Philippe de Vigneulles\u00a0\u00bb, son d\u00e9roulement et elle a remerci\u00e9 tous ceux qui ont contribu\u00e9 \u00e0 son bon d\u00e9roulement et sa notori\u00e9t\u00e9.<\/p>\n<div id=\"metaslider-id-4120\" style=\"width: 100%; margin: 0 auto;\" class=\"ml-slider-3-108-0 metaslider metaslider-responsive metaslider-4120 ml-slider has-dots-nav ms-theme-default\" role=\"region\" aria-label=\"Expo MPM 1\" data-height=\"1329\" data-width=\"787\">\n    <div id=\"metaslider_container_4120\">\n        <ul id='metaslider_4120' class='rslides'>\n            <li aria-roledescription='slide' aria-labelledby='slide-0'><a href=\"http:\/\/lorrylesmetz-histoire.fr\/wp-content\/uploads\/2018\/12\/A01.jpg\" target=\"_blank\"><img loading=\"lazy\" decoding=\"async\" src=\"http:\/\/lorrylesmetz-histoire.fr\/wp-content\/uploads\/2018\/12\/A01-787x1329.jpg\" height=\"1329\" width=\"787\" alt=\"\" class=\"slider-4120 slide-4121 msDefaultImage\" title=\"A01\" \/><div class=\"caption-wrap\"><div class=\"caption\">Dominique Gros et Jean-Luc Bohl.<\/div><\/div><\/a><\/li>\n            <li style='display: none;' aria-roledescription='slide' aria-labelledby='slide-1'><a href=\"http:\/\/lorrylesmetz-histoire.fr\/wp-content\/uploads\/2018\/12\/A02.jpg\" target=\"_blank\"><img loading=\"lazy\" decoding=\"async\" src=\"http:\/\/lorrylesmetz-histoire.fr\/wp-content\/uploads\/2018\/12\/A02-787x1329.jpg\" height=\"1329\" width=\"787\" alt=\"\" class=\"slider-4120 slide-4122 msDefaultImage\" title=\"A02\" \/><\/a><\/li>\n            <li style='display: none;' aria-roledescription='slide' aria-labelledby='slide-2'><a href=\"http:\/\/lorrylesmetz-histoire.fr\/wp-content\/uploads\/2018\/12\/A03.jpg\" target=\"_blank\"><img loading=\"lazy\" decoding=\"async\" src=\"http:\/\/lorrylesmetz-histoire.fr\/wp-content\/uploads\/2018\/12\/A03-787x1329.jpg\" height=\"1329\" width=\"787\" alt=\"\" class=\"slider-4120 slide-4123 msDefaultImage\" title=\"A03\" \/><\/a><\/li>\n            <li style='display: none;' aria-roledescription='slide' aria-labelledby='slide-3'><a href=\"http:\/\/lorrylesmetz-histoire.fr\/wp-content\/uploads\/2018\/12\/A04.jpg\" target=\"_blank\"><img loading=\"lazy\" decoding=\"async\" src=\"http:\/\/lorrylesmetz-histoire.fr\/wp-content\/uploads\/2018\/12\/A04-787x1329.jpg\" height=\"1329\" width=\"787\" alt=\"\" class=\"slider-4120 slide-4124 msDefaultImage\" title=\"A04\" \/><\/a><\/li>\n            <li style='display: none;' aria-roledescription='slide' aria-labelledby='slide-4'><a href=\"http:\/\/lorrylesmetz-histoire.fr\/wp-content\/uploads\/2018\/12\/A05.jpg\" target=\"_blank\"><img loading=\"lazy\" decoding=\"async\" src=\"http:\/\/lorrylesmetz-histoire.fr\/wp-content\/uploads\/2018\/12\/A05-787x1329.jpg\" height=\"1329\" width=\"787\" alt=\"\" class=\"slider-4120 slide-4125 msDefaultImage\" title=\"A05\" \/><div class=\"caption-wrap\"><div class=\"caption\">Claude spitnagel et Fran\u00e7ois Courtade.<\/div><\/div><\/a><\/li>\n            <li style='display: none;' aria-roledescription='slide' aria-labelledby='slide-5'><a href=\"http:\/\/lorrylesmetz-histoire.fr\/wp-content\/uploads\/2018\/12\/A06.jpg\" target=\"_blank\"><img loading=\"lazy\" decoding=\"async\" src=\"http:\/\/lorrylesmetz-histoire.fr\/wp-content\/uploads\/2018\/12\/a06-787x1329.jpg\" height=\"1329\" width=\"787\" alt=\"\" class=\"slider-4120 slide-4126 msDefaultImage\" title=\"a06\" \/><div class=\"caption-wrap\"><div class=\"caption\">S\u00e9bastien Wagner, directeur des \u00c9ditions des Paraiges, en pleine discussion;<\/div><\/div><\/a><\/li>\n        <\/ul>\n        \n    <\/div>\n<\/div>\n<p>Photos Claudine Kester<\/p>\n<p><a href=\"http:\/\/lorrylesmetz-histoire.fr\/?page_id=2991\"><img loading=\"lazy\" decoding=\"async\" class=\"alignnone size-full wp-image-378\" src=\"http:\/\/lorrylesmetz-histoire.fr\/wp-content\/uploads\/2017\/05\/retour.png\" alt=\"\" width=\"89\" height=\"31\" \/><\/a><\/p>\n","protected":false},"excerpt":{"rendered":"<p>1er\u00a0d\u00e9cembre\u00a02018 Le vernissage de l\u2019exposition Philippe de Vigneulles \u00e0 la Maison du Pays messin s\u2019est fait avec la pr\u00e9sence de Dominique\u00a0Gros, maire de Metz, Jean-Luc\u00a0Bohl, maire de Montigny-l\u00e8s-Metz, pr\u00e9sident de Metz M\u00e9tropole et premier vice-pr\u00e9sident de la r\u00e9gion Grand Est,&hellip; <\/p>\n","protected":false},"author":1,"featured_media":0,"parent":2991,"menu_order":0,"comment_status":"closed","ping_status":"closed","template":"","meta":{"_mc_calendar":[],"footnotes":""},"class_list":["post-4127","page","type-page","status-publish","hentry"],"_links":{"self":[{"href":"http:\/\/lorrylesmetz-histoire.fr\/index.php?rest_route=\/wp\/v2\/pages\/4127","targetHints":{"allow":["GET"]}}],"collection":[{"href":"http:\/\/lorrylesmetz-histoire.fr\/index.php?rest_route=\/wp\/v2\/pages"}],"about":[{"href":"http:\/\/lorrylesmetz-histoire.fr\/index.php?rest_route=\/wp\/v2\/types\/page"}],"author":[{"embeddable":true,"href":"http:\/\/lorrylesmetz-histoire.fr\/index.php?rest_route=\/wp\/v2\/users\/1"}],"replies":[{"embeddable":true,"href":"http:\/\/lorrylesmetz-histoire.fr\/index.php?rest_route=%2Fwp%2Fv2%2Fcomments&post=4127"}],"version-history":[{"count":3,"href":"http:\/\/lorrylesmetz-histoire.fr\/index.php?rest_route=\/wp\/v2\/pages\/4127\/revisions"}],"predecessor-version":[{"id":4153,"href":"http:\/\/lorrylesmetz-histoire.fr\/index.php?rest_route=\/wp\/v2\/pages\/4127\/revisions\/4153"}],"up":[{"embeddable":true,"href":"http:\/\/lorrylesmetz-histoire.fr\/index.php?rest_route=\/wp\/v2\/pages\/2991"}],"wp:attachment":[{"href":"http:\/\/lorrylesmetz-histoire.fr\/index.php?rest_route=%2Fwp%2Fv2%2Fmedia&parent=4127"}],"curies":[{"name":"wp","href":"https:\/\/api.w.org\/{rel}","templated":true}]}}