{"id":4134,"date":"2018-12-03T08:41:04","date_gmt":"2018-12-03T07:41:04","guid":{"rendered":"http:\/\/lorrylesmetz-histoire.fr\/?page_id=4134"},"modified":"2018-12-03T08:51:29","modified_gmt":"2018-12-03T07:51:29","slug":"exposition-a-la-maison-dupays-messin","status":"publish","type":"page","link":"http:\/\/lorrylesmetz-histoire.fr\/?page_id=4134","title":{"rendered":"Exposition \u00e0 la maison du Pays messin"},"content":{"rendered":"<h2>23\u00a0novembre\u00a02018<\/h2>\n<p>Ouverture de l\u2019exposition \u00ab\u00a0Philippe\u00a0de Vigneulles\u00a0\u00bb \u00e0 la Maison du Pays messin, rue de Pont \u00e0 Mousson (\u00e0 droite \u00e0 l\u2019entr\u00e9e du Ch\u00e2teau de Courcelles).<br \/>\nCette exposition est visible les vendredis et samedis apr\u00e8s-midi de 14\u00a0h \u00e0 18\u00a0h du 23\u00a0novembre\u00a02018 au 26\u00a0janvier\u00a02019. Bienvenue aux visiteurs.<\/p>\n<div id=\"metaslider-id-4143\" style=\"width: 100%; margin: 0 auto;\" class=\"ml-slider-3-108-0 metaslider metaslider-responsive metaslider-4143 ml-slider has-dots-nav ms-theme-default\" role=\"region\" aria-label=\"Expo MPM 2\" data-height=\"1329\" data-width=\"787\">\n    <div id=\"metaslider_container_4143\">\n        <ul id='metaslider_4143' class='rslides'>\n            <li aria-roledescription='slide' aria-labelledby='slide-0'><a href=\"http:\/\/lorrylesmetz-histoire.fr\/wp-content\/uploads\/2018\/12\/B01.jpg\" target=\"_blank\"><img loading=\"lazy\" decoding=\"async\" src=\"http:\/\/lorrylesmetz-histoire.fr\/wp-content\/uploads\/2018\/12\/B01-787x1329.jpg\" height=\"1329\" width=\"787\" alt=\"\" class=\"slider-4143 slide-4144 msDefaultImage\" title=\"B01\" \/><\/a><\/li>\n            <li style='display: none;' aria-roledescription='slide' aria-labelledby='slide-1'><a href=\"http:\/\/lorrylesmetz-histoire.fr\/wp-content\/uploads\/2018\/12\/B02.jpg\" target=\"_blank\"><img loading=\"lazy\" decoding=\"async\" src=\"http:\/\/lorrylesmetz-histoire.fr\/wp-content\/uploads\/2018\/12\/B02-787x1329.jpg\" height=\"1329\" width=\"787\" alt=\"\" class=\"slider-4143 slide-4145 msDefaultImage\" title=\"B02\" \/><\/a><\/li>\n            <li style='display: none;' aria-roledescription='slide' aria-labelledby='slide-2'><a href=\"http:\/\/lorrylesmetz-histoire.fr\/wp-content\/uploads\/2018\/12\/B03.jpg\" target=\"_blank\"><img loading=\"lazy\" decoding=\"async\" src=\"http:\/\/lorrylesmetz-histoire.fr\/wp-content\/uploads\/2018\/12\/B03-787x1329.jpg\" height=\"1329\" width=\"787\" alt=\"\" class=\"slider-4143 slide-4146 msDefaultImage\" title=\"B03\" \/><\/a><\/li>\n            <li style='display: none;' aria-roledescription='slide' aria-labelledby='slide-3'><a href=\"http:\/\/lorrylesmetz-histoire.fr\/wp-content\/uploads\/2018\/12\/B04.jpg\" target=\"_blank\"><img loading=\"lazy\" decoding=\"async\" src=\"http:\/\/lorrylesmetz-histoire.fr\/wp-content\/uploads\/2018\/12\/B04-787x1329.jpg\" height=\"1329\" width=\"787\" alt=\"\" class=\"slider-4143 slide-4147 msDefaultImage\" title=\"B04\" \/><\/a><\/li>\n        <\/ul>\n        \n    <\/div>\n<\/div>\n<p>Photos Claudine Kester<\/p>\n<p><a href=\"http:\/\/lorrylesmetz-histoire.fr\/?page_id=2991\"><img loading=\"lazy\" decoding=\"async\" class=\"alignnone size-full wp-image-378\" src=\"http:\/\/lorrylesmetz-histoire.fr\/wp-content\/uploads\/2017\/05\/retour.png\" alt=\"\" width=\"89\" height=\"31\" \/><\/a><\/p>\n","protected":false},"excerpt":{"rendered":"<p>23\u00a0novembre\u00a02018 Ouverture de l\u2019exposition \u00ab\u00a0Philippe\u00a0de Vigneulles\u00a0\u00bb \u00e0 la Maison du Pays messin, rue de Pont \u00e0 Mousson (\u00e0 droite \u00e0 l\u2019entr\u00e9e du Ch\u00e2teau de Courcelles). Cette exposition est visible les vendredis et samedis apr\u00e8s-midi de 14\u00a0h \u00e0 18\u00a0h du 23\u00a0novembre\u00a02018&hellip; <\/p>\n","protected":false},"author":1,"featured_media":0,"parent":2991,"menu_order":1,"comment_status":"closed","ping_status":"closed","template":"","meta":{"_mc_calendar":[],"footnotes":""},"class_list":["post-4134","page","type-page","status-publish","hentry"],"_links":{"self":[{"href":"http:\/\/lorrylesmetz-histoire.fr\/index.php?rest_route=\/wp\/v2\/pages\/4134","targetHints":{"allow":["GET"]}}],"collection":[{"href":"http:\/\/lorrylesmetz-histoire.fr\/index.php?rest_route=\/wp\/v2\/pages"}],"about":[{"href":"http:\/\/lorrylesmetz-histoire.fr\/index.php?rest_route=\/wp\/v2\/types\/page"}],"author":[{"embeddable":true,"href":"http:\/\/lorrylesmetz-histoire.fr\/index.php?rest_route=\/wp\/v2\/users\/1"}],"replies":[{"embeddable":true,"href":"http:\/\/lorrylesmetz-histoire.fr\/index.php?rest_route=%2Fwp%2Fv2%2Fcomments&post=4134"}],"version-history":[{"count":6,"href":"http:\/\/lorrylesmetz-histoire.fr\/index.php?rest_route=\/wp\/v2\/pages\/4134\/revisions"}],"predecessor-version":[{"id":4152,"href":"http:\/\/lorrylesmetz-histoire.fr\/index.php?rest_route=\/wp\/v2\/pages\/4134\/revisions\/4152"}],"up":[{"embeddable":true,"href":"http:\/\/lorrylesmetz-histoire.fr\/index.php?rest_route=\/wp\/v2\/pages\/2991"}],"wp:attachment":[{"href":"http:\/\/lorrylesmetz-histoire.fr\/index.php?rest_route=%2Fwp%2Fv2%2Fmedia&parent=4134"}],"curies":[{"name":"wp","href":"https:\/\/api.w.org\/{rel}","templated":true}]}}