{"id":4252,"date":"2018-12-03T12:02:13","date_gmt":"2018-12-03T11:02:13","guid":{"rendered":"http:\/\/lorrylesmetz-histoire.fr\/?page_id=4252"},"modified":"2018-12-03T14:42:55","modified_gmt":"2018-12-03T13:42:55","slug":"salon-dulivre-a-woippy","status":"publish","type":"page","link":"http:\/\/lorrylesmetz-histoire.fr\/?page_id=4252","title":{"rendered":"Salon du livre \u00e0 Woippy"},"content":{"rendered":"<h2>Samedi 17, dimanche 18\u00a0novembre\u00a02018<\/h2>\n<p>Lorry-l\u00e8s-Metz \u00ab\u00a0au fil du temps\u00a0\u00bb \u00e9tait au Salon du Livre d\u2019Histoire de Woippy pour expliquer les activit\u00e9s de l\u2019association aux chalands. Nous \u00e9tions plac\u00e9s \u00e0 c\u00f4t\u00e9 de nos amis Plappevillois et les membres du comit\u00e9 \u00e9taient au poste.<br \/>\nComme toujours, les rencontres ont \u00e9t\u00e9 annuelles amicales et chaleureuses avec un accueil attentif de la ville de Woippy et de la SHW\u2009!<\/p>\n<div id=\"metaslider-id-4268\" style=\"width: 100%; margin: 0 auto;\" class=\"ml-slider-3-108-0 metaslider metaslider-responsive metaslider-4268 ml-slider has-dots-nav ms-theme-default\" role=\"region\" aria-label=\"Salon Woippy 2018\" data-height=\"600\" data-width=\"600\">\n    <div id=\"metaslider_container_4268\">\n        <ul id='metaslider_4268' class='rslides'>\n            <li aria-roledescription='slide' aria-labelledby='slide-0'><a href=\"http:\/\/lorrylesmetz-histoire.fr\/wp-content\/uploads\/2018\/12\/E01-1.jpg\" target=\"_blank\"><img loading=\"lazy\" decoding=\"async\" src=\"http:\/\/lorrylesmetz-histoire.fr\/wp-content\/uploads\/2018\/12\/E01-1-600x600.jpg\" height=\"600\" width=\"600\" alt=\"\" class=\"slider-4268 slide-4269 msDefaultImage\" title=\"E01\" \/><\/a><\/li>\n            <li style='display: none;' aria-roledescription='slide' aria-labelledby='slide-1'><a href=\"http:\/\/lorrylesmetz-histoire.fr\/wp-content\/uploads\/2018\/12\/E02.jpg\" target=\"_blank\"><img loading=\"lazy\" decoding=\"async\" src=\"http:\/\/lorrylesmetz-histoire.fr\/wp-content\/uploads\/2018\/12\/E02-600x600.jpg\" height=\"600\" width=\"600\" alt=\"\" class=\"slider-4268 slide-4270 msDefaultImage\" title=\"E02\" \/><\/a><\/li>\n            <li style='display: none;' aria-roledescription='slide' aria-labelledby='slide-2'><a href=\"http:\/\/lorrylesmetz-histoire.fr\/wp-content\/uploads\/2018\/12\/E03.jpg\" target=\"_blank\"><img loading=\"lazy\" decoding=\"async\" src=\"http:\/\/lorrylesmetz-histoire.fr\/wp-content\/uploads\/2018\/12\/E03-600x600.jpg\" height=\"600\" width=\"600\" alt=\"\" class=\"slider-4268 slide-4271 msDefaultImage\" title=\"E03\" \/><\/a><\/li>\n            <li style='display: none;' aria-roledescription='slide' aria-labelledby='slide-3'><a href=\"http:\/\/lorrylesmetz-histoire.fr\/wp-content\/uploads\/2018\/12\/E04.jpg\" target=\"_blank\"><img loading=\"lazy\" decoding=\"async\" src=\"http:\/\/lorrylesmetz-histoire.fr\/wp-content\/uploads\/2018\/12\/E04-600x600.jpg\" height=\"600\" width=\"600\" alt=\"\" class=\"slider-4268 slide-4272 msDefaultImage\" title=\"E04\" \/><\/a><\/li>\n            <li style='display: none;' aria-roledescription='slide' aria-labelledby='slide-4'><a href=\"http:\/\/lorrylesmetz-histoire.fr\/wp-content\/uploads\/2018\/12\/E05.jpg\" target=\"_blank\"><img loading=\"lazy\" decoding=\"async\" src=\"http:\/\/lorrylesmetz-histoire.fr\/wp-content\/uploads\/2018\/12\/E05-600x600.jpg\" height=\"600\" width=\"600\" alt=\"\" class=\"slider-4268 slide-4273 msDefaultImage\" title=\"E05\" \/><\/a><\/li>\n            <li style='display: none;' aria-roledescription='slide' aria-labelledby='slide-5'><a href=\"http:\/\/lorrylesmetz-histoire.fr\/wp-content\/uploads\/2018\/12\/E06.jpg\" target=\"_blank\"><img loading=\"lazy\" decoding=\"async\" src=\"http:\/\/lorrylesmetz-histoire.fr\/wp-content\/uploads\/2018\/12\/E06-600x600.jpg\" height=\"600\" width=\"600\" alt=\"\" class=\"slider-4268 slide-4274 msDefaultImage\" title=\"E06\" \/><\/a><\/li>\n            <li style='display: none;' aria-roledescription='slide' aria-labelledby='slide-6'><a href=\"http:\/\/lorrylesmetz-histoire.fr\/wp-content\/uploads\/2018\/12\/E07.jpg\" target=\"_blank\"><img loading=\"lazy\" decoding=\"async\" src=\"http:\/\/lorrylesmetz-histoire.fr\/wp-content\/uploads\/2018\/12\/E07-600x600.jpg\" height=\"600\" width=\"600\" alt=\"\" class=\"slider-4268 slide-4275 msDefaultImage\" title=\"E07\" \/><\/a><\/li>\n            <li style='display: none;' aria-roledescription='slide' aria-labelledby='slide-7'><a href=\"http:\/\/lorrylesmetz-histoire.fr\/wp-content\/uploads\/2018\/12\/E08.jpg\" target=\"_blank\"><img loading=\"lazy\" decoding=\"async\" src=\"http:\/\/lorrylesmetz-histoire.fr\/wp-content\/uploads\/2018\/12\/E08-600x600.jpg\" height=\"600\" width=\"600\" alt=\"\" class=\"slider-4268 slide-4276 msDefaultImage\" title=\"E08\" \/><\/a><\/li>\n            <li style='display: none;' aria-roledescription='slide' aria-labelledby='slide-8'><a href=\"http:\/\/lorrylesmetz-histoire.fr\/wp-content\/uploads\/2018\/12\/E09.jpg\" target=\"_blank\"><img loading=\"lazy\" decoding=\"async\" src=\"http:\/\/lorrylesmetz-histoire.fr\/wp-content\/uploads\/2018\/12\/E09-600x600.jpg\" height=\"600\" width=\"600\" alt=\"\" class=\"slider-4268 slide-4277 msDefaultImage\" title=\"E09\" \/><\/a><\/li>\n            <li style='display: none;' aria-roledescription='slide' aria-labelledby='slide-9'><a href=\"http:\/\/lorrylesmetz-histoire.fr\/wp-content\/uploads\/2018\/12\/E10.jpg\" target=\"_blank\"><img loading=\"lazy\" decoding=\"async\" src=\"http:\/\/lorrylesmetz-histoire.fr\/wp-content\/uploads\/2018\/12\/E10-600x600.jpg\" height=\"600\" width=\"600\" alt=\"\" class=\"slider-4268 slide-4278 msDefaultImage\" title=\"E10\" \/><\/a><\/li>\n            <li style='display: none;' aria-roledescription='slide' aria-labelledby='slide-10'><a href=\"http:\/\/lorrylesmetz-histoire.fr\/wp-content\/uploads\/2018\/12\/E11.jpg\" target=\"_blank\"><img loading=\"lazy\" decoding=\"async\" src=\"http:\/\/lorrylesmetz-histoire.fr\/wp-content\/uploads\/2018\/12\/E11-600x600.jpg\" height=\"600\" width=\"600\" alt=\"\" class=\"slider-4268 slide-4279 msDefaultImage\" title=\"E11\" \/><\/a><\/li>\n            <li style='display: none;' aria-roledescription='slide' aria-labelledby='slide-11'><a href=\"http:\/\/lorrylesmetz-histoire.fr\/wp-content\/uploads\/2018\/12\/E12.jpg\" target=\"_blank\"><img loading=\"lazy\" decoding=\"async\" src=\"http:\/\/lorrylesmetz-histoire.fr\/wp-content\/uploads\/2018\/12\/E12-600x600.jpg\" height=\"600\" width=\"600\" alt=\"\" class=\"slider-4268 slide-4280 msDefaultImage\" title=\"E12\" \/><\/a><\/li>\n            <li style='display: none;' aria-roledescription='slide' aria-labelledby='slide-12'><a href=\"http:\/\/lorrylesmetz-histoire.fr\/wp-content\/uploads\/2018\/12\/E13.jpg\" target=\"_blank\"><img loading=\"lazy\" decoding=\"async\" src=\"http:\/\/lorrylesmetz-histoire.fr\/wp-content\/uploads\/2018\/12\/E13-600x600.jpg\" height=\"600\" width=\"600\" alt=\"\" class=\"slider-4268 slide-4281 msDefaultImage\" title=\"E13\" \/><\/a><\/li>\n        <\/ul>\n        \n    <\/div>\n<\/div>\n<p>Photos Claudine Kester et Roger Mariotte.<\/p>\n<p><a href=\"http:\/\/lorrylesmetz-histoire.fr\/?page_id=3008\"><img loading=\"lazy\" decoding=\"async\" class=\"alignnone size-full wp-image-378\" src=\"http:\/\/lorrylesmetz-histoire.fr\/wp-content\/uploads\/2017\/05\/retour.png\" alt=\"\" width=\"89\" height=\"31\" \/><\/a><\/p>\n","protected":false},"excerpt":{"rendered":"<p>Samedi 17, dimanche 18\u00a0novembre\u00a02018 Lorry-l\u00e8s-Metz \u00ab\u00a0au fil du temps\u00a0\u00bb \u00e9tait au Salon du Livre d\u2019Histoire de Woippy pour expliquer les activit\u00e9s de l\u2019association aux chalands. Nous \u00e9tions plac\u00e9s \u00e0 c\u00f4t\u00e9 de nos amis Plappevillois et les membres du comit\u00e9 \u00e9taient&hellip; <\/p>\n","protected":false},"author":1,"featured_media":0,"parent":3008,"menu_order":8,"comment_status":"closed","ping_status":"closed","template":"","meta":{"_mc_calendar":[],"footnotes":""},"class_list":["post-4252","page","type-page","status-publish","hentry"],"_links":{"self":[{"href":"http:\/\/lorrylesmetz-histoire.fr\/index.php?rest_route=\/wp\/v2\/pages\/4252","targetHints":{"allow":["GET"]}}],"collection":[{"href":"http:\/\/lorrylesmetz-histoire.fr\/index.php?rest_route=\/wp\/v2\/pages"}],"about":[{"href":"http:\/\/lorrylesmetz-histoire.fr\/index.php?rest_route=\/wp\/v2\/types\/page"}],"author":[{"embeddable":true,"href":"http:\/\/lorrylesmetz-histoire.fr\/index.php?rest_route=\/wp\/v2\/users\/1"}],"replies":[{"embeddable":true,"href":"http:\/\/lorrylesmetz-histoire.fr\/index.php?rest_route=%2Fwp%2Fv2%2Fcomments&post=4252"}],"version-history":[{"count":4,"href":"http:\/\/lorrylesmetz-histoire.fr\/index.php?rest_route=\/wp\/v2\/pages\/4252\/revisions"}],"predecessor-version":[{"id":4289,"href":"http:\/\/lorrylesmetz-histoire.fr\/index.php?rest_route=\/wp\/v2\/pages\/4252\/revisions\/4289"}],"up":[{"embeddable":true,"href":"http:\/\/lorrylesmetz-histoire.fr\/index.php?rest_route=\/wp\/v2\/pages\/3008"}],"wp:attachment":[{"href":"http:\/\/lorrylesmetz-histoire.fr\/index.php?rest_route=%2Fwp%2Fv2%2Fmedia&parent=4252"}],"curies":[{"name":"wp","href":"https:\/\/api.w.org\/{rel}","templated":true}]}}