{"id":4291,"date":"2019-02-13T16:43:55","date_gmt":"2019-02-13T15:43:55","guid":{"rendered":"http:\/\/lorrylesmetz-histoire.fr\/?page_id=4291"},"modified":"2019-02-13T19:20:25","modified_gmt":"2019-02-13T18:20:25","slug":"itep","status":"publish","type":"page","link":"http:\/\/lorrylesmetz-histoire.fr\/?page_id=4291","title":{"rendered":"Mayotte \u00e0 l&rsquo;ITEP"},"content":{"rendered":"\r\n\r\n\r\n<h2 class=\"wp-block-heading\">29 novembre 2018<\/h2>\r\n\r\n\r\n\r\n<p>Lorry-l\u00e8s-Metz \u00ab\u00a0au fil du temps\u00a0\u00bb \u00e9tait convi\u00e9 par l&rsquo;ITEP \u00e0 la remise officielle de Mayotte, labrador m\u00e9diatrice. Yasmina Saidia, la directrice, et les \u00e9ducateurs ont pu ainsi accueillir la dame qui a \u00e9lev\u00e9 la chienne pendant un an ainsi que le maire de Lorry-l\u00e8s-Metz, des repr\u00e9sentants du CMSEA et le Rotary club, qui a parrain\u00e9 le dossier.<\/p>\r\n\r\n\r\n\r\n<p>Un diaporama et un livre de bord r\u00e9alis\u00e9s par les enfants racontaient combien cette chienne leur apportait de bien-\u00eatre de par les activit\u00e9s faites gr\u00e2ce \u00e0 elle et les temps de c\u00e2lins.<\/p>\r\n\r\n\r\n\r\n<p>Un cocktail (o\u00f9 certains enfants avaient cuisin\u00e9 eux-m\u00eames les g\u00e2teaux) a permis de sympathiques \u00e9changes.<\/p>\r\n\r\n\r\n\r\n<div id=\"metaslider-id-4308\" style=\"width: 100%; margin: 0 auto;\" class=\"ml-slider-3-108-0 metaslider metaslider-responsive metaslider-4308 ml-slider has-dots-nav ms-theme-default\" role=\"region\" aria-label=\"ITEP\" data-height=\"800\" data-width=\"800\">\n    <div id=\"metaslider_container_4308\">\n        <ul id='metaslider_4308' class='rslides'>\n            <li aria-roledescription='slide' aria-labelledby='slide-0'><a href=\"http:\/\/lorrylesmetz-histoire.fr\/wp-content\/uploads\/2019\/02\/AA01.jpg\" target=\"_blank\"><img loading=\"lazy\" decoding=\"async\" src=\"http:\/\/lorrylesmetz-histoire.fr\/wp-content\/uploads\/2019\/02\/AA01-800x800.jpg\" height=\"800\" width=\"800\" alt=\"\" class=\"slider-4308 slide-4309 msDefaultImage\" title=\"AA01\" \/><\/a><\/li>\n            <li style='display: none;' aria-roledescription='slide' aria-labelledby='slide-1'><a href=\"http:\/\/lorrylesmetz-histoire.fr\/wp-content\/uploads\/2019\/02\/AA02.jpg\" target=\"_blank\"><img loading=\"lazy\" decoding=\"async\" src=\"http:\/\/lorrylesmetz-histoire.fr\/wp-content\/uploads\/2019\/02\/AA02-800x800.jpg\" height=\"800\" width=\"800\" alt=\"\" class=\"slider-4308 slide-4310 msDefaultImage\" title=\"AA02\" \/><\/a><\/li>\n            <li style='display: none;' aria-roledescription='slide' aria-labelledby='slide-2'><a href=\"http:\/\/lorrylesmetz-histoire.fr\/wp-content\/uploads\/2019\/02\/AA03.jpg\" target=\"_blank\"><img loading=\"lazy\" decoding=\"async\" src=\"http:\/\/lorrylesmetz-histoire.fr\/wp-content\/uploads\/2019\/02\/AA03-800x800.jpg\" height=\"800\" width=\"800\" alt=\"\" class=\"slider-4308 slide-4311 msDefaultImage\" title=\"AA03\" \/><\/a><\/li>\n            <li style='display: none;' aria-roledescription='slide' aria-labelledby='slide-3'><a href=\"http:\/\/lorrylesmetz-histoire.fr\/wp-content\/uploads\/2019\/02\/AA04.jpg\" target=\"_blank\"><img loading=\"lazy\" decoding=\"async\" src=\"http:\/\/lorrylesmetz-histoire.fr\/wp-content\/uploads\/2019\/02\/AA04-800x800.jpg\" height=\"800\" width=\"800\" alt=\"\" class=\"slider-4308 slide-4312 msDefaultImage\" title=\"AA04\" \/><\/a><\/li>\n            <li style='display: none;' aria-roledescription='slide' aria-labelledby='slide-4'><a href=\"http:\/\/lorrylesmetz-histoire.fr\/wp-content\/uploads\/2019\/02\/AA05.jpg\" target=\"_blank\"><img loading=\"lazy\" decoding=\"async\" src=\"http:\/\/lorrylesmetz-histoire.fr\/wp-content\/uploads\/2019\/02\/AA05-800x800.jpg\" height=\"800\" width=\"800\" alt=\"\" class=\"slider-4308 slide-4313 msDefaultImage\" title=\"AA05\" \/><\/a><\/li>\n            <li style='display: none;' aria-roledescription='slide' aria-labelledby='slide-5'><a href=\"http:\/\/lorrylesmetz-histoire.fr\/wp-content\/uploads\/2019\/02\/AA06.jpg\" target=\"_blank\"><img loading=\"lazy\" decoding=\"async\" src=\"http:\/\/lorrylesmetz-histoire.fr\/wp-content\/uploads\/2019\/02\/AA06-800x800.jpg\" height=\"800\" width=\"800\" alt=\"\" class=\"slider-4308 slide-4314 msDefaultImage\" title=\"AA06\" \/><\/a><\/li>\n            <li style='display: none;' aria-roledescription='slide' aria-labelledby='slide-6'><a href=\"http:\/\/lorrylesmetz-histoire.fr\/wp-content\/uploads\/2019\/02\/AA07.jpg\" target=\"_blank\"><img loading=\"lazy\" decoding=\"async\" src=\"http:\/\/lorrylesmetz-histoire.fr\/wp-content\/uploads\/2019\/02\/AA07-800x800.jpg\" height=\"800\" width=\"800\" alt=\"\" class=\"slider-4308 slide-4315 msDefaultImage\" title=\"AA07\" \/><\/a><\/li>\n            <li style='display: none;' aria-roledescription='slide' aria-labelledby='slide-7'><a href=\"http:\/\/lorrylesmetz-histoire.fr\/wp-content\/uploads\/2019\/02\/AA08.jpg\" target=\"_blank\"><img loading=\"lazy\" decoding=\"async\" src=\"http:\/\/lorrylesmetz-histoire.fr\/wp-content\/uploads\/2019\/02\/AA08-800x800.jpg\" height=\"800\" width=\"800\" alt=\"\" class=\"slider-4308 slide-4316 msDefaultImage\" title=\"AA08\" \/><\/a><\/li>\n            <li style='display: none;' aria-roledescription='slide' aria-labelledby='slide-8'><a href=\"http:\/\/lorrylesmetz-histoire.fr\/wp-content\/uploads\/2019\/02\/AA09.jpg\" target=\"_blank\"><img loading=\"lazy\" decoding=\"async\" src=\"http:\/\/lorrylesmetz-histoire.fr\/wp-content\/uploads\/2019\/02\/AA09-800x800.jpg\" height=\"800\" width=\"800\" alt=\"\" class=\"slider-4308 slide-4317 msDefaultImage\" title=\"AA09\" \/><\/a><\/li>\n            <li style='display: none;' aria-roledescription='slide' aria-labelledby='slide-9'><a href=\"http:\/\/lorrylesmetz-histoire.fr\/wp-content\/uploads\/2019\/02\/AA10.jpg\" target=\"_blank\"><img loading=\"lazy\" decoding=\"async\" src=\"http:\/\/lorrylesmetz-histoire.fr\/wp-content\/uploads\/2019\/02\/AA10-800x800.jpg\" height=\"800\" width=\"800\" alt=\"\" class=\"slider-4308 slide-4318 msDefaultImage\" title=\"AA10\" \/><\/a><\/li>\n            <li style='display: none;' aria-roledescription='slide' aria-labelledby='slide-10'><a href=\"http:\/\/lorrylesmetz-histoire.fr\/wp-content\/uploads\/2019\/02\/AA11.jpg\" target=\"_blank\"><img loading=\"lazy\" decoding=\"async\" src=\"http:\/\/lorrylesmetz-histoire.fr\/wp-content\/uploads\/2019\/02\/AA11-800x800.jpg\" height=\"800\" width=\"800\" alt=\"\" class=\"slider-4308 slide-4319 msDefaultImage\" title=\"AA11\" \/><\/a><\/li>\n            <li style='display: none;' aria-roledescription='slide' aria-labelledby='slide-11'><a href=\"http:\/\/lorrylesmetz-histoire.fr\/wp-content\/uploads\/2019\/02\/AA12.jpg\" target=\"_blank\"><img loading=\"lazy\" decoding=\"async\" src=\"http:\/\/lorrylesmetz-histoire.fr\/wp-content\/uploads\/2019\/02\/AA12-800x800.jpg\" height=\"800\" width=\"800\" alt=\"\" class=\"slider-4308 slide-4320 msDefaultImage\" title=\"AA12\" \/><\/a><\/li>\n            <li style='display: none;' aria-roledescription='slide' aria-labelledby='slide-12'><a href=\"http:\/\/lorrylesmetz-histoire.fr\/wp-content\/uploads\/2019\/02\/AA13.jpg\" target=\"_blank\"><img loading=\"lazy\" decoding=\"async\" src=\"http:\/\/lorrylesmetz-histoire.fr\/wp-content\/uploads\/2019\/02\/AA13-800x800.jpg\" height=\"800\" width=\"800\" alt=\"\" class=\"slider-4308 slide-4321 msDefaultImage\" title=\"AA13\" \/><\/a><\/li>\n        <\/ul>\n        \n    <\/div>\n<\/div>\r\n<p>Photos Claudine Kester.<\/p>\r\n<p><a href=\"http:\/\/lorrylesmetz-histoire.fr\/?page_id=3008\"><img loading=\"lazy\" decoding=\"async\" class=\"alignnone size-full wp-image-378\" src=\"http:\/\/lorrylesmetz-histoire.fr\/wp-content\/uploads\/2017\/05\/retour.png\" alt=\"\" width=\"89\" height=\"31\" \/><\/a><\/p>\r\n<p>&nbsp;<\/p>\r\n","protected":false},"excerpt":{"rendered":"<p>29 novembre 2018 Lorry-l\u00e8s-Metz \u00ab\u00a0au fil du temps\u00a0\u00bb \u00e9tait convi\u00e9 par l&rsquo;ITEP \u00e0 la remise officielle de Mayotte, labrador m\u00e9diatrice. Yasmina Saidia, la directrice, et les \u00e9ducateurs ont pu ainsi accueillir la dame qui a \u00e9lev\u00e9 la chienne pendant un&hellip; <\/p>\n","protected":false},"author":1,"featured_media":0,"parent":3008,"menu_order":9,"comment_status":"closed","ping_status":"closed","template":"","meta":{"_mc_calendar":[],"footnotes":""},"class_list":["post-4291","page","type-page","status-publish","hentry"],"_links":{"self":[{"href":"http:\/\/lorrylesmetz-histoire.fr\/index.php?rest_route=\/wp\/v2\/pages\/4291","targetHints":{"allow":["GET"]}}],"collection":[{"href":"http:\/\/lorrylesmetz-histoire.fr\/index.php?rest_route=\/wp\/v2\/pages"}],"about":[{"href":"http:\/\/lorrylesmetz-histoire.fr\/index.php?rest_route=\/wp\/v2\/types\/page"}],"author":[{"embeddable":true,"href":"http:\/\/lorrylesmetz-histoire.fr\/index.php?rest_route=\/wp\/v2\/users\/1"}],"replies":[{"embeddable":true,"href":"http:\/\/lorrylesmetz-histoire.fr\/index.php?rest_route=%2Fwp%2Fv2%2Fcomments&post=4291"}],"version-history":[{"count":6,"href":"http:\/\/lorrylesmetz-histoire.fr\/index.php?rest_route=\/wp\/v2\/pages\/4291\/revisions"}],"predecessor-version":[{"id":4409,"href":"http:\/\/lorrylesmetz-histoire.fr\/index.php?rest_route=\/wp\/v2\/pages\/4291\/revisions\/4409"}],"up":[{"embeddable":true,"href":"http:\/\/lorrylesmetz-histoire.fr\/index.php?rest_route=\/wp\/v2\/pages\/3008"}],"wp:attachment":[{"href":"http:\/\/lorrylesmetz-histoire.fr\/index.php?rest_route=%2Fwp%2Fv2%2Fmedia&parent=4291"}],"curies":[{"name":"wp","href":"https:\/\/api.w.org\/{rel}","templated":true}]}}