{"id":4325,"date":"2019-02-13T17:27:55","date_gmt":"2019-02-13T16:27:55","guid":{"rendered":"http:\/\/lorrylesmetz-histoire.fr\/?page_id=4325"},"modified":"2019-02-13T19:22:31","modified_gmt":"2019-02-13T18:22:31","slug":"jeanne-et-vincent","status":"publish","type":"page","link":"http:\/\/lorrylesmetz-histoire.fr\/?page_id=4325","title":{"rendered":"Jeanne et Vincent"},"content":{"rendered":"<h2>16 d\u00e9cembre<\/h2>\n<p>Eh bien disons le tout de suite&#8230; la neige en a d\u00e9courag\u00e9 quelques uns de venir applaudir \u00ab\u00a0Jeanne et Vincent\u00a0\u00bb, ils seront pardonn\u00e9s. Ceux qui \u00e9taient pr\u00e9sents ont pass\u00e9 une soir\u00e9e chaleureuse, bon texte, bons acteurs, bonne mise en sc\u00e8ne. Merci \u00e0 Milena Br\u00e9, Philippe Voivenel et Pierre, le technicien.<\/p>\n<p>Apr\u00e8s le spectacle, la pr\u00e9sidente a rappel\u00e9 au public combien il \u00e9tait important de laisser des traces \u00e9crites de la m\u00e9moire familiale et qu&rsquo;importe si l&rsquo;on n&rsquo;est pas Vigny, et qu&rsquo;importe si l&rsquo;orthographe n&rsquo;est pas sure, cela fera s&rsquo;attendrir les descendants, (\u00e0 supposer qu&rsquo;ils les remarquent). Les journaux de bord relatant les sagas familiales avec leur rires et leurs larmes sont pr\u00e9cieux, ils sont un fil d&rsquo;Ariane g\u00e9n\u00e9alogique qui r\u00e9v\u00e8lent bien des surprises et permettent la compr\u00e9hension en aval de certaines situations. Alors, faites parler les anciens, racontez votre vie, celles de vos enfants, les fac\u00e9ties de vos petits-enfants&#8230; T\u00e9moignez de votre \u00e9poque et de vos actes, l&rsquo;Histoire vous en sera reconnaissante, car c&rsquo;est souvent par la petite histoire que la grande se v\u00e9rifie.<\/p>\n<div id=\"metaslider-id-4338\" style=\"width: 100%; margin: 0 auto;\" class=\"ml-slider-3-108-0 metaslider metaslider-responsive metaslider-4338 ml-slider has-dots-nav ms-theme-default\" role=\"region\" aria-label=\"Jeanne-Vincent\" data-height=\"800\" data-width=\"800\">\n    <div id=\"metaslider_container_4338\">\n        <ul id='metaslider_4338' class='rslides'>\n            <li aria-roledescription='slide' aria-labelledby='slide-0'><a href=\"http:\/\/lorrylesmetz-histoire.fr\/wp-content\/uploads\/2019\/02\/AB01.jpg\" target=\"_blank\"><img loading=\"lazy\" decoding=\"async\" src=\"http:\/\/lorrylesmetz-histoire.fr\/wp-content\/uploads\/2019\/02\/AB01-800x800.jpg\" height=\"800\" width=\"800\" alt=\"\" class=\"slider-4338 slide-4339 msDefaultImage\" title=\"AB01\" \/><\/a><\/li>\n            <li style='display: none;' aria-roledescription='slide' aria-labelledby='slide-1'><a href=\"http:\/\/lorrylesmetz-histoire.fr\/wp-content\/uploads\/2019\/02\/AB02.jpg\" target=\"_blank\"><img loading=\"lazy\" decoding=\"async\" src=\"http:\/\/lorrylesmetz-histoire.fr\/wp-content\/uploads\/2019\/02\/AB02-800x800.jpg\" height=\"800\" width=\"800\" alt=\"\" class=\"slider-4338 slide-4340 msDefaultImage\" title=\"AB02\" \/><\/a><\/li>\n            <li style='display: none;' aria-roledescription='slide' aria-labelledby='slide-2'><a href=\"http:\/\/lorrylesmetz-histoire.fr\/wp-content\/uploads\/2019\/02\/AB03.jpg\" target=\"_blank\"><img loading=\"lazy\" decoding=\"async\" src=\"http:\/\/lorrylesmetz-histoire.fr\/wp-content\/uploads\/2019\/02\/AB03-800x800.jpg\" height=\"800\" width=\"800\" alt=\"\" class=\"slider-4338 slide-4341 msDefaultImage\" title=\"AB03\" \/><\/a><\/li>\n            <li style='display: none;' aria-roledescription='slide' aria-labelledby='slide-3'><a href=\"http:\/\/lorrylesmetz-histoire.fr\/wp-content\/uploads\/2019\/02\/AB04.jpg\" target=\"_blank\"><img loading=\"lazy\" decoding=\"async\" src=\"http:\/\/lorrylesmetz-histoire.fr\/wp-content\/uploads\/2019\/02\/AB04-800x800.jpg\" height=\"800\" width=\"800\" alt=\"\" class=\"slider-4338 slide-4342 msDefaultImage\" title=\"AB04\" \/><\/a><\/li>\n            <li style='display: none;' aria-roledescription='slide' aria-labelledby='slide-4'><a href=\"http:\/\/lorrylesmetz-histoire.fr\/wp-content\/uploads\/2019\/02\/AB05.jpg\" target=\"_blank\"><img loading=\"lazy\" decoding=\"async\" src=\"http:\/\/lorrylesmetz-histoire.fr\/wp-content\/uploads\/2019\/02\/AB05-800x800.jpg\" height=\"800\" width=\"800\" alt=\"\" class=\"slider-4338 slide-4343 msDefaultImage\" title=\"AB05\" \/><\/a><\/li>\n            <li style='display: none;' aria-roledescription='slide' aria-labelledby='slide-5'><a href=\"http:\/\/lorrylesmetz-histoire.fr\/wp-content\/uploads\/2019\/02\/AB06.jpg\" target=\"_blank\"><img loading=\"lazy\" decoding=\"async\" src=\"http:\/\/lorrylesmetz-histoire.fr\/wp-content\/uploads\/2019\/02\/AB06-800x800.jpg\" height=\"800\" width=\"800\" alt=\"\" class=\"slider-4338 slide-4344 msDefaultImage\" title=\"AB06\" \/><\/a><\/li>\n            <li style='display: none;' aria-roledescription='slide' aria-labelledby='slide-6'><a href=\"http:\/\/lorrylesmetz-histoire.fr\/wp-content\/uploads\/2019\/02\/AB07.jpg\" target=\"_blank\"><img loading=\"lazy\" decoding=\"async\" src=\"http:\/\/lorrylesmetz-histoire.fr\/wp-content\/uploads\/2019\/02\/AB07-800x800.jpg\" height=\"800\" width=\"800\" alt=\"\" class=\"slider-4338 slide-4345 msDefaultImage\" title=\"AB07\" \/><\/a><\/li>\n            <li style='display: none;' aria-roledescription='slide' aria-labelledby='slide-7'><a href=\"http:\/\/lorrylesmetz-histoire.fr\/wp-content\/uploads\/2019\/02\/AB08.jpg\" target=\"_blank\"><img loading=\"lazy\" decoding=\"async\" src=\"http:\/\/lorrylesmetz-histoire.fr\/wp-content\/uploads\/2019\/02\/AB08-800x800.jpg\" height=\"800\" width=\"800\" alt=\"\" class=\"slider-4338 slide-4346 msDefaultImage\" title=\"AB08\" \/><\/a><\/li>\n            <li style='display: none;' aria-roledescription='slide' aria-labelledby='slide-8'><a href=\"http:\/\/lorrylesmetz-histoire.fr\/wp-content\/uploads\/2019\/02\/AB09.jpg\" target=\"_blank\"><img loading=\"lazy\" decoding=\"async\" src=\"http:\/\/lorrylesmetz-histoire.fr\/wp-content\/uploads\/2019\/02\/AB09-800x800.jpg\" height=\"800\" width=\"800\" alt=\"\" class=\"slider-4338 slide-4347 msDefaultImage\" title=\"AB09\" \/><\/a><\/li>\n            <li style='display: none;' aria-roledescription='slide' aria-labelledby='slide-9'><a href=\"http:\/\/lorrylesmetz-histoire.fr\/wp-content\/uploads\/2019\/02\/AB10.jpg\" target=\"_blank\"><img loading=\"lazy\" decoding=\"async\" src=\"http:\/\/lorrylesmetz-histoire.fr\/wp-content\/uploads\/2019\/02\/AB10-800x800.jpg\" height=\"800\" width=\"800\" alt=\"\" class=\"slider-4338 slide-4348 msDefaultImage\" title=\"AB10\" \/><\/a><\/li>\n            <li style='display: none;' aria-roledescription='slide' aria-labelledby='slide-10'><a href=\"http:\/\/lorrylesmetz-histoire.fr\/wp-content\/uploads\/2019\/02\/AB11.jpg\" target=\"_blank\"><img loading=\"lazy\" decoding=\"async\" src=\"http:\/\/lorrylesmetz-histoire.fr\/wp-content\/uploads\/2019\/02\/AB11-800x800.jpg\" height=\"800\" width=\"800\" alt=\"\" class=\"slider-4338 slide-4349 msDefaultImage\" title=\"AB11\" \/><\/a><\/li>\n        <\/ul>\n        \n    <\/div>\n<\/div>\n<p>Photos Claudine Kester<\/p>\n<p><a href=\"http:\/\/lorrylesmetz-histoire.fr\/?page_id=2991\"><img loading=\"lazy\" decoding=\"async\" class=\"alignnone size-full wp-image-378\" src=\"http:\/\/lorrylesmetz-histoire.fr\/wp-content\/uploads\/2017\/05\/retour.png\" alt=\"\" width=\"89\" height=\"31\" \/><\/a><\/p>\n","protected":false},"excerpt":{"rendered":"<p>16 d\u00e9cembre Eh bien disons le tout de suite&#8230; la neige en a d\u00e9courag\u00e9 quelques uns de venir applaudir \u00ab\u00a0Jeanne et Vincent\u00a0\u00bb, ils seront pardonn\u00e9s. Ceux qui \u00e9taient pr\u00e9sents ont pass\u00e9 une soir\u00e9e chaleureuse, bon texte, bons acteurs, bonne mise&hellip; <\/p>\n","protected":false},"author":1,"featured_media":0,"parent":2991,"menu_order":11,"comment_status":"closed","ping_status":"closed","template":"","meta":{"_mc_calendar":[],"footnotes":""},"class_list":["post-4325","page","type-page","status-publish","hentry"],"_links":{"self":[{"href":"http:\/\/lorrylesmetz-histoire.fr\/index.php?rest_route=\/wp\/v2\/pages\/4325","targetHints":{"allow":["GET"]}}],"collection":[{"href":"http:\/\/lorrylesmetz-histoire.fr\/index.php?rest_route=\/wp\/v2\/pages"}],"about":[{"href":"http:\/\/lorrylesmetz-histoire.fr\/index.php?rest_route=\/wp\/v2\/types\/page"}],"author":[{"embeddable":true,"href":"http:\/\/lorrylesmetz-histoire.fr\/index.php?rest_route=\/wp\/v2\/users\/1"}],"replies":[{"embeddable":true,"href":"http:\/\/lorrylesmetz-histoire.fr\/index.php?rest_route=%2Fwp%2Fv2%2Fcomments&post=4325"}],"version-history":[{"count":5,"href":"http:\/\/lorrylesmetz-histoire.fr\/index.php?rest_route=\/wp\/v2\/pages\/4325\/revisions"}],"predecessor-version":[{"id":4410,"href":"http:\/\/lorrylesmetz-histoire.fr\/index.php?rest_route=\/wp\/v2\/pages\/4325\/revisions\/4410"}],"up":[{"embeddable":true,"href":"http:\/\/lorrylesmetz-histoire.fr\/index.php?rest_route=\/wp\/v2\/pages\/2991"}],"wp:attachment":[{"href":"http:\/\/lorrylesmetz-histoire.fr\/index.php?rest_route=%2Fwp%2Fv2%2Fmedia&parent=4325"}],"curies":[{"name":"wp","href":"https:\/\/api.w.org\/{rel}","templated":true}]}}