{"id":4354,"date":"2019-02-13T18:30:13","date_gmt":"2019-02-13T17:30:13","guid":{"rendered":"http:\/\/lorrylesmetz-histoire.fr\/?page_id=4354"},"modified":"2019-12-31T16:33:32","modified_gmt":"2019-12-31T15:33:32","slug":"2019-2","status":"publish","type":"page","link":"http:\/\/lorrylesmetz-histoire.fr\/?page_id=4354","title":{"rendered":"2019"},"content":{"rendered":"<table style=\"width: 79.73%; height: 120px;\">\n<tbody>\n<tr>\n<td style=\"width: 21.35%;\">8 novembre<\/td>\n<td style=\"width: 53.3%;\">Soir\u00e9e contes<\/td>\n<td style=\"width: 24.89%;\"><a href=\"http:\/\/lorrylesmetz-histoire.fr\/?page_id=4917\"><img loading=\"lazy\" decoding=\"async\" class=\"alignnone size-full wp-image-683\" src=\"http:\/\/lorrylesmetz-histoire.fr\/wp-content\/uploads\/2017\/05\/voir.png\" alt=\"\" width=\"89\" height=\"31\" \/><\/a><\/td>\n<\/tr>\n<tr>\n<td style=\"width: 21.35%;\">12 juin<\/td>\n<td style=\"width: 53.3%;\">Visite \u00e0 la Cit\u00e9 radieuse de Briey<\/td>\n<td style=\"width: 24.89%;\"><a href=\"http:\/\/lorrylesmetz-histoire.fr\/?page_id=4709\"><img loading=\"lazy\" decoding=\"async\" class=\"alignnone size-full wp-image-683\" src=\"http:\/\/lorrylesmetz-histoire.fr\/wp-content\/uploads\/2017\/05\/voir.png\" alt=\"\" width=\"89\" height=\"31\" \/><\/a><\/td>\n<\/tr>\n<tr style=\"height: 30px;\">\n<td style=\"width: 21.35%; height: 30px;\">24 avril<\/td>\n<td style=\"width: 53.3%; height: 30px;\">Exposition au mus\u00e9e de Metz<\/td>\n<td style=\"width: 24.89%; height: 30px;\"><a href=\"http:\/\/lorrylesmetz-histoire.fr\/?page_id=4531\"><img loading=\"lazy\" decoding=\"async\" class=\"alignnone wp-image-683 size-full\" src=\"http:\/\/lorrylesmetz-histoire.fr\/wp-content\/uploads\/2017\/05\/voir.png?_t=1556531564\" alt=\"\" width=\"89\" height=\"31\" \/><\/a><\/td>\n<\/tr>\n<tr style=\"height: 30px;\">\n<td style=\"width: 21.35%; height: 30px;\">15 avril<\/td>\n<td style=\"width: 53.3%; height: 30px;\">Colloque<\/td>\n<td style=\"width: 24.89%; height: 30px;\"><a href=\"http:\/\/lorrylesmetz-histoire.fr\/?page_id=4532\"><img loading=\"lazy\" decoding=\"async\" class=\"alignnone size-full wp-image-683\" src=\"http:\/\/lorrylesmetz-histoire.fr\/wp-content\/uploads\/2017\/05\/voir.png\" alt=\"\" width=\"89\" height=\"31\" \/><\/a><\/td>\n<\/tr>\n<tr style=\"height: 30px;\">\n<td style=\"width: 21.35%; height: 30px;\">1<sup>er<\/sup> mars<\/td>\n<td style=\"width: 53.3%; height: 30px;\">Assembl\u00e9e g\u00e9n\u00e9rale<\/td>\n<td style=\"width: 24.89%; height: 30px;\"><a href=\"http:\/\/lorrylesmetz-histoire.fr\/?page_id=4457\"><img loading=\"lazy\" decoding=\"async\" class=\"alignnone wp-image-683 size-full\" src=\"http:\/\/lorrylesmetz-histoire.fr\/wp-content\/uploads\/2017\/05\/voir.png\" alt=\"\" width=\"89\" height=\"31\" \/><\/a><\/td>\n<\/tr>\n<tr style=\"height: 30px;\">\n<td style=\"width: 21.35%; height: 30px;\">8 janvier<\/td>\n<td style=\"width: 53.3%; height: 30px;\">Galette des Rois<\/td>\n<td style=\"width: 24.89%; height: 30px;\"><a href=\"http:\/\/lorrylesmetz-histoire.fr\/?page_id=4356\"><img loading=\"lazy\" decoding=\"async\" class=\"alignnone size-full wp-image-683\" src=\"http:\/\/lorrylesmetz-histoire.fr\/wp-content\/uploads\/2017\/05\/voir.png\" alt=\"\" width=\"89\" height=\"31\" \/><\/a><\/td>\n<\/tr>\n<\/tbody>\n<\/table>\n<p><a href=\"http:\/\/lorrylesmetz-histoire.fr\/?page_id=60\"><img loading=\"lazy\" decoding=\"async\" class=\"alignnone size-full wp-image-378\" src=\"http:\/\/lorrylesmetz-histoire.fr\/wp-content\/uploads\/2017\/05\/retour.png\" alt=\"\" width=\"89\" height=\"31\" \/><\/a><\/p>\n","protected":false},"excerpt":{"rendered":"<p>8 novembre Soir\u00e9e contes 12 juin Visite \u00e0 la Cit\u00e9 radieuse de Briey 24 avril Exposition au mus\u00e9e de Metz 15 avril Colloque 1er mars Assembl\u00e9e g\u00e9n\u00e9rale 8 janvier Galette des Rois<\/p>\n","protected":false},"author":1,"featured_media":0,"parent":60,"menu_order":7,"comment_status":"closed","ping_status":"closed","template":"","meta":{"_mc_calendar":[],"footnotes":""},"class_list":["post-4354","page","type-page","status-publish","hentry"],"_links":{"self":[{"href":"http:\/\/lorrylesmetz-histoire.fr\/index.php?rest_route=\/wp\/v2\/pages\/4354","targetHints":{"allow":["GET"]}}],"collection":[{"href":"http:\/\/lorrylesmetz-histoire.fr\/index.php?rest_route=\/wp\/v2\/pages"}],"about":[{"href":"http:\/\/lorrylesmetz-histoire.fr\/index.php?rest_route=\/wp\/v2\/types\/page"}],"author":[{"embeddable":true,"href":"http:\/\/lorrylesmetz-histoire.fr\/index.php?rest_route=\/wp\/v2\/users\/1"}],"replies":[{"embeddable":true,"href":"http:\/\/lorrylesmetz-histoire.fr\/index.php?rest_route=%2Fwp%2Fv2%2Fcomments&post=4354"}],"version-history":[{"count":11,"href":"http:\/\/lorrylesmetz-histoire.fr\/index.php?rest_route=\/wp\/v2\/pages\/4354\/revisions"}],"predecessor-version":[{"id":5273,"href":"http:\/\/lorrylesmetz-histoire.fr\/index.php?rest_route=\/wp\/v2\/pages\/4354\/revisions\/5273"}],"up":[{"embeddable":true,"href":"http:\/\/lorrylesmetz-histoire.fr\/index.php?rest_route=\/wp\/v2\/pages\/60"}],"wp:attachment":[{"href":"http:\/\/lorrylesmetz-histoire.fr\/index.php?rest_route=%2Fwp%2Fv2%2Fmedia&parent=4354"}],"curies":[{"name":"wp","href":"https:\/\/api.w.org\/{rel}","templated":true}]}}