{"id":4390,"date":"2019-02-13T19:11:14","date_gmt":"2019-02-13T18:11:14","guid":{"rendered":"http:\/\/lorrylesmetz-histoire.fr\/?page_id=4390"},"modified":"2019-12-24T07:37:43","modified_gmt":"2019-12-24T06:37:43","slug":"2019-2","status":"publish","type":"page","link":"http:\/\/lorrylesmetz-histoire.fr\/?page_id=4390","title":{"rendered":"2019"},"content":{"rendered":"<table style=\"width: 100%;\">\n<tbody>\n<tr>\n<td style=\"width: 22.53%; vertical-align: middle;\">9 et 10 novembre<\/td>\n<td style=\"width: 55.54%; text-align: left; vertical-align: middle;\">Salon du livre d&rsquo;histoire de Woippy<\/td>\n<td style=\"width: 21.55%; text-align: left; vertical-align: middle;\"><a href=\"http:\/\/lorrylesmetz-histoire.fr\/?page_id=4799\"><img loading=\"lazy\" decoding=\"async\" class=\"alignnone size-full wp-image-683\" src=\"http:\/\/lorrylesmetz-histoire.fr\/wp-content\/uploads\/2017\/05\/voir.png\" alt=\"\" width=\"89\" height=\"31\" \/><\/a><\/td>\n<\/tr>\n<tr>\n<td style=\"width: 22.53%;\">8 novembre<\/td>\n<td style=\"width: 55.54%;\">Colloque de la Soci\u00e9t\u00e9 d&rsquo;Histoire de Woippy<\/td>\n<td style=\"width: 21.55%;\"><a href=\"http:\/\/lorrylesmetz-histoire.fr\/?page_id=4764\"><img loading=\"lazy\" decoding=\"async\" class=\"alignnone size-full wp-image-683\" src=\"http:\/\/lorrylesmetz-histoire.fr\/wp-content\/uploads\/2017\/05\/voir.png\" alt=\"\" width=\"89\" height=\"31\" \/><\/a><\/td>\n<\/tr>\n<tr>\n<td style=\"width: 22.53%;\">21 septembre<\/td>\n<td style=\"width: 55.54%;\">Manuscrit Garin le Loherain<\/td>\n<td style=\"width: 21.55%;\"><a href=\"http:\/\/lorrylesmetz-histoire.fr\/?page_id=4649\"><img loading=\"lazy\" decoding=\"async\" class=\"alignnone size-full wp-image-683\" src=\"http:\/\/lorrylesmetz-histoire.fr\/wp-content\/uploads\/2017\/05\/voir.png\" alt=\"\" width=\"89\" height=\"31\" \/><\/a><\/td>\n<\/tr>\n<tr>\n<td style=\"width: 22.53%;\">3 juin<\/td>\n<td style=\"width: 55.54%;\">R\u00e9union du CHPM<\/td>\n<td style=\"width: 21.55%;\"><a href=\"http:\/\/lorrylesmetz-histoire.fr\/?page_id=4670\"><img loading=\"lazy\" decoding=\"async\" class=\"alignnone wp-image-683 size-full\" src=\"http:\/\/lorrylesmetz-histoire.fr\/wp-content\/uploads\/2017\/05\/voir.png?_t=1576590643\" alt=\"\" width=\"89\" height=\"31\" \/><\/a><\/td>\n<\/tr>\n<tr>\n<td style=\"width: 22.53%;\">26 avril<\/td>\n<td style=\"width: 55.54%;\">Assembl\u00e9e g\u00e9n\u00e9rale des Amis du vieux Plappeville<\/td>\n<td style=\"width: 21.55%;\"><a href=\"http:\/\/lorrylesmetz-histoire.fr\/?page_id=4478\"><img loading=\"lazy\" decoding=\"async\" class=\"alignnone size-full wp-image-683\" src=\"http:\/\/lorrylesmetz-histoire.fr\/wp-content\/uploads\/2017\/05\/voir.png\" alt=\"\" width=\"89\" height=\"31\" \/><\/a><\/td>\n<\/tr>\n<tr>\n<td style=\"width: 22.53%;\">10 avril<\/td>\n<td style=\"width: 55.54%;\">Lapin de P\u00e2ques avec l&rsquo;Itep<\/td>\n<td style=\"width: 21.55%;\"><a href=\"http:\/\/lorrylesmetz-histoire.fr\/?page_id=4479\"><img loading=\"lazy\" decoding=\"async\" class=\"alignnone wp-image-683 size-full\" src=\"http:\/\/lorrylesmetz-histoire.fr\/wp-content\/uploads\/2017\/05\/voir.png\" alt=\"\" width=\"89\" height=\"31\" \/><\/a><\/td>\n<\/tr>\n<tr>\n<td style=\"width: 22.53%;\">15 f\u00e9vrier<\/td>\n<td style=\"width: 55.54%;\">Assembl\u00e9e g\u00e9n\u00e9rale du Souvenir fran\u00e7ais<\/td>\n<td style=\"width: 21.55%;\"><a href=\"http:\/\/lorrylesmetz-histoire.fr\/?page_id=4463\"><img loading=\"lazy\" decoding=\"async\" class=\"alignnone size-full wp-image-683\" src=\"http:\/\/lorrylesmetz-histoire.fr\/wp-content\/uploads\/2017\/05\/voir.png\" alt=\"\" width=\"89\" height=\"31\" \/><\/a><\/td>\n<\/tr>\n<tr>\n<td style=\"width: 22.53%;\">28 janvier<\/td>\n<td style=\"width: 55.54%;\">R\u00e9union du CHPM<\/td>\n<td style=\"width: 21.55%;\"><a href=\"http:\/\/lorrylesmetz-histoire.fr\/?page_id=4393\"><img loading=\"lazy\" decoding=\"async\" class=\"alignnone wp-image-683\" src=\"http:\/\/lorrylesmetz-histoire.fr\/wp-content\/uploads\/2017\/05\/voir.png\" alt=\"\" width=\"89\" height=\"31\" \/><\/a><\/td>\n<\/tr>\n<tr>\n<td style=\"width: 22.53%;\">16 janvier<\/td>\n<td style=\"width: 55.54%;\">V\u0153ux du maire<\/td>\n<td style=\"width: 21.55%;\"><a href=\"http:\/\/lorrylesmetz-histoire.fr\/?page_id=4391\"><img loading=\"lazy\" decoding=\"async\" class=\"alignnone size-full wp-image-683\" src=\"http:\/\/lorrylesmetz-histoire.fr\/wp-content\/uploads\/2017\/05\/voir.png\" alt=\"\" width=\"89\" height=\"31\" \/><\/a><\/td>\n<\/tr>\n<\/tbody>\n<\/table>\n","protected":false},"excerpt":{"rendered":"<p>9 et 10 novembre Salon du livre d&rsquo;histoire de Woippy 8 novembre Colloque de la Soci\u00e9t\u00e9 d&rsquo;Histoire de Woippy 21 septembre Manuscrit Garin le Loherain 3 juin R\u00e9union du CHPM 26 avril Assembl\u00e9e g\u00e9n\u00e9rale des Amis du vieux Plappeville 10&hellip; <\/p>\n","protected":false},"author":1,"featured_media":0,"parent":171,"menu_order":7,"comment_status":"closed","ping_status":"closed","template":"","meta":{"_mc_calendar":[],"footnotes":""},"class_list":["post-4390","page","type-page","status-publish","hentry"],"_links":{"self":[{"href":"http:\/\/lorrylesmetz-histoire.fr\/index.php?rest_route=\/wp\/v2\/pages\/4390","targetHints":{"allow":["GET"]}}],"collection":[{"href":"http:\/\/lorrylesmetz-histoire.fr\/index.php?rest_route=\/wp\/v2\/pages"}],"about":[{"href":"http:\/\/lorrylesmetz-histoire.fr\/index.php?rest_route=\/wp\/v2\/types\/page"}],"author":[{"embeddable":true,"href":"http:\/\/lorrylesmetz-histoire.fr\/index.php?rest_route=\/wp\/v2\/users\/1"}],"replies":[{"embeddable":true,"href":"http:\/\/lorrylesmetz-histoire.fr\/index.php?rest_route=%2Fwp%2Fv2%2Fcomments&post=4390"}],"version-history":[{"count":11,"href":"http:\/\/lorrylesmetz-histoire.fr\/index.php?rest_route=\/wp\/v2\/pages\/4390\/revisions"}],"predecessor-version":[{"id":4922,"href":"http:\/\/lorrylesmetz-histoire.fr\/index.php?rest_route=\/wp\/v2\/pages\/4390\/revisions\/4922"}],"up":[{"embeddable":true,"href":"http:\/\/lorrylesmetz-histoire.fr\/index.php?rest_route=\/wp\/v2\/pages\/171"}],"wp:attachment":[{"href":"http:\/\/lorrylesmetz-histoire.fr\/index.php?rest_route=%2Fwp%2Fv2%2Fmedia&parent=4390"}],"curies":[{"name":"wp","href":"https:\/\/api.w.org\/{rel}","templated":true}]}}