{"id":4391,"date":"2019-02-14T14:53:14","date_gmt":"2019-02-14T13:53:14","guid":{"rendered":"http:\/\/lorrylesmetz-histoire.fr\/?page_id=4391"},"modified":"2019-02-14T14:53:14","modified_gmt":"2019-02-14T13:53:14","slug":"chmp","status":"publish","type":"page","link":"http:\/\/lorrylesmetz-histoire.fr\/?page_id=4391","title":{"rendered":"V\u0153ux du maire"},"content":{"rendered":"<h2>16\u00a0janvier\u00a02019<\/h2>\n<p>Lorry-l\u00e8s-Metz \u00ab\u00a0au fil du temps\u00a0\u00bb \u00e9tait traditionnellement pr\u00e9sent aux v\u0153ux du maire.<\/p>\n<p>En pr\u00e9sence de Monsieur Belhaddad, d\u00e9put\u00e9, de quelques maires des communes amies voisines et d\u2019un nombreux public, Ghislaine\u00a0Foubet, premi\u00e8re adjointe, a pr\u00e9sent\u00e9 les v\u0153ux du conseil municipal au maire et a t\u00e9moign\u00e9 du dynamisme de la commune. Jean-Yves Le Ber, dans son discours, a rappel\u00e9 les r\u00e9alisations de 2018, l\u2019inauguration de l\u2019Espace Philippe-de-Vigneulles o\u00f9 il fait la part belle \u00e0 \u00ab\u00a0L\u2019ann\u00e9e Philippe de Vigneulles\u00a0\u00bb mont\u00e9e par Lorry-l\u00e8s-Metz \u00ab\u00a0au fil du temps\u00a0\u00bb. Qu\u2019il en soit remerci\u00e9. Apr\u00e8s des remerciements aux 19\u00a0associations lorriotes pour leur investissement, il a pr\u00e9sent\u00e9 le programme municipal pour 2019, derni\u00e8re ann\u00e9e de son mandat.<\/p>\n<p>Le verre de l\u2019amiti\u00e9 a permis des \u00e9changes de v\u0153ux amicaux entre Lorriots.<\/p>\n<div id=\"metaslider-id-4423\" style=\"width: 100%; margin: 0 auto;\" class=\"ml-slider-3-108-0 metaslider metaslider-responsive metaslider-4423 ml-slider has-dots-nav ms-theme-default\" role=\"region\" aria-label=\"Voeux 2019\" data-height=\"800\" data-width=\"800\">\n    <div id=\"metaslider_container_4423\">\n        <ul id='metaslider_4423' class='rslides'>\n            <li aria-roledescription='slide' aria-labelledby='slide-0'><a href=\"http:\/\/lorrylesmetz-histoire.fr\/wp-content\/uploads\/2019\/02\/AG01.jpg\" target=\"_blank\"><img loading=\"lazy\" decoding=\"async\" src=\"http:\/\/lorrylesmetz-histoire.fr\/wp-content\/uploads\/2019\/02\/AG01-800x800.jpg\" height=\"800\" width=\"800\" alt=\"\" class=\"slider-4423 slide-4424 msDefaultImage\" title=\"AG01\" \/><\/a><\/li>\n            <li style='display: none;' aria-roledescription='slide' aria-labelledby='slide-1'><a href=\"http:\/\/lorrylesmetz-histoire.fr\/wp-content\/uploads\/2019\/02\/AG02.jpg\" target=\"_blank\"><img loading=\"lazy\" decoding=\"async\" src=\"http:\/\/lorrylesmetz-histoire.fr\/wp-content\/uploads\/2019\/02\/AG02-800x800.jpg\" height=\"800\" width=\"800\" alt=\"\" class=\"slider-4423 slide-4425 msDefaultImage\" title=\"AG02\" \/><\/a><\/li>\n            <li style='display: none;' aria-roledescription='slide' aria-labelledby='slide-2'><a href=\"http:\/\/lorrylesmetz-histoire.fr\/wp-content\/uploads\/2019\/02\/AG03.jpg\" target=\"_blank\"><img loading=\"lazy\" decoding=\"async\" src=\"http:\/\/lorrylesmetz-histoire.fr\/wp-content\/uploads\/2019\/02\/AG03-800x800.jpg\" height=\"800\" width=\"800\" alt=\"\" class=\"slider-4423 slide-4426 msDefaultImage\" title=\"AG03\" \/><\/a><\/li>\n            <li style='display: none;' aria-roledescription='slide' aria-labelledby='slide-3'><a href=\"http:\/\/lorrylesmetz-histoire.fr\/wp-content\/uploads\/2019\/02\/AG04.jpg\" target=\"_blank\"><img loading=\"lazy\" decoding=\"async\" src=\"http:\/\/lorrylesmetz-histoire.fr\/wp-content\/uploads\/2019\/02\/AG04-800x800.jpg\" height=\"800\" width=\"800\" alt=\"\" class=\"slider-4423 slide-4427 msDefaultImage\" title=\"AG04\" \/><\/a><\/li>\n            <li style='display: none;' aria-roledescription='slide' aria-labelledby='slide-4'><a href=\"http:\/\/lorrylesmetz-histoire.fr\/wp-content\/uploads\/2019\/02\/AG05.jpg\" target=\"_blank\"><img loading=\"lazy\" decoding=\"async\" src=\"http:\/\/lorrylesmetz-histoire.fr\/wp-content\/uploads\/2019\/02\/AG05-800x800.jpg\" height=\"800\" width=\"800\" alt=\"\" class=\"slider-4423 slide-4428 msDefaultImage\" title=\"AG05\" \/><\/a><\/li>\n            <li style='display: none;' aria-roledescription='slide' aria-labelledby='slide-5'><a href=\"http:\/\/lorrylesmetz-histoire.fr\/wp-content\/uploads\/2019\/02\/AG06.jpg\" target=\"_blank\"><img loading=\"lazy\" decoding=\"async\" src=\"http:\/\/lorrylesmetz-histoire.fr\/wp-content\/uploads\/2019\/02\/AG06-800x800.jpg\" height=\"800\" width=\"800\" alt=\"\" class=\"slider-4423 slide-4429 msDefaultImage\" title=\"AG06\" \/><\/a><\/li>\n            <li style='display: none;' aria-roledescription='slide' aria-labelledby='slide-6'><a href=\"http:\/\/lorrylesmetz-histoire.fr\/wp-content\/uploads\/2019\/02\/AG07.jpg\" target=\"_blank\"><img loading=\"lazy\" decoding=\"async\" src=\"http:\/\/lorrylesmetz-histoire.fr\/wp-content\/uploads\/2019\/02\/AG07-800x800.jpg\" height=\"800\" width=\"800\" alt=\"\" class=\"slider-4423 slide-4430 msDefaultImage\" title=\"AG07\" \/><\/a><\/li>\n        <\/ul>\n        \n    <\/div>\n<\/div>\n<p>Photos Claudine\u00a0Kester<\/p>\n<p>Derni\u00e8re photo\u00a0: Nadia\u00a0Holowak, consul honoraire d\u2019Ukraine en discussion amicale avec Yvette\u00a0Illy pr\u00e9sidente honoraire des Amis du vieux Plappeville et Anne-Marie\u00a0Cholley de Lorry-l\u00e8s-Metz \u00ab\u00a0u fil du temps\u00a0\u00bb.<\/p>\n<p><a href=\"http:\/\/lorrylesmetz-histoire.fr\/?page_id=4390\"><img loading=\"lazy\" decoding=\"async\" class=\"alignnone size-full wp-image-378\" src=\"http:\/\/lorrylesmetz-histoire.fr\/wp-content\/uploads\/2017\/05\/retour.png\" alt=\"\" width=\"89\" height=\"31\" \/><\/a><\/p>\n","protected":false},"excerpt":{"rendered":"<p>16\u00a0janvier\u00a02019 Lorry-l\u00e8s-Metz \u00ab\u00a0au fil du temps\u00a0\u00bb \u00e9tait traditionnellement pr\u00e9sent aux v\u0153ux du maire. En pr\u00e9sence de Monsieur Belhaddad, d\u00e9put\u00e9, de quelques maires des communes amies voisines et d\u2019un nombreux public, Ghislaine\u00a0Foubet, premi\u00e8re adjointe, a pr\u00e9sent\u00e9 les v\u0153ux du conseil municipal&hellip; <\/p>\n","protected":false},"author":1,"featured_media":0,"parent":4390,"menu_order":6,"comment_status":"closed","ping_status":"closed","template":"","meta":{"_mc_calendar":[],"footnotes":""},"class_list":["post-4391","page","type-page","status-publish","hentry"],"_links":{"self":[{"href":"http:\/\/lorrylesmetz-histoire.fr\/index.php?rest_route=\/wp\/v2\/pages\/4391","targetHints":{"allow":["GET"]}}],"collection":[{"href":"http:\/\/lorrylesmetz-histoire.fr\/index.php?rest_route=\/wp\/v2\/pages"}],"about":[{"href":"http:\/\/lorrylesmetz-histoire.fr\/index.php?rest_route=\/wp\/v2\/types\/page"}],"author":[{"embeddable":true,"href":"http:\/\/lorrylesmetz-histoire.fr\/index.php?rest_route=\/wp\/v2\/users\/1"}],"replies":[{"embeddable":true,"href":"http:\/\/lorrylesmetz-histoire.fr\/index.php?rest_route=%2Fwp%2Fv2%2Fcomments&post=4391"}],"version-history":[{"count":2,"href":"http:\/\/lorrylesmetz-histoire.fr\/index.php?rest_route=\/wp\/v2\/pages\/4391\/revisions"}],"predecessor-version":[{"id":4431,"href":"http:\/\/lorrylesmetz-histoire.fr\/index.php?rest_route=\/wp\/v2\/pages\/4391\/revisions\/4431"}],"up":[{"embeddable":true,"href":"http:\/\/lorrylesmetz-histoire.fr\/index.php?rest_route=\/wp\/v2\/pages\/4390"}],"wp:attachment":[{"href":"http:\/\/lorrylesmetz-histoire.fr\/index.php?rest_route=%2Fwp%2Fv2%2Fmedia&parent=4391"}],"curies":[{"name":"wp","href":"https:\/\/api.w.org\/{rel}","templated":true}]}}