{"id":4463,"date":"2019-03-17T15:52:56","date_gmt":"2019-03-17T14:52:56","guid":{"rendered":"http:\/\/lorrylesmetz-histoire.fr\/?page_id=4463"},"modified":"2019-03-17T15:52:56","modified_gmt":"2019-03-17T14:52:56","slug":"ag-sf","status":"publish","type":"page","link":"http:\/\/lorrylesmetz-histoire.fr\/?page_id=4463","title":{"rendered":"Assembl\u00e9e g\u00e9n\u00e9rale du Souvenir fran\u00e7ais"},"content":{"rendered":"<h2>15 f\u00e9vrier 2019<\/h2>\n<p>Lorry-l\u00e8s-Metz \u00ab au fil du temps \u00bb \u00e9tait \u00e0 l\u2019assembl\u00e9e g\u00e9n\u00e9rale du Souvenir fran\u00e7ais qui a \u00e9t\u00e9 suivie par une conf\u00e9rence de G\u00e9rard Bricage du Comit\u00e9 du haut plateau messin sur l\u2019abb\u00e9 Armand\u00a0Blanchebarbe, cur\u00e9, passeur et r\u00e9sistant.<\/p>\n<p>N\u00e9 en 1901 \u00e0 Lorry-l\u00e8s-Metz, cur\u00e9 \u00e0 Gravelotte, il fut pendant la Seconde Guerre mondiale une cheville importante de la R\u00e9sistance en Ari\u00e8ge, faisant notamment passer, par le biais du r\u00e9seau Marie-Odile, quelque 5 000 personnes en Espagne. Il obtint plusieurs d\u00e9corations dont la Royal Air Forces Distinguished Cross, ayant sauv\u00e9 des Anglais et des Australiens. Apr\u00e8s la guerre, il reprit son poste \u00e0 Gravelotte, Il fut doyen du chapitre de la cath\u00e9drale de 1967 \u00e0 1981. D\u00e9c\u00e9d\u00e9 en 1981, Gravelotte le mit \u00e0 l\u2019honneur en baptisant une rue \u00e0 son nom en 2018.<\/p>\n<p>Des membres de sa famille \u00e9taient pr\u00e9sents et l\u2019on put s\u2019entretenir avec eux lors du sympathique verre de l\u2019amiti\u00e9.<\/p>\n<p><img loading=\"lazy\" decoding=\"async\" class=\"alignnone size-medium wp-image-4462\" src=\"http:\/\/lorrylesmetz-histoire.fr\/wp-content\/uploads\/2019\/03\/inauguration-de-la-rue-de-l-abbe-blanchebarbe-1525889119-300x154.jpg\" alt=\"\" width=\"300\" height=\"154\" srcset=\"http:\/\/lorrylesmetz-histoire.fr\/wp-content\/uploads\/2019\/03\/inauguration-de-la-rue-de-l-abbe-blanchebarbe-1525889119-300x154.jpg 300w, http:\/\/lorrylesmetz-histoire.fr\/wp-content\/uploads\/2019\/03\/inauguration-de-la-rue-de-l-abbe-blanchebarbe-1525889119.jpg 350w\" sizes=\"auto, (max-width: 300px) 100vw, 300px\" \/><\/p>\n<p>Photo du <em>R\u00e9publicain Lorrain<\/em> du 10 mai 2018.<\/p>\n<p><a href=\"http:\/\/lorrylesmetz-histoire.fr\/?page_id=4390\"><img loading=\"lazy\" decoding=\"async\" class=\"alignnone size-full wp-image-378\" src=\"http:\/\/lorrylesmetz-histoire.fr\/wp-content\/uploads\/2017\/05\/retour.png\" alt=\"\" width=\"89\" height=\"31\" \/><\/a><\/p>\n","protected":false},"excerpt":{"rendered":"<p>15 f\u00e9vrier 2019 Lorry-l\u00e8s-Metz \u00ab au fil du temps \u00bb \u00e9tait \u00e0 l\u2019assembl\u00e9e g\u00e9n\u00e9rale du Souvenir fran\u00e7ais qui a \u00e9t\u00e9 suivie par une conf\u00e9rence de G\u00e9rard Bricage du Comit\u00e9 du haut plateau messin sur l\u2019abb\u00e9 Armand\u00a0Blanchebarbe, cur\u00e9, passeur et r\u00e9sistant.&hellip; <\/p>\n","protected":false},"author":1,"featured_media":0,"parent":4390,"menu_order":8,"comment_status":"closed","ping_status":"closed","template":"","meta":{"_mc_calendar":[],"footnotes":""},"class_list":["post-4463","page","type-page","status-publish","hentry"],"_links":{"self":[{"href":"http:\/\/lorrylesmetz-histoire.fr\/index.php?rest_route=\/wp\/v2\/pages\/4463","targetHints":{"allow":["GET"]}}],"collection":[{"href":"http:\/\/lorrylesmetz-histoire.fr\/index.php?rest_route=\/wp\/v2\/pages"}],"about":[{"href":"http:\/\/lorrylesmetz-histoire.fr\/index.php?rest_route=\/wp\/v2\/types\/page"}],"author":[{"embeddable":true,"href":"http:\/\/lorrylesmetz-histoire.fr\/index.php?rest_route=\/wp\/v2\/users\/1"}],"replies":[{"embeddable":true,"href":"http:\/\/lorrylesmetz-histoire.fr\/index.php?rest_route=%2Fwp%2Fv2%2Fcomments&post=4463"}],"version-history":[{"count":1,"href":"http:\/\/lorrylesmetz-histoire.fr\/index.php?rest_route=\/wp\/v2\/pages\/4463\/revisions"}],"predecessor-version":[{"id":4464,"href":"http:\/\/lorrylesmetz-histoire.fr\/index.php?rest_route=\/wp\/v2\/pages\/4463\/revisions\/4464"}],"up":[{"embeddable":true,"href":"http:\/\/lorrylesmetz-histoire.fr\/index.php?rest_route=\/wp\/v2\/pages\/4390"}],"wp:attachment":[{"href":"http:\/\/lorrylesmetz-histoire.fr\/index.php?rest_route=%2Fwp%2Fv2%2Fmedia&parent=4463"}],"curies":[{"name":"wp","href":"https:\/\/api.w.org\/{rel}","templated":true}]}}