{"id":4478,"date":"2019-04-29T09:43:25","date_gmt":"2019-04-29T07:43:25","guid":{"rendered":"http:\/\/lorrylesmetz-histoire.fr\/?page_id=4478"},"modified":"2019-04-29T09:44:29","modified_gmt":"2019-04-29T07:44:29","slug":"1-01","status":"publish","type":"page","link":"http:\/\/lorrylesmetz-histoire.fr\/?page_id=4478","title":{"rendered":"Assembl\u00e9e g\u00e9n\u00e9rale des Amis du vieux Plappeville"},"content":{"rendered":"<h2>26\u00a0avril\u00a02019<\/h2>\n<p>Lorry-l\u00e8s-Metz \u00ab au fil du temps \u00bb \u00e9tait chez ses amis Plappevillois pour assister \u00e0 l\u2019assembl\u00e9e g\u00e9n\u00e9rale des \u00ab Amis du vieux Plappeville \u00bb.<\/p>\n<p>Apr\u00e8s la pr\u00e9sentation des rapports d\u2019activit\u00e9 et financier, Alain\u00a0Trincal a annonc\u00e9 la cr\u00e9ation des \u00ab\u00a0Sentiers de la M\u00e9moire\u00a0\u00bb, un 180\u00b0 autour du village du Fort de Caen \u00e0 la Maison foresti\u00e8re en passant par la Bonne Fontaine.<\/p>\n<p>\u00c0 la Maison foresti\u00e8re, maison d\u2019h\u00f4tes et propri\u00e9t\u00e9 de M.\u00a0Lef\u00e8vre, un projet de consacrer le rez-de-chauss\u00e9e \u00e0 des activit\u00e9s associatives est en pr\u00e9paration. Elle serait point de chute de visites et lieu de conf\u00e9rences.<\/p>\n<p>Ensuite, Julien\u00a0L\u00e9onard, ma\u00eetre de conf\u00e9rences et chercheur \u00e0 l\u2019Universit\u00e9 de Lorraine a pr\u00e9sent\u00e9\u00a0: \u00ab\u00a0\u00catre pasteur au XVII<sup>e<\/sup>\u00a0si\u00e8cle\u00a0: le minist\u00e8re de Paul\u00a0Ferry \u00e0 Metz (1612-1669)\u00a0\u00bb, une intervention brillante et passionnante sur le protestantisme messin. On a d\u00e9couvert ce pasteur po\u00e8te et \u00e9crivain ind\u00e9pendamment de l\u2019exercice de son minist\u00e8re. Julien\u00a0L\u00e9onard \u00e9tait particuli\u00e8rement ravi de faire cette conf\u00e9rence \u00e0 Plappeville, car le pasteur Ferry y avait une maison de famille, la maison M\u00e9gomay (dessin en couleur), o\u00f9 il aimait fuir la ville pour \u00e9crire ses sermons.<\/p>\n<p>Le verre de l\u2019amiti\u00e9 a permis des \u00e9changes int\u00e9ressants avec le public et l\u2019intervenant.<\/p>\n<div id=\"metaslider-id-4505\" style=\"width: 100%; margin: 0 auto;\" class=\"ml-slider-3-108-0 metaslider metaslider-responsive metaslider-4505 ml-slider has-dots-nav ms-theme-precognition\" role=\"region\" aria-label=\"AG AVP 2019\" data-height=\"800\" data-width=\"800\">\n    <div id=\"metaslider_container_4505\">\n        <ul id='metaslider_4505' class='rslides'>\n            <li aria-roledescription='slide' aria-labelledby='slide-0'><a href=\"http:\/\/lorrylesmetz-histoire.fr\/wp-content\/uploads\/2019\/04\/A01.jpg\" target=\"_blank\"><img loading=\"lazy\" decoding=\"async\" src=\"http:\/\/lorrylesmetz-histoire.fr\/wp-content\/uploads\/2019\/04\/A01-800x800.jpg\" height=\"800\" width=\"800\" alt=\"\" class=\"slider-4505 slide-4506 msDefaultImage\" title=\"A01\" \/><\/a><\/li>\n            <li style='display: none;' aria-roledescription='slide' aria-labelledby='slide-1'><a href=\"http:\/\/lorrylesmetz-histoire.fr\/wp-content\/uploads\/2019\/04\/A02.jpg\" target=\"_blank\"><img loading=\"lazy\" decoding=\"async\" src=\"http:\/\/lorrylesmetz-histoire.fr\/wp-content\/uploads\/2019\/04\/A02-800x800.jpg\" height=\"800\" width=\"800\" alt=\"\" class=\"slider-4505 slide-4507 msDefaultImage\" title=\"A02\" \/><\/a><\/li>\n            <li style='display: none;' aria-roledescription='slide' aria-labelledby='slide-2'><a href=\"http:\/\/lorrylesmetz-histoire.fr\/wp-content\/uploads\/2019\/04\/A03.jpg\" target=\"_blank\"><img loading=\"lazy\" decoding=\"async\" src=\"http:\/\/lorrylesmetz-histoire.fr\/wp-content\/uploads\/2019\/04\/A03-800x800.jpg\" height=\"800\" width=\"800\" alt=\"\" class=\"slider-4505 slide-4508 msDefaultImage\" title=\"A03\" \/><\/a><\/li>\n            <li style='display: none;' aria-roledescription='slide' aria-labelledby='slide-3'><a href=\"http:\/\/lorrylesmetz-histoire.fr\/wp-content\/uploads\/2019\/04\/A04.jpg\" target=\"_blank\"><img loading=\"lazy\" decoding=\"async\" src=\"http:\/\/lorrylesmetz-histoire.fr\/wp-content\/uploads\/2019\/04\/A04-800x800.jpg\" height=\"800\" width=\"800\" alt=\"\" class=\"slider-4505 slide-4509 msDefaultImage\" title=\"A04\" \/><\/a><\/li>\n            <li style='display: none;' aria-roledescription='slide' aria-labelledby='slide-4'><a href=\"http:\/\/lorrylesmetz-histoire.fr\/wp-content\/uploads\/2019\/04\/A05.jpg\" target=\"_blank\"><img loading=\"lazy\" decoding=\"async\" src=\"http:\/\/lorrylesmetz-histoire.fr\/wp-content\/uploads\/2019\/04\/A05-800x800.jpg\" height=\"800\" width=\"800\" alt=\"\" class=\"slider-4505 slide-4510 msDefaultImage\" title=\"A05\" \/><\/a><\/li>\n            <li style='display: none;' aria-roledescription='slide' aria-labelledby='slide-5'><a href=\"http:\/\/lorrylesmetz-histoire.fr\/wp-content\/uploads\/2019\/04\/A06.jpg\" target=\"_blank\"><img loading=\"lazy\" decoding=\"async\" src=\"http:\/\/lorrylesmetz-histoire.fr\/wp-content\/uploads\/2019\/04\/A06-800x800.jpg\" height=\"800\" width=\"800\" alt=\"\" class=\"slider-4505 slide-4511 msDefaultImage\" title=\"A06\" \/><\/a><\/li>\n            <li style='display: none;' aria-roledescription='slide' aria-labelledby='slide-6'><a href=\"http:\/\/lorrylesmetz-histoire.fr\/wp-content\/uploads\/2019\/04\/A07.jpg\" target=\"_blank\"><img loading=\"lazy\" decoding=\"async\" src=\"http:\/\/lorrylesmetz-histoire.fr\/wp-content\/uploads\/2019\/04\/A07-800x800.jpg\" height=\"800\" width=\"800\" alt=\"\" class=\"slider-4505 slide-4512 msDefaultImage\" title=\"A07\" \/><\/a><\/li>\n            <li style='display: none;' aria-roledescription='slide' aria-labelledby='slide-7'><a href=\"http:\/\/lorrylesmetz-histoire.fr\/wp-content\/uploads\/2019\/04\/A08.jpg\" target=\"_blank\"><img loading=\"lazy\" decoding=\"async\" src=\"http:\/\/lorrylesmetz-histoire.fr\/wp-content\/uploads\/2019\/04\/A08-800x800.jpg\" height=\"800\" width=\"800\" alt=\"\" class=\"slider-4505 slide-4513 msDefaultImage\" title=\"A08\" \/><\/a><\/li>\n            <li style='display: none;' aria-roledescription='slide' aria-labelledby='slide-8'><a href=\"http:\/\/lorrylesmetz-histoire.fr\/wp-content\/uploads\/2019\/04\/A09.jpg\" target=\"_blank\"><img loading=\"lazy\" decoding=\"async\" src=\"http:\/\/lorrylesmetz-histoire.fr\/wp-content\/uploads\/2019\/04\/A09-800x800.jpg\" height=\"800\" width=\"800\" alt=\"\" class=\"slider-4505 slide-4514 msDefaultImage\" title=\"A09\" \/><\/a><\/li>\n            <li style='display: none;' aria-roledescription='slide' aria-labelledby='slide-9'><a href=\"http:\/\/lorrylesmetz-histoire.fr\/wp-content\/uploads\/2019\/04\/A10.jpg\" target=\"_blank\"><img loading=\"lazy\" decoding=\"async\" src=\"http:\/\/lorrylesmetz-histoire.fr\/wp-content\/uploads\/2019\/04\/A10-800x800.jpg\" height=\"800\" width=\"800\" alt=\"\" class=\"slider-4505 slide-4515 msDefaultImage\" title=\"A10\" \/><\/a><\/li>\n            <li style='display: none;' aria-roledescription='slide' aria-labelledby='slide-10'><a href=\"http:\/\/lorrylesmetz-histoire.fr\/wp-content\/uploads\/2019\/04\/A11.jpg\" target=\"_blank\"><img loading=\"lazy\" decoding=\"async\" src=\"http:\/\/lorrylesmetz-histoire.fr\/wp-content\/uploads\/2019\/04\/A11-800x800.jpg\" height=\"800\" width=\"800\" alt=\"\" class=\"slider-4505 slide-4516 msDefaultImage\" title=\"A11\" \/><\/a><\/li>\n            <li style='display: none;' aria-roledescription='slide' aria-labelledby='slide-11'><a href=\"http:\/\/lorrylesmetz-histoire.fr\/wp-content\/uploads\/2019\/04\/A12.jpg\" target=\"_blank\"><img loading=\"lazy\" decoding=\"async\" src=\"http:\/\/lorrylesmetz-histoire.fr\/wp-content\/uploads\/2019\/04\/A12-800x800.jpg\" height=\"800\" width=\"800\" alt=\"\" class=\"slider-4505 slide-4517 msDefaultImage\" title=\"A12\" \/><\/a><\/li>\n            <li style='display: none;' aria-roledescription='slide' aria-labelledby='slide-12'><a href=\"http:\/\/lorrylesmetz-histoire.fr\/wp-content\/uploads\/2019\/04\/A13.jpg\" target=\"_blank\"><img loading=\"lazy\" decoding=\"async\" src=\"http:\/\/lorrylesmetz-histoire.fr\/wp-content\/uploads\/2019\/04\/A13-800x800.jpg\" height=\"800\" width=\"800\" alt=\"\" class=\"slider-4505 slide-4518 msDefaultImage\" title=\"A13\" \/><\/a><\/li>\n            <li style='display: none;' aria-roledescription='slide' aria-labelledby='slide-13'><a href=\"http:\/\/lorrylesmetz-histoire.fr\/wp-content\/uploads\/2019\/04\/A14.jpg\" target=\"_blank\"><img loading=\"lazy\" decoding=\"async\" src=\"http:\/\/lorrylesmetz-histoire.fr\/wp-content\/uploads\/2019\/04\/A14-800x800.jpg\" height=\"800\" width=\"800\" alt=\"\" class=\"slider-4505 slide-4519 msDefaultImage\" title=\"A14\" \/><\/a><\/li>\n            <li style='display: none;' aria-roledescription='slide' aria-labelledby='slide-14'><a href=\"http:\/\/lorrylesmetz-histoire.fr\/wp-content\/uploads\/2019\/04\/A15.jpg\" target=\"_blank\"><img loading=\"lazy\" decoding=\"async\" src=\"http:\/\/lorrylesmetz-histoire.fr\/wp-content\/uploads\/2019\/04\/A15-800x800.jpg\" height=\"800\" width=\"800\" alt=\"\" class=\"slider-4505 slide-4520 msDefaultImage\" title=\"A15\" \/><\/a><\/li>\n        <\/ul>\n        \n    <\/div>\n<\/div>\n<p>Photos Claudine\u00a0Kester-ElGhozi<\/p>\n<p><a href=\"http:\/\/lorrylesmetz-histoire.fr\/?page_id=4390\"><img loading=\"lazy\" decoding=\"async\" class=\"alignnone size-full wp-image-378\" src=\"http:\/\/lorrylesmetz-histoire.fr\/wp-content\/uploads\/2017\/05\/retour.png\" alt=\"\" width=\"89\" height=\"31\" \/><\/a><\/p>\n","protected":false},"excerpt":{"rendered":"<p>26\u00a0avril\u00a02019 Lorry-l\u00e8s-Metz \u00ab au fil du temps \u00bb \u00e9tait chez ses amis Plappevillois pour assister \u00e0 l\u2019assembl\u00e9e g\u00e9n\u00e9rale des \u00ab Amis du vieux Plappeville \u00bb. Apr\u00e8s la pr\u00e9sentation des rapports d\u2019activit\u00e9 et financier, Alain\u00a0Trincal a annonc\u00e9 la cr\u00e9ation des \u00ab\u00a0Sentiers&hellip; <\/p>\n","protected":false},"author":1,"featured_media":0,"parent":4390,"menu_order":2,"comment_status":"closed","ping_status":"closed","template":"","meta":{"_mc_calendar":[],"footnotes":""},"class_list":["post-4478","page","type-page","status-publish","hentry"],"_links":{"self":[{"href":"http:\/\/lorrylesmetz-histoire.fr\/index.php?rest_route=\/wp\/v2\/pages\/4478","targetHints":{"allow":["GET"]}}],"collection":[{"href":"http:\/\/lorrylesmetz-histoire.fr\/index.php?rest_route=\/wp\/v2\/pages"}],"about":[{"href":"http:\/\/lorrylesmetz-histoire.fr\/index.php?rest_route=\/wp\/v2\/types\/page"}],"author":[{"embeddable":true,"href":"http:\/\/lorrylesmetz-histoire.fr\/index.php?rest_route=\/wp\/v2\/users\/1"}],"replies":[{"embeddable":true,"href":"http:\/\/lorrylesmetz-histoire.fr\/index.php?rest_route=%2Fwp%2Fv2%2Fcomments&post=4478"}],"version-history":[{"count":2,"href":"http:\/\/lorrylesmetz-histoire.fr\/index.php?rest_route=\/wp\/v2\/pages\/4478\/revisions"}],"predecessor-version":[{"id":4522,"href":"http:\/\/lorrylesmetz-histoire.fr\/index.php?rest_route=\/wp\/v2\/pages\/4478\/revisions\/4522"}],"up":[{"embeddable":true,"href":"http:\/\/lorrylesmetz-histoire.fr\/index.php?rest_route=\/wp\/v2\/pages\/4390"}],"wp:attachment":[{"href":"http:\/\/lorrylesmetz-histoire.fr\/index.php?rest_route=%2Fwp%2Fv2%2Fmedia&parent=4478"}],"curies":[{"name":"wp","href":"https:\/\/api.w.org\/{rel}","templated":true}]}}