{"id":4479,"date":"2019-04-29T08:09:38","date_gmt":"2019-04-29T06:09:38","guid":{"rendered":"http:\/\/lorrylesmetz-histoire.fr\/?page_id=4479"},"modified":"2019-04-29T08:20:35","modified_gmt":"2019-04-29T06:20:35","slug":"1-02","status":"publish","type":"page","link":"http:\/\/lorrylesmetz-histoire.fr\/?page_id=4479","title":{"rendered":"Lapin de P\u00e2ques avec l&rsquo;Itep"},"content":{"rendered":"<h2>10\u00a0avril\u00a02019<\/h2>\n<p>Les enfants de l\u2019Itep sont pass\u00e9s par Le Beau-Site voir si le li\u00e8vre de P\u00e2ques n\u2019avait pas laiss\u00e9 des \u00e9nigmes qui permettent de le rattraper. Ils ont sonn\u00e9 \u00e0 la porte de Lorry-l\u00e8s-Metz \u00ab\u00a0au fil du temps\u00a0\u00bb qui, justement, avait crois\u00e9 une paire de jours plus t\u00f4t le lapin, et lui avait demand\u00e9 quelques indices pour que les enfants retrouvent ses \u0153ufs en chocolat. Les petits sont repartis sous la pluie avec leur indice, mais aux derni\u00e8res nouvelles, le lapin court toujours\u2009!<\/p>\n<div id=\"metaslider-id-4483\" style=\"width: 100%; margin: 0 auto;\" class=\"ml-slider-3-108-0 metaslider metaslider-responsive metaslider-4483 ml-slider has-dots-nav ms-theme-precognition\" role=\"region\" aria-label=\"Itep 2019\" data-height=\"800\" data-width=\"800\">\n    <div id=\"metaslider_container_4483\">\n        <ul id='metaslider_4483' class='rslides'>\n            <li aria-roledescription='slide' aria-labelledby='slide-0'><a href=\"http:\/\/lorrylesmetz-histoire.fr\/wp-content\/uploads\/2019\/04\/01.jpg\" target=\"_blank\"><img loading=\"lazy\" decoding=\"async\" src=\"http:\/\/lorrylesmetz-histoire.fr\/wp-content\/uploads\/2019\/04\/01-800x800.jpg\" height=\"800\" width=\"800\" alt=\"\" class=\"slider-4483 slide-4484 msDefaultImage\" title=\"01\" \/><\/a><\/li>\n            <li style='display: none;' aria-roledescription='slide' aria-labelledby='slide-1'><a href=\"http:\/\/lorrylesmetz-histoire.fr\/wp-content\/uploads\/2019\/04\/02.jpg\" target=\"_blank\"><img loading=\"lazy\" decoding=\"async\" src=\"http:\/\/lorrylesmetz-histoire.fr\/wp-content\/uploads\/2019\/04\/02-800x800.jpg\" height=\"800\" width=\"800\" alt=\"\" class=\"slider-4483 slide-4485 msDefaultImage\" title=\"02\" \/><\/a><\/li>\n        <\/ul>\n        \n    <\/div>\n<\/div>\n<p>Photos Claudine Kester<\/p>\n<p><a href=\"http:\/\/lorrylesmetz-histoire.fr\/?page_id=4390\"><img loading=\"lazy\" decoding=\"async\" class=\"alignnone size-full wp-image-378\" src=\"http:\/\/lorrylesmetz-histoire.fr\/wp-content\/uploads\/2017\/05\/retour.png\" alt=\"\" width=\"89\" height=\"31\" \/><\/a><\/p>\n","protected":false},"excerpt":{"rendered":"<p>10\u00a0avril\u00a02019 Les enfants de l\u2019Itep sont pass\u00e9s par Le Beau-Site voir si le li\u00e8vre de P\u00e2ques n\u2019avait pas laiss\u00e9 des \u00e9nigmes qui permettent de le rattraper. Ils ont sonn\u00e9 \u00e0 la porte de Lorry-l\u00e8s-Metz \u00ab\u00a0au fil du temps\u00a0\u00bb qui, justement,&hellip; <\/p>\n","protected":false},"author":1,"featured_media":0,"parent":4390,"menu_order":5,"comment_status":"closed","ping_status":"closed","template":"","meta":{"_mc_calendar":[],"footnotes":""},"class_list":["post-4479","page","type-page","status-publish","hentry"],"_links":{"self":[{"href":"http:\/\/lorrylesmetz-histoire.fr\/index.php?rest_route=\/wp\/v2\/pages\/4479","targetHints":{"allow":["GET"]}}],"collection":[{"href":"http:\/\/lorrylesmetz-histoire.fr\/index.php?rest_route=\/wp\/v2\/pages"}],"about":[{"href":"http:\/\/lorrylesmetz-histoire.fr\/index.php?rest_route=\/wp\/v2\/types\/page"}],"author":[{"embeddable":true,"href":"http:\/\/lorrylesmetz-histoire.fr\/index.php?rest_route=\/wp\/v2\/users\/1"}],"replies":[{"embeddable":true,"href":"http:\/\/lorrylesmetz-histoire.fr\/index.php?rest_route=%2Fwp%2Fv2%2Fcomments&post=4479"}],"version-history":[{"count":3,"href":"http:\/\/lorrylesmetz-histoire.fr\/index.php?rest_route=\/wp\/v2\/pages\/4479\/revisions"}],"predecessor-version":[{"id":4489,"href":"http:\/\/lorrylesmetz-histoire.fr\/index.php?rest_route=\/wp\/v2\/pages\/4479\/revisions\/4489"}],"up":[{"embeddable":true,"href":"http:\/\/lorrylesmetz-histoire.fr\/index.php?rest_route=\/wp\/v2\/pages\/4390"}],"wp:attachment":[{"href":"http:\/\/lorrylesmetz-histoire.fr\/index.php?rest_route=%2Fwp%2Fv2%2Fmedia&parent=4479"}],"curies":[{"name":"wp","href":"https:\/\/api.w.org\/{rel}","templated":true}]}}