{"id":4531,"date":"2019-04-29T11:39:39","date_gmt":"2019-04-29T09:39:39","guid":{"rendered":"http:\/\/lorrylesmetz-histoire.fr\/?page_id=4531"},"modified":"2019-04-29T11:52:39","modified_gmt":"2019-04-29T09:52:39","slug":"a-01","status":"publish","type":"page","link":"http:\/\/lorrylesmetz-histoire.fr\/?page_id=4531","title":{"rendered":"Exposition au mus\u00e9e de Metz"},"content":{"rendered":"<h2>24 avril<\/h2>\n<p>Visite de Lorry-l\u00e8s-Metz \u00ab\u00a0au fil du temps\u00a0\u00bb organis\u00e9e par V\u00e9ronique Le Ber au Mus\u00e9e de Metz M\u00e9tropole. Le th\u00e8me\u00a0: \u00ab\u00a0\u00catre artiste en Moselle entre 1870 et 1945\u00a0\u00bb.<\/p>\n<p>La visite guid\u00e9e commen\u00e7a avec un petit d\u00e9tour par l\u2019\u00c9cole de Metz (photo\u00a03) avec un rappel de l\u2019\u0153uvre de Mar\u00e9chal\u00a0: peintures, sculptures et vitraux (photo\u00a04).<\/p>\n<p>Dans la salle de l\u2019exposition, on a pu appr\u00e9cier l\u2019\u00e9volution des sujets choisis et des techniques de peinture. Il faut rappeler qu\u2019entre 1870 et 1918, le vivier messin des artistes s\u2019est effondr\u00e9, une grande partie d\u2019entre eux fuyant l\u2019Annexion, ils ont \u00e9t\u00e9 exercer leur art, soit \u00e0 Nancy, soit \u00e0 Paris. La qualit\u00e9 du discours de la guide a permis d\u2019appr\u00e9hender les \u0153uvres de fa\u00e7on plus approfondie.<\/p>\n<div id=\"metaslider-id-4569\" style=\"width: 100%; margin: 0 auto;\" class=\"ml-slider-3-108-0 metaslider metaslider-responsive metaslider-4569 ml-slider has-dots-nav ms-theme-precognition\" role=\"region\" aria-label=\"Expo mus\u00e9e 2019\" data-height=\"800\" data-width=\"800\">\n    <div id=\"metaslider_container_4569\">\n        <ul id='metaslider_4569' class='rslides'>\n            <li aria-roledescription='slide' aria-labelledby='slide-0'><a href=\"http:\/\/lorrylesmetz-histoire.fr\/wp-content\/uploads\/2019\/04\/C01.jpg\" target=\"_blank\"><img loading=\"lazy\" decoding=\"async\" src=\"http:\/\/lorrylesmetz-histoire.fr\/wp-content\/uploads\/2019\/04\/C01-800x800.jpg\" height=\"800\" width=\"800\" alt=\"\" class=\"slider-4569 slide-4570 msDefaultImage\" title=\"C01\" \/><\/a><\/li>\n            <li style='display: none;' aria-roledescription='slide' aria-labelledby='slide-1'><a href=\"http:\/\/lorrylesmetz-histoire.fr\/wp-content\/uploads\/2019\/04\/C02.jpg\" target=\"_blank\"><img loading=\"lazy\" decoding=\"async\" src=\"http:\/\/lorrylesmetz-histoire.fr\/wp-content\/uploads\/2019\/04\/C02-800x800.jpg\" height=\"800\" width=\"800\" alt=\"\" class=\"slider-4569 slide-4571 msDefaultImage\" title=\"C02\" \/><\/a><\/li>\n            <li style='display: none;' aria-roledescription='slide' aria-labelledby='slide-2'><a href=\"http:\/\/lorrylesmetz-histoire.fr\/wp-content\/uploads\/2019\/04\/C03.jpg\" target=\"_blank\"><img loading=\"lazy\" decoding=\"async\" src=\"http:\/\/lorrylesmetz-histoire.fr\/wp-content\/uploads\/2019\/04\/C03-800x800.jpg\" height=\"800\" width=\"800\" alt=\"\" class=\"slider-4569 slide-4572 msDefaultImage\" title=\"C03\" \/><\/a><\/li>\n            <li style='display: none;' aria-roledescription='slide' aria-labelledby='slide-3'><a href=\"http:\/\/lorrylesmetz-histoire.fr\/wp-content\/uploads\/2019\/04\/C04.jpg\" target=\"_blank\"><img loading=\"lazy\" decoding=\"async\" src=\"http:\/\/lorrylesmetz-histoire.fr\/wp-content\/uploads\/2019\/04\/C04-800x800.jpg\" height=\"800\" width=\"800\" alt=\"\" class=\"slider-4569 slide-4573 msDefaultImage\" title=\"C04\" \/><\/a><\/li>\n            <li style='display: none;' aria-roledescription='slide' aria-labelledby='slide-4'><a href=\"http:\/\/lorrylesmetz-histoire.fr\/wp-content\/uploads\/2019\/04\/C05.jpg\" target=\"_blank\"><img loading=\"lazy\" decoding=\"async\" src=\"http:\/\/lorrylesmetz-histoire.fr\/wp-content\/uploads\/2019\/04\/C05-800x800.jpg\" height=\"800\" width=\"800\" alt=\"\" class=\"slider-4569 slide-4574 msDefaultImage\" title=\"C05\" \/><\/a><\/li>\n            <li style='display: none;' aria-roledescription='slide' aria-labelledby='slide-5'><a href=\"http:\/\/lorrylesmetz-histoire.fr\/wp-content\/uploads\/2019\/04\/C06.jpg\" target=\"_blank\"><img loading=\"lazy\" decoding=\"async\" src=\"http:\/\/lorrylesmetz-histoire.fr\/wp-content\/uploads\/2019\/04\/C06-800x800.jpg\" height=\"800\" width=\"800\" alt=\"\" class=\"slider-4569 slide-4575 msDefaultImage\" title=\"C06\" \/><\/a><\/li>\n            <li style='display: none;' aria-roledescription='slide' aria-labelledby='slide-6'><a href=\"http:\/\/lorrylesmetz-histoire.fr\/wp-content\/uploads\/2019\/04\/C07.jpg\" target=\"_blank\"><img loading=\"lazy\" decoding=\"async\" src=\"http:\/\/lorrylesmetz-histoire.fr\/wp-content\/uploads\/2019\/04\/C07-800x800.jpg\" height=\"800\" width=\"800\" alt=\"\" class=\"slider-4569 slide-4576 msDefaultImage\" title=\"C07\" \/><\/a><\/li>\n            <li style='display: none;' aria-roledescription='slide' aria-labelledby='slide-7'><a href=\"http:\/\/lorrylesmetz-histoire.fr\/wp-content\/uploads\/2019\/04\/C08.jpg\" target=\"_blank\"><img loading=\"lazy\" decoding=\"async\" src=\"http:\/\/lorrylesmetz-histoire.fr\/wp-content\/uploads\/2019\/04\/C08-800x800.jpg\" height=\"800\" width=\"800\" alt=\"\" class=\"slider-4569 slide-4577 msDefaultImage\" title=\"C08\" \/><\/a><\/li>\n            <li style='display: none;' aria-roledescription='slide' aria-labelledby='slide-8'><a href=\"http:\/\/lorrylesmetz-histoire.fr\/wp-content\/uploads\/2019\/04\/C09.jpg\" target=\"_blank\"><img loading=\"lazy\" decoding=\"async\" src=\"http:\/\/lorrylesmetz-histoire.fr\/wp-content\/uploads\/2019\/04\/C09-800x800.jpg\" height=\"800\" width=\"800\" alt=\"\" class=\"slider-4569 slide-4578 msDefaultImage\" title=\"C09\" \/><\/a><\/li>\n            <li style='display: none;' aria-roledescription='slide' aria-labelledby='slide-9'><a href=\"http:\/\/lorrylesmetz-histoire.fr\/wp-content\/uploads\/2019\/04\/C10.jpg\" target=\"_blank\"><img loading=\"lazy\" decoding=\"async\" src=\"http:\/\/lorrylesmetz-histoire.fr\/wp-content\/uploads\/2019\/04\/C10-800x800.jpg\" height=\"800\" width=\"800\" alt=\"\" class=\"slider-4569 slide-4579 msDefaultImage\" title=\"C10\" \/><\/a><\/li>\n            <li style='display: none;' aria-roledescription='slide' aria-labelledby='slide-10'><a href=\"http:\/\/lorrylesmetz-histoire.fr\/wp-content\/uploads\/2019\/04\/C11.jpg\" target=\"_blank\"><img loading=\"lazy\" decoding=\"async\" src=\"http:\/\/lorrylesmetz-histoire.fr\/wp-content\/uploads\/2019\/04\/C11-800x800.jpg\" height=\"800\" width=\"800\" alt=\"\" class=\"slider-4569 slide-4580 msDefaultImage\" title=\"C11\" \/><\/a><\/li>\n            <li style='display: none;' aria-roledescription='slide' aria-labelledby='slide-11'><a href=\"http:\/\/lorrylesmetz-histoire.fr\/wp-content\/uploads\/2019\/04\/C12.jpg\" target=\"_blank\"><img loading=\"lazy\" decoding=\"async\" src=\"http:\/\/lorrylesmetz-histoire.fr\/wp-content\/uploads\/2019\/04\/C12-800x800.jpg\" height=\"800\" width=\"800\" alt=\"\" class=\"slider-4569 slide-4581 msDefaultImage\" title=\"C12\" \/><\/a><\/li>\n            <li style='display: none;' aria-roledescription='slide' aria-labelledby='slide-12'><a href=\"http:\/\/lorrylesmetz-histoire.fr\/wp-content\/uploads\/2019\/04\/C13.jpg\" target=\"_blank\"><img loading=\"lazy\" decoding=\"async\" src=\"http:\/\/lorrylesmetz-histoire.fr\/wp-content\/uploads\/2019\/04\/C13-800x800.jpg\" height=\"800\" width=\"800\" alt=\"\" class=\"slider-4569 slide-4582 msDefaultImage\" title=\"C13\" \/><\/a><\/li>\n            <li style='display: none;' aria-roledescription='slide' aria-labelledby='slide-13'><a href=\"http:\/\/lorrylesmetz-histoire.fr\/wp-content\/uploads\/2019\/04\/C14.jpg\" target=\"_blank\"><img loading=\"lazy\" decoding=\"async\" src=\"http:\/\/lorrylesmetz-histoire.fr\/wp-content\/uploads\/2019\/04\/C14-800x800.jpg\" height=\"800\" width=\"800\" alt=\"\" class=\"slider-4569 slide-4583 msDefaultImage\" title=\"C14\" \/><\/a><\/li>\n            <li style='display: none;' aria-roledescription='slide' aria-labelledby='slide-14'><a href=\"http:\/\/lorrylesmetz-histoire.fr\/wp-content\/uploads\/2019\/04\/C15.jpg\" target=\"_blank\"><img loading=\"lazy\" decoding=\"async\" src=\"http:\/\/lorrylesmetz-histoire.fr\/wp-content\/uploads\/2019\/04\/C15-800x800.jpg\" height=\"800\" width=\"800\" alt=\"\" class=\"slider-4569 slide-4584 msDefaultImage\" title=\"C15\" \/><\/a><\/li>\n        <\/ul>\n        \n    <\/div>\n<\/div>\n<p>Photos Claudine\u00a0Kester-ElGhozi<\/p>\n<p><a href=\"http:\/\/lorrylesmetz-histoire.fr\/?page_id=4354\"><img loading=\"lazy\" decoding=\"async\" class=\"alignnone size-full wp-image-378\" src=\"http:\/\/lorrylesmetz-histoire.fr\/wp-content\/uploads\/2017\/05\/retour.png\" alt=\"\" width=\"89\" height=\"31\" \/><\/a><\/p>\n","protected":false},"excerpt":{"rendered":"<p>24 avril Visite de Lorry-l\u00e8s-Metz \u00ab\u00a0au fil du temps\u00a0\u00bb organis\u00e9e par V\u00e9ronique Le Ber au Mus\u00e9e de Metz M\u00e9tropole. Le th\u00e8me\u00a0: \u00ab\u00a0\u00catre artiste en Moselle entre 1870 et 1945\u00a0\u00bb. La visite guid\u00e9e commen\u00e7a avec un petit d\u00e9tour par l\u2019\u00c9cole de&hellip; <\/p>\n","protected":false},"author":1,"featured_media":0,"parent":4354,"menu_order":2,"comment_status":"closed","ping_status":"closed","template":"","meta":{"_mc_calendar":[],"footnotes":""},"class_list":["post-4531","page","type-page","status-publish","hentry"],"_links":{"self":[{"href":"http:\/\/lorrylesmetz-histoire.fr\/index.php?rest_route=\/wp\/v2\/pages\/4531","targetHints":{"allow":["GET"]}}],"collection":[{"href":"http:\/\/lorrylesmetz-histoire.fr\/index.php?rest_route=\/wp\/v2\/pages"}],"about":[{"href":"http:\/\/lorrylesmetz-histoire.fr\/index.php?rest_route=\/wp\/v2\/types\/page"}],"author":[{"embeddable":true,"href":"http:\/\/lorrylesmetz-histoire.fr\/index.php?rest_route=\/wp\/v2\/users\/1"}],"replies":[{"embeddable":true,"href":"http:\/\/lorrylesmetz-histoire.fr\/index.php?rest_route=%2Fwp%2Fv2%2Fcomments&post=4531"}],"version-history":[{"count":2,"href":"http:\/\/lorrylesmetz-histoire.fr\/index.php?rest_route=\/wp\/v2\/pages\/4531\/revisions"}],"predecessor-version":[{"id":4585,"href":"http:\/\/lorrylesmetz-histoire.fr\/index.php?rest_route=\/wp\/v2\/pages\/4531\/revisions\/4585"}],"up":[{"embeddable":true,"href":"http:\/\/lorrylesmetz-histoire.fr\/index.php?rest_route=\/wp\/v2\/pages\/4354"}],"wp:attachment":[{"href":"http:\/\/lorrylesmetz-histoire.fr\/index.php?rest_route=%2Fwp%2Fv2%2Fmedia&parent=4531"}],"curies":[{"name":"wp","href":"https:\/\/api.w.org\/{rel}","templated":true}]}}