{"id":4532,"date":"2019-04-29T11:22:28","date_gmt":"2019-04-29T09:22:28","guid":{"rendered":"http:\/\/lorrylesmetz-histoire.fr\/?page_id=4532"},"modified":"2019-04-29T11:55:11","modified_gmt":"2019-04-29T09:55:11","slug":"a-02","status":"publish","type":"page","link":"http:\/\/lorrylesmetz-histoire.fr\/?page_id=4532","title":{"rendered":"Colloque"},"content":{"rendered":"<h2>15 avril 2019<\/h2>\n<p>Lorry-l\u00e8s-Metz a pr\u00e9sent\u00e9 son colloque annuel avec 3 th\u00e8mes :<\/p>\n<ul style=\"list-style-type: circle;\">\n<li>\u00ab\u00a0Montons dans le clocher\u00a0\u00bb, l\u2019horloge, les cloches et le coq illustr\u00e9s par le talent de conteur de Fran\u00e7ois\u00a0Courtade, pr\u00e9sident honoraire de l\u2019association<\/li>\n<li>\u00ab\u00a0Lorry-l\u00e8s-Metz au fil de l\u2019eau\u00a0: trois moulins sur le Rh\u00f4ne\u00a0\u00bb, une balade propos\u00e9e par Sophie\u00a0Cr\u00e9ty, arch\u00e9ologue, qui nous a fait d\u00e9couvrir le patrimoine lorriot des moulins de Vigneulles, cach\u00e9 sous la nature<\/li>\n<li>\u00ab\u00a0Les Lorriots expuls\u00e9s et Gabriel Poir\u00e9 \u00e0 Carcassonne\u00a0\u00bb, racont\u00e9e par Claudine\u00a0Kester-ElGhozi, vie et photos de celui qui a \u00e9t\u00e9 pr\u00e9sident du Groupement des Expuls\u00e9s de Lorraine et d\u2019Alsace et des R\u00e9fugi\u00e9s de l\u2019Aude. Le spectateur a pu reconna\u00eetre, qui ses parents, qui ses grands-parents sur les nombreux clich\u00e9s propos\u00e9s.<\/li>\n<\/ul>\n<div id=\"metaslider-id-4542\" style=\"width: 100%; margin: 0 auto;\" class=\"ml-slider-3-108-0 metaslider metaslider-responsive metaslider-4542 ml-slider has-dots-nav ms-theme-precognition\" role=\"region\" aria-label=\"Colloque 2019\" data-height=\"800\" data-width=\"800\">\n    <div id=\"metaslider_container_4542\">\n        <ul id='metaslider_4542' class='rslides'>\n            <li aria-roledescription='slide' aria-labelledby='slide-0'><a href=\"http:\/\/lorrylesmetz-histoire.fr\/wp-content\/uploads\/2019\/04\/B01.jpg\" target=\"_blank\"><img loading=\"lazy\" decoding=\"async\" src=\"http:\/\/lorrylesmetz-histoire.fr\/wp-content\/uploads\/2019\/04\/B01-800x800.jpg\" height=\"800\" width=\"800\" alt=\"\" class=\"slider-4542 slide-4543 msDefaultImage\" title=\"B01\" \/><\/a><\/li>\n            <li style='display: none;' aria-roledescription='slide' aria-labelledby='slide-1'><a href=\"http:\/\/lorrylesmetz-histoire.fr\/wp-content\/uploads\/2019\/04\/B02.jpg\" target=\"_blank\"><img loading=\"lazy\" decoding=\"async\" src=\"http:\/\/lorrylesmetz-histoire.fr\/wp-content\/uploads\/2019\/04\/B02-800x800.jpg\" height=\"800\" width=\"800\" alt=\"\" class=\"slider-4542 slide-4544 msDefaultImage\" title=\"B02\" \/><\/a><\/li>\n            <li style='display: none;' aria-roledescription='slide' aria-labelledby='slide-2'><a href=\"http:\/\/lorrylesmetz-histoire.fr\/wp-content\/uploads\/2019\/04\/B03.jpg\" target=\"_blank\"><img loading=\"lazy\" decoding=\"async\" src=\"http:\/\/lorrylesmetz-histoire.fr\/wp-content\/uploads\/2019\/04\/B03-800x800.jpg\" height=\"800\" width=\"800\" alt=\"\" class=\"slider-4542 slide-4545 msDefaultImage\" title=\"B03\" \/><\/a><\/li>\n            <li style='display: none;' aria-roledescription='slide' aria-labelledby='slide-3'><a href=\"http:\/\/lorrylesmetz-histoire.fr\/wp-content\/uploads\/2019\/04\/B04.jpg\" target=\"_blank\"><img loading=\"lazy\" decoding=\"async\" src=\"http:\/\/lorrylesmetz-histoire.fr\/wp-content\/uploads\/2019\/04\/B04-800x800.jpg\" height=\"800\" width=\"800\" alt=\"\" class=\"slider-4542 slide-4546 msDefaultImage\" title=\"B04\" \/><\/a><\/li>\n            <li style='display: none;' aria-roledescription='slide' aria-labelledby='slide-4'><a href=\"http:\/\/lorrylesmetz-histoire.fr\/wp-content\/uploads\/2019\/04\/B05.jpg\" target=\"_blank\"><img loading=\"lazy\" decoding=\"async\" src=\"http:\/\/lorrylesmetz-histoire.fr\/wp-content\/uploads\/2019\/04\/B05-800x800.jpg\" height=\"800\" width=\"800\" alt=\"\" class=\"slider-4542 slide-4547 msDefaultImage\" title=\"B05\" \/><\/a><\/li>\n            <li style='display: none;' aria-roledescription='slide' aria-labelledby='slide-5'><a href=\"http:\/\/lorrylesmetz-histoire.fr\/wp-content\/uploads\/2019\/04\/B06.jpg\" target=\"_blank\"><img loading=\"lazy\" decoding=\"async\" src=\"http:\/\/lorrylesmetz-histoire.fr\/wp-content\/uploads\/2019\/04\/B06-800x800.jpg\" height=\"800\" width=\"800\" alt=\"\" class=\"slider-4542 slide-4548 msDefaultImage\" title=\"B06\" \/><\/a><\/li>\n            <li style='display: none;' aria-roledescription='slide' aria-labelledby='slide-6'><a href=\"http:\/\/lorrylesmetz-histoire.fr\/wp-content\/uploads\/2019\/04\/B07.jpg\" target=\"_blank\"><img loading=\"lazy\" decoding=\"async\" src=\"http:\/\/lorrylesmetz-histoire.fr\/wp-content\/uploads\/2019\/04\/B07-800x800.jpg\" height=\"800\" width=\"800\" alt=\"\" class=\"slider-4542 slide-4549 msDefaultImage\" title=\"B07\" \/><\/a><\/li>\n            <li style='display: none;' aria-roledescription='slide' aria-labelledby='slide-7'><a href=\"http:\/\/lorrylesmetz-histoire.fr\/wp-content\/uploads\/2019\/04\/B08.jpg\" target=\"_blank\"><img loading=\"lazy\" decoding=\"async\" src=\"http:\/\/lorrylesmetz-histoire.fr\/wp-content\/uploads\/2019\/04\/B08-800x800.jpg\" height=\"800\" width=\"800\" alt=\"\" class=\"slider-4542 slide-4550 msDefaultImage\" title=\"B08\" \/><\/a><\/li>\n        <\/ul>\n        \n    <\/div>\n<\/div>\n<p>Photos Claudine et G\u00e9rard Kester<\/p>\n<p><a href=\"http:\/\/lorrylesmetz-histoire.fr\/?page_id=4354\"><img loading=\"lazy\" decoding=\"async\" class=\"alignnone size-full wp-image-378\" src=\"http:\/\/lorrylesmetz-histoire.fr\/wp-content\/uploads\/2017\/05\/retour.png\" alt=\"\" width=\"89\" height=\"31\" \/><\/a><\/p>\n","protected":false},"excerpt":{"rendered":"<p>15 avril 2019 Lorry-l\u00e8s-Metz a pr\u00e9sent\u00e9 son colloque annuel avec 3 th\u00e8mes : \u00ab\u00a0Montons dans le clocher\u00a0\u00bb, l\u2019horloge, les cloches et le coq illustr\u00e9s par le talent de conteur de Fran\u00e7ois\u00a0Courtade, pr\u00e9sident honoraire de l\u2019association \u00ab\u00a0Lorry-l\u00e8s-Metz au fil de l\u2019eau\u00a0:&hellip; <\/p>\n","protected":false},"author":1,"featured_media":0,"parent":4354,"menu_order":3,"comment_status":"closed","ping_status":"closed","template":"","meta":{"_mc_calendar":[],"footnotes":""},"class_list":["post-4532","page","type-page","status-publish","hentry"],"_links":{"self":[{"href":"http:\/\/lorrylesmetz-histoire.fr\/index.php?rest_route=\/wp\/v2\/pages\/4532","targetHints":{"allow":["GET"]}}],"collection":[{"href":"http:\/\/lorrylesmetz-histoire.fr\/index.php?rest_route=\/wp\/v2\/pages"}],"about":[{"href":"http:\/\/lorrylesmetz-histoire.fr\/index.php?rest_route=\/wp\/v2\/types\/page"}],"author":[{"embeddable":true,"href":"http:\/\/lorrylesmetz-histoire.fr\/index.php?rest_route=\/wp\/v2\/users\/1"}],"replies":[{"embeddable":true,"href":"http:\/\/lorrylesmetz-histoire.fr\/index.php?rest_route=%2Fwp%2Fv2%2Fcomments&post=4532"}],"version-history":[{"count":3,"href":"http:\/\/lorrylesmetz-histoire.fr\/index.php?rest_route=\/wp\/v2\/pages\/4532\/revisions"}],"predecessor-version":[{"id":4588,"href":"http:\/\/lorrylesmetz-histoire.fr\/index.php?rest_route=\/wp\/v2\/pages\/4532\/revisions\/4588"}],"up":[{"embeddable":true,"href":"http:\/\/lorrylesmetz-histoire.fr\/index.php?rest_route=\/wp\/v2\/pages\/4354"}],"wp:attachment":[{"href":"http:\/\/lorrylesmetz-histoire.fr\/index.php?rest_route=%2Fwp%2Fv2%2Fmedia&parent=4532"}],"curies":[{"name":"wp","href":"https:\/\/api.w.org\/{rel}","templated":true}]}}