{"id":4670,"date":"2019-12-17T14:43:48","date_gmt":"2019-12-17T13:43:48","guid":{"rendered":"http:\/\/lorrylesmetz-histoire.fr\/?page_id=4670"},"modified":"2019-12-26T11:06:21","modified_gmt":"2019-12-26T10:06:21","slug":"chmp-2","status":"publish","type":"page","link":"http:\/\/lorrylesmetz-histoire.fr\/?page_id=4670","title":{"rendered":"R\u00e9union du CHMP"},"content":{"rendered":"<h2>3 juin 2019<\/h2>\n<p>Lorry-l\u00e8s-Metz \u00e9tait fid\u00e8le \u00e0 la r\u00e9union du CHPM, o\u00f9 Pierre Brasme a d\u00e9taill\u00e9 les interventions du colloque de Woippy du 8 novembre prochain et Marc Bojic a parl\u00e9 du Salon du Livre d&rsquo;Histoire Woippy, encore en qu\u00eate d&rsquo;un parrainage.<\/p>\n<p><img loading=\"lazy\" decoding=\"async\" class=\"alignnone size-medium wp-image-4665\" src=\"http:\/\/lorrylesmetz-histoire.fr\/wp-content\/uploads\/2019\/12\/A02-300x225.jpg\" alt=\"\" width=\"300\" height=\"225\" srcset=\"http:\/\/lorrylesmetz-histoire.fr\/wp-content\/uploads\/2019\/12\/A02-300x225.jpg 300w, http:\/\/lorrylesmetz-histoire.fr\/wp-content\/uploads\/2019\/12\/A02-768x576.jpg 768w, http:\/\/lorrylesmetz-histoire.fr\/wp-content\/uploads\/2019\/12\/A02.jpg 1000w\" sizes=\"auto, (max-width: 300px) 100vw, 300px\" \/> <img loading=\"lazy\" decoding=\"async\" class=\"alignnone size-medium wp-image-4666\" src=\"http:\/\/lorrylesmetz-histoire.fr\/wp-content\/uploads\/2019\/12\/A01-300x225.jpg\" alt=\"\" width=\"300\" height=\"225\" srcset=\"http:\/\/lorrylesmetz-histoire.fr\/wp-content\/uploads\/2019\/12\/A01-300x225.jpg 300w, http:\/\/lorrylesmetz-histoire.fr\/wp-content\/uploads\/2019\/12\/A01-768x576.jpg 768w, http:\/\/lorrylesmetz-histoire.fr\/wp-content\/uploads\/2019\/12\/A01.jpg 1000w\" sizes=\"auto, (max-width: 300px) 100vw, 300px\" \/><\/p>\n<p>Photos Claudine Kester<\/p>\n<p><a href=\"http:\/\/lorrylesmetz-histoire.fr\/?page_id=4390\"><img loading=\"lazy\" decoding=\"async\" class=\"alignnone size-full wp-image-378\" src=\"http:\/\/lorrylesmetz-histoire.fr\/wp-content\/uploads\/2017\/05\/retour.png\" alt=\"\" width=\"89\" height=\"31\" \/><\/a><\/p>\n","protected":false},"excerpt":{"rendered":"<p>3 juin 2019 Lorry-l\u00e8s-Metz \u00e9tait fid\u00e8le \u00e0 la r\u00e9union du CHPM, o\u00f9 Pierre Brasme a d\u00e9taill\u00e9 les interventions du colloque de Woippy du 8 novembre prochain et Marc Bojic a parl\u00e9 du Salon du Livre d&rsquo;Histoire Woippy, encore en qu\u00eate&hellip; <\/p>\n","protected":false},"author":1,"featured_media":0,"parent":4390,"menu_order":3,"comment_status":"closed","ping_status":"closed","template":"","meta":{"_mc_calendar":[],"footnotes":""},"class_list":["post-4670","page","type-page","status-publish","hentry"],"_links":{"self":[{"href":"http:\/\/lorrylesmetz-histoire.fr\/index.php?rest_route=\/wp\/v2\/pages\/4670","targetHints":{"allow":["GET"]}}],"collection":[{"href":"http:\/\/lorrylesmetz-histoire.fr\/index.php?rest_route=\/wp\/v2\/pages"}],"about":[{"href":"http:\/\/lorrylesmetz-histoire.fr\/index.php?rest_route=\/wp\/v2\/types\/page"}],"author":[{"embeddable":true,"href":"http:\/\/lorrylesmetz-histoire.fr\/index.php?rest_route=\/wp\/v2\/users\/1"}],"replies":[{"embeddable":true,"href":"http:\/\/lorrylesmetz-histoire.fr\/index.php?rest_route=%2Fwp%2Fv2%2Fcomments&post=4670"}],"version-history":[{"count":3,"href":"http:\/\/lorrylesmetz-histoire.fr\/index.php?rest_route=\/wp\/v2\/pages\/4670\/revisions"}],"predecessor-version":[{"id":4677,"href":"http:\/\/lorrylesmetz-histoire.fr\/index.php?rest_route=\/wp\/v2\/pages\/4670\/revisions\/4677"}],"up":[{"embeddable":true,"href":"http:\/\/lorrylesmetz-histoire.fr\/index.php?rest_route=\/wp\/v2\/pages\/4390"}],"wp:attachment":[{"href":"http:\/\/lorrylesmetz-histoire.fr\/index.php?rest_route=%2Fwp%2Fv2%2Fmedia&parent=4670"}],"curies":[{"name":"wp","href":"https:\/\/api.w.org\/{rel}","templated":true}]}}