{"id":4764,"date":"2019-12-23T17:16:29","date_gmt":"2019-12-23T16:16:29","guid":{"rendered":"http:\/\/lorrylesmetz-histoire.fr\/?page_id=4764"},"modified":"2019-12-24T11:39:56","modified_gmt":"2019-12-24T10:39:56","slug":"colloque-de-la-societe-dhistoire-de-woippy","status":"publish","type":"page","link":"http:\/\/lorrylesmetz-histoire.fr\/?page_id=4764","title":{"rendered":"Colloque de la Soci\u00e9t\u00e9 d&rsquo;Histoire de Woippy"},"content":{"rendered":"<h2>8\u00a0novembre\u00a02019<\/h2>\n<p>Lorry-l\u00e8s-Metz \u00ab\u00a0au fil du temps\u00a0\u00bb \u00e9tait au colloque de la Soci\u00e9t\u00e9 d\u2019Histoire de Woippy. Toujours aussi passionnant. Le matin, Alain\u00a0Hibold a parl\u00e9 du Parlement de Metz et Jo\u00eblle\u00a0Lombard a pr\u00e9sent\u00e9 une \u00e9tude sur les vignerons de Marange, ce qui a permis de constater un fonctionnement diff\u00e9rent d\u2019avec ceux de Lorry-l\u00e8s-Metz.<\/p>\n<div id=\"metaslider-id-4789\" style=\"width: 100%; margin: 0 auto;\" class=\"ml-slider-3-108-0 metaslider metaslider-responsive metaslider-4789 ml-slider has-dots-nav ms-theme-default\" role=\"region\" aria-label=\"colloque Woippy 2019\" data-height=\"800\" data-width=\"1000\">\n    <div id=\"metaslider_container_4789\">\n        <ul id='metaslider_4789' class='rslides'>\n            <li aria-roledescription='slide' aria-labelledby='slide-0'><a href=\"http:\/\/lorrylesmetz-histoire.fr\/wp-content\/uploads\/2019\/12\/D001.jpg\" target=\"_blank\"><img loading=\"lazy\" decoding=\"async\" src=\"http:\/\/lorrylesmetz-histoire.fr\/wp-content\/uploads\/2019\/12\/D001-1000x800.jpg\" height=\"800\" width=\"1000\" alt=\"\" class=\"slider-4789 slide-4858 msDefaultImage\" title=\"D001\" \/><\/a><\/li>\n            <li style='display: none;' aria-roledescription='slide' aria-labelledby='slide-1'><a href=\"http:\/\/lorrylesmetz-histoire.fr\/wp-content\/uploads\/2019\/12\/D002.jpg\" target=\"_blank\"><img loading=\"lazy\" decoding=\"async\" src=\"http:\/\/lorrylesmetz-histoire.fr\/wp-content\/uploads\/2019\/12\/D002-1000x800.jpg\" height=\"800\" width=\"1000\" alt=\"\" class=\"slider-4789 slide-4859 msDefaultImage\" title=\"D002\" \/><\/a><\/li>\n            <li style='display: none;' aria-roledescription='slide' aria-labelledby='slide-2'><a href=\"http:\/\/lorrylesmetz-histoire.fr\/wp-content\/uploads\/2019\/12\/D003.jpg\" target=\"_blank\"><img loading=\"lazy\" decoding=\"async\" src=\"http:\/\/lorrylesmetz-histoire.fr\/wp-content\/uploads\/2019\/12\/D003-1000x800.jpg\" height=\"800\" width=\"1000\" alt=\"\" class=\"slider-4789 slide-4860 msDefaultImage\" title=\"D003\" \/><\/a><\/li>\n            <li style='display: none;' aria-roledescription='slide' aria-labelledby='slide-3'><a href=\"http:\/\/lorrylesmetz-histoire.fr\/wp-content\/uploads\/2019\/12\/D004.jpg\" target=\"_blank\"><img loading=\"lazy\" decoding=\"async\" src=\"http:\/\/lorrylesmetz-histoire.fr\/wp-content\/uploads\/2019\/12\/D004-1000x800.jpg\" height=\"800\" width=\"1000\" alt=\"\" class=\"slider-4789 slide-4861 msDefaultImage\" title=\"D004\" \/><\/a><\/li>\n            <li style='display: none;' aria-roledescription='slide' aria-labelledby='slide-4'><a href=\"http:\/\/lorrylesmetz-histoire.fr\/wp-content\/uploads\/2019\/12\/D005.jpg\" target=\"_blank\"><img loading=\"lazy\" decoding=\"async\" src=\"http:\/\/lorrylesmetz-histoire.fr\/wp-content\/uploads\/2019\/12\/D005-1000x800.jpg\" height=\"800\" width=\"1000\" alt=\"\" class=\"slider-4789 slide-4862 msDefaultImage\" title=\"D005\" \/><\/a><\/li>\n            <li style='display: none;' aria-roledescription='slide' aria-labelledby='slide-5'><a href=\"http:\/\/lorrylesmetz-histoire.fr\/wp-content\/uploads\/2019\/12\/D006.jpg\" target=\"_blank\"><img loading=\"lazy\" decoding=\"async\" src=\"http:\/\/lorrylesmetz-histoire.fr\/wp-content\/uploads\/2019\/12\/D006-1000x800.jpg\" height=\"800\" width=\"1000\" alt=\"\" class=\"slider-4789 slide-4863 msDefaultImage\" title=\"D006\" \/><\/a><\/li>\n            <li style='display: none;' aria-roledescription='slide' aria-labelledby='slide-6'><a href=\"http:\/\/lorrylesmetz-histoire.fr\/wp-content\/uploads\/2019\/12\/D007.jpg\" target=\"_blank\"><img loading=\"lazy\" decoding=\"async\" src=\"http:\/\/lorrylesmetz-histoire.fr\/wp-content\/uploads\/2019\/12\/D007-1000x800.jpg\" height=\"800\" width=\"1000\" alt=\"\" class=\"slider-4789 slide-4864 msDefaultImage\" title=\"D007\" \/><\/a><\/li>\n        <\/ul>\n        \n    <\/div>\n<\/div>\n<p>Photos Claudine Kester-ElGhozi<\/p>\n<p><a href=\"http:\/\/lorrylesmetz-histoire.fr\/?page_id=4390\"><img loading=\"lazy\" decoding=\"async\" class=\"alignnone size-full wp-image-378\" src=\"http:\/\/lorrylesmetz-histoire.fr\/wp-content\/uploads\/2017\/05\/retour.png\" alt=\"\" width=\"89\" height=\"31\" \/><\/a><\/p>\n","protected":false},"excerpt":{"rendered":"<p>8\u00a0novembre\u00a02019 Lorry-l\u00e8s-Metz \u00ab\u00a0au fil du temps\u00a0\u00bb \u00e9tait au colloque de la Soci\u00e9t\u00e9 d\u2019Histoire de Woippy. Toujours aussi passionnant. Le matin, Alain\u00a0Hibold a parl\u00e9 du Parlement de Metz et Jo\u00eblle\u00a0Lombard a pr\u00e9sent\u00e9 une \u00e9tude sur les vignerons de Marange, ce qui&hellip; <\/p>\n","protected":false},"author":1,"featured_media":0,"parent":4390,"menu_order":0,"comment_status":"closed","ping_status":"closed","template":"","meta":{"_mc_calendar":[],"footnotes":""},"class_list":["post-4764","page","type-page","status-publish","hentry"],"_links":{"self":[{"href":"http:\/\/lorrylesmetz-histoire.fr\/index.php?rest_route=\/wp\/v2\/pages\/4764","targetHints":{"allow":["GET"]}}],"collection":[{"href":"http:\/\/lorrylesmetz-histoire.fr\/index.php?rest_route=\/wp\/v2\/pages"}],"about":[{"href":"http:\/\/lorrylesmetz-histoire.fr\/index.php?rest_route=\/wp\/v2\/types\/page"}],"author":[{"embeddable":true,"href":"http:\/\/lorrylesmetz-histoire.fr\/index.php?rest_route=\/wp\/v2\/users\/1"}],"replies":[{"embeddable":true,"href":"http:\/\/lorrylesmetz-histoire.fr\/index.php?rest_route=%2Fwp%2Fv2%2Fcomments&post=4764"}],"version-history":[{"count":9,"href":"http:\/\/lorrylesmetz-histoire.fr\/index.php?rest_route=\/wp\/v2\/pages\/4764\/revisions"}],"predecessor-version":[{"id":4980,"href":"http:\/\/lorrylesmetz-histoire.fr\/index.php?rest_route=\/wp\/v2\/pages\/4764\/revisions\/4980"}],"up":[{"embeddable":true,"href":"http:\/\/lorrylesmetz-histoire.fr\/index.php?rest_route=\/wp\/v2\/pages\/4390"}],"wp:attachment":[{"href":"http:\/\/lorrylesmetz-histoire.fr\/index.php?rest_route=%2Fwp%2Fv2%2Fmedia&parent=4764"}],"curies":[{"name":"wp","href":"https:\/\/api.w.org\/{rel}","templated":true}]}}