{"id":4799,"date":"2019-12-23T20:55:36","date_gmt":"2019-12-23T19:55:36","guid":{"rendered":"http:\/\/lorrylesmetz-histoire.fr\/?page_id=4799"},"modified":"2019-12-24T11:40:35","modified_gmt":"2019-12-24T10:40:35","slug":"salon-du-livres-de-woippy","status":"publish","type":"page","link":"http:\/\/lorrylesmetz-histoire.fr\/?page_id=4799","title":{"rendered":"Salon du livre d&rsquo;histoire de Woippy"},"content":{"rendered":"<h2>9 et 10\u00a0novembre\u00a02019<\/h2>\n<p>17<sup>e<\/sup>\u00a0Salon du Livre d\u2019Histoire de la ville de Woippy, sous le parrainage de Philippe\u00a0Brunella, directeur des mus\u00e9es de Metz M\u00e9tropole.<br \/>\nLorry-l\u00e8s-Metz \u00ab\u00a0au fil du temps\u00a0\u00bb occupait toujours son poste ans la partie r\u00e9serv\u00e9e aux associations. Ce fut le plaisir de retrouver les gens des associations voisines et amies, des amis auteurs et de collecter toutes les derni\u00e8res nouvelles.<br \/>\nDans l\u2019ordre des photos, apr\u00e8s la pr\u00e9sentation\u00a0: S\u00e9bastien\u00a0Wagner, directeur des \u00c9ditions des Paraiges\u2009; Daniel\u00a0Dubourg, \u00e9crivain et conteur\u2009; K\u00e9vin\u00a0G\u0153uriot, historien et romancier\u2009; Monique\u00a0Bernard, prix de litt\u00e9rature de l\u2019Acad\u00e9mie Nationale de Metz\u2009; Julien\u00a0L\u00e9onard, historien\u2009; Fran\u00e7ois\u00a0Courtade, pr\u00e9sident honoraire de l\u2019association.<br \/>\nLorry-l\u00e8s-Metz au fil du temps\u00a0\u00bb remercie chaleureusement C\u00e9dric\u00a0Gouth, maire de Woippy, Marc\u00a0Bojic, Pr\u00e9sident de la SHW et toute l\u2019\u00e9quipe qui monte ce Salon pour la qualit\u00e9 et la convivialit\u00e9 de leur accueil.<\/p>\n<div id=\"metaslider-id-4833\" style=\"width: 100%; margin: 0 auto;\" class=\"ml-slider-3-108-0 metaslider metaslider-responsive metaslider-4833 ml-slider has-dots-nav ms-theme-default\" role=\"region\" aria-label=\"salon Woippy 2019\" data-height=\"800\" data-width=\"1000\">\n    <div id=\"metaslider_container_4833\">\n        <ul id='metaslider_4833' class='rslides'>\n            <li aria-roledescription='slide' aria-labelledby='slide-0'><a href=\"http:\/\/lorrylesmetz-histoire.fr\/wp-content\/uploads\/2019\/12\/E001.jpg\" target=\"_blank\"><img loading=\"lazy\" decoding=\"async\" src=\"http:\/\/lorrylesmetz-histoire.fr\/wp-content\/uploads\/2019\/12\/E001-1000x800.jpg\" height=\"800\" width=\"1000\" alt=\"\" class=\"slider-4833 slide-4957 msDefaultImage\" title=\"E001\" \/><\/a><\/li>\n            <li style='display: none;' aria-roledescription='slide' aria-labelledby='slide-1'><a href=\"http:\/\/lorrylesmetz-histoire.fr\/wp-content\/uploads\/2019\/12\/E002.jpg\" target=\"_blank\"><img loading=\"lazy\" decoding=\"async\" src=\"http:\/\/lorrylesmetz-histoire.fr\/wp-content\/uploads\/2019\/12\/E002-1000x800.jpg\" height=\"800\" width=\"1000\" alt=\"\" class=\"slider-4833 slide-4958 msDefaultImage\" title=\"E002\" \/><\/a><\/li>\n            <li style='display: none;' aria-roledescription='slide' aria-labelledby='slide-2'><a href=\"http:\/\/lorrylesmetz-histoire.fr\/wp-content\/uploads\/2019\/12\/E003.jpg\" target=\"_blank\"><img loading=\"lazy\" decoding=\"async\" src=\"http:\/\/lorrylesmetz-histoire.fr\/wp-content\/uploads\/2019\/12\/E003-1000x800.jpg\" height=\"800\" width=\"1000\" alt=\"\" class=\"slider-4833 slide-4959 msDefaultImage\" title=\"E003\" \/><\/a><\/li>\n            <li style='display: none;' aria-roledescription='slide' aria-labelledby='slide-3'><a href=\"http:\/\/lorrylesmetz-histoire.fr\/wp-content\/uploads\/2019\/12\/E004.jpg\" target=\"_blank\"><img loading=\"lazy\" decoding=\"async\" src=\"http:\/\/lorrylesmetz-histoire.fr\/wp-content\/uploads\/2019\/12\/E004-1000x800.jpg\" height=\"800\" width=\"1000\" alt=\"\" class=\"slider-4833 slide-4960 msDefaultImage\" title=\"E004\" \/><\/a><\/li>\n            <li style='display: none;' aria-roledescription='slide' aria-labelledby='slide-4'><a href=\"http:\/\/lorrylesmetz-histoire.fr\/wp-content\/uploads\/2019\/12\/E005.jpg\" target=\"_blank\"><img loading=\"lazy\" decoding=\"async\" src=\"http:\/\/lorrylesmetz-histoire.fr\/wp-content\/uploads\/2019\/12\/E005-1000x800.jpg\" height=\"800\" width=\"1000\" alt=\"\" class=\"slider-4833 slide-4961 msDefaultImage\" title=\"E005\" \/><\/a><\/li>\n            <li style='display: none;' aria-roledescription='slide' aria-labelledby='slide-5'><a href=\"http:\/\/lorrylesmetz-histoire.fr\/wp-content\/uploads\/2019\/12\/E006.jpg\" target=\"_blank\"><img loading=\"lazy\" decoding=\"async\" src=\"http:\/\/lorrylesmetz-histoire.fr\/wp-content\/uploads\/2019\/12\/E006-1000x800.jpg\" height=\"800\" width=\"1000\" alt=\"\" class=\"slider-4833 slide-4962 msDefaultImage\" title=\"E006\" \/><\/a><\/li>\n            <li style='display: none;' aria-roledescription='slide' aria-labelledby='slide-6'><a href=\"http:\/\/lorrylesmetz-histoire.fr\/wp-content\/uploads\/2019\/12\/E007.jpg\" target=\"_blank\"><img loading=\"lazy\" decoding=\"async\" src=\"http:\/\/lorrylesmetz-histoire.fr\/wp-content\/uploads\/2019\/12\/E007-1000x800.jpg\" height=\"800\" width=\"1000\" alt=\"\" class=\"slider-4833 slide-4963 msDefaultImage\" title=\"E007\" \/><\/a><\/li>\n            <li style='display: none;' aria-roledescription='slide' aria-labelledby='slide-7'><a href=\"http:\/\/lorrylesmetz-histoire.fr\/wp-content\/uploads\/2019\/12\/E008.jpg\" target=\"_blank\"><img loading=\"lazy\" decoding=\"async\" src=\"http:\/\/lorrylesmetz-histoire.fr\/wp-content\/uploads\/2019\/12\/E008-1000x800.jpg\" height=\"800\" width=\"1000\" alt=\"\" class=\"slider-4833 slide-4964 msDefaultImage\" title=\"E008\" \/><\/a><\/li>\n            <li style='display: none;' aria-roledescription='slide' aria-labelledby='slide-8'><a href=\"http:\/\/lorrylesmetz-histoire.fr\/wp-content\/uploads\/2019\/12\/E009.jpg\" target=\"_blank\"><img loading=\"lazy\" decoding=\"async\" src=\"http:\/\/lorrylesmetz-histoire.fr\/wp-content\/uploads\/2019\/12\/E009-1000x800.jpg\" height=\"800\" width=\"1000\" alt=\"\" class=\"slider-4833 slide-4965 msDefaultImage\" title=\"E009\" \/><\/a><\/li>\n            <li style='display: none;' aria-roledescription='slide' aria-labelledby='slide-9'><a href=\"http:\/\/lorrylesmetz-histoire.fr\/wp-content\/uploads\/2019\/12\/E010.jpg\" target=\"_blank\"><img loading=\"lazy\" decoding=\"async\" src=\"http:\/\/lorrylesmetz-histoire.fr\/wp-content\/uploads\/2019\/12\/E010-1000x800.jpg\" height=\"800\" width=\"1000\" alt=\"\" class=\"slider-4833 slide-4966 msDefaultImage\" title=\"E010\" \/><\/a><\/li>\n            <li style='display: none;' aria-roledescription='slide' aria-labelledby='slide-10'><a href=\"http:\/\/lorrylesmetz-histoire.fr\/wp-content\/uploads\/2019\/12\/E011.jpg\" target=\"_blank\"><img loading=\"lazy\" decoding=\"async\" src=\"http:\/\/lorrylesmetz-histoire.fr\/wp-content\/uploads\/2019\/12\/E011-1000x800.jpg\" height=\"800\" width=\"1000\" alt=\"\" class=\"slider-4833 slide-4967 msDefaultImage\" title=\"E011\" \/><\/a><\/li>\n            <li style='display: none;' aria-roledescription='slide' aria-labelledby='slide-11'><a href=\"http:\/\/lorrylesmetz-histoire.fr\/wp-content\/uploads\/2019\/12\/E012.jpg\" target=\"_blank\"><img loading=\"lazy\" decoding=\"async\" src=\"http:\/\/lorrylesmetz-histoire.fr\/wp-content\/uploads\/2019\/12\/E012-1000x800.jpg\" height=\"800\" width=\"1000\" alt=\"\" class=\"slider-4833 slide-4968 msDefaultImage\" title=\"E012\" \/><\/a><\/li>\n            <li style='display: none;' aria-roledescription='slide' aria-labelledby='slide-12'><a href=\"http:\/\/lorrylesmetz-histoire.fr\/wp-content\/uploads\/2019\/12\/E013.jpg\" target=\"_blank\"><img loading=\"lazy\" decoding=\"async\" src=\"http:\/\/lorrylesmetz-histoire.fr\/wp-content\/uploads\/2019\/12\/E013-1000x800.jpg\" height=\"800\" width=\"1000\" alt=\"\" class=\"slider-4833 slide-4969 msDefaultImage\" title=\"E013\" \/><\/a><\/li>\n            <li style='display: none;' aria-roledescription='slide' aria-labelledby='slide-13'><a href=\"http:\/\/lorrylesmetz-histoire.fr\/wp-content\/uploads\/2019\/12\/E014.jpg\" target=\"_blank\"><img loading=\"lazy\" decoding=\"async\" src=\"http:\/\/lorrylesmetz-histoire.fr\/wp-content\/uploads\/2019\/12\/E014-1000x800.jpg\" height=\"800\" width=\"1000\" alt=\"\" class=\"slider-4833 slide-4970 msDefaultImage\" title=\"E014\" \/><\/a><\/li>\n            <li style='display: none;' aria-roledescription='slide' aria-labelledby='slide-14'><a href=\"http:\/\/lorrylesmetz-histoire.fr\/wp-content\/uploads\/2019\/12\/E015.jpg\" target=\"_blank\"><img loading=\"lazy\" decoding=\"async\" src=\"http:\/\/lorrylesmetz-histoire.fr\/wp-content\/uploads\/2019\/12\/E015-1000x800.jpg\" height=\"800\" width=\"1000\" alt=\"\" class=\"slider-4833 slide-4971 msDefaultImage\" title=\"E015\" \/><\/a><\/li>\n            <li style='display: none;' aria-roledescription='slide' aria-labelledby='slide-15'><a href=\"http:\/\/lorrylesmetz-histoire.fr\/wp-content\/uploads\/2019\/12\/E016.jpg\" target=\"_blank\"><img loading=\"lazy\" decoding=\"async\" src=\"http:\/\/lorrylesmetz-histoire.fr\/wp-content\/uploads\/2019\/12\/E016-1000x800.jpg\" height=\"800\" width=\"1000\" alt=\"\" class=\"slider-4833 slide-4972 msDefaultImage\" title=\"E016\" \/><\/a><\/li>\n            <li style='display: none;' aria-roledescription='slide' aria-labelledby='slide-16'><a href=\"http:\/\/lorrylesmetz-histoire.fr\/wp-content\/uploads\/2019\/12\/E017.jpg\" target=\"_blank\"><img loading=\"lazy\" decoding=\"async\" src=\"http:\/\/lorrylesmetz-histoire.fr\/wp-content\/uploads\/2019\/12\/E017-1000x800.jpg\" height=\"800\" width=\"1000\" alt=\"\" class=\"slider-4833 slide-4973 msDefaultImage\" title=\"E017\" \/><\/a><\/li>\n            <li style='display: none;' aria-roledescription='slide' aria-labelledby='slide-17'><a href=\"http:\/\/lorrylesmetz-histoire.fr\/wp-content\/uploads\/2019\/12\/E018.jpg\" target=\"_blank\"><img loading=\"lazy\" decoding=\"async\" src=\"http:\/\/lorrylesmetz-histoire.fr\/wp-content\/uploads\/2019\/12\/E018-1000x800.jpg\" height=\"800\" width=\"1000\" alt=\"\" class=\"slider-4833 slide-4974 msDefaultImage\" title=\"E018\" \/><\/a><\/li>\n        <\/ul>\n        \n    <\/div>\n<\/div>\n<p>Photos Claudine Kester-ElGhozi<\/p>\n<p><a href=\"http:\/\/lorrylesmetz-histoire.fr\/?page_id=4390\"><img loading=\"lazy\" decoding=\"async\" class=\"alignnone size-full wp-image-378\" src=\"http:\/\/lorrylesmetz-histoire.fr\/wp-content\/uploads\/2017\/05\/retour.png\" alt=\"\" width=\"89\" height=\"31\" \/><\/a><\/p>\n","protected":false},"excerpt":{"rendered":"<p>9 et 10\u00a0novembre\u00a02019 17e\u00a0Salon du Livre d\u2019Histoire de la ville de Woippy, sous le parrainage de Philippe\u00a0Brunella, directeur des mus\u00e9es de Metz M\u00e9tropole. Lorry-l\u00e8s-Metz \u00ab\u00a0au fil du temps\u00a0\u00bb occupait toujours son poste ans la partie r\u00e9serv\u00e9e aux associations. Ce fut&hellip; <\/p>\n","protected":false},"author":1,"featured_media":0,"parent":4390,"menu_order":1,"comment_status":"closed","ping_status":"closed","template":"","meta":{"_mc_calendar":[],"footnotes":""},"class_list":["post-4799","page","type-page","status-publish","hentry"],"_links":{"self":[{"href":"http:\/\/lorrylesmetz-histoire.fr\/index.php?rest_route=\/wp\/v2\/pages\/4799","targetHints":{"allow":["GET"]}}],"collection":[{"href":"http:\/\/lorrylesmetz-histoire.fr\/index.php?rest_route=\/wp\/v2\/pages"}],"about":[{"href":"http:\/\/lorrylesmetz-histoire.fr\/index.php?rest_route=\/wp\/v2\/types\/page"}],"author":[{"embeddable":true,"href":"http:\/\/lorrylesmetz-histoire.fr\/index.php?rest_route=\/wp\/v2\/users\/1"}],"replies":[{"embeddable":true,"href":"http:\/\/lorrylesmetz-histoire.fr\/index.php?rest_route=%2Fwp%2Fv2%2Fcomments&post=4799"}],"version-history":[{"count":5,"href":"http:\/\/lorrylesmetz-histoire.fr\/index.php?rest_route=\/wp\/v2\/pages\/4799\/revisions"}],"predecessor-version":[{"id":4981,"href":"http:\/\/lorrylesmetz-histoire.fr\/index.php?rest_route=\/wp\/v2\/pages\/4799\/revisions\/4981"}],"up":[{"embeddable":true,"href":"http:\/\/lorrylesmetz-histoire.fr\/index.php?rest_route=\/wp\/v2\/pages\/4390"}],"wp:attachment":[{"href":"http:\/\/lorrylesmetz-histoire.fr\/index.php?rest_route=%2Fwp%2Fv2%2Fmedia&parent=4799"}],"curies":[{"name":"wp","href":"https:\/\/api.w.org\/{rel}","templated":true}]}}