{"id":5002,"date":"2019-12-27T10:47:03","date_gmt":"2019-12-27T09:47:03","guid":{"rendered":"http:\/\/lorrylesmetz-histoire.fr\/?page_id=5002"},"modified":"2019-12-27T14:35:38","modified_gmt":"2019-12-27T13:35:38","slug":"1932-05","status":"publish","type":"page","link":"http:\/\/lorrylesmetz-histoire.fr\/?page_id=5002","title":{"rendered":"Le Pays lorrain \u2013 1936"},"content":{"rendered":"<p><a href=\"http:\/\/lorrylesmetz-histoire.fr\/?page_id=4996\"><img loading=\"lazy\" decoding=\"async\" class=\"alignnone size-full wp-image-378\" src=\"http:\/\/lorrylesmetz-histoire.fr\/wp-content\/uploads\/2017\/05\/retour.png\" alt=\"\" width=\"89\" height=\"31\" \/><\/a><\/p>\n<h2>Articles<\/h2>\n<table>\n<tbody>\n<tr>\n<td width=\"600\">AIMOND (Mgr Ch.). Les stalles et la chaire de l\u2019\u00e9glise de Behonne (Meuse)<\/td>\n<td style=\"text-align: right;\" width=\"110\">413<\/td>\n<\/tr>\n<tr>\n<td>AVRIL (Ren\u00e9 D\u2019). La peinture et la sculpture de l\u2019\u00c9cole de Nancy<\/td>\n<td style=\"text-align: right;\">85<\/td>\n<\/tr>\n<tr>\n<td>BALDENSPERGER (Fernand). \u00c0 propos d\u2019un \u00ab compl\u00e9ment \u00bb nanc\u00e9ien du \u00ab Jocelyn \u00bb de Lamartine<\/td>\n<td style=\"text-align: right;\">532<\/td>\n<\/tr>\n<tr>\n<td>BOYER (Pierre). Le chancelier Chaumont de La Galaini\u00e8re et sa famille<\/td>\n<td style=\"text-align: right;\">115, 441, 537<\/td>\n<\/tr>\n<tr>\n<td>Centres (Les) d\u2019\u00e9ducation populaire, leur d\u00e9veloppement dans la r\u00e9gion lorraine<\/td>\n<td style=\"text-align: right;\">435<\/td>\n<\/tr>\n<tr>\n<td>CHAMERT (Emmanuel). Le tribunal de commerce de Nancy et l\u2019ancienne Justice consulaire de Lorraine<\/td>\n<td style=\"text-align: right;\">318<\/td>\n<\/tr>\n<tr>\n<td>CHENUT (Paul). un document in\u00e9dit sir l\u2019incendie du Mus\u00e9e lorrain<\/td>\n<td style=\"text-align: right;\">433<\/td>\n<\/tr>\n<tr>\n<td>CHEPFER (George). R\u00e9veil de jour de l\u2019an<\/td>\n<td style=\"text-align: right;\">229<\/td>\n<\/tr>\n<tr>\n<td>\u00ad\u2014 Le p\u00e8re Pounatte raconte des histoires<\/td>\n<td style=\"text-align: right;\">421<\/td>\n<\/tr>\n<tr>\n<td>\u2014 Le Mimile sera coiffeur<\/td>\n<td style=\"text-align: right;\">570<\/td>\n<\/tr>\n<tr>\n<td>COEURDACIER (Docteur). Vieille chanson<\/td>\n<td style=\"text-align: right;\">576<\/td>\n<\/tr>\n<tr>\n<td>DURAND (Georges). Travaux artistiques ex\u00e9\u00adcut\u00e9s dans l\u2019\u00e9glise des Dames de Remire\u00admont au XVIIe et au XVIIIe si\u00e8cle<\/td>\n<td style=\"text-align: right;\">145<\/td>\n<\/tr>\n<tr>\n<td>FIEL (P.). Monseigneur Thouvenin et la bataille de Sainte-Genevi\u00e8ve (5-7 septem\u00adbre 1914)<\/td>\n<td style=\"text-align: right;\">172<\/td>\n<\/tr>\n<tr>\n<td>GAIN (Andr\u00e9). Le d\u00e9partement de la Meurthe sous la Convention [\u00e0 propos de la th\u00e8se de M. Albert Troux]<\/td>\n<td style=\"text-align: right;\">327<\/td>\n<\/tr>\n<tr>\n<td>\u2014 Sauvons nos monuments historiques<\/td>\n<td style=\"text-align: right;\">241<\/td>\n<\/tr>\n<tr>\n<td>GAR\u00c7OT (Maurice). Conclusion [aux articles sur l\u2019\u00c9cole de Nancy]<\/td>\n<td style=\"text-align: right;\">92<\/td>\n<\/tr>\n<tr>\n<td>GAUDEL, (Henri), Salut, \u00f4 Mirabelle<\/td>\n<td style=\"text-align: right;\">439<\/td>\n<\/tr>\n<tr>\n<td>GINSBACH (Gustave). Chronique luxembourgeoise<\/td>\n<td style=\"text-align: right;\">333, 334<\/td>\n<\/tr>\n<tr>\n<td>GODFRIN (Jean). Le Bouchon sur la vague. Souvenirs de l\u2019invasion de 1914<\/td>\n<td style=\"text-align: right;\">509<\/td>\n<\/tr>\n<tr>\n<td>GRANDG\u00c9RARD (Lucien). Un grand peintre lorrain : Jules Bastien-Lepage (1848-1884)<\/td>\n<td style=\"text-align: right;\">470<\/td>\n<\/tr>\n<tr>\n<td>GRUNVALD (Maurice). Charles-Auguste Salmon, ancien magistrat et s\u00e9nateur (1805\u20111892)<\/td>\n<td style=\"text-align: right;\">481<\/td>\n<\/tr>\n<tr>\n<td>GUYARD (M.). Vaucouleurs : la seconde invasion. La seconde Restauration (1815-1830)<\/td>\n<td style=\"text-align: right;\">136<\/td>\n<\/tr>\n<tr>\n<td>HARRUS (Jeanne-Fran\u00e7ois). L\u2019enterrement de la cousine<\/td>\n<td style=\"text-align: right;\">186<\/td>\n<\/tr>\n<tr>\n<td>HATTON (abb\u00e9 E.). Le S\u00e9minaire constitutionnel de Nancy (novembre 1791-novembre 1793)<\/td>\n<td style=\"text-align: right;\">461<\/td>\n<\/tr>\n<tr>\n<td>HOUTH (Em.). Un Lorrain cur\u00e9 de Notre-Dame de Versailles<\/td>\n<td style=\"text-align: right;\">234<\/td>\n<\/tr>\n<tr>\n<td>HUMBERT (chanoine). La fontaine du po\u00e8te<\/td>\n<td style=\"text-align: right;\">399<\/td>\n<\/tr>\n<tr>\n<td>KASTENER (Jean). Les Bonaparte \u00e0 Plom\u00adbi\u00e8res (suite et fin)<\/td>\n<td style=\"text-align: right;\">289<\/td>\n<\/tr>\n<tr>\n<td>LEMASSON (E.). Lo pohh\u00e9 di m\u00e2te d\u2019\u00e9c\u00f4le<\/td>\n<td style=\"text-align: right;\">329<\/td>\n<\/tr>\n<tr>\n<td>MAHUET (A. DE). La chasse en Lorraine<\/td>\n<td style=\"text-align: right;\">209<\/td>\n<\/tr>\n<tr>\n<td>MAROT (Pierre). Avant-propos [aux articles sur l\u2019\u00c9cole de Nancy]<\/td>\n<td style=\"text-align: right;\">49<\/td>\n<\/tr>\n<tr>\n<td>\u2014 Le Mus\u00e9e historique lorrain, ses origines et son d\u00e9veloppement<\/td>\n<td style=\"text-align: right;\">1, 97, 193, 337<\/td>\n<\/tr>\n<tr>\n<td>MOND\u00c9SIR (g\u00e9n\u00e9ral L. De). Remarque sur la c\u00e9l\u00e8bre gravure de Callot : La Carri\u00e8re<\/td>\n<td style=\"text-align: right;\">133<\/td>\n<\/tr>\n<tr>\n<td>Monuments historiques class\u00e9s des d\u00e9partements lorrains<\/td>\n<td style=\"text-align: right;\">281<\/td>\n<\/tr>\n<tr>\n<td>NICOLAS (\u00c9mile). \u00c9mile Gall\u00e9 et l\u2019\u00c9cole de Nancy<\/td>\n<td style=\"text-align: right;\">51<\/td>\n<\/tr>\n<tr>\n<td>NOIREL (Urbain). Les mohhas (fiove)<\/td>\n<td style=\"text-align: right;\">187<\/td>\n<\/tr>\n<tr>\n<td>\u2014 Le veusse de chin<\/td>\n<td style=\"text-align: right;\">438<\/td>\n<\/tr>\n<tr>\n<td>PETITJEAN (George). La premi\u00e8re coordination des transports publics en Lorraine<\/td>\n<td style=\"text-align: right;\">485<\/td>\n<\/tr>\n<tr>\n<td>PHILIPPE (Andr\u00e9). Au Th\u00e9\u00e2tre de Bussang L\u2019Anneau de Sakountala de Maurice Pot\u00adtecher<\/td>\n<td style=\"text-align: right;\">533<\/td>\n<\/tr>\n<tr>\n<td>SADOUL (Charles). La cuisine lorraine (suite et fin)<\/td>\n<td style=\"text-align: right;\">17<\/td>\n<\/tr>\n<tr>\n<td>SADOUL (Louis). L\u2019affaire de Vexaincourt<\/td>\n<td style=\"text-align: right;\">553<\/td>\n<\/tr>\n<tr>\n<td>\u2014 Les derniers jours de la cour imp\u00e9riale de Metz<\/td>\n<td style=\"text-align: right;\">33<\/td>\n<\/tr>\n<tr>\n<td>S[\u00c9PULCHRE] (J[ean]). Modeste contribution \u00e0 l\u2019histoire de Mousson et des ruines de son ch\u00e2teau f\u00e9odal<\/td>\n<td style=\"text-align: right;\">307<\/td>\n<\/tr>\n<tr>\n<td>SERRIER (Pierre). La table d\u2019orientation du Ballon d\u2019Alsace<\/td>\n<td style=\"text-align: right;\">531<\/td>\n<\/tr>\n<tr>\n<td>SCHIFF (J.-M.). Visite rapide du Mus\u00e9e J.-B.-E. Corbin<\/td>\n<td style=\"text-align: right;\">94<\/td>\n<\/tr>\n<tr>\n<td>TOUSSAINT (Maurice). Le Baron Renault<\/td>\n<td style=\"text-align: right;\">189<\/td>\n<\/tr>\n<tr>\n<td>\u2014 La cour de Metz en 1870<\/td>\n<td style=\"text-align: right;\">188<\/td>\n<\/tr>\n<tr>\n<td>\u2014 Dans la r\u00e9gion des \u00c9tangs : Tarquim\u00adpol, l\u2019antique Decempagi<\/td>\n<td style=\"text-align: right;\">489<\/td>\n<\/tr>\n<tr>\n<td>\u2014 Le g\u00e9n\u00e9ral Dupont<\/td>\n<td style=\"text-align: right;\">190<\/td>\n<\/tr>\n<tr>\n<td>\u2014 Les nouvelles d\u00e9couvertes arch\u00e9ologi\u00adques de Grand<\/td>\n<td style=\"text-align: right;\">575<\/td>\n<\/tr>\n<tr>\n<td>TRESCH (Mathias). Le mouvement intellectuel et litt\u00e9raire \u00e0 Luxembourg<\/td>\n<td style=\"text-align: right;\">573<\/td>\n<\/tr>\n<tr>\n<td>TRIBOUT (Henri). Un fils du conventionnel Becker, Joseph-Fran\u00e7ois Becker adjudant-g\u00e9n\u00e9ral<\/td>\n<td style=\"text-align: right;\">424<\/td>\n<\/tr>\n<tr>\n<td>VARENNE (Gaston). Les \u00e9tudes peintes de Paul-\u00c9mile Colin<\/td>\n<td style=\"text-align: right;\">393<\/td>\n<\/tr>\n<tr>\n<td>\u2014 L\u2019exposition de Nicolas Untersteller \u00e0 la galerie Charpentier \u00e0 Paris<\/td>\n<td style=\"text-align: right;\">530<\/td>\n<\/tr>\n<tr>\n<td>VILMINOT. Quelques notes au sujet des Poincar\u00e9 fondeurs de cloches<\/td>\n<td style=\"text-align: right;\">331<\/td>\n<\/tr>\n<tr>\n<td>VIRTEL (Albert). Proverbes lorrains<\/td>\n<td style=\"text-align: right;\">233<\/td>\n<\/tr>\n<tr>\n<td>VOILQUIN (Jean). Maurice Barr\u00e8s vu par Jules Renard<\/td>\n<td style=\"text-align: right;\">314<\/td>\n<\/tr>\n<tr>\n<td>Nouvelles lorraines<\/td>\n<td style=\"text-align: right;\">46, 140, 192, 239, 336, 440, 488, 536, 583<\/td>\n<\/tr>\n<tr>\n<td>Notre appel<\/td>\n<td style=\"text-align: right;\">47, 141, 240, 287, 584<\/td>\n<\/tr>\n<\/tbody>\n<\/table>\n<h2>Comptes-rendus<\/h2>\n<table>\n<tbody>\n<tr>\n<td width=\"600\">BAUMONT (G.) et PIERROT (A.). Iconographie de Saint-Di\u00e9 (Pierre Marot)<\/td>\n<td style=\"text-align: right;\" width=\"110\">440<\/td>\n<\/tr>\n<tr>\n<td>BARR\u00c9S (Maurice). Mes Cahiers, t. IX (Maurice Toussaint)<\/td>\n<td style=\"text-align: right;\">582<\/td>\n<\/tr>\n<tr>\n<td>BERGTHOL (E.). Une nouvelle Epona du Mont Herapel (Maurice Toussaint)<\/td>\n<td style=\"text-align: right;\">582<\/td>\n<\/tr>\n<tr>\n<td>BERLET (Charles). Les origines lointaines des r\u00e9gions de France, des \u00c9tats gaulois aux r\u00e9gions modernes (Maurice Toussaint)<\/td>\n<td style=\"text-align: right;\">191<\/td>\n<\/tr>\n<tr>\n<td>BOUILLON (E.). Un menhir inconnu aux Pato\u00adches, pr\u00e8s de Saint-Mihiel (Maurice Toussaint)<\/td>\n<td style=\"text-align: right;\">238<\/td>\n<\/tr>\n<tr>\n<td>CLANCH\u00c9 (G.). Les \u00e9glises de Dieulouard (Maurice Toussaint)<\/td>\n<td style=\"text-align: right;\">581<\/td>\n<\/tr>\n<tr>\n<td>COLIN (g\u00e9n\u00e9ral H.).. Le Grand-Couronn\u00e9 de Nancy (Louis Sadoul)<\/td>\n<td style=\"text-align: right;\">577<\/td>\n<\/tr>\n<tr>\n<td>COLLIGNON (Th\u00e9odore). Les origines de Longuyon (Maurice Toussaint)<\/td>\n<td style=\"text-align: right;\">379<\/td>\n<\/tr>\n<tr>\n<td>DELORT (E.). Le c\u00e9ramique de Satto et de Saturninus (Maurice Toussaint)<\/td>\n<td style=\"text-align: right;\">580<\/td>\n<\/tr>\n<tr>\n<td>FORRER (Robert). L\u2019Alsace romaine (Maurice Toussaint)<\/td>\n<td style=\"text-align: right;\">238<\/td>\n<\/tr>\n<tr>\n<td>GROSDLDIER DE MATONS (Marcel). Le myst\u00e8re de Jeanne d\u2019Arc (Pierre Marot)<\/td>\n<td style=\"text-align: right;\">236<\/td>\n<\/tr>\n<tr>\n<td>HANNE (Marcelle). Simone la folle. Lueurs dans les brumes (\u00c9mile Nicolas)<\/td>\n<td style=\"text-align: right;\">535<\/td>\n<\/tr>\n<tr>\n<td>LEJEAUX (Jeanne). Sculpture religieuse (Gaston Varenne)<\/td>\n<td style=\"text-align: right;\">589<\/td>\n<\/tr>\n<tr>\n<td>LINCKENHELD (\u00c9mile). La Cit\u00e9 des Triboques (Maurice Toussaint)<\/td>\n<td style=\"text-align: right;\">487<\/td>\n<\/tr>\n<tr>\n<td>MARTIN (A.). In memoriam. L\u2019hommage de Nancy aux h\u00e9ros et aux victimes de la Grande Guerre (Andr\u00e9 Gain)<\/td>\n<td style=\"text-align: right;\">334<\/td>\n<\/tr>\n<tr>\n<td>MONTMORT (comte DE). Antoine-Charles du Houx baron de Viom\u00e9nil (Fernand Bal\u00addensperger)<\/td>\n<td style=\"text-align: right;\">237<\/td>\n<\/tr>\n<tr>\n<td>NICOLAS (\u00c9mile). Le cycle des saisons et la nature lorraine<\/td>\n<td style=\"text-align: right;\">580<\/td>\n<\/tr>\n<tr>\n<td>PIERROT (A.). Voir BAUMONT (G.).<\/td>\n<td style=\"text-align: right;\"><\/td>\n<\/tr>\n<tr>\n<td>TRESCH (Mathias). Contes et nouvelle de chez nous (Charles Bruneau)<\/td>\n<td style=\"text-align: right;\">190<\/td>\n<\/tr>\n<\/tbody>\n<\/table>\n<h2>Planches hors texte<\/h2>\n<table>\n<tbody>\n<tr>\n<td width=\"600\">Plan du palais ducal\u2026 entre 1705 et 1715<\/td>\n<td style=\"text-align: right;\" width=\"110\">8-9<\/td>\n<\/tr>\n<tr>\n<td>La porterie du palais ducal avant sa res\u00adtauration<\/td>\n<td style=\"text-align: right;\">16-17<\/td>\n<\/tr>\n<tr>\n<td>\u00c9mile Gall\u00e9 par Victor Prouv\u00e9 (en couleurs)<\/td>\n<td style=\"text-align: right;\">52-53<\/td>\n<\/tr>\n<tr>\n<td>Un aspect du Mus\u00e9e Corbin<\/td>\n<td style=\"text-align: right;\">56-57<\/td>\n<\/tr>\n<tr>\n<td>Portrait de V. Prouv\u00e9 par lui-m\u00eame (1935)<\/td>\n<td style=\"text-align: right;\">64-65<\/td>\n<\/tr>\n<tr>\n<td>Reliures par Ren\u00e9 Wiener<\/td>\n<td style=\"text-align: right;\">68-69<\/td>\n<\/tr>\n<tr>\n<td>Un autre aspect du Mus\u00e9e Corbin<\/td>\n<td style=\"text-align: right;\">72-73<\/td>\n<\/tr>\n<tr>\n<td>Les canotiers de la Meurthe par \u00c9mile Priant<\/td>\n<td style=\"text-align: right;\">76-77<\/td>\n<\/tr>\n<tr>\n<td>Paysage des Vosges, vitrail par Jacques Gr\u00fcber<\/td>\n<td style=\"text-align: right;\">80-81<\/td>\n<\/tr>\n<tr>\n<td>Le calvaire de Fresnes-en-Wo\u00ebvre. Tableau de A. Renaudin<\/td>\n<td style=\"text-align: right;\">84-85<\/td>\n<\/tr>\n<tr>\n<td>Le po\u00e8te L\u00e9on Tonnelier, par Dresch (en couleurs)<\/td>\n<td style=\"text-align: right;\">88-89<\/td>\n<\/tr>\n<tr>\n<td>Esquisse, par V. Prouv\u00e9<\/td>\n<td style=\"text-align: right;\">92-93<\/td>\n<\/tr>\n<tr>\n<td>Le baron Prosper Guerrier de Dumast<\/td>\n<td style=\"text-align: right;\">104-105<\/td>\n<\/tr>\n<tr>\n<td>Vue de Marville (Meuse)<\/td>\n<td style=\"text-align: right;\">184-185<\/td>\n<\/tr>\n<tr>\n<td>Vue du palais ducal (en couleurs)<\/td>\n<td style=\"text-align: right;\">194-195<\/td>\n<\/tr>\n<tr>\n<td>Le vestibule du palais ducal, d\u2019apr\u00e8s tune aquarelle de A. Maugendre (en couleurs)<\/td>\n<td style=\"text-align: right;\">200-201<\/td>\n<\/tr>\n<tr>\n<td>L\u2019\u00e9glise des Cordeliers et la partie septen\u00adtrionale du palais ducal (gendarme\u00adrie) en 1863 (en couleurs)<\/td>\n<td style=\"text-align: right;\">204-205<\/td>\n<\/tr>\n<tr>\n<td>Le vestibule et la galerie du palais ducal en 1860 (en couleurs)<\/td>\n<td style=\"text-align: right;\">208-209<\/td>\n<\/tr>\n<tr>\n<td>L\u2019\u00e9glise de Mousson avant la reconstruction du clocher<\/td>\n<td style=\"text-align: right;\">312-313<\/td>\n<\/tr>\n<tr>\n<td>La Bourse de Commerce sur la Carri\u00e8re<\/td>\n<td style=\"text-align: right;\">320-321<\/td>\n<\/tr>\n<tr>\n<td>La galerie des Cerfs avant l\u2019incendie, d\u2019apr\u00e8s une gravure de Thiery<\/td>\n<td style=\"text-align: right;\">344-345<\/td>\n<\/tr>\n<tr>\n<td>L\u2019incendie du palais ducal<\/td>\n<td style=\"text-align: right;\">352-353<\/td>\n<\/tr>\n<tr>\n<td>Fa\u00e7ade de l\u2019\u00e9cole primaire sup\u00e9rieure construite en 1875, dessin de Morey<\/td>\n<td style=\"text-align: right;\">360-361<\/td>\n<\/tr>\n<tr>\n<td>Le palais ducal en 1881, tableau de L. Voirin<\/td>\n<td style=\"text-align: right;\">368-369<\/td>\n<\/tr>\n<tr>\n<td>Proc\u00e8s-verbal d\u2019inauguration solennelle du Mus\u00e9e historique lorrain le 28 juillet 1912<\/td>\n<td style=\"text-align: right;\">376-377<\/td>\n<\/tr>\n<tr>\n<td>Vues des nouvelles salles ouvertes en 1912<\/td>\n<td style=\"text-align: right;\">384-385<\/td>\n<\/tr>\n<tr>\n<td>La galerie des Cerfs vers 1925<\/td>\n<td style=\"text-align: right;\">388-389<\/td>\n<\/tr>\n<tr>\n<td>Champigneulles et le parc du ch\u00e2teau. Tableau P. E. Colin<\/td>\n<td style=\"text-align: right;\">396-397<\/td>\n<\/tr>\n<tr>\n<td>Le chancelier Chaumont de La Galaizi\u00e8re soumet \u00e0 la signature de Stanislas l\u2019\u00e9dit de cr\u00e9ation de la Biblioth\u00e8que publique de Nancy, 28 d\u00e9cembre 1750<\/td>\n<td style=\"text-align: right;\">448-449<\/td>\n<\/tr>\n<tr>\n<td>Le chancelier Chaumont de La Galaizi\u00e8re, d\u2019apr\u00e8s la gravure de Jacques-Firmin Beauvarlet (1731-1797)<\/td>\n<td style=\"text-align: right;\">456-457<\/td>\n<\/tr>\n<tr>\n<td>Nu, tableau de Nicolas Untersteller<\/td>\n<td style=\"text-align: right;\">530-531<\/td>\n<\/tr>\n<\/tbody>\n<\/table>\n<p><a href=\"http:\/\/lorrylesmetz-histoire.fr\/?page_id=4996\"><img loading=\"lazy\" decoding=\"async\" class=\"alignnone size-full wp-image-378\" src=\"http:\/\/lorrylesmetz-histoire.fr\/wp-content\/uploads\/2017\/05\/retour.png\" alt=\"\" width=\"89\" height=\"31\" \/><\/a><\/p>\n","protected":false},"excerpt":{"rendered":"<p>Articles AIMOND (Mgr Ch.). Les stalles et la chaire de l\u2019\u00e9glise de Behonne (Meuse) 413 AVRIL (Ren\u00e9 D\u2019). La peinture et la sculpture de l\u2019\u00c9cole de Nancy 85 BALDENSPERGER (Fernand). \u00c0 propos d\u2019un \u00ab compl\u00e9ment \u00bb nanc\u00e9ien du \u00ab Jocelyn&hellip; <\/p>\n","protected":false},"author":1,"featured_media":0,"parent":4996,"menu_order":4,"comment_status":"closed","ping_status":"closed","template":"","meta":{"_mc_calendar":[],"footnotes":""},"class_list":["post-5002","page","type-page","status-publish","hentry"],"_links":{"self":[{"href":"http:\/\/lorrylesmetz-histoire.fr\/index.php?rest_route=\/wp\/v2\/pages\/5002","targetHints":{"allow":["GET"]}}],"collection":[{"href":"http:\/\/lorrylesmetz-histoire.fr\/index.php?rest_route=\/wp\/v2\/pages"}],"about":[{"href":"http:\/\/lorrylesmetz-histoire.fr\/index.php?rest_route=\/wp\/v2\/types\/page"}],"author":[{"embeddable":true,"href":"http:\/\/lorrylesmetz-histoire.fr\/index.php?rest_route=\/wp\/v2\/users\/1"}],"replies":[{"embeddable":true,"href":"http:\/\/lorrylesmetz-histoire.fr\/index.php?rest_route=%2Fwp%2Fv2%2Fcomments&post=5002"}],"version-history":[{"count":4,"href":"http:\/\/lorrylesmetz-histoire.fr\/index.php?rest_route=\/wp\/v2\/pages\/5002\/revisions"}],"predecessor-version":[{"id":5059,"href":"http:\/\/lorrylesmetz-histoire.fr\/index.php?rest_route=\/wp\/v2\/pages\/5002\/revisions\/5059"}],"up":[{"embeddable":true,"href":"http:\/\/lorrylesmetz-histoire.fr\/index.php?rest_route=\/wp\/v2\/pages\/4996"}],"wp:attachment":[{"href":"http:\/\/lorrylesmetz-histoire.fr\/index.php?rest_route=%2Fwp%2Fv2%2Fmedia&parent=5002"}],"curies":[{"name":"wp","href":"https:\/\/api.w.org\/{rel}","templated":true}]}}