{"id":5004,"date":"2019-12-27T11:06:17","date_gmt":"2019-12-27T10:06:17","guid":{"rendered":"http:\/\/lorrylesmetz-histoire.fr\/?page_id=5004"},"modified":"2019-12-27T14:49:52","modified_gmt":"2019-12-27T13:49:52","slug":"1932-07","status":"publish","type":"page","link":"http:\/\/lorrylesmetz-histoire.fr\/?page_id=5004","title":{"rendered":"Le Pays lorrain \u2013 1938"},"content":{"rendered":"<p><a href=\"http:\/\/lorrylesmetz-histoire.fr\/?page_id=4996\"><img loading=\"lazy\" decoding=\"async\" class=\"alignnone size-full wp-image-378\" src=\"http:\/\/lorrylesmetz-histoire.fr\/wp-content\/uploads\/2017\/05\/retour.png\" alt=\"\" width=\"89\" height=\"31\" \/><\/a><\/p>\n<h2>Articles<\/h2>\n<table>\n<tbody>\n<tr>\n<td width=\"600\">AIMOND (Mgr Charles). La croix processionnelle de Longchamps (Meuse)<\/td>\n<td style=\"text-align: right;\" width=\"110\">449<\/td>\n<\/tr>\n<tr>\n<td>\u2014 Les \u00e9glises barroises \u00e0 l\u2019aube de la Renaissance (1480-155o)<\/td>\n<td style=\"text-align: right;\">97<\/td>\n<\/tr>\n<tr>\n<td>AUBRY (Paul). Les assurances sociales en Meurthe-et-Moselle<\/td>\n<td style=\"text-align: right;\">298<\/td>\n<\/tr>\n<tr>\n<td>\u2014 La mutualit\u00e9 en Lorraine<\/td>\n<td style=\"text-align: right;\">305<\/td>\n<\/tr>\n<tr>\n<td>BEHR (Simon). Institutions de la Commu\u00adnaut\u00e9 isra\u00e9lite de Nancy<\/td>\n<td style=\"text-align: right;\">322<\/td>\n<\/tr>\n<tr>\n<td>BENECH (Dr Jean). Le r\u00f4le social du service d\u2019hygi\u00e8ne de la Ville de Nancy<\/td>\n<td style=\"text-align: right;\">267<\/td>\n<\/tr>\n<tr>\n<td>BERLET (Charles). La r\u00e9volte de la garnison de Nancy en 1790 et le d\u00e9vouement du chevalier Desilles, lieutenant au r\u00e9giment du roi<\/td>\n<td style=\"text-align: right;\">577<\/td>\n<\/tr>\n<tr>\n<td>BOUCHOT (L\u00e9opold). Les ducs de Lorraine au ch\u00e2teau de Gondreville<\/td>\n<td style=\"text-align: right;\">184<\/td>\n<\/tr>\n<tr>\n<td>BOY\u00c9 (Pierre). [Allocution prononc\u00e9e \u00e0 1\u2019] As\u00adsociation des \u00c9crivains lorrains<\/td>\n<td style=\"text-align: right;\">94<\/td>\n<\/tr>\n<tr>\n<td>\u2014 Le chancelier Chaumont de La Galaizi\u00e8re et sa famille (suite et fin)<\/td>\n<td style=\"text-align: right;\">481<\/td>\n<\/tr>\n<tr>\n<td>\u2014 BRUNEAU (Charles). Ferdinand Brunot<\/td>\n<td style=\"text-align: right;\">17<\/td>\n<\/tr>\n<tr>\n<td>CAPUT (Pol). Hymne au soleil<\/td>\n<td style=\"text-align: right;\">96<\/td>\n<\/tr>\n<tr>\n<td>CAUSSADE (Dr L.). L\u2019H\u00f4pital d\u2019Enfants J.-B. Thi\u00e9ry, \u00e0 Max\u00e9ville<\/td>\n<td style=\"text-align: right;\">283<\/td>\n<\/tr>\n<tr>\n<td>CHARPENTIER (Chanoine E.). Les \u0153uvres sociales catholiques en Meurthe-et-Moselle<\/td>\n<td style=\"text-align: right;\">309<\/td>\n<\/tr>\n<tr>\n<td>CHEPFER (George). Dans l\u2019autobus, en Lorraine<\/td>\n<td style=\"text-align: right;\">62<\/td>\n<\/tr>\n<tr>\n<td>\u2014 Mon Dieu donc que le monde est chang\u00e9<\/td>\n<td style=\"text-align: right;\">446<\/td>\n<\/tr>\n<tr>\n<td>\u2014 Le Riri change de Lyc\u00e9e<\/td>\n<td style=\"text-align: right;\">124<\/td>\n<\/tr>\n<tr>\n<td>\u2014 Le syst\u00e8me D du S\u00e9raphin<\/td>\n<td style=\"text-align: right;\">35<\/td>\n<\/tr>\n<tr>\n<td>COURNAULT (E.). L\u2019orphelinat agricole d\u2019Harou\u00e9<\/td>\n<td style=\"text-align: right;\">347<\/td>\n<\/tr>\n<tr>\n<td>DEL\u00c9P\u00c9E (V.). Une paysanne lorraine au XIXe si\u00e8cle<\/td>\n<td style=\"text-align: right;\">40<\/td>\n<\/tr>\n<tr>\n<td>DELSARTE (Jean). M. Camille Gutton, membre de l\u2019Acad\u00e9mie des Sciences<\/td>\n<td style=\"text-align: right;\">142<\/td>\n<\/tr>\n<tr>\n<td>DEMANGE (L\u00e9on). Les gens sont si m\u00e9chants<\/td>\n<td style=\"text-align: right;\">190<\/td>\n<\/tr>\n<tr>\n<td>DUVERVOY (\u00c9mile). Les chim\u00e8res du duc Charles III<\/td>\n<td style=\"text-align: right;\">409<\/td>\n<\/tr>\n<tr>\n<td>ERRARD (St\u00e9phane). La m\u00e9t\u00e9orologie populaire en Lorraine : dictons et usages superstitieux et fac\u00e9tieux<\/td>\n<td style=\"text-align: right;\">403<\/td>\n<\/tr>\n<tr>\n<td>Foyers (Les) civils et militaires<\/td>\n<td style=\"text-align: right;\">368<\/td>\n<\/tr>\n<tr>\n<td>FRAN\u00c7OIS (Jacques). La population du canton de Dom\u00eavre-en-Haye depuis le d\u00e9but du XIXe si\u00e8cle<\/td>\n<td style=\"text-align: right;\">49, 114, 203<\/td>\n<\/tr>\n<tr>\n<td>FRIEDEI, (Ch.). Les allocations familiales professionnelles en Meurthe-et-Moselle<\/td>\n<td style=\"text-align: right;\">301<\/td>\n<\/tr>\n<tr>\n<td>\u2014 Introduction \u00e0 l\u2019[enqu\u00eate sur les \u0153uvres sociales \u00e0 Nancy et dans la r\u00e9gion nanc\u00e9ienne]<\/td>\n<td style=\"text-align: right;\">241<\/td>\n<\/tr>\n<tr>\n<td>FRUHINSOLZ (Dr A.). La Maternit\u00e9 d\u00e9partementale Adolphe Pinard<\/td>\n<td style=\"text-align: right;\">280<\/td>\n<\/tr>\n<tr>\n<td>GAIN (Andr\u00e9). La Caisse d\u2019\u00c9pargne de Nancy<\/td>\n<td style=\"text-align: right;\">296<\/td>\n<\/tr>\n<tr>\n<td>\u2014 Croix sur les chemins<\/td>\n<td style=\"text-align: right;\">611<\/td>\n<\/tr>\n<tr>\n<td>\u2014 Les grandes heures de Reims (juillet 1938). Notes d\u2019un p\u00e8lerin<\/td>\n<td style=\"text-align: right;\">522<\/td>\n<\/tr>\n<tr>\n<td>\u2014 L\u2019histoire de Nomeny<\/td>\n<td style=\"text-align: right;\">613<\/td>\n<\/tr>\n<tr>\n<td>\u2014 Histoire du parc Sainte-Marie<\/td>\n<td style=\"text-align: right;\">392, 431, 453, 527<\/td>\n<\/tr>\n<tr>\n<td>\u2014 Voir LAV\u00c9.<\/td>\n<td style=\"text-align: right;\"><\/td>\n<\/tr>\n<tr>\n<td>GARNIER (Dr Charles). La Soci\u00e9t\u00e9 des restaurants \u00e9conomiques de la Ville de Nancy<\/td>\n<td style=\"text-align: right;\">382<\/td>\n<\/tr>\n<tr>\n<td>GAUDEL (Henri). Le Coliche a \u00e9t\u00e9 au dispensaire<\/td>\n<td style=\"text-align: right;\">469<\/td>\n<\/tr>\n<tr>\n<td>\u2014 Les M\u00e2miches, sayn\u00e8te lorraine<\/td>\n<td style=\"text-align: right;\">176<\/td>\n<\/tr>\n<tr>\n<td>\u2014 On n\u2019est pas r\u2019gardant, sketch lorrain<\/td>\n<td style=\"text-align: right;\">69<\/td>\n<\/tr>\n<tr>\n<td>[GEMAHLING (d\u2019apr\u00e8s)]. Le g\u00e9n\u00e9ral Fran\u00e7ois-Nicolas Fririon<\/td>\n<td style=\"text-align: right;\">219<\/td>\n<\/tr>\n<tr>\n<td>G\u00c9RARD (Jean). Un moine sous la R\u00e9volution : le dernier procureur de l\u2019abbaye d\u2019\u00catival : M\u00e9dard Contant (1750-1836)<\/td>\n<td style=\"text-align: right;\">76<\/td>\n<\/tr>\n<tr>\n<td>Grande (la) famille lorraine<\/td>\n<td style=\"text-align: right;\">379<\/td>\n<\/tr>\n<tr>\n<td>GUSSE (Georges). Le P\u00e8re Mathieu<\/td>\n<td style=\"text-align: right;\">143<\/td>\n<\/tr>\n<tr>\n<td>HOGARD (Chanoine Ren\u00e9). Monseigneur Turinaz, l\u2019\u00e9v\u00eaque patriote<\/td>\n<td style=\"text-align: right;\">551<\/td>\n<\/tr>\n<tr>\n<td>H\u00f4pital psychiatrique de Mar\u00e9ville<\/td>\n<td style=\"text-align: right;\">289<\/td>\n<\/tr>\n<tr>\n<td>HOUOT (Philippe). Les hospices civils de Nancy.<\/td>\n<td style=\"text-align: right;\">274<\/td>\n<\/tr>\n<tr>\n<td>Institution (1\u2019) des jeunes aveugles de Nancy<\/td>\n<td style=\"text-align: right;\">293<\/td>\n<\/tr>\n<tr>\n<td>Institution (1\u2019) des Sourds-Muets.<\/td>\n<td style=\"text-align: right;\">291<\/td>\n<\/tr>\n<tr>\n<td>JACQUEMIN (Paul). Les colonies de vacances<\/td>\n<td style=\"text-align: right;\">353<\/td>\n<\/tr>\n<tr>\n<td>LAISN\u00c9. Les jardins ouvriers<\/td>\n<td style=\"text-align: right;\">381<\/td>\n<\/tr>\n<tr>\n<td>LAURENT (Joseph). Bureau de Bienfaisance de Nancy<\/td>\n<td style=\"text-align: right;\">271<\/td>\n<\/tr>\n<tr>\n<td>LAV\u00c9 et Andr\u00e9 GAIN. Les \u0153uvres sociales dans l\u2019enseignement<\/td>\n<td style=\"text-align: right;\">364<\/td>\n<\/tr>\n<tr>\n<td>LEF\u00c8VRE (Andr\u00e9). L\u2019arri\u00e8re-saison dans les Vosges avec le 2e r\u00e9giment d\u2019infanterie en 1918 (Extrait d\u2019un carnet de route)<\/td>\n<td style=\"text-align: right;\">27<\/td>\n<\/tr>\n<tr>\n<td>\u2014 La Lorraine \u00e0 Paris<\/td>\n<td style=\"text-align: right;\">414<\/td>\n<\/tr>\n<tr>\n<td>LEJEAUX (Jeanne). L\u2019\u00e9glise de Senon et les peintures de Nicolas Untersteller<\/td>\n<td style=\"text-align: right;\">385<\/td>\n<\/tr>\n<tr>\n<td>\u2014 Jean-Antoine Laurent (1763-1832)<\/td>\n<td style=\"text-align: right;\">164<\/td>\n<\/tr>\n<tr>\n<td>L\u00c9VY (Dr Andr\u00e9). La protection de la sant\u00e9 publique dans le cadre du d\u00e9partement de Meurthe-et-Moselle<\/td>\n<td style=\"text-align: right;\">255<\/td>\n<\/tr>\n<tr>\n<td>MARESQUELLE (H.). Les \u0153uvres protestantes en Lorraine<\/td>\n<td style=\"text-align: right;\">321<\/td>\n<\/tr>\n<tr>\n<td>MAROT (Pierre). Un acte de vandalisme sur la Carri\u00e8re de Nancy en 1757<\/td>\n<td style=\"text-align: right;\">516<\/td>\n<\/tr>\n<tr>\n<td>\u2014 Les f\u00eates du bicentenaire de la r\u00e9union de la Lorraine \u00e0 la France (25-26 novembre 1937)<\/td>\n<td style=\"text-align: right;\">1<\/td>\n<\/tr>\n<tr>\n<td>\u2014 Un tableau votif \u00e0 Notre-Dame de Mont\u2011Serrat, au Mus\u00e9e historique lorrain<\/td>\n<td style=\"text-align: right;\">566<\/td>\n<\/tr>\n<tr>\n<td>MARQUIS. L\u2019\u00e9conomie domestique dans l\u2019ancienne Meurthe en 1805<\/td>\n<td style=\"text-align: right;\">614<\/td>\n<\/tr>\n<tr>\n<td>MARTIN (Chanoine Eug\u00e8ne). La popularit\u00e9 du culte de saint Nicolas<\/td>\n<td style=\"text-align: right;\">593<\/td>\n<\/tr>\n<tr>\n<td>MEIGNANT (Dr). L\u2019assistance aux enfants anormaux et aux enfants d\u00e9linquants<\/td>\n<td style=\"text-align: right;\">359<\/td>\n<\/tr>\n<tr>\n<td>MICHEL (Suzanne). L\u2019enseignement m\u00e9nager<\/td>\n<td style=\"text-align: right;\">362<\/td>\n<\/tr>\n<tr>\n<td>NICOLAS (\u00c9mile). La Maison des orphelines<\/td>\n<td style=\"text-align: right;\">345<\/td>\n<\/tr>\n<tr>\n<td>NOIREL (Urbain). Les farces de Fanfette<\/td>\n<td style=\"text-align: right;\">479<\/td>\n<\/tr>\n<tr>\n<td>\u0152uvre (1\u2019) des Soci\u00e9t\u00e9s d\u2019habitations \u00e0 bon march\u00e9 et des Soci\u00e9t\u00e9s de Cr\u00e9dit immobilier en Meurthe-et-Moselle<\/td>\n<td style=\"text-align: right;\">373<\/td>\n<\/tr>\n<tr>\n<td>Office d\u2019Hygi\u00e8ne sociale de Meurthe-et-Moselle<\/td>\n<td style=\"text-align: right;\">243<\/td>\n<\/tr>\n<tr>\n<td>PARANT (Abb\u00e9 Georges). Maison des apprentis<\/td>\n<td style=\"text-align: right;\">359<\/td>\n<\/tr>\n<tr>\n<td>PARISET (Fran\u00e7ois-Georges). L\u2019image Saint-Alexis de Georges de La Tour ou Georges de La Tour au Mus\u00e9e historique lorrain<\/td>\n<td style=\"text-align: right;\">417<\/td>\n<\/tr>\n<tr>\n<td>PAUL (Marcel). Arry, colonie de vacances<\/td>\n<td style=\"text-align: right;\">349<\/td>\n<\/tr>\n<tr>\n<td>PHILIPPE (Andr\u00e9). Chronique des Vosges. Le buste de Maurice Pottecher au Mus\u00e9e d\u00e9\u00adpartemental des Vosges<\/td>\n<td style=\"text-align: right;\">413<\/td>\n<\/tr>\n<tr>\n<td>POTTECHER (Maurice). \u00c0 la terre lorraine<\/td>\n<td style=\"text-align: right;\">140<\/td>\n<\/tr>\n<tr>\n<td>Pour un \u00ab Mus\u00e9e du village lorrain \u00bb au Mus\u00e9e historique lorrain<\/td>\n<td style=\"text-align: right;\">519<\/td>\n<\/tr>\n<tr>\n<td>R\u00e9alisations (les) des Soci\u00e9t\u00e9s de Croix-Rouge<\/td>\n<td style=\"text-align: right;\">332<\/td>\n<\/tr>\n<tr>\n<td>ROSAMBERT (Andr\u00e9). L\u2019Office central des \u0153uvres d\u2019entr&rsquo;aide sociale de Nancy<\/td>\n<td style=\"text-align: right;\">270<\/td>\n<\/tr>\n<tr>\n<td>SADOUL (Charles). Une gu\u00e9risseuse en l\u2019an VII de la R\u00e9publique<\/td>\n<td style=\"text-align: right;\">508<\/td>\n<\/tr>\n<tr>\n<td>\u2014 La science contre la superstition<\/td>\n<td style=\"text-align: right;\">231<\/td>\n<\/tr>\n<tr>\n<td>SADOUI, (Louis). Un tribunal au XVIIIe si\u00e8cle<\/td>\n<td style=\"text-align: right;\">37<\/td>\n<\/tr>\n<tr>\n<td>SALLE (J.). Journal d\u2019un officier de l\u2019arm\u00e9e de Metz (1870)<\/td>\n<td style=\"text-align: right;\">83, 130<\/td>\n<\/tr>\n<tr>\n<td>SCHMITT (Dr Ch.). Les \u0153uvres sociales de la Ville de Nancy<\/td>\n<td style=\"text-align: right;\">339<\/td>\n<\/tr>\n<tr>\n<td>Soci\u00e9t\u00e9 des Cr\u00e8ches de Nancy<\/td>\n<td style=\"text-align: right;\">338<\/td>\n<\/tr>\n<tr>\n<td>TOUSSAINT (Maurice). Entre la Moselle et la Sarre : la colline sainte du H\u00e9raple<\/td>\n<td style=\"text-align: right;\">145<\/td>\n<\/tr>\n<tr>\n<td>\u2014 Scarpone au temps de la Gaule romaine<\/td>\n<td style=\"text-align: right;\">529<\/td>\n<\/tr>\n<tr>\n<td>VARENNE (Gaston). En Lorraine<\/td>\n<td style=\"text-align: right;\">44<\/td>\n<\/tr>\n<tr>\n<td>\u2014 L\u2019exposition Henry Grosjean \u00e0 la Galerie Thi\u00e9bault<\/td>\n<td style=\"text-align: right;\">22<\/td>\n<\/tr>\n<tr>\n<td>\u2014 Le peintre \u00c9douard Monchablon<\/td>\n<td style=\"text-align: right;\">193<\/td>\n<\/tr>\n<tr>\n<td>\u2014 Remerciements<\/td>\n<td style=\"text-align: right;\">416<\/td>\n<\/tr>\n<tr>\n<td>VAT\u00c9 (Paul). La contribution du patronat aux r\u00e9alisations sociales<\/td>\n<td style=\"text-align: right;\">324<\/td>\n<\/tr>\n<tr>\n<td>Notre appel<\/td>\n<td style=\"text-align: right;\">46, 192, 528<\/td>\n<\/tr>\n<\/tbody>\n<\/table>\n<h2>Bibliographie<\/h2>\n<table>\n<tbody>\n<tr>\n<td width=\"650\">VARENNE (Gaston). Bourdelle par lui-m\u00eame (Ch. DAUDIER)<\/td>\n<td style=\"text-align: right;\" width=\"60\">527<\/td>\n<\/tr>\n<\/tbody>\n<\/table>\n<p><a href=\"http:\/\/lorrylesmetz-histoire.fr\/?page_id=4996\"><img loading=\"lazy\" decoding=\"async\" class=\"alignnone size-full wp-image-378\" src=\"http:\/\/lorrylesmetz-histoire.fr\/wp-content\/uploads\/2017\/05\/retour.png\" alt=\"\" width=\"89\" height=\"31\" \/><\/a><\/p>\n","protected":false},"excerpt":{"rendered":"<p>Articles AIMOND (Mgr Charles). La croix processionnelle de Longchamps (Meuse) 449 \u2014 Les \u00e9glises barroises \u00e0 l\u2019aube de la Renaissance (1480-155o) 97 AUBRY (Paul). Les assurances sociales en Meurthe-et-Moselle 298 \u2014 La mutualit\u00e9 en Lorraine 305 BEHR (Simon). Institutions de&hellip; <\/p>\n","protected":false},"author":1,"featured_media":0,"parent":4996,"menu_order":6,"comment_status":"closed","ping_status":"closed","template":"","meta":{"_mc_calendar":[],"footnotes":""},"class_list":["post-5004","page","type-page","status-publish","hentry"],"_links":{"self":[{"href":"http:\/\/lorrylesmetz-histoire.fr\/index.php?rest_route=\/wp\/v2\/pages\/5004","targetHints":{"allow":["GET"]}}],"collection":[{"href":"http:\/\/lorrylesmetz-histoire.fr\/index.php?rest_route=\/wp\/v2\/pages"}],"about":[{"href":"http:\/\/lorrylesmetz-histoire.fr\/index.php?rest_route=\/wp\/v2\/types\/page"}],"author":[{"embeddable":true,"href":"http:\/\/lorrylesmetz-histoire.fr\/index.php?rest_route=\/wp\/v2\/users\/1"}],"replies":[{"embeddable":true,"href":"http:\/\/lorrylesmetz-histoire.fr\/index.php?rest_route=%2Fwp%2Fv2%2Fcomments&post=5004"}],"version-history":[{"count":4,"href":"http:\/\/lorrylesmetz-histoire.fr\/index.php?rest_route=\/wp\/v2\/pages\/5004\/revisions"}],"predecessor-version":[{"id":5061,"href":"http:\/\/lorrylesmetz-histoire.fr\/index.php?rest_route=\/wp\/v2\/pages\/5004\/revisions\/5061"}],"up":[{"embeddable":true,"href":"http:\/\/lorrylesmetz-histoire.fr\/index.php?rest_route=\/wp\/v2\/pages\/4996"}],"wp:attachment":[{"href":"http:\/\/lorrylesmetz-histoire.fr\/index.php?rest_route=%2Fwp%2Fv2%2Fmedia&parent=5004"}],"curies":[{"name":"wp","href":"https:\/\/api.w.org\/{rel}","templated":true}]}}