{"id":5006,"date":"2019-12-27T14:58:25","date_gmt":"2019-12-27T13:58:25","guid":{"rendered":"http:\/\/lorrylesmetz-histoire.fr\/?page_id=5006"},"modified":"2019-12-27T15:00:09","modified_gmt":"2019-12-27T14:00:09","slug":"1932-09","status":"publish","type":"page","link":"http:\/\/lorrylesmetz-histoire.fr\/?page_id=5006","title":{"rendered":"Le Pays lorrain &#8211; 1951"},"content":{"rendered":"<p><a href=\"http:\/\/lorrylesmetz-histoire.fr\/?page_id=4996\"><img loading=\"lazy\" decoding=\"async\" class=\"alignnone size-full wp-image-378\" src=\"http:\/\/lorrylesmetz-histoire.fr\/wp-content\/uploads\/2017\/05\/retour.png\" alt=\"\" width=\"89\" height=\"31\" \/><\/a><\/p>\n<h2>Articles<\/h2>\n<table>\n<tbody>\n<tr>\n<td width=\"650\">BALDENNE (Fernand). Avant-Propos<\/td>\n<td style=\"text-align: right;\" width=\"60\">1<\/td>\n<\/tr>\n<tr>\n<td>BEAU (Antoine). Les tableaux de la Facult\u00e9 de M\u00e9decine de Pont-\u00e0-Mousson \u00e0 la Facult\u00e9 de M\u00e9decine de Nancy<\/td>\n<td style=\"text-align: right;\">77<\/td>\n<\/tr>\n<tr>\n<td>FRAN\u00c7OIS (Michel), TAVENEAUX (Ren\u00e9), MICHEL (Antoine). Les mariages dans la Maison de Lorraine-Vaud\u00e9mont<\/td>\n<td style=\"text-align: right;\">115<\/td>\n<\/tr>\n<tr>\n<td>FRANDON (Ida-Marie). Une \u00e9tude de gen\u00e8se. L\u2019Orient de Maurice Barr\u00e8s<\/td>\n<td style=\"text-align: right;\">49<\/td>\n<\/tr>\n<tr>\n<td>G\u00c9RARD (Claude). Andr\u00e9 Jacquemin<\/td>\n<td style=\"text-align: right;\">161<\/td>\n<\/tr>\n<tr>\n<td>GUINGOT (Henri). Inauguration du Mus\u00e9e de l\u2019Imagerie populaire fran\u00e7aise<\/td>\n<td style=\"text-align: right;\">92<\/td>\n<\/tr>\n<tr>\n<td>J ACQUEMIN (Andr\u00e9). \u00c9tienne Cournault (1891-1948)<\/td>\n<td style=\"text-align: right;\">27<\/td>\n<\/tr>\n<tr>\n<td>KASTENER (Jean). La famille lorraine de Chopin<\/td>\n<td style=\"text-align: right;\">89<\/td>\n<\/tr>\n<tr>\n<td>Le mariage de l\u2019archiduc Othon d\u2019Autriche et de la princesse Regina de Saxe\u00ad-Meiningen<\/td>\n<td style=\"text-align: right;\">152<\/td>\n<\/tr>\n<tr>\n<td>MAROT (Pierre). L\u2019\u00e9glise des Cordeliers et la tradition lorraine<\/td>\n<td style=\"text-align: right;\">97<\/td>\n<\/tr>\n<tr>\n<td>\u2014 \u00c0 propos du deuxi\u00e8me centenaire de l\u2019Encyclop\u00e9die. Saint\u2011 Lambert au Mus\u00e9e lorrain<\/td>\n<td style=\"text-align: right;\">191<\/td>\n<\/tr>\n<tr>\n<td>\u2014 La Maison lorraine et la mus\u00e9ographie<\/td>\n<td style=\"text-align: right;\">183<\/td>\n<\/tr>\n<tr>\n<td>MARTINELLI (Jean). Quinzaine de blanc. Paysannerie lorraine<\/td>\n<td style=\"text-align: right;\">198<\/td>\n<\/tr>\n<tr>\n<td>NOIREL (Urbain). Le cochon savant<\/td>\n<td style=\"text-align: right;\">42<\/td>\n<\/tr>\n<tr>\n<td>PARISET (Fran\u00e7ois-Georges). Deux dessins de Jacques de Bellange au Mus\u00e9e lorrain.<\/td>\n<td style=\"text-align: right;\">3<\/td>\n<\/tr>\n<tr>\n<td>RIGAULT (Jean). Metz dans l\u2019\u0153uvre de Louis Bertrand<\/td>\n<td style=\"text-align: right;\">19<\/td>\n<\/tr>\n<tr>\n<td>ROBERT (Edmond des). L\u2019ex-libris d\u2019Alphonse Thi\u00e9ry de Saint-Baussant<\/td>\n<td style=\"text-align: right;\">187<\/td>\n<\/tr>\n<tr>\n<td>SAVOURET (Georges). Les maisons rurales en Lorraine<\/td>\n<td style=\"text-align: right;\">167<\/td>\n<\/tr>\n<tr>\n<td>SCHNEIDER (Jean). En parcourant les terroirs des villages lorrains. Les lieux dits et l\u2019histoire<\/td>\n<td style=\"text-align: right;\">33<\/td>\n<\/tr>\n<\/tbody>\n<\/table>\n<h2>Chronique<\/h2>\n<table style=\"width: 100%;\">\n<tbody>\n<tr>\n<td width=\"550\">Nouvelles lorraines<\/td>\n<td style=\"text-align: right;\" width=\"160\">46, 201<\/td>\n<\/tr>\n<tr>\n<td style=\"width: 77.4461%;\">Soci\u00e9t\u00e9 d\u2019Arch\u00e9ologie lorraine et du Mus\u00e9e historique lorrain<\/td>\n<td style=\"text-align: right; width: 22.2222%;\">45, 94, 199<\/td>\n<\/tr>\n<tr>\n<td style=\"width: 77.4461%;\">Notre appel<\/td>\n<td style=\"text-align: right; width: 22.2222%;\">208<\/td>\n<\/tr>\n<\/tbody>\n<\/table>\n<h2>Bibliographie<\/h2>\n<table>\n<tbody>\n<tr>\n<td width=\"650\">BARB\u00c9 (Jean-Julien). L\u2019imagier de Metz<\/td>\n<td style=\"text-align: right;\" width=\"60\">96<\/td>\n<\/tr>\n<tr>\n<td>DELCAMBRE (\u00c9tienne). La sorcellerie en Lorraine (R. TAVENEAUX)<\/td>\n<td style=\"text-align: right;\">205<\/td>\n<\/tr>\n<tr>\n<td>DENAIX (Jean). Hattonch\u00e2tel, ch\u00e2tellenie verdunoise, pr\u00e9v\u00f4t\u00e9 lorraine, puis mar\u00adquisat<\/td>\n<td style=\"text-align: right;\">48<\/td>\n<\/tr>\n<tr>\n<td>GERLACH (\u00c9mile). Une montagne sacr\u00e9e dans les Vosges. Le Donon<\/td>\n<td style=\"text-align: right;\">48<\/td>\n<\/tr>\n<tr>\n<td>GROSDIDIER DE MATONS (Marcel). Une toute petite histoire de notre Lorraine<\/td>\n<td style=\"text-align: right;\">96<\/td>\n<\/tr>\n<tr>\n<td>J OIGNON (Camille-Paul). En plein c\u0153ur du Barrois. I<\/td>\n<td style=\"text-align: right;\">48<\/td>\n<\/tr>\n<tr>\n<td>Le Myst\u00e8re de Sainte-Barbe<\/td>\n<td style=\"text-align: right;\">206<\/td>\n<\/tr>\n<tr>\n<td>SALVERDA DE GRAVE (J.-J .), MEIJERS (E.-M.), SCHNEIDER (J.), Le droit coutumier de la ville de Metz au moyen \u00e2ge<\/td>\n<td style=\"text-align: right;\">206<\/td>\n<\/tr>\n<tr>\n<td>SAUREL (Lt.). Gendarmes sous la Terreur<\/td>\n<td style=\"text-align: right;\">207<\/td>\n<\/tr>\n<\/tbody>\n<\/table>\n<p><a href=\"http:\/\/lorrylesmetz-histoire.fr\/?page_id=4996\"><img loading=\"lazy\" decoding=\"async\" class=\"alignnone size-full wp-image-378\" src=\"http:\/\/lorrylesmetz-histoire.fr\/wp-content\/uploads\/2017\/05\/retour.png\" alt=\"\" width=\"89\" height=\"31\" \/><\/a><\/p>\n","protected":false},"excerpt":{"rendered":"<p>Articles BALDENNE (Fernand). Avant-Propos 1 BEAU (Antoine). Les tableaux de la Facult\u00e9 de M\u00e9decine de Pont-\u00e0-Mousson \u00e0 la Facult\u00e9 de M\u00e9decine de Nancy 77 FRAN\u00c7OIS (Michel), TAVENEAUX (Ren\u00e9), MICHEL (Antoine). Les mariages dans la Maison de Lorraine-Vaud\u00e9mont 115 FRANDON (Ida-Marie).&hellip; <\/p>\n","protected":false},"author":1,"featured_media":0,"parent":4996,"menu_order":8,"comment_status":"closed","ping_status":"closed","template":"","meta":{"_mc_calendar":[],"footnotes":""},"class_list":["post-5006","page","type-page","status-publish","hentry"],"_links":{"self":[{"href":"http:\/\/lorrylesmetz-histoire.fr\/index.php?rest_route=\/wp\/v2\/pages\/5006","targetHints":{"allow":["GET"]}}],"collection":[{"href":"http:\/\/lorrylesmetz-histoire.fr\/index.php?rest_route=\/wp\/v2\/pages"}],"about":[{"href":"http:\/\/lorrylesmetz-histoire.fr\/index.php?rest_route=\/wp\/v2\/types\/page"}],"author":[{"embeddable":true,"href":"http:\/\/lorrylesmetz-histoire.fr\/index.php?rest_route=\/wp\/v2\/users\/1"}],"replies":[{"embeddable":true,"href":"http:\/\/lorrylesmetz-histoire.fr\/index.php?rest_route=%2Fwp%2Fv2%2Fcomments&post=5006"}],"version-history":[{"count":4,"href":"http:\/\/lorrylesmetz-histoire.fr\/index.php?rest_route=\/wp\/v2\/pages\/5006\/revisions"}],"predecessor-version":[{"id":5077,"href":"http:\/\/lorrylesmetz-histoire.fr\/index.php?rest_route=\/wp\/v2\/pages\/5006\/revisions\/5077"}],"up":[{"embeddable":true,"href":"http:\/\/lorrylesmetz-histoire.fr\/index.php?rest_route=\/wp\/v2\/pages\/4996"}],"wp:attachment":[{"href":"http:\/\/lorrylesmetz-histoire.fr\/index.php?rest_route=%2Fwp%2Fv2%2Fmedia&parent=5006"}],"curies":[{"name":"wp","href":"https:\/\/api.w.org\/{rel}","templated":true}]}}