{"id":5007,"date":"2019-12-27T15:05:30","date_gmt":"2019-12-27T14:05:30","guid":{"rendered":"http:\/\/lorrylesmetz-histoire.fr\/?page_id=5007"},"modified":"2019-12-27T15:09:35","modified_gmt":"2019-12-27T14:09:35","slug":"1932-10","status":"publish","type":"page","link":"http:\/\/lorrylesmetz-histoire.fr\/?page_id=5007","title":{"rendered":"Le Pays lorrain \u2013 1952"},"content":{"rendered":"<p><a href=\"http:\/\/lorrylesmetz-histoire.fr\/?page_id=4996\"><img loading=\"lazy\" decoding=\"async\" class=\"alignnone size-full wp-image-378\" src=\"http:\/\/lorrylesmetz-histoire.fr\/wp-content\/uploads\/2017\/05\/retour.png\" alt=\"\" width=\"89\" height=\"31\" \/><\/a><\/p>\n<p>Articles<\/p>\n<table>\n<tbody>\n<tr>\n<td width=\"650\">AIMOND (Ch.). Occupation de la Cit\u00e9 et de l\u2019\u00c9v\u00each\u00e9 de Verdun (juin 1552)<\/td>\n<td style=\"text-align: right;\" width=\"60\">53<\/td>\n<\/tr>\n<tr>\n<td>DUMONTIER (G\u00e9n\u00e9ral N.). Au secours de Toul<\/td>\n<td style=\"text-align: right;\">113<\/td>\n<\/tr>\n<tr>\n<td>Embellissements (Les) de Nancy sous le roi Sta\u00adnislas<\/td>\n<td style=\"text-align: right;\">15<\/td>\n<\/tr>\n<tr>\n<td>FRAN\u00c7OIS (Michel). La France et ses fronti\u00e8res de l\u2019Est au XVIe si\u00e8cle<\/td>\n<td style=\"text-align: right;\">43<\/td>\n<\/tr>\n<tr>\n<td>H\u00c9R\u00c9 (Emmanuel), premier architecte de Sta\u00adnislas et ses collaborateurs<\/td>\n<td style=\"text-align: right;\">24<\/td>\n<\/tr>\n<tr>\n<td>LAURENT (Andr\u00e9). Les croix de la plaine des Vosges aux XVIe et XVIIe si\u00e8cles<\/td>\n<td style=\"text-align: right;\">99<\/td>\n<\/tr>\n<tr>\n<td>LEF\u00c8VRE (Andr\u00e9). Hugo et les Vosges<\/td>\n<td style=\"text-align: right;\">91<\/td>\n<\/tr>\n<tr>\n<td>LESOURD (J.-A.). Deux villages t\u00e9moins en Lor\u00adraine : Morville et Senoncourt<\/td>\n<td style=\"text-align: right;\">129<\/td>\n<\/tr>\n<tr>\n<td>MAROT (Pierre). Le deuxi\u00e8me centenaire de la place Royale de Nancy<\/td>\n<td style=\"text-align: right;\">1<\/td>\n<\/tr>\n<tr>\n<td>PERRIN (Ch.-Edmond). Le probl\u00e8me de la fronti\u00e8re des langues dans le d\u00e9partement de la Moselle<\/td>\n<td style=\"text-align: right;\">125<\/td>\n<\/tr>\n<tr>\n<td>POUPART (Jeanne-Marie). Un peintre romantique lorrain. Les d\u00e9buts de Mar\u00e9chal de Metz<\/td>\n<td style=\"text-align: right;\">133<\/td>\n<\/tr>\n<tr>\n<td>RIGAULT (Jean). Le si\u00e8ge de Metz par Charles-Quint en 1552<\/td>\n<td style=\"text-align: right;\">67<\/td>\n<\/tr>\n<tr>\n<td>ROUSSEAU (Louis). La famille lorraine de Victor-Hugo<\/td>\n<td style=\"text-align: right;\">8<\/td>\n<\/tr>\n<tr>\n<td>SCHNEIDER (Jean). Toul au milieu du XVIe si\u00e8cle<\/td>\n<td style=\"text-align: right;\">59<\/td>\n<\/tr>\n<tr>\n<td>TAVENEAUX (Ren\u00e9). Nancy au milieu du XVIIIe si\u00e8cle<\/td>\n<td style=\"text-align: right;\">6<\/td>\n<\/tr>\n<tr>\n<td>ZELLER (Gaston). Les \u00e9v\u00e9nements de 1552 et l\u2019unit\u00e9 fran\u00e7aise<\/td>\n<td style=\"text-align: right;\">33<\/td>\n<\/tr>\n<\/tbody>\n<\/table>\n<h2>Chronique<\/h2>\n<table>\n<tbody>\n<tr>\n<td width=\"550\">Nouvelles lorraines<\/td>\n<td style=\"text-align: right;\" width=\"160\">30, 77, 110, 139<\/td>\n<\/tr>\n<tr>\n<td>Soci\u00e9t\u00e9 d\u2019Arch\u00e9ologie lorraine et du Mus\u00e9e his\u00adtorique lorrain<\/td>\n<td style=\"text-align: right;\">30, 75, 110, 139<\/td>\n<\/tr>\n<tr>\n<td width=\"539\">Notre appel<\/td>\n<td style=\"text-align: right;\" width=\"142\">146<\/td>\n<\/tr>\n<\/tbody>\n<\/table>\n<h2>Notices n\u00e9crologiques<\/h2>\n<table>\n<tbody>\n<tr>\n<td width=\"650\">ATHANASE-\u00c9MILE (Fr\u00e8re)<\/td>\n<td style=\"text-align: right;\" width=\"60\">112<\/td>\n<\/tr>\n<tr>\n<td>BOULOUMI\u00c9 (Jean)<\/td>\n<td style=\"text-align: right;\">32<\/td>\n<\/tr>\n<tr>\n<td>CHOLLET (Mgr)<\/td>\n<td style=\"text-align: right;\">143<\/td>\n<\/tr>\n<tr>\n<td>CORBIN (J.-B.)<\/td>\n<td style=\"text-align: right;\">143<\/td>\n<\/tr>\n<tr>\n<td>DEMANGEL (Robert)<\/td>\n<td style=\"text-align: right;\">112<\/td>\n<\/tr>\n<tr>\n<td>GERLACH (E.)<\/td>\n<td style=\"text-align: right;\">143<\/td>\n<\/tr>\n<tr>\n<td>GUINGOT (Henri)<\/td>\n<td style=\"text-align: right;\">32<\/td>\n<\/tr>\n<tr>\n<td>GUTTON (b\u00e2tonnier Pierre)<\/td>\n<td style=\"text-align: right;\">112<\/td>\n<\/tr>\n<tr>\n<td>LAPICQUE (Louis)<\/td>\n<td style=\"text-align: right;\">143<\/td>\n<\/tr>\n<tr>\n<td>NICOLAS (Paul)<\/td>\n<td style=\"text-align: right;\">31<\/td>\n<\/tr>\n<tr>\n<td>PIERN\u00c9 (Paul)<\/td>\n<td style=\"text-align: right;\">32<\/td>\n<\/tr>\n<tr>\n<td>SIMONIN (professeur Jacques)<\/td>\n<td style=\"text-align: right;\">112<\/td>\n<\/tr>\n<tr>\n<td>VAROQUAUX (A.)<\/td>\n<td style=\"text-align: right;\">144<\/td>\n<\/tr>\n<\/tbody>\n<\/table>\n<h2>Bibliographie<\/h2>\n<table>\n<tbody>\n<tr>\n<td width=\"650\">JANOT (Jean-Marie). Les moulins \u00e0 papier de la r\u00e9gion vosgienne (R. T.)<\/td>\n<td style=\"text-align: right;\" width=\"60\">144<\/td>\n<\/tr>\n<tr>\n<td>ROBERT (Edmond des). Le catalogue des sceaux des Archives de Meurthe-et-Moselle (Pierre Marot)<\/td>\n<td style=\"text-align: right;\">108<\/td>\n<\/tr>\n<tr>\n<td>SALIN (\u00c9douard). La civilisation m\u00e9rovingienne, d\u2019apr\u00e8s les s\u00e9pultures, les textes et le laboratoire, 2e partie : Les s\u00e9pultures (Maurice Toussaint)<\/td>\n<td style=\"text-align: right;\">144<\/td>\n<\/tr>\n<tr>\n<td>SCHNEIDER (Jean). Histoire de la Lorraine (R. T.)<\/td>\n<td style=\"text-align: right;\">80<\/td>\n<\/tr>\n<tr>\n<td>THIRY ( Jean). La Machine infernale (R. T.)<\/td>\n<td style=\"text-align: right;\">80<\/td>\n<\/tr>\n<tr>\n<td>TOUSSAINT (Maurice). L\u2019origine du peuplement de la vall\u00e9e moyenne de la Seille, d\u2019apr\u00e8s les noms de lieux et les d\u00e9couvertes arch\u00e9ologiques<\/td>\n<td style=\"text-align: right;\">145<\/td>\n<\/tr>\n<tr>\n<td>TOUSSAINT (Maurice). O\u00f9 \u00e9tait le chef-lieu du \u00ab Pagus Calvomontensis \u00bb?<\/td>\n<td style=\"text-align: right;\">145<\/td>\n<\/tr>\n<tr>\n<td>ZARACH (Alphonse). Bibliographie barr\u00e9sienne (1881-1948) (Maurice Toussaint)<\/td>\n<td style=\"text-align: right;\">144<\/td>\n<\/tr>\n<\/tbody>\n<\/table>\n<p><strong><a href=\"http:\/\/lorrylesmetz-histoire.fr\/?page_id=4996\"><img loading=\"lazy\" decoding=\"async\" class=\"alignnone size-full wp-image-378\" src=\"http:\/\/lorrylesmetz-histoire.fr\/wp-content\/uploads\/2017\/05\/retour.png\" alt=\"\" width=\"89\" height=\"31\" \/><\/a><\/strong><\/p>\n","protected":false},"excerpt":{"rendered":"<p>Articles AIMOND (Ch.). Occupation de la Cit\u00e9 et de l\u2019\u00c9v\u00each\u00e9 de Verdun (juin 1552) 53 DUMONTIER (G\u00e9n\u00e9ral N.). Au secours de Toul 113 Embellissements (Les) de Nancy sous le roi Sta\u00adnislas 15 FRAN\u00c7OIS (Michel). La France et ses fronti\u00e8res de&hellip; <\/p>\n","protected":false},"author":1,"featured_media":0,"parent":4996,"menu_order":9,"comment_status":"closed","ping_status":"closed","template":"","meta":{"_mc_calendar":[],"footnotes":""},"class_list":["post-5007","page","type-page","status-publish","hentry"],"_links":{"self":[{"href":"http:\/\/lorrylesmetz-histoire.fr\/index.php?rest_route=\/wp\/v2\/pages\/5007","targetHints":{"allow":["GET"]}}],"collection":[{"href":"http:\/\/lorrylesmetz-histoire.fr\/index.php?rest_route=\/wp\/v2\/pages"}],"about":[{"href":"http:\/\/lorrylesmetz-histoire.fr\/index.php?rest_route=\/wp\/v2\/types\/page"}],"author":[{"embeddable":true,"href":"http:\/\/lorrylesmetz-histoire.fr\/index.php?rest_route=\/wp\/v2\/users\/1"}],"replies":[{"embeddable":true,"href":"http:\/\/lorrylesmetz-histoire.fr\/index.php?rest_route=%2Fwp%2Fv2%2Fcomments&post=5007"}],"version-history":[{"count":3,"href":"http:\/\/lorrylesmetz-histoire.fr\/index.php?rest_route=\/wp\/v2\/pages\/5007\/revisions"}],"predecessor-version":[{"id":5082,"href":"http:\/\/lorrylesmetz-histoire.fr\/index.php?rest_route=\/wp\/v2\/pages\/5007\/revisions\/5082"}],"up":[{"embeddable":true,"href":"http:\/\/lorrylesmetz-histoire.fr\/index.php?rest_route=\/wp\/v2\/pages\/4996"}],"wp:attachment":[{"href":"http:\/\/lorrylesmetz-histoire.fr\/index.php?rest_route=%2Fwp%2Fv2%2Fmedia&parent=5007"}],"curies":[{"name":"wp","href":"https:\/\/api.w.org\/{rel}","templated":true}]}}