{"id":5063,"date":"2019-12-28T08:18:10","date_gmt":"2019-12-28T07:18:10","guid":{"rendered":"http:\/\/lorrylesmetz-histoire.fr\/?page_id=5063"},"modified":"2019-12-28T08:52:33","modified_gmt":"2019-12-28T07:52:33","slug":"la-pays-lorrain-1953-10","status":"publish","type":"page","link":"http:\/\/lorrylesmetz-histoire.fr\/?page_id=5063","title":{"rendered":"La Pays lorrain \u2013 1962"},"content":{"rendered":"<p><a href=\"http:\/\/lorrylesmetz-histoire.fr\/?page_id=4996\"><img loading=\"lazy\" decoding=\"async\" class=\"alignnone size-full wp-image-378\" src=\"http:\/\/lorrylesmetz-histoire.fr\/wp-content\/uploads\/2017\/05\/retour.png\" alt=\"\" width=\"89\" height=\"31\" \/><\/a><\/p>\n<h2>Articles<\/h2>\n<table>\n<tbody>\n<tr>\n<td width=\"650\">CHARPENTIER (Th\u00e9r\u00e8se). Au temps o\u00f9 l\u2019on naissait japonais \u00e0 Nancy<\/td>\n<td style=\"text-align: right;\" width=\"60\">29<\/td>\n<\/tr>\n<tr>\n<td>CHOUX (Jacques). Une r\u00e9plique de la Navicella de Giotto \u00e0 la cath\u00e9drale de Toul<\/td>\n<td style=\"text-align: right;\">137<\/td>\n<\/tr>\n<tr>\n<td>GEINDRE (Lucien). Le Ch\u00e2teau de Pr\u00e9ny, Histoire et description<\/td>\n<td style=\"text-align: right;\">1<\/td>\n<\/tr>\n<tr>\n<td>JACQUEMIN (Andr\u00e9). En illustrant La Colline inspir\u00e9e de Maurice Barr\u00e8s<\/td>\n<td style=\"text-align: right;\">131<\/td>\n<\/tr>\n<tr>\n<td>LYAUTEY (Pierre). Le Centenaire Maurice Barr\u00e8s<\/td>\n<td style=\"text-align: right;\">79<\/td>\n<\/tr>\n<tr>\n<td>MAROT (Pierre) R\u00e9union et pr\u00e9sentation de Lettres adress\u00e9es \u00e0 Maurice Barr\u00e8s \u00e0 l\u2019occasion de la publication de la Colline inspir\u00e9e<\/td>\n<td style=\"text-align: right;\">87<\/td>\n<\/tr>\n<tr>\n<td>PARISET (Fran\u00e7ois-Georges). Acquisitions r\u00e9centes du Mus\u00e9e lorrain<\/td>\n<td style=\"text-align: right;\">145<\/td>\n<\/tr>\n<tr>\n<td>\u2014. La Madeleine aux deux flammes<\/td>\n<td style=\"text-align: right;\">162<\/td>\n<\/tr>\n<tr>\n<td>RICHARD (Gabriel). Le boulangisme \u00e0 Nancy (\u00e0 propos du Myst\u00e8re des foules de P. Adam), L\u2019\u00e9lection au Conseil g\u00e9n\u00e9ral de Nancy-ouest, La r\u00e9gion nanc\u00e9ienne vers 1888<\/td>\n<td style=\"text-align: right;\">10<\/td>\n<\/tr>\n<tr>\n<td>\u2014. Les \u00e9lections l\u00e9gislatives de 1889 en Meurthe-et-Moselle<\/td>\n<td style=\"text-align: right;\">45<\/td>\n<\/tr>\n<tr>\n<td>VAULX (Charles de). Godefroy de Bouillon et le Mus\u00e9e de la Croisade<\/td>\n<td style=\"text-align: right;\">65<\/td>\n<\/tr>\n<tr>\n<td>VIJILLEMIN (Andr\u00e9). La chapelle de Saint-Fiacre<\/td>\n<td style=\"text-align: right;\">33<\/td>\n<\/tr>\n<\/tbody>\n<\/table>\n<h2>Chroniques<\/h2>\n<table>\n<tbody>\n<tr>\n<td width=\"550\">La vie de la Soci\u00e9t\u00e9 d\u2019Arch\u00e9ologie lorraine et du Mus\u00e9e historique lorrain<\/td>\n<td style=\"text-align: right;\" width=\"160\">71, 167 \u00e0 169<\/td>\n<\/tr>\n<tr>\n<td>Nouvelles Lorraines<\/td>\n<td style=\"text-align: right;\">71 \u00e0 73, 169-170<\/td>\n<\/tr>\n<tr>\n<td>Arch\u00e9ologie<\/td>\n<td style=\"text-align: right;\">73-74, 170-171.<\/td>\n<\/tr>\n<\/tbody>\n<\/table>\n<h2>Bibliographie<\/h2>\n<table>\n<tbody>\n<tr>\n<td width=\"600\">Livres r\u00e9cents<\/td>\n<td width=\"110\">\n<p style=\"text-align: right;\">172 \u00e0 177<\/p>\n<\/td>\n<\/tr>\n<\/tbody>\n<\/table>\n<h2>Notices n\u00e9crologiques<\/h2>\n<table>\n<tbody>\n<tr>\n<td width=\"650\">BOULHAUT (Chanoine)<\/td>\n<td style=\"text-align: right;\" width=\"60\">74<\/td>\n<\/tr>\n<tr>\n<td>BRETAGNE (P.)<\/td>\n<td style=\"text-align: right;\">171<\/td>\n<\/tr>\n<tr>\n<td>LEMOINE (A)<\/td>\n<td style=\"text-align: right;\">74<\/td>\n<\/tr>\n<tr>\n<td>MAJORELLE (J)<\/td>\n<td style=\"text-align: right;\">171<\/td>\n<\/tr>\n<tr>\n<td>MANSUY (Monseigneur)<\/td>\n<td style=\"text-align: right;\">172<\/td>\n<\/tr>\n<tr>\n<td>MOUGIN (J.)<\/td>\n<td style=\"text-align: right;\">74<\/td>\n<\/tr>\n<tr>\n<td>DE PANGE (Marquis)<\/td>\n<td style=\"text-align: right;\">74<\/td>\n<\/tr>\n<tr>\n<td>SCHWAB (L.)<\/td>\n<td style=\"text-align: right;\">74<\/td>\n<\/tr>\n<tr>\n<td>URBAIN (R.)<\/td>\n<td style=\"text-align: right;\">171<\/td>\n<\/tr>\n<\/tbody>\n<\/table>\n<p><a href=\"http:\/\/lorrylesmetz-histoire.fr\/?page_id=4996\"><img loading=\"lazy\" decoding=\"async\" class=\"alignnone size-full wp-image-378\" src=\"http:\/\/lorrylesmetz-histoire.fr\/wp-content\/uploads\/2017\/05\/retour.png\" alt=\"\" width=\"89\" height=\"31\" \/><\/a><\/p>\n","protected":false},"excerpt":{"rendered":"<p>Articles CHARPENTIER (Th\u00e9r\u00e8se). Au temps o\u00f9 l\u2019on naissait japonais \u00e0 Nancy 29 CHOUX (Jacques). Une r\u00e9plique de la Navicella de Giotto \u00e0 la cath\u00e9drale de Toul 137 GEINDRE (Lucien). Le Ch\u00e2teau de Pr\u00e9ny, Histoire et description 1 JACQUEMIN (Andr\u00e9). En&hellip; <\/p>\n","protected":false},"author":1,"featured_media":0,"parent":4996,"menu_order":19,"comment_status":"closed","ping_status":"closed","template":"","meta":{"_mc_calendar":[],"footnotes":""},"class_list":["post-5063","page","type-page","status-publish","hentry"],"_links":{"self":[{"href":"http:\/\/lorrylesmetz-histoire.fr\/index.php?rest_route=\/wp\/v2\/pages\/5063","targetHints":{"allow":["GET"]}}],"collection":[{"href":"http:\/\/lorrylesmetz-histoire.fr\/index.php?rest_route=\/wp\/v2\/pages"}],"about":[{"href":"http:\/\/lorrylesmetz-histoire.fr\/index.php?rest_route=\/wp\/v2\/types\/page"}],"author":[{"embeddable":true,"href":"http:\/\/lorrylesmetz-histoire.fr\/index.php?rest_route=\/wp\/v2\/users\/1"}],"replies":[{"embeddable":true,"href":"http:\/\/lorrylesmetz-histoire.fr\/index.php?rest_route=%2Fwp%2Fv2%2Fcomments&post=5063"}],"version-history":[{"count":4,"href":"http:\/\/lorrylesmetz-histoire.fr\/index.php?rest_route=\/wp\/v2\/pages\/5063\/revisions"}],"predecessor-version":[{"id":5118,"href":"http:\/\/lorrylesmetz-histoire.fr\/index.php?rest_route=\/wp\/v2\/pages\/5063\/revisions\/5118"}],"up":[{"embeddable":true,"href":"http:\/\/lorrylesmetz-histoire.fr\/index.php?rest_route=\/wp\/v2\/pages\/4996"}],"wp:attachment":[{"href":"http:\/\/lorrylesmetz-histoire.fr\/index.php?rest_route=%2Fwp%2Fv2%2Fmedia&parent=5063"}],"curies":[{"name":"wp","href":"https:\/\/api.w.org\/{rel}","templated":true}]}}