{"id":5066,"date":"2019-12-28T07:49:43","date_gmt":"2019-12-28T06:49:43","guid":{"rendered":"http:\/\/lorrylesmetz-histoire.fr\/?page_id=5066"},"modified":"2019-12-28T07:53:04","modified_gmt":"2019-12-28T06:53:04","slug":"la-pays-lorrain-1953-07","status":"publish","type":"page","link":"http:\/\/lorrylesmetz-histoire.fr\/?page_id=5066","title":{"rendered":"La Pays lorrain \u2013 1959"},"content":{"rendered":"<p><a href=\"http:\/\/lorrylesmetz-histoire.fr\/?page_id=4996\"><img loading=\"lazy\" decoding=\"async\" class=\"alignnone size-full wp-image-378\" src=\"http:\/\/lorrylesmetz-histoire.fr\/wp-content\/uploads\/2017\/05\/retour.png\" alt=\"\" width=\"89\" height=\"31\" \/><\/a><\/p>\n<h2>Articles<\/h2>\n<table>\n<tbody>\n<tr>\n<td width=\"650\">DUMONTIER (Maurice). La perte de La Meuse \u00e0 Bazoilles<\/td>\n<td style=\"text-align: right;\" width=\"60\">115<\/td>\n<\/tr>\n<tr>\n<td>FRANCE-LANORD (Albert). Georges Goury<\/td>\n<td style=\"text-align: right;\">109<\/td>\n<\/tr>\n<tr>\n<td>GAR\u00c7OT (Maurice). Les Fr\u00e8res Voirin<\/td>\n<td style=\"text-align: right;\">143<\/td>\n<\/tr>\n<tr>\n<td>GEINDRE (Lucien). La forteresse de Liverdun<\/td>\n<td style=\"text-align: right;\">125<\/td>\n<\/tr>\n<tr>\n<td>GUYOT (A.). Un vieux savant nanc\u00e9ien m\u00e9connu : Fran\u00e7ois Leloup dit Leupol, 1807-1896<\/td>\n<td style=\"text-align: right;\">104<\/td>\n<\/tr>\n<tr>\n<td>HATTON (Abb\u00e9 E.). L\u2019h\u00e9ritage fabuleux de Jean Thi\u00e9ry. Les pr\u00e9tendants lorrains.<\/td>\n<td style=\"text-align: right;\">69<\/td>\n<\/tr>\n<tr>\n<td>HIEGEL (Henri). Les artistes lorrains dans les cours d\u2019Allemagne au XVIII<sup>e<\/sup> si\u00e8cle<\/td>\n<td style=\"text-align: right;\">49<\/td>\n<\/tr>\n<tr>\n<td>\u2014. Les campagnes militaires du prince Charles-Alexandre de Lorraine sur la Sarre en 1743-1745<\/td>\n<td style=\"text-align: right;\">81<\/td>\n<\/tr>\n<tr>\n<td>LALEV\u00c9E (Henri). La chapelle du Suisse pr\u00e8s de Fraise<\/td>\n<td style=\"text-align: right;\">111<\/td>\n<\/tr>\n<tr>\n<td>LEF\u00c8VRE (Andr\u00e9). Les peintres romantiques et les Vosges<\/td>\n<td style=\"text-align: right;\">63<\/td>\n<\/tr>\n<tr>\n<td>RICHARD (Gabriel). Une curieuse exp\u00e9rience en Lorraine. Les vapeurs inexplosibles de la Moselle 1840-1846<\/td>\n<td style=\"text-align: right;\">91<\/td>\n<\/tr>\n<tr>\n<td>RONSIN (Albert). La vie du fameux Gargantua, livre de colportage, imprim\u00e9 \u00e0 Bruy\u00e8res et \u00e0 Troyes, 1810-1830<\/td>\n<td style=\"text-align: right;\">87<\/td>\n<\/tr>\n<tr>\n<td>THIRY (Jean). Un h\u00e9ros r\u00e9volt\u00e9 : Claude Barr\u00e8s<\/td>\n<td style=\"text-align: right;\">138<\/td>\n<\/tr>\n<tr>\n<td>VAULX (Charles de). Historique de la navigation sur la Moselle<\/td>\n<td style=\"text-align: right;\">55<\/td>\n<\/tr>\n<\/tbody>\n<\/table>\n<h2>Chronique<\/h2>\n<table>\n<tbody>\n<tr>\n<td width=\"550\">La vie de la Soci\u00e9t\u00e9 d\u2019arch\u00e9ologie<\/td>\n<td style=\"text-align: right;\" width=\"160\">74, 148<\/td>\n<\/tr>\n<tr>\n<td>Nouvelles lorraines<\/td>\n<td style=\"text-align: right;\">74, 75, 76, 77, 149<\/td>\n<\/tr>\n<\/tbody>\n<\/table>\n<h2>Bibliographie<\/h2>\n<table>\n<tbody>\n<tr>\n<td width=\"550\">Comptes rendus<\/td>\n<td style=\"text-align: right;\" width=\"160\">79, 80, 153<\/td>\n<\/tr>\n<tr>\n<td>Livres r\u00e9cents<\/td>\n<td style=\"text-align: right;\">80<\/td>\n<\/tr>\n<\/tbody>\n<\/table>\n<h2>Notices n\u00e9crologiques<\/h2>\n<table>\n<tbody>\n<tr>\n<td width=\"650\">HOCQUARD (C.)<\/td>\n<td style=\"text-align: right;\" width=\"60\">78<\/td>\n<\/tr>\n<tr>\n<td>KALTNECKER (M<sup>gr<\/sup>)<\/td>\n<td style=\"text-align: right;\">78<\/td>\n<\/tr>\n<tr>\n<td>THIAM (A)<\/td>\n<td style=\"text-align: right;\">78<\/td>\n<\/tr>\n<tr>\n<td>VILGRAIN (L.)<\/td>\n<td style=\"text-align: right;\">78<\/td>\n<\/tr>\n<\/tbody>\n<\/table>\n<p>&nbsp;<\/p>\n<p><a href=\"http:\/\/lorrylesmetz-histoire.fr\/?page_id=4996\"><img loading=\"lazy\" decoding=\"async\" class=\"alignnone size-full wp-image-378\" src=\"http:\/\/lorrylesmetz-histoire.fr\/wp-content\/uploads\/2017\/05\/retour.png\" alt=\"\" width=\"89\" height=\"31\" \/><\/a><\/p>\n","protected":false},"excerpt":{"rendered":"<p>Articles DUMONTIER (Maurice). La perte de La Meuse \u00e0 Bazoilles 115 FRANCE-LANORD (Albert). Georges Goury 109 GAR\u00c7OT (Maurice). Les Fr\u00e8res Voirin 143 GEINDRE (Lucien). La forteresse de Liverdun 125 GUYOT (A.). Un vieux savant nanc\u00e9ien m\u00e9connu : Fran\u00e7ois Leloup dit&hellip; <\/p>\n","protected":false},"author":1,"featured_media":0,"parent":4996,"menu_order":16,"comment_status":"closed","ping_status":"closed","template":"","meta":{"_mc_calendar":[],"footnotes":""},"class_list":["post-5066","page","type-page","status-publish","hentry"],"_links":{"self":[{"href":"http:\/\/lorrylesmetz-histoire.fr\/index.php?rest_route=\/wp\/v2\/pages\/5066","targetHints":{"allow":["GET"]}}],"collection":[{"href":"http:\/\/lorrylesmetz-histoire.fr\/index.php?rest_route=\/wp\/v2\/pages"}],"about":[{"href":"http:\/\/lorrylesmetz-histoire.fr\/index.php?rest_route=\/wp\/v2\/types\/page"}],"author":[{"embeddable":true,"href":"http:\/\/lorrylesmetz-histoire.fr\/index.php?rest_route=\/wp\/v2\/users\/1"}],"replies":[{"embeddable":true,"href":"http:\/\/lorrylesmetz-histoire.fr\/index.php?rest_route=%2Fwp%2Fv2%2Fcomments&post=5066"}],"version-history":[{"count":4,"href":"http:\/\/lorrylesmetz-histoire.fr\/index.php?rest_route=\/wp\/v2\/pages\/5066\/revisions"}],"predecessor-version":[{"id":5105,"href":"http:\/\/lorrylesmetz-histoire.fr\/index.php?rest_route=\/wp\/v2\/pages\/5066\/revisions\/5105"}],"up":[{"embeddable":true,"href":"http:\/\/lorrylesmetz-histoire.fr\/index.php?rest_route=\/wp\/v2\/pages\/4996"}],"wp:attachment":[{"href":"http:\/\/lorrylesmetz-histoire.fr\/index.php?rest_route=%2Fwp%2Fv2%2Fmedia&parent=5066"}],"curies":[{"name":"wp","href":"https:\/\/api.w.org\/{rel}","templated":true}]}}