{"id":5067,"date":"2019-12-28T07:42:33","date_gmt":"2019-12-28T06:42:33","guid":{"rendered":"http:\/\/lorrylesmetz-histoire.fr\/?page_id=5067"},"modified":"2019-12-28T07:42:33","modified_gmt":"2019-12-28T06:42:33","slug":"la-pays-lorrain-1953-06","status":"publish","type":"page","link":"http:\/\/lorrylesmetz-histoire.fr\/?page_id=5067","title":{"rendered":"La Pays lorrain &#8211; 1958"},"content":{"rendered":"<p><a href=\"http:\/\/lorrylesmetz-histoire.fr\/?page_id=4996\"><img loading=\"lazy\" decoding=\"async\" class=\"alignnone size-full wp-image-378\" src=\"http:\/\/lorrylesmetz-histoire.fr\/wp-content\/uploads\/2017\/05\/retour.png\" alt=\"\" width=\"89\" height=\"31\" \/><\/a><\/p>\n<h2>Articles<\/h2>\n<table>\n<tbody>\n<tr>\n<td width=\"650\">ANTOINE (Michel). La tapisserie du pillage de Bude et les ateliers lorrains<\/td>\n<td style=\"text-align: right;\" width=\"60\">109<\/td>\n<\/tr>\n<tr>\n<td>CHOUX (Jacques). Pierres tombales de Jacques de Bayon<\/td>\n<td style=\"text-align: right;\">75<\/td>\n<\/tr>\n<tr>\n<td>\u2014, Deux toiles de R\u00e9mond Constant<\/td>\n<td style=\"text-align: right;\">91<\/td>\n<\/tr>\n<tr>\n<td>DESFEUILLES (Andr\u00e9). L\u2019imagerie populaire au XIXe si\u00e8cle<\/td>\n<td style=\"text-align: right;\">24<\/td>\n<\/tr>\n<tr>\n<td>DUMONTIER (Maurice). Nancy \u00e0 la veille de la bataille du 5 janvier 1477<\/td>\n<td style=\"text-align: right;\">1<\/td>\n<\/tr>\n<tr>\n<td>\u2014. Les trois si\u00e8ges de Nancy en 1475-1476<\/td>\n<td style=\"text-align: right;\">33<\/td>\n<\/tr>\n<tr>\n<td>\u2014. Traditions et souvenirs de la bataille de Nancy<\/td>\n<td style=\"text-align: right;\">151<\/td>\n<\/tr>\n<tr>\n<td>PRANCE-LANORD (Albert). La collection Georges Goury<\/td>\n<td style=\"text-align: right;\">72<\/td>\n<\/tr>\n<tr>\n<td>GENNESON (Louis). Le plus ancien \u00e9difice reli\u00adgieux de France<\/td>\n<td style=\"text-align: right;\">137<\/td>\n<\/tr>\n<tr>\n<td>LEF\u00c8VRE * (Andr\u00e9). Fernand Baldensperger et les Vosges<\/td>\n<td style=\"text-align: right;\">52<\/td>\n<\/tr>\n<tr>\n<td>LESOURD (Jean-Alain). Un groupe de transport dans la bataille de 1940<\/td>\n<td style=\"text-align: right;\">55<\/td>\n<\/tr>\n<tr>\n<td>MAROT (Pierre). Le \u00ab jardin de la Cour de Nancy \u00bb<\/td>\n<td style=\"text-align: right;\">81<\/td>\n<\/tr>\n<tr>\n<td>\u2014. L\u2019all\u00e9gorie de la r\u00e9union de la Lorraine \u00e0 la France<\/td>\n<td style=\"text-align: right;\">117<\/td>\n<\/tr>\n<tr>\n<td>\u2014. Adieu au comte Antoine de Mahuet<\/td>\n<td style=\"text-align: right;\">133<\/td>\n<\/tr>\n<tr>\n<td>MICHEL (Guy). L\u2019\u00e9pinette au Val d\u2019Ajol<\/td>\n<td style=\"text-align: right;\">15<\/td>\n<\/tr>\n<tr>\n<td>PARISET (F. G). La \u00ab servante \u00e0 la puce \u00bb<\/td>\n<td style=\"text-align: right;\">100<\/td>\n<\/tr>\n<tr>\n<td>PRADEL (Pierre). Une figure de Prom\u00e9th\u00e9e en terre cuite<\/td>\n<td style=\"text-align: right;\">129<\/td>\n<\/tr>\n<tr>\n<td>SALIN (\u00c9douard). Avant-Propos<\/td>\n<td style=\"text-align: right;\">69<\/td>\n<\/tr>\n<\/tbody>\n<\/table>\n<h2>Chronique<\/h2>\n<table>\n<tbody>\n<tr>\n<td width=\"550\">Nouvelles lorraines<\/td>\n<td style=\"text-align: right;\" width=\"160\">29, 63, 161, 164<\/td>\n<\/tr>\n<tr>\n<td>La vie de la Soci\u00e9t\u00e9 d\u2019arch\u00e9ologie<\/td>\n<td style=\"text-align: right;\" width=\"132\">62, 160<\/td>\n<\/tr>\n<\/tbody>\n<\/table>\n<h2>Bibliographie<\/h2>\n<table>\n<tbody>\n<tr>\n<td width=\"600\">Quelques ouvrages r\u00e9cents<\/td>\n<td style=\"text-align: right;\" width=\"110\">31, 66<\/td>\n<\/tr>\n<tr>\n<td>Comptes rendus<\/td>\n<td style=\"text-align: right;\">149, 167<\/td>\n<\/tr>\n<\/tbody>\n<\/table>\n<h2>Notices n\u00e9crologiques<\/h2>\n<table>\n<tbody>\n<tr>\n<td width=\"650\">BALDENSPERGER (F.)<\/td>\n<td style=\"text-align: right;\" width=\"60\">65<\/td>\n<\/tr>\n<tr>\n<td>BOLZINGER (A)<\/td>\n<td style=\"text-align: right;\">31<\/td>\n<\/tr>\n<tr>\n<td>BUCQUOY (Eug\u00e8ne)<\/td>\n<td style=\"text-align: right;\">165<\/td>\n<\/tr>\n<tr>\n<td>DELANGLE (M.)<\/td>\n<td style=\"text-align: right;\">31<\/td>\n<\/tr>\n<tr>\n<td>DELORT (\u00c9mile)<\/td>\n<td style=\"text-align: right;\">166<\/td>\n<\/tr>\n<tr>\n<td>FRAN\u00c7OIS (Henri, g\u00e9n\u00e9ral)<\/td>\n<td style=\"text-align: right;\">167<\/td>\n<\/tr>\n<tr>\n<td>GAILLEMIN (Georges)<\/td>\n<td style=\"text-align: right;\">166<\/td>\n<\/tr>\n<tr>\n<td>HEINTZ (Mgr Joseph)<\/td>\n<td style=\"text-align: right;\">166<\/td>\n<\/tr>\n<tr>\n<td>LAMBERT (Eug\u00e8ne)<\/td>\n<td style=\"text-align: right;\">166<\/td>\n<\/tr>\n<tr>\n<td>NOIREL (Urbain)<\/td>\n<td style=\"text-align: right;\">27<\/td>\n<\/tr>\n<tr>\n<td>RATY (Jean).<\/td>\n<td style=\"text-align: right;\">166<\/td>\n<\/tr>\n<tr>\n<td>ROUSSELET (Fernand)<\/td>\n<td style=\"text-align: right;\">166<\/td>\n<\/tr>\n<tr>\n<td>SADLER (A.).<\/td>\n<td style=\"text-align: right;\">66<\/td>\n<\/tr>\n<tr>\n<td>SCHMITT (Florent)<\/td>\n<td style=\"text-align: right;\">166<\/td>\n<\/tr>\n<\/tbody>\n<\/table>\n<p><a href=\"http:\/\/lorrylesmetz-histoire.fr\/?page_id=4996\"><img loading=\"lazy\" decoding=\"async\" class=\"alignnone size-full wp-image-378\" src=\"http:\/\/lorrylesmetz-histoire.fr\/wp-content\/uploads\/2017\/05\/retour.png\" alt=\"\" width=\"89\" height=\"31\" \/><\/a><\/p>\n","protected":false},"excerpt":{"rendered":"<p>Articles ANTOINE (Michel). La tapisserie du pillage de Bude et les ateliers lorrains 109 CHOUX (Jacques). Pierres tombales de Jacques de Bayon 75 \u2014, Deux toiles de R\u00e9mond Constant 91 DESFEUILLES (Andr\u00e9). L\u2019imagerie populaire au XIXe si\u00e8cle 24 DUMONTIER (Maurice).&hellip; <\/p>\n","protected":false},"author":1,"featured_media":0,"parent":4996,"menu_order":15,"comment_status":"closed","ping_status":"closed","template":"","meta":{"_mc_calendar":[],"footnotes":""},"class_list":["post-5067","page","type-page","status-publish","hentry"],"_links":{"self":[{"href":"http:\/\/lorrylesmetz-histoire.fr\/index.php?rest_route=\/wp\/v2\/pages\/5067","targetHints":{"allow":["GET"]}}],"collection":[{"href":"http:\/\/lorrylesmetz-histoire.fr\/index.php?rest_route=\/wp\/v2\/pages"}],"about":[{"href":"http:\/\/lorrylesmetz-histoire.fr\/index.php?rest_route=\/wp\/v2\/types\/page"}],"author":[{"embeddable":true,"href":"http:\/\/lorrylesmetz-histoire.fr\/index.php?rest_route=\/wp\/v2\/users\/1"}],"replies":[{"embeddable":true,"href":"http:\/\/lorrylesmetz-histoire.fr\/index.php?rest_route=%2Fwp%2Fv2%2Fcomments&post=5067"}],"version-history":[{"count":1,"href":"http:\/\/lorrylesmetz-histoire.fr\/index.php?rest_route=\/wp\/v2\/pages\/5067\/revisions"}],"predecessor-version":[{"id":5100,"href":"http:\/\/lorrylesmetz-histoire.fr\/index.php?rest_route=\/wp\/v2\/pages\/5067\/revisions\/5100"}],"up":[{"embeddable":true,"href":"http:\/\/lorrylesmetz-histoire.fr\/index.php?rest_route=\/wp\/v2\/pages\/4996"}],"wp:attachment":[{"href":"http:\/\/lorrylesmetz-histoire.fr\/index.php?rest_route=%2Fwp%2Fv2%2Fmedia&parent=5067"}],"curies":[{"name":"wp","href":"https:\/\/api.w.org\/{rel}","templated":true}]}}