{"id":5069,"date":"2019-12-27T17:12:50","date_gmt":"2019-12-27T16:12:50","guid":{"rendered":"http:\/\/lorrylesmetz-histoire.fr\/?page_id=5069"},"modified":"2019-12-27T17:13:39","modified_gmt":"2019-12-27T16:13:39","slug":"la-pays-lorrain-1953-04","status":"publish","type":"page","link":"http:\/\/lorrylesmetz-histoire.fr\/?page_id=5069","title":{"rendered":"La Pays lorrain &#8211; 1956"},"content":{"rendered":"<p><a href=\"http:\/\/lorrylesmetz-histoire.fr\/?page_id=4996\"><img loading=\"lazy\" decoding=\"async\" class=\"alignnone size-full wp-image-378\" src=\"http:\/\/lorrylesmetz-histoire.fr\/wp-content\/uploads\/2017\/05\/retour.png\" alt=\"\" width=\"89\" height=\"31\" \/><\/a><\/p>\n<h2>Articles<\/h2>\n<table>\n<tbody>\n<tr>\n<td width=\"650\">AMANT (Alain). Lucien Jacques, ancien berger, autodidacte, polygraphe, peintre et po\u00e8te<\/td>\n<td style=\"text-align: right;\" width=\"60\">85<\/td>\n<\/tr>\n<tr>\n<td>BALDENSPERGER (Fernand). Personnages lorrains dans l\u2019exp\u00e9rience et l\u2019oeuvre de Balzac<\/td>\n<td style=\"text-align: right;\">115<\/td>\n<\/tr>\n<tr>\n<td>CHOUX ( Jacques). Le ch\u00e2teau de Moyen, forteresse des \u00e9v\u00eaques de Metz<\/td>\n<td style=\"text-align: right;\">141<\/td>\n<\/tr>\n<tr>\n<td>DIMOFF (Paul). Andr\u00e9 Nicolas, po\u00e8te lorrain<\/td>\n<td style=\"text-align: right;\">127<\/td>\n<\/tr>\n<tr>\n<td>GAR\u00c7OT (Maurice). Jean-Baptiste Isabey (1767\u20111855)<\/td>\n<td style=\"text-align: right;\">152<\/td>\n<\/tr>\n<tr>\n<td>GENNESON (Louis). La Porte des Allemands \u00e0Metz<\/td>\n<td style=\"text-align: right;\">69<\/td>\n<\/tr>\n<tr>\n<td>Le Si\u00e8ge de Toul en 1870<\/td>\n<td style=\"text-align: right;\">119<\/td>\n<\/tr>\n<tr>\n<td>LOUIS (Ren\u00e9). Maurice Toussaint (1885-1955)<\/td>\n<td style=\"text-align: right;\">65<\/td>\n<\/tr>\n<tr>\n<td>MAROT (Pierre). Le culte de Jeanne d\u2019Arc \u00e0 Domremy<\/td>\n<td style=\"text-align: right;\">1<\/td>\n<\/tr>\n<tr>\n<td>RAUX (Louis), Nouez (Urbain). Le colonel Catelot (1756-1837)<\/td>\n<td style=\"text-align: right;\">161<\/td>\n<\/tr>\n<tr>\n<td>THIRY (Jean). Un ma\u00eetre de l\u2019histoire : Louis Madelin<\/td>\n<td style=\"text-align: right;\">137<\/td>\n<\/tr>\n<tr>\n<td>TRUTTMANN (R.). Le Ch\u00e2teau de Ruppe<\/td>\n<td style=\"text-align: right;\">78<\/td>\n<\/tr>\n<\/tbody>\n<\/table>\n<h2>Chronique<\/h2>\n<table>\n<tbody>\n<tr>\n<td width=\"550\">Nouvelles lorraines<\/td>\n<td style=\"text-align: right;\" width=\"160\">91, 130, 168<\/td>\n<\/tr>\n<tr>\n<td>Soci\u00e9t\u00e9 d\u2019arch\u00e9ologie lorraine et du Mus\u00e9e histo\u00adrique lorain<\/td>\n<td style=\"text-align: right;\">91, 167<\/td>\n<\/tr>\n<\/tbody>\n<\/table>\n<h2>Vari\u00e9t\u00e9s<\/h2>\n<table>\n<tbody>\n<tr>\n<td width=\"650\">Locutions du tenoir lorrain<\/td>\n<td style=\"text-align: right;\" width=\"60\">89<\/td>\n<\/tr>\n<\/tbody>\n<\/table>\n<h2>Notices n\u00e9crologiques<\/h2>\n<table>\n<tbody>\n<tr>\n<td width=\"650\">BRAUBACH (Abb\u00e9)<\/td>\n<td style=\"text-align: right;\" width=\"60\">94<\/td>\n<\/tr>\n<tr>\n<td>CHENET (E.)<\/td>\n<td style=\"text-align: right;\">94<\/td>\n<\/tr>\n<tr>\n<td>DAIM\u00c9 (E)<\/td>\n<td style=\"text-align: right;\">94<\/td>\n<\/tr>\n<tr>\n<td>FONDEUR (G\u00e9n\u00e9ral)<\/td>\n<td style=\"text-align: right;\">94<\/td>\n<\/tr>\n<tr>\n<td>MAUDUIT (A)<\/td>\n<td style=\"text-align: right;\">95<\/td>\n<\/tr>\n<tr>\n<td>CHARPENTIER (G)<\/td>\n<td style=\"text-align: right;\">95<\/td>\n<\/tr>\n<tr>\n<td>CUGNAC (G\u00e9n\u00e9ral de)<\/td>\n<td style=\"text-align: right;\">95<\/td>\n<\/tr>\n<tr>\n<td>MATHIEU DE VIENNE (M.)<\/td>\n<td style=\"text-align: right;\">95<\/td>\n<\/tr>\n<tr>\n<td>EVRARD (Mgr)<\/td>\n<td style=\"text-align: right;\">132<\/td>\n<\/tr>\n<tr>\n<td>JARDEL (H . )<\/td>\n<td style=\"text-align: right;\">133<\/td>\n<\/tr>\n<tr>\n<td>MADELIN (L)<\/td>\n<td style=\"text-align: right;\">133<\/td>\n<\/tr>\n<tr>\n<td>WINSBACK (P.)<\/td>\n<td style=\"text-align: right;\">133<\/td>\n<\/tr>\n<tr>\n<td>FEBVRE (L.)<\/td>\n<td style=\"text-align: right;\">171<\/td>\n<\/tr>\n<tr>\n<td>PERRIN (M . )<\/td>\n<td style=\"text-align: right;\">171<\/td>\n<\/tr>\n<tr>\n<td>JACQUEREZ (L)<\/td>\n<td style=\"text-align: right;\">172<\/td>\n<\/tr>\n<\/tbody>\n<\/table>\n<h2>Bibliographie<\/h2>\n<table>\n<tbody>\n<tr>\n<td width=\"650\">AIMOND (Mgr Ch.). Marville, son histoire, ses monuments<\/td>\n<td style=\"text-align: right;\" width=\"60\">134<\/td>\n<\/tr>\n<tr>\n<td>\u2014. Notre Jeanne d\u2019Arc en son pays barrois et \u00e0 Vaucouleurs<\/td>\n<td style=\"text-align: right;\">172<\/td>\n<\/tr>\n<tr>\n<td>BOUR (Ren\u00e9). Histoire du d\u00e9partement de la Moselle (G. C.)<\/td>\n<td style=\"text-align: right;\">96<\/td>\n<\/tr>\n<tr>\n<td>Commission Nationale Belge de Folklore. Section Wallonne. Annuaire, V (1952). (J S)<\/td>\n<td style=\"text-align: right;\">133<\/td>\n<\/tr>\n<tr>\n<td>DESFEUILLES (Andr\u00e9). Les Desfeuilles, graveurs, imagistes nanc\u00e9iens (1800-1840). Le Vieux Papier (R. C)<\/td>\n<td style=\"text-align: right;\">134<\/td>\n<\/tr>\n<tr>\n<td>DHOTEL (Andr\u00e9). Le pays o\u00f9 l\u2019on arrive jamais (R. C)<\/td>\n<td style=\"text-align: right;\">96<\/td>\n<\/tr>\n<tr>\n<td>DUMONT (Jean-Marie). La vie et l\u2019oeuvre de Jean-Charles Pellerin, 1756-1836<\/td>\n<td style=\"text-align: right;\">172<\/td>\n<\/tr>\n<tr>\n<td>Derni\u00e8res oeuvres de Maurice Toussaint (J. C.)<\/td>\n<td style=\"text-align: right;\">134<\/td>\n<\/tr>\n<tr>\n<td>PRESSE (L\u00e9on). Nouveaux contes pour la Vall\u00e9e des lacs (R. C . )<\/td>\n<td style=\"text-align: right;\">173<\/td>\n<\/tr>\n<tr>\n<td>GAR\u00c7OT (Maurice). S\u00e9bastopol<\/td>\n<td style=\"text-align: right;\">95<\/td>\n<\/tr>\n<tr>\n<td>GEORGEL (Marc). G\u00e9rardmer. Son histoire jus\u00adqu\u2019\u00e0 la r\u00e9union de la Lorraine \u00e0 la France (1766)<\/td>\n<td style=\"text-align: right;\">173<\/td>\n<\/tr>\n<tr>\n<td>LALEV\u00c9E (Victor). A l\u2019ombre des Hautes-Chaumes<\/td>\n<td style=\"text-align: right;\">173<\/td>\n<\/tr>\n<tr>\n<td>LOEVENBRUCK (Pierre). Journal de Nicolas Brisset, bourgeois de Nancy, pour les ann\u00e9es 1743-1745 avec son s\u00e9jour \u00e0 Metz pendant la maladie de Louis XV<\/td>\n<td style=\"text-align: right;\">133<\/td>\n<\/tr>\n<tr>\n<td>Livres r\u00e9cents<\/td>\n<td style=\"text-align: right;\">174<\/td>\n<\/tr>\n<tr>\n<td>Meurthe-et-Moselle<\/td>\n<td style=\"text-align: right;\">172<\/td>\n<\/tr>\n<tr>\n<td>PRINTZ (Adrien). Les ann\u00e9es critiques<\/td>\n<td style=\"text-align: right;\">96<\/td>\n<\/tr>\n<tr>\n<td>Paysages lorrains<\/td>\n<td style=\"text-align: right;\">135<\/td>\n<\/tr>\n<tr>\n<td>ROGISSART (Jean). Les retranch\u00e9s<\/td>\n<td style=\"text-align: right;\">134<\/td>\n<\/tr>\n<tr>\n<td>SOUPLET (Chanoine). Saint Possesseur, 6e \u00e9v\u00eaque de Verdun, 470-486, patron des magistrats<\/td>\n<td style=\"text-align: right;\">96<\/td>\n<\/tr>\n<tr>\n<td>THIRY ( Jean). Napol\u00e9on Bonaparte. Le Concordat et le Consulat \u00e0 vie. Mars 1801-juillet 1802 (R. T.)<\/td>\n<td style=\"text-align: right;\">173<\/td>\n<\/tr>\n<tr>\n<td>THOMAS (Marcel). Mirabelles et mirabelliers en Lorraine<\/td>\n<td style=\"text-align: right;\">172<\/td>\n<\/tr>\n<tr>\n<td>WEINIGEL (L\u00e9on). Malgr\u00e9 nous<\/td>\n<td style=\"text-align: right;\">96<\/td>\n<\/tr>\n<\/tbody>\n<\/table>\n<p><a href=\"http:\/\/lorrylesmetz-histoire.fr\/?page_id=4996\"><img loading=\"lazy\" decoding=\"async\" class=\"alignnone size-full wp-image-378\" src=\"http:\/\/lorrylesmetz-histoire.fr\/wp-content\/uploads\/2017\/05\/retour.png\" alt=\"\" width=\"89\" height=\"31\" \/><\/a><\/p>\n","protected":false},"excerpt":{"rendered":"<p>Articles AMANT (Alain). Lucien Jacques, ancien berger, autodidacte, polygraphe, peintre et po\u00e8te 85 BALDENSPERGER (Fernand). Personnages lorrains dans l\u2019exp\u00e9rience et l\u2019oeuvre de Balzac 115 CHOUX ( Jacques). Le ch\u00e2teau de Moyen, forteresse des \u00e9v\u00eaques de Metz 141 DIMOFF (Paul). Andr\u00e9&hellip; <\/p>\n","protected":false},"author":1,"featured_media":0,"parent":4996,"menu_order":13,"comment_status":"closed","ping_status":"closed","template":"","meta":{"_mc_calendar":[],"footnotes":""},"class_list":["post-5069","page","type-page","status-publish","hentry"],"_links":{"self":[{"href":"http:\/\/lorrylesmetz-histoire.fr\/index.php?rest_route=\/wp\/v2\/pages\/5069","targetHints":{"allow":["GET"]}}],"collection":[{"href":"http:\/\/lorrylesmetz-histoire.fr\/index.php?rest_route=\/wp\/v2\/pages"}],"about":[{"href":"http:\/\/lorrylesmetz-histoire.fr\/index.php?rest_route=\/wp\/v2\/types\/page"}],"author":[{"embeddable":true,"href":"http:\/\/lorrylesmetz-histoire.fr\/index.php?rest_route=\/wp\/v2\/users\/1"}],"replies":[{"embeddable":true,"href":"http:\/\/lorrylesmetz-histoire.fr\/index.php?rest_route=%2Fwp%2Fv2%2Fcomments&post=5069"}],"version-history":[{"count":1,"href":"http:\/\/lorrylesmetz-histoire.fr\/index.php?rest_route=\/wp\/v2\/pages\/5069\/revisions"}],"predecessor-version":[{"id":5094,"href":"http:\/\/lorrylesmetz-histoire.fr\/index.php?rest_route=\/wp\/v2\/pages\/5069\/revisions\/5094"}],"up":[{"embeddable":true,"href":"http:\/\/lorrylesmetz-histoire.fr\/index.php?rest_route=\/wp\/v2\/pages\/4996"}],"wp:attachment":[{"href":"http:\/\/lorrylesmetz-histoire.fr\/index.php?rest_route=%2Fwp%2Fv2%2Fmedia&parent=5069"}],"curies":[{"name":"wp","href":"https:\/\/api.w.org\/{rel}","templated":true}]}}