{"id":5070,"date":"2019-12-27T15:46:41","date_gmt":"2019-12-27T14:46:41","guid":{"rendered":"http:\/\/lorrylesmetz-histoire.fr\/?page_id=5070"},"modified":"2019-12-27T15:52:41","modified_gmt":"2019-12-27T14:52:41","slug":"la-pays-lorrain-1953-03","status":"publish","type":"page","link":"http:\/\/lorrylesmetz-histoire.fr\/?page_id=5070","title":{"rendered":"La Pays lorrain &#8211; 1955"},"content":{"rendered":"<p><a href=\"http:\/\/lorrylesmetz-histoire.fr\/?page_id=4996\"><img loading=\"lazy\" decoding=\"async\" class=\"alignnone size-full wp-image-378\" src=\"http:\/\/lorrylesmetz-histoire.fr\/wp-content\/uploads\/2017\/05\/retour.png\" alt=\"\" width=\"89\" height=\"31\" \/><\/a><\/p>\n<h2>Articles<\/h2>\n<table>\n<tbody>\n<tr>\n<td width=\"650\">ANTOINE (Michel). Les tapisseries du Ch\u00e2teau de Lun\u00e9ville au temps de Stanislas<\/td>\n<td style=\"text-align: right;\" width=\"60\">117<\/td>\n<\/tr>\n<tr>\n<td>BAILLON (H. de). Notes sur Sarreguemines en 1870. Lettres du dernier sous-pr\u00e9fet de l\u2019Empire<\/td>\n<td style=\"text-align: right;\">89<\/td>\n<\/tr>\n<tr>\n<td>DUMONTIER (Maurice). La citadelle de Nancy<\/td>\n<td style=\"text-align: right;\">1<\/td>\n<\/tr>\n<tr>\n<td>DURAND (Charles). Un grand Messin : Pierre-Louis Roederer<\/td>\n<td style=\"text-align: right;\">25<\/td>\n<\/tr>\n<tr>\n<td>GENNESON (Louis). Saint Fran\u00e7ois d\u2019Assise et les premi\u00e8res fondations franciscaines \u00e0 Metz<\/td>\n<td style=\"text-align: right;\">81<\/td>\n<\/tr>\n<tr>\n<td>HATTON (Abb\u00e9 E.). Deux ann\u00e9es d\u2019inqui\u00e9tude pour Stanislas (1743-1744)<\/td>\n<td style=\"text-align: right;\">45<\/td>\n<\/tr>\n<tr>\n<td>HIEGEL (Henri). Le carnaval \u00e0 Sarreguemines et en Lorraine de langue allemande<\/td>\n<td style=\"text-align: right;\">31<\/td>\n<\/tr>\n<tr>\n<td>LEF\u00c8VRE (Andr\u00e9). Les Vosges de Th\u00e9ophile Gautier<\/td>\n<td style=\"text-align: right;\">57<\/td>\n<\/tr>\n<tr>\n<td>\u2014 Delacroix et les Vosges<\/td>\n<td style=\"text-align: right;\">143<\/td>\n<\/tr>\n<tr>\n<td>LEROY (Me). \u00c9mile Gerlach (1875-1952)<\/td>\n<td style=\"text-align: right;\">65<\/td>\n<\/tr>\n<tr>\n<td>MARIN (Louis). L\u2019inauguration de la Place et de la statue de Trois Merlin, \u00e0 Thionville, en novembre 1954<\/td>\n<td style=\"text-align: right;\">17<\/td>\n<\/tr>\n<tr>\n<td>MAROT (Pierre). Edmond des Robert (1878-1955)<\/td>\n<td style=\"text-align: right;\">113<\/td>\n<\/tr>\n<tr>\n<td>MEYER (Daniel). Un jubil\u00e9 oubli\u00e9<\/td>\n<td style=\"text-align: right;\">69<\/td>\n<\/tr>\n<tr>\n<td>OSIER (F.). \u00c0 propos d\u2019un centenaire : une lettre de S\u00e9bastopol<\/td>\n<td style=\"text-align: right;\">147<\/td>\n<\/tr>\n<tr>\n<td>RICHARD (Gabriel). Nancy sous la Premi\u00e8re Restauration<\/td>\n<td style=\"text-align: right;\">125<\/td>\n<\/tr>\n<tr>\n<td>RICORD (Maurice). Un grand Lorrain et un grand M\u00e9diterran\u00e9en : Louis Bertrand. \u2013 De la plaine de la Wo\u00ebvre \u00e0 l\u2019enchantement de la mer Morte<\/td>\n<td style=\"text-align: right;\">95<\/td>\n<\/tr>\n<\/tbody>\n<\/table>\n<h2>Vari\u00e9t\u00e9s<\/h2>\n<table>\n<tbody>\n<tr>\n<td width=\"650\">Noirel (Urbain). L\u2019eau b\u00e9nite. Traduction : L\u2019eau b\u00e9nite<\/td>\n<td style=\"text-align: right;\" width=\"60\">71<\/td>\n<\/tr>\n<tr>\n<td>\u2014. Prouesse. Traduction : Prouesse<\/td>\n<td style=\"text-align: right;\">149<\/td>\n<\/tr>\n<\/tbody>\n<\/table>\n<h2>Chronique<\/h2>\n<table>\n<tbody>\n<tr>\n<td width=\"550\">Nouvelles lorraines<\/td>\n<td style=\"text-align: right;\" width=\"160\">40, 75, 110, 151<\/td>\n<\/tr>\n<tr>\n<td>La vie de la Soci\u00e9t\u00e9 d\u2019Arch\u00e9ologie lorraine et du Mus\u00e9e historique lorrain<\/td>\n<td style=\"text-align: right;\">40, 74, 110), 151<\/td>\n<\/tr>\n<tr>\n<td>Les tribulations de votre Tr\u00e9sorier<\/td>\n<td style=\"text-align: right;\">74<\/td>\n<\/tr>\n<tr>\n<td>Abonnements et cotisations<\/td>\n<td style=\"text-align: right;\">150<\/td>\n<\/tr>\n<\/tbody>\n<\/table>\n<h2>Notices n\u00e9crologiques<\/h2>\n<table>\n<tbody>\n<tr>\n<td width=\"650\">WENDEL (H. DE)<\/td>\n<td style=\"text-align: right;\" width=\"60\">42<\/td>\n<\/tr>\n<tr>\n<td>BOUCHARD (Georges)<\/td>\n<td style=\"text-align: right;\">42<\/td>\n<\/tr>\n<tr>\n<td>LINAR\u00c8S (G\u00e9n\u00e9ral DE)<\/td>\n<td style=\"text-align: right;\">77<\/td>\n<\/tr>\n<tr>\n<td>SELLI\u00c8RE (Baron)<\/td>\n<td style=\"text-align: right;\">78<\/td>\n<\/tr>\n<tr>\n<td>WENDEL (Guy Dlt)<\/td>\n<td style=\"text-align: right;\">78<\/td>\n<\/tr>\n<tr>\n<td>ROPARTZ (Guy)<\/td>\n<td style=\"text-align: right;\">153<\/td>\n<\/tr>\n<tr>\n<td>ROUSSEAUX (Ren\u00e9)<\/td>\n<td style=\"text-align: right;\">153<\/td>\n<\/tr>\n<tr>\n<td>TOUSSAINT (Maurice)<\/td>\n<td style=\"text-align: right;\">153<\/td>\n<\/tr>\n<tr>\n<td>WATRIN (Jean)<\/td>\n<td style=\"text-align: right;\">154<\/td>\n<\/tr>\n<tr>\n<td>DROUOT (Henri)<\/td>\n<td style=\"text-align: right;\">154<\/td>\n<\/tr>\n<\/tbody>\n<\/table>\n<h2>Bibliographie<\/h2>\n<table>\n<tbody>\n<tr>\n<td>DUMONT (Francis)<\/td>\n<td style=\"text-align: right;\" width=\"60\">42<\/td>\n<\/tr>\n<tr>\n<td>XAEDEL (Pierre)<\/td>\n<td style=\"text-align: right;\">44<\/td>\n<\/tr>\n<tr>\n<td>DILG (Henri)<\/td>\n<td style=\"text-align: right;\">78<\/td>\n<\/tr>\n<tr>\n<td>COANET (Georges)<\/td>\n<td style=\"text-align: right;\">78<\/td>\n<\/tr>\n<tr>\n<td>HATZFELD (Jean)<\/td>\n<td style=\"text-align: right;\">79<\/td>\n<\/tr>\n<tr>\n<td>ABOUT (Henri)<\/td>\n<td style=\"text-align: right;\">79<\/td>\n<\/tr>\n<tr>\n<td>DORNY (Andr\u00e9)<\/td>\n<td style=\"text-align: right;\">80<\/td>\n<\/tr>\n<tr>\n<td>BENOIT (Pierre)<\/td>\n<td style=\"text-align: right;\">154<\/td>\n<\/tr>\n<tr>\n<td>AUBERT (Marcel)<\/td>\n<td style=\"text-align: right;\">154<\/td>\n<\/tr>\n<tr>\n<td>BRUNEL (Henri-Victor)<\/td>\n<td style=\"text-align: right;\">154<\/td>\n<\/tr>\n<tr>\n<td>CERNAY (Louis)<\/td>\n<td style=\"text-align: right;\">154<\/td>\n<\/tr>\n<tr>\n<td>DARLA (Jacques)<\/td>\n<td style=\"text-align: right;\">154<\/td>\n<\/tr>\n<tr>\n<td>LEGROS (Jacques)<\/td>\n<td style=\"text-align: right;\">154<\/td>\n<\/tr>\n<tr>\n<td>PRINTZ (Adrien)<\/td>\n<td style=\"text-align: right;\">154<\/td>\n<\/tr>\n<tr>\n<td>BOUISSOUNOUSE (Janine)<\/td>\n<td style=\"text-align: right;\">154<\/td>\n<\/tr>\n<tr>\n<td>GRENTE (Cardinal)<\/td>\n<td style=\"text-align: right;\">154<\/td>\n<\/tr>\n<\/tbody>\n<\/table>\n<p><a href=\"http:\/\/lorrylesmetz-histoire.fr\/?page_id=4996\"><img loading=\"lazy\" decoding=\"async\" class=\"alignnone size-full wp-image-378\" src=\"http:\/\/lorrylesmetz-histoire.fr\/wp-content\/uploads\/2017\/05\/retour.png\" alt=\"\" width=\"89\" height=\"31\" \/><\/a><\/p>\n","protected":false},"excerpt":{"rendered":"<p>Articles ANTOINE (Michel). Les tapisseries du Ch\u00e2teau de Lun\u00e9ville au temps de Stanislas 117 BAILLON (H. de). Notes sur Sarreguemines en 1870. Lettres du dernier sous-pr\u00e9fet de l\u2019Empire 89 DUMONTIER (Maurice). La citadelle de Nancy 1 DURAND (Charles). Un grand&hellip; <\/p>\n","protected":false},"author":1,"featured_media":0,"parent":4996,"menu_order":12,"comment_status":"closed","ping_status":"closed","template":"","meta":{"_mc_calendar":[],"footnotes":""},"class_list":["post-5070","page","type-page","status-publish","hentry"],"_links":{"self":[{"href":"http:\/\/lorrylesmetz-histoire.fr\/index.php?rest_route=\/wp\/v2\/pages\/5070","targetHints":{"allow":["GET"]}}],"collection":[{"href":"http:\/\/lorrylesmetz-histoire.fr\/index.php?rest_route=\/wp\/v2\/pages"}],"about":[{"href":"http:\/\/lorrylesmetz-histoire.fr\/index.php?rest_route=\/wp\/v2\/types\/page"}],"author":[{"embeddable":true,"href":"http:\/\/lorrylesmetz-histoire.fr\/index.php?rest_route=\/wp\/v2\/users\/1"}],"replies":[{"embeddable":true,"href":"http:\/\/lorrylesmetz-histoire.fr\/index.php?rest_route=%2Fwp%2Fv2%2Fcomments&post=5070"}],"version-history":[{"count":3,"href":"http:\/\/lorrylesmetz-histoire.fr\/index.php?rest_route=\/wp\/v2\/pages\/5070\/revisions"}],"predecessor-version":[{"id":5092,"href":"http:\/\/lorrylesmetz-histoire.fr\/index.php?rest_route=\/wp\/v2\/pages\/5070\/revisions\/5092"}],"up":[{"embeddable":true,"href":"http:\/\/lorrylesmetz-histoire.fr\/index.php?rest_route=\/wp\/v2\/pages\/4996"}],"wp:attachment":[{"href":"http:\/\/lorrylesmetz-histoire.fr\/index.php?rest_route=%2Fwp%2Fv2%2Fmedia&parent=5070"}],"curies":[{"name":"wp","href":"https:\/\/api.w.org\/{rel}","templated":true}]}}