{"id":5072,"date":"2019-12-27T15:30:48","date_gmt":"2019-12-27T14:30:48","guid":{"rendered":"http:\/\/lorrylesmetz-histoire.fr\/?page_id=5072"},"modified":"2019-12-27T15:30:48","modified_gmt":"2019-12-27T14:30:48","slug":"la-pays-lorrain-1953-01","status":"publish","type":"page","link":"http:\/\/lorrylesmetz-histoire.fr\/?page_id=5072","title":{"rendered":"La Pays lorrain &#8211; 1953"},"content":{"rendered":"<p><a href=\"http:\/\/lorrylesmetz-histoire.fr\/?page_id=4996\"><img loading=\"lazy\" decoding=\"async\" class=\"alignnone size-full wp-image-378\" src=\"http:\/\/lorrylesmetz-histoire.fr\/wp-content\/uploads\/2017\/05\/retour.png\" alt=\"\" width=\"89\" height=\"31\" \/><\/a><\/p>\n<h2>Articles<\/h2>\n<table>\n<tbody>\n<tr>\n<td width=\"650\">BALDENSPERGER (Fernand). Les ann\u00e9es nanc\u00e9ien\u00adnes (I885-1902) de Christian Pfister, historien de la Lorraine<\/td>\n<td style=\"text-align: right;\" width=\"60\">129<\/td>\n<\/tr>\n<tr>\n<td>BOURDON (Jean). Esp\u00e8ces animales r\u00e9cemment \u00e9teintes en Lorraine<\/td>\n<td style=\"text-align: right;\">69<\/td>\n<\/tr>\n<tr>\n<td>Bref rappel de l\u2019histoire du Mus\u00e9e historique lorrain<\/td>\n<td style=\"text-align: right;\">76<\/td>\n<\/tr>\n<tr>\n<td>G. (T.). G\u00e9o Cond\u00e9<\/td>\n<td style=\"text-align: right;\">59<\/td>\n<\/tr>\n<tr>\n<td>CHOUX (Jacques). L\u2019ermitage de Saint-Firmin-de-Loisy et sa chapelle romane<\/td>\n<td style=\"text-align: right;\">25<\/td>\n<\/tr>\n<tr>\n<td>\u2014 Une exposition d\u2019\u0153uvres d\u2019art r\u00e9cemment restaur\u00e9es, \u00e0 Nancy<\/td>\n<td style=\"text-align: right;\">160<\/td>\n<\/tr>\n<tr>\n<td>DERR\u00c9AL (H.). Un film documentaire sur saint Pierre-Fourier<\/td>\n<td style=\"text-align: right;\">41<\/td>\n<\/tr>\n<tr>\n<td>DUMONTIER (G\u00e9n\u00e9ral M.). Vauban \u00e0 Nancy<\/td>\n<td style=\"text-align: right;\">135<\/td>\n<\/tr>\n<tr>\n<td>ERRARD (St\u00e9phane). Chez les luthiers de Mire\u00adcourt<\/td>\n<td style=\"text-align: right;\">47<\/td>\n<\/tr>\n<tr>\n<td>\u2014 Le pain des anges. Conte de No\u00ebl<\/td>\n<td style=\"text-align: right;\">164<\/td>\n<\/tr>\n<tr>\n<td>FRAN\u00c7OIS (Michel). Le drapeau du roi de France Henri III<\/td>\n<td style=\"text-align: right;\">92<\/td>\n<\/tr>\n<tr>\n<td>GEINDRE (L.). Le ch\u00e2teau de Dieulouard<\/td>\n<td style=\"text-align: right;\">153<\/td>\n<\/tr>\n<tr>\n<td>G\u00caNY (Fr.). L\u2019enseignement du Droit \u00e0 l\u2019Universit\u00e9 de Pont-\u00e0-Mousson (1582-1768)<\/td>\n<td style=\"text-align: right;\">1<\/td>\n<\/tr>\n<tr>\n<td>LEF\u00c8BVRE (Andr\u00e9). M\u00e9rim\u00e9e et les Vosges de 1831 \u00e0 1848<\/td>\n<td style=\"text-align: right;\">140<\/td>\n<\/tr>\n<tr>\n<td>MAROT (Pierre). Le Mus\u00e9e historique lorrain. La galerie des Cerfs<\/td>\n<td style=\"text-align: right;\">89<\/td>\n<\/tr>\n<tr>\n<td>\u2014 Les peintres et graveurs lorrains du XVIIe si\u00e8cle. \u2013 I. Les collections du Mus\u00e9e lorrain<\/td>\n<td style=\"text-align: right;\">99<\/td>\n<\/tr>\n<tr>\n<td>\u2014 Les peintres et graveurs lorrains du XVIIe si\u00e8cle. \u2013 III. Jacques Callot<\/td>\n<td style=\"text-align: right;\">113<\/td>\n<\/tr>\n<tr>\n<td>\u2014Les transformations du Palais ducal et de l\u2019\u00e9glise des Cordeliers depuis 1937.<\/td>\n<td style=\"text-align: right;\">81<\/td>\n<\/tr>\n<tr>\n<td>MARTINELLI (Jean). La demande. Paysannerie lorraine<\/td>\n<td style=\"text-align: right;\">165<\/td>\n<\/tr>\n<tr>\n<td>NOIREL (Urbain). Lo R\u2019ned et lo Boc<\/td>\n<td style=\"text-align: right;\">35<\/td>\n<\/tr>\n<tr>\n<td>PARISET (Fran\u00e7ois-Georges). Les peintres et gra\u00adveurs lorrains du XVIIe si\u00e8cle. \u2013 II. Les artistes.<\/td>\n<td style=\"text-align: right;\">103<\/td>\n<\/tr>\n<tr>\n<td>P\u00c9ROUSE (A.). Un billet de logement chez Maurice Barr\u00e8s<\/td>\n<td style=\"text-align: right;\">52<\/td>\n<\/tr>\n<tr>\n<td>ROBERT (Edmond DES). \u00c9ph\u00e9m\u00e9ride barrisienne de 1699<\/td>\n<td style=\"text-align: right;\">18<\/td>\n<\/tr>\n<tr>\n<td>\u2014 Souvenirs sur le Mus\u00e9e<\/td>\n<td style=\"text-align: right;\">77<\/td>\n<\/tr>\n<tr>\n<td>SALIN (\u00c9douard). Le Mus\u00e9e historique lorrain. Le sens de l\u2019\u0153uvre et les buts poursuivis<\/td>\n<td style=\"text-align: right;\">73<\/td>\n<\/tr>\n<tr>\n<td>SCHNEIDER (Jean). Le droit de grenouillage dans la Lorraine m\u00e9di\u00e9vale<\/td>\n<td style=\"text-align: right;\">12<\/td>\n<\/tr>\n<tr>\n<td>THOUVENOT (Jean). Sur une m\u00e9thode d\u2019investigation anthroponymique<\/td>\n<td style=\"text-align: right;\">63<\/td>\n<\/tr>\n<tr>\n<td>WILHELM (A.) et WACKERMANN (G.). \u00c9tude d\u2019habitat rural. Les maisons \u00e0 cour de Lorenzen<\/td>\n<td style=\"text-align: right;\">31<\/td>\n<\/tr>\n<\/tbody>\n<\/table>\n<h2>Chronique<\/h2>\n<table>\n<tbody>\n<tr>\n<td width=\"550\">Nouvelles lorraines<\/td>\n<td style=\"text-align: right;\" width=\"160\">37, 69, 124, 167<\/td>\n<\/tr>\n<tr>\n<td>Soci\u00e9t\u00e9 d\u2019Arch\u00e9ologie lorraine et du Mus\u00e9e his\u00adtorique lorrain<\/td>\n<td style=\"text-align: right;\">37, 69, 124, 167<\/td>\n<\/tr>\n<\/tbody>\n<\/table>\n<h2>Notices n\u00e9crologiques<\/h2>\n<table>\n<tbody>\n<tr>\n<td>CRESTIN (Fr\u00e9d\u00e9ric)<\/td>\n<td style=\"text-align: right;\">72<\/td>\n<\/tr>\n<tr>\n<td>DAUDIER (Charles)<\/td>\n<td style=\"text-align: right;\">170<\/td>\n<\/tr>\n<tr>\n<td>FONCX (Ren\u00e9)<\/td>\n<td style=\"text-align: right;\">169<\/td>\n<\/tr>\n<tr>\n<td>G\u00c9LINET (Mgr)<\/td>\n<td style=\"text-align: right;\">170<\/td>\n<\/tr>\n<tr>\n<td>GOUIN (Pierre)<\/td>\n<td style=\"text-align: right;\">72<\/td>\n<\/tr>\n<tr>\n<td>JANTZEN (Mgr)<\/td>\n<td style=\"text-align: right;\">127<\/td>\n<\/tr>\n<tr>\n<td>LIAUTEY (Mar\u00e9chale)<\/td>\n<td style=\"text-align: right;\">40<\/td>\n<\/tr>\n<tr>\n<td>MALATRE (Intendant)<\/td>\n<td style=\"text-align: right;\">72<\/td>\n<\/tr>\n<tr>\n<td>MATHIAS (Fr\u00e8re)<\/td>\n<td style=\"text-align: right;\">72<\/td>\n<\/tr>\n<tr>\n<td>MATHIEU (Georges)<\/td>\n<td style=\"text-align: right;\">128<\/td>\n<\/tr>\n<tr>\n<td>PAUL-CAVALLIER (Daniel)<\/td>\n<td style=\"text-align: right;\">72<\/td>\n<\/tr>\n<tr>\n<td>PAYONNE (Maurice)<\/td>\n<td style=\"text-align: right;\">40<\/td>\n<\/tr>\n<tr>\n<td>PIFFERT ( Joseph)<\/td>\n<td style=\"text-align: right;\">72<\/td>\n<\/tr>\n<tr>\n<td>TALANDIER (Ernest-Jean)<\/td>\n<td style=\"text-align: right;\">40<\/td>\n<\/tr>\n<\/tbody>\n<\/table>\n<h2>Bibliographie<\/h2>\n<table>\n<tbody>\n<tr>\n<td width=\"650\">GAR\u00c7OT (Maurice). Stanislas Leszczynski (1677-1766) (Ren\u00e9 Taveneaux)<\/td>\n<td width=\"60\">\n<p style=\"text-align: right;\">128<\/p>\n<\/td>\n<\/tr>\n<\/tbody>\n<\/table>\n<p><a href=\"http:\/\/lorrylesmetz-histoire.fr\/?page_id=4996\"><img loading=\"lazy\" decoding=\"async\" class=\"alignnone size-full wp-image-378\" src=\"http:\/\/lorrylesmetz-histoire.fr\/wp-content\/uploads\/2017\/05\/retour.png\" alt=\"\" width=\"89\" height=\"31\" \/><\/a><\/p>\n","protected":false},"excerpt":{"rendered":"<p>Articles BALDENSPERGER (Fernand). Les ann\u00e9es nanc\u00e9ien\u00adnes (I885-1902) de Christian Pfister, historien de la Lorraine 129 BOURDON (Jean). Esp\u00e8ces animales r\u00e9cemment \u00e9teintes en Lorraine 69 Bref rappel de l\u2019histoire du Mus\u00e9e historique lorrain 76 G. (T.). G\u00e9o Cond\u00e9 59 CHOUX (Jacques).&hellip; <\/p>\n","protected":false},"author":1,"featured_media":0,"parent":4996,"menu_order":10,"comment_status":"closed","ping_status":"closed","template":"","meta":{"_mc_calendar":[],"footnotes":""},"class_list":["post-5072","page","type-page","status-publish","hentry"],"_links":{"self":[{"href":"http:\/\/lorrylesmetz-histoire.fr\/index.php?rest_route=\/wp\/v2\/pages\/5072","targetHints":{"allow":["GET"]}}],"collection":[{"href":"http:\/\/lorrylesmetz-histoire.fr\/index.php?rest_route=\/wp\/v2\/pages"}],"about":[{"href":"http:\/\/lorrylesmetz-histoire.fr\/index.php?rest_route=\/wp\/v2\/types\/page"}],"author":[{"embeddable":true,"href":"http:\/\/lorrylesmetz-histoire.fr\/index.php?rest_route=\/wp\/v2\/users\/1"}],"replies":[{"embeddable":true,"href":"http:\/\/lorrylesmetz-histoire.fr\/index.php?rest_route=%2Fwp%2Fv2%2Fcomments&post=5072"}],"version-history":[{"count":1,"href":"http:\/\/lorrylesmetz-histoire.fr\/index.php?rest_route=\/wp\/v2\/pages\/5072\/revisions"}],"predecessor-version":[{"id":5083,"href":"http:\/\/lorrylesmetz-histoire.fr\/index.php?rest_route=\/wp\/v2\/pages\/5072\/revisions\/5083"}],"up":[{"embeddable":true,"href":"http:\/\/lorrylesmetz-histoire.fr\/index.php?rest_route=\/wp\/v2\/pages\/4996"}],"wp:attachment":[{"href":"http:\/\/lorrylesmetz-histoire.fr\/index.php?rest_route=%2Fwp%2Fv2%2Fmedia&parent=5072"}],"curies":[{"name":"wp","href":"https:\/\/api.w.org\/{rel}","templated":true}]}}