{"id":5120,"date":"2019-12-28T11:26:00","date_gmt":"2019-12-28T10:26:00","guid":{"rendered":"http:\/\/lorrylesmetz-histoire.fr\/?page_id=5120"},"modified":"2019-12-28T11:26:00","modified_gmt":"2019-12-28T10:26:00","slug":"le-pays-lorrain-1963-10","status":"publish","type":"page","link":"http:\/\/lorrylesmetz-histoire.fr\/?page_id=5120","title":{"rendered":"Le Pays lorrain \u2013 1972"},"content":{"rendered":"<p><a href=\"http:\/\/lorrylesmetz-histoire.fr\/?page_id=4996\"><img loading=\"lazy\" decoding=\"async\" class=\"alignnone size-full wp-image-378\" src=\"http:\/\/lorrylesmetz-histoire.fr\/wp-content\/uploads\/2017\/05\/retour.png\" alt=\"\" width=\"89\" height=\"31\" \/><\/a><\/p>\n<h2>Articles<\/h2>\n<table>\n<tbody>\n<tr>\n<td width=\"650\">BEAU (A.). Le docteur Casten R\u00f6nnow, premier m\u00e9decin du roi Stanislas<\/td>\n<td style=\"text-align: right;\" width=\"60\">161<\/td>\n<\/tr>\n<tr>\n<td>CAHEN (Gilbert). Les juifs de la r\u00e9gion Lorraine des origines \u00e0 nos jours<\/td>\n<td style=\"text-align: right;\">55<\/td>\n<\/tr>\n<tr>\n<td>CAREL (Jacques). Les restes de vitraux de l\u2019\u00e9glise de Rustroff<\/td>\n<td style=\"text-align: right;\">49<\/td>\n<\/tr>\n<tr>\n<td>\u2014. Un fragment de vitrail du XVIe si\u00e8cle dans la chapelle du cimeti\u00e8re de Faulquemont<\/td>\n<td style=\"text-align: right;\">185<\/td>\n<\/tr>\n<tr>\n<td>CHOUX (Jacques). Le tombeau de saint Florentin \u00e0 Bonnet<\/td>\n<td style=\"text-align: right;\">99<\/td>\n<\/tr>\n<tr>\n<td>GEINDRE (Lucien) et SCHNEIDER (Philippe). La villa gallo-romaine du Sarrazin \u00e0 Champi\u00adgneulles<\/td>\n<td style=\"text-align: right;\">43<\/td>\n<\/tr>\n<tr>\n<td>HIEGEL (Henri). Les sobriquets des habitants de Sarreguemines et des localit\u00e9s voisines<\/td>\n<td style=\"text-align: right;\">194<\/td>\n<\/tr>\n<tr>\n<td>JACOPS (M.-Fr). et CAILLETEAU (J). Les peintures de la l\u00e9gende de saint Florentin dans l\u2019\u00e9glise de Bonnet<\/td>\n<td style=\"text-align: right;\">85<\/td>\n<\/tr>\n<tr>\n<td>LEMAIRE (Fernand). Les Des Salles, seigneurs de Gombervaux, au XVIe si\u00e8cle<\/td>\n<td style=\"text-align: right;\">155<\/td>\n<\/tr>\n<tr>\n<td>OSTROWSKI (Jan). Le Rocher, th\u00e9\u00e2tre d\u2019automates du roi Stanislas \u00e0 Lun\u00e9ville<\/td>\n<td style=\"text-align: right;\">175<\/td>\n<\/tr>\n<tr>\n<td>\u2014. Stanislas Leszczynski, peintre<\/td>\n<td style=\"text-align: right;\">189<\/td>\n<\/tr>\n<tr>\n<td>PUPIL (Fran\u00e7ois). La porte D\u00e9silles de Nancy, monument fran\u00e7ais et lorrain<\/td>\n<td style=\"text-align: right;\">137<\/td>\n<\/tr>\n<tr>\n<td>SIMONIN (Pierre). Un imagier lorrain contemporain de Ligier Richier (seconde partie)<\/td>\n<td style=\"text-align: right;\">17<\/td>\n<\/tr>\n<tr>\n<td>THIRY (Jean). Le grand mar\u00e9chal Duroc<\/td>\n<td style=\"text-align: right;\">1<\/td>\n<\/tr>\n<tr>\n<td>VINCIENNE (Olivier). Le deuxi\u00e8me duc de Choiseul et le drame de Varennes<\/td>\n<td style=\"text-align: right;\">121<\/td>\n<\/tr>\n<\/tbody>\n<\/table>\n<h2>Vari\u00e9t\u00e9 et chroniques<\/h2>\n<table>\n<tbody>\n<tr>\n<td width=\"650\">La vie de la Soci\u00e9t\u00e9 d\u2019Arch\u00e9ologie lorraine et du Mus\u00e9e historique lorrain. Nouvelles lor\u00adraines. Arch\u00e9ologie<\/td>\n<td style=\"text-align: right;\" width=\"60\">105<\/td>\n<\/tr>\n<tr>\n<td>Livres r\u00e9cents<\/td>\n<td style=\"text-align: right;\">111<\/td>\n<\/tr>\n<\/tbody>\n<\/table>\n<h2>Notices n\u00e9crologiques<\/h2>\n<table>\n<tbody>\n<tr>\n<td width=\"650\">Pauline DE PANGE<\/td>\n<td style=\"text-align: right;\" width=\"60\">60<\/td>\n<\/tr>\n<tr>\n<td>Eug\u00e8ne TISSERANT (Cardinal)<\/td>\n<td style=\"text-align: right;\">110<\/td>\n<\/tr>\n<tr>\n<td>Jean GILLIOT (G\u00e9n\u00e9ral)<\/td>\n<td style=\"text-align: right;\">111<\/td>\n<\/tr>\n<tr>\n<td>L\u00e9on DEMANGE<\/td>\n<td style=\"text-align: right;\">111<\/td>\n<\/tr>\n<tr>\n<td>Louis GENNESON<\/td>\n<td style=\"text-align: right;\">111<\/td>\n<\/tr>\n<\/tbody>\n<\/table>\n<p><a href=\"http:\/\/lorrylesmetz-histoire.fr\/?page_id=4996\"><img loading=\"lazy\" decoding=\"async\" class=\"alignnone size-full wp-image-378\" src=\"http:\/\/lorrylesmetz-histoire.fr\/wp-content\/uploads\/2017\/05\/retour.png\" alt=\"\" width=\"89\" height=\"31\" \/><\/a><\/p>\n","protected":false},"excerpt":{"rendered":"<p>Articles BEAU (A.). Le docteur Casten R\u00f6nnow, premier m\u00e9decin du roi Stanislas 161 CAHEN (Gilbert). Les juifs de la r\u00e9gion Lorraine des origines \u00e0 nos jours 55 CAREL (Jacques). Les restes de vitraux de l\u2019\u00e9glise de Rustroff 49 \u2014. Un&hellip; <\/p>\n","protected":false},"author":1,"featured_media":0,"parent":4996,"menu_order":29,"comment_status":"closed","ping_status":"closed","template":"","meta":{"_mc_calendar":[],"footnotes":""},"class_list":["post-5120","page","type-page","status-publish","hentry"],"_links":{"self":[{"href":"http:\/\/lorrylesmetz-histoire.fr\/index.php?rest_route=\/wp\/v2\/pages\/5120","targetHints":{"allow":["GET"]}}],"collection":[{"href":"http:\/\/lorrylesmetz-histoire.fr\/index.php?rest_route=\/wp\/v2\/pages"}],"about":[{"href":"http:\/\/lorrylesmetz-histoire.fr\/index.php?rest_route=\/wp\/v2\/types\/page"}],"author":[{"embeddable":true,"href":"http:\/\/lorrylesmetz-histoire.fr\/index.php?rest_route=\/wp\/v2\/users\/1"}],"replies":[{"embeddable":true,"href":"http:\/\/lorrylesmetz-histoire.fr\/index.php?rest_route=%2Fwp%2Fv2%2Fcomments&post=5120"}],"version-history":[{"count":2,"href":"http:\/\/lorrylesmetz-histoire.fr\/index.php?rest_route=\/wp\/v2\/pages\/5120\/revisions"}],"predecessor-version":[{"id":5178,"href":"http:\/\/lorrylesmetz-histoire.fr\/index.php?rest_route=\/wp\/v2\/pages\/5120\/revisions\/5178"}],"up":[{"embeddable":true,"href":"http:\/\/lorrylesmetz-histoire.fr\/index.php?rest_route=\/wp\/v2\/pages\/4996"}],"wp:attachment":[{"href":"http:\/\/lorrylesmetz-histoire.fr\/index.php?rest_route=%2Fwp%2Fv2%2Fmedia&parent=5120"}],"curies":[{"name":"wp","href":"https:\/\/api.w.org\/{rel}","templated":true}]}}