{"id":5121,"date":"2019-12-28T11:14:28","date_gmt":"2019-12-28T10:14:28","guid":{"rendered":"http:\/\/lorrylesmetz-histoire.fr\/?page_id=5121"},"modified":"2019-12-28T11:20:37","modified_gmt":"2019-12-28T10:20:37","slug":"le-pays-lorrain-1963-09","status":"publish","type":"page","link":"http:\/\/lorrylesmetz-histoire.fr\/?page_id=5121","title":{"rendered":"Le Pays lorrain \u2013 1971"},"content":{"rendered":"<p><a href=\"http:\/\/lorrylesmetz-histoire.fr\/?page_id=4996\"><img loading=\"lazy\" decoding=\"async\" class=\"alignnone size-full wp-image-378\" src=\"http:\/\/lorrylesmetz-histoire.fr\/wp-content\/uploads\/2017\/05\/retour.png\" alt=\"\" width=\"89\" height=\"31\" \/><\/a><\/p>\n<h2>Articles<\/h2>\n<table>\n<tbody>\n<tr>\n<td width=\"650\">ANCEMENT (L\u00e9on). Un peu de lumi\u00e8re sur les origines des fa\u00efenceries d\u2019Argonne<\/td>\n<td style=\"text-align: right;\" width=\"60\">135<\/td>\n<\/tr>\n<tr>\n<td>BEAULIEU (Mich\u00e8le). Le mausol\u00e9e de Ninette par Clodion<\/td>\n<td style=\"text-align: right;\">81<\/td>\n<\/tr>\n<tr>\n<td>BOYE (Pierre). Le Duc d\u2019Orl\u00e9ans \u00e0 Lun\u00e9ville<\/td>\n<td style=\"text-align: right;\">1<\/td>\n<\/tr>\n<tr>\n<td>CHOUX (Abb\u00e9 Jacques). L\u2019art lorrain \u00e0 la fin du Moyen \u00c2ge et au d\u00e9but de la Renaissance : Bernard le peintre et Gabriel Salmon<\/td>\n<td style=\"text-align: right;\">101<\/td>\n<\/tr>\n<tr>\n<td>COLIN (Hubert). La cath\u00e9drale de Verdun<\/td>\n<td style=\"text-align: right;\">15<\/td>\n<\/tr>\n<tr>\n<td>DENIS (P.). \u00c0 l\u2019occasion du centenaire du trait\u00e9 de Francfort<\/td>\n<td style=\"text-align: right;\">47<\/td>\n<\/tr>\n<tr>\n<td>G\u00c9RARD (Pierre). (Texte traduit par). La 80e divi\u00adsion am\u00e9ricaine en Lorraine, 4-16 septembre 1944<\/td>\n<td style=\"text-align: right;\">145<\/td>\n<\/tr>\n<tr>\n<td>HIEGEL (Henri). La paroisse de Neunkirch-Sarre\u00adguemines pendant la R\u00e9volution fran\u00e7aise<\/td>\n<td style=\"text-align: right;\">73<\/td>\n<\/tr>\n<tr>\n<td>MARCHAL (Jean). Proiville-l\u00e8s-Dun et la statue de sainte Idelette<\/td>\n<td style=\"text-align: right;\">143<\/td>\n<\/tr>\n<tr>\n<td>NEROT (Pierre). Une gravure in\u00e9dite de Jean Appier dit Hanzelet<\/td>\n<td style=\"text-align: right;\">45<\/td>\n<\/tr>\n<tr>\n<td>VINCIENNE (Olivier). D\u00e9tention et mort de la duchesse de Gramont et de son amie la duchesse du Ch\u00e2telet<\/td>\n<td style=\"text-align: right;\">55<\/td>\n<\/tr>\n<\/tbody>\n<\/table>\n<h2>Vari\u00e9t\u00e9s et chroniques<\/h2>\n<table>\n<tbody>\n<tr>\n<td width=\"500\">La vie de la Soci\u00e9t\u00e9 d\u2019arch\u00e9ologie lorraine et du Mus\u00e9e historique lorrain. Nouvelles lorraines. Arch\u00e9ologie<\/td>\n<td style=\"text-align: right;\" width=\"210\">85 \u00e0 89, 179 \u00e0 183<\/td>\n<\/tr>\n<\/tbody>\n<\/table>\n<h2>Bibliographie<\/h2>\n<table>\n<tbody>\n<tr>\n<td width=\"500\">Livres r\u00e9cents<\/td>\n<td style=\"text-align: right;\" width=\"210\">90 \u00e0 98, 184<\/td>\n<\/tr>\n<\/tbody>\n<\/table>\n<h2>Notices n\u00e9crologiques<\/h2>\n<table>\n<tbody>\n<tr>\n<td width=\"650\">CROUZIER (Jean)<\/td>\n<td style=\"text-align: right;\" width=\"60\">89<\/td>\n<\/tr>\n<tr>\n<td>DEMANGE (Victor)<\/td>\n<td style=\"text-align: right;\">89<\/td>\n<\/tr>\n<tr>\n<td>DUMONTIER (Maurice)<\/td>\n<td style=\"text-align: right;\">89<\/td>\n<\/tr>\n<tr>\n<td>DUVAL (Eug\u00e8ne)<\/td>\n<td style=\"text-align: right;\">90<\/td>\n<\/tr>\n<tr>\n<td>LIENHART (Professeur Robert)<\/td>\n<td style=\"text-align: right;\">89<\/td>\n<\/tr>\n<tr>\n<td>MONDON (Raymond)<\/td>\n<td style=\"text-align: right;\">89<\/td>\n<\/tr>\n<tr>\n<td>PIROLLEY (Mgr \u00c9mile)<\/td>\n<td style=\"text-align: right;\">183<\/td>\n<\/tr>\n<tr>\n<td>ROLIN (chanoine Charles-\u00c9mile)<\/td>\n<td style=\"text-align: right;\">183<\/td>\n<\/tr>\n<\/tbody>\n<\/table>\n<p><a href=\"http:\/\/lorrylesmetz-histoire.fr\/?page_id=4996\"><img loading=\"lazy\" decoding=\"async\" class=\"alignnone size-full wp-image-378\" src=\"http:\/\/lorrylesmetz-histoire.fr\/wp-content\/uploads\/2017\/05\/retour.png\" alt=\"\" width=\"89\" height=\"31\" \/><\/a><\/p>\n","protected":false},"excerpt":{"rendered":"<p>Articles ANCEMENT (L\u00e9on). Un peu de lumi\u00e8re sur les origines des fa\u00efenceries d\u2019Argonne 135 BEAULIEU (Mich\u00e8le). Le mausol\u00e9e de Ninette par Clodion 81 BOYE (Pierre). Le Duc d\u2019Orl\u00e9ans \u00e0 Lun\u00e9ville 1 CHOUX (Abb\u00e9 Jacques). L\u2019art lorrain \u00e0 la fin du&hellip; <\/p>\n","protected":false},"author":1,"featured_media":0,"parent":4996,"menu_order":28,"comment_status":"closed","ping_status":"closed","template":"","meta":{"_mc_calendar":[],"footnotes":""},"class_list":["post-5121","page","type-page","status-publish","hentry"],"_links":{"self":[{"href":"http:\/\/lorrylesmetz-histoire.fr\/index.php?rest_route=\/wp\/v2\/pages\/5121","targetHints":{"allow":["GET"]}}],"collection":[{"href":"http:\/\/lorrylesmetz-histoire.fr\/index.php?rest_route=\/wp\/v2\/pages"}],"about":[{"href":"http:\/\/lorrylesmetz-histoire.fr\/index.php?rest_route=\/wp\/v2\/types\/page"}],"author":[{"embeddable":true,"href":"http:\/\/lorrylesmetz-histoire.fr\/index.php?rest_route=\/wp\/v2\/users\/1"}],"replies":[{"embeddable":true,"href":"http:\/\/lorrylesmetz-histoire.fr\/index.php?rest_route=%2Fwp%2Fv2%2Fcomments&post=5121"}],"version-history":[{"count":4,"href":"http:\/\/lorrylesmetz-histoire.fr\/index.php?rest_route=\/wp\/v2\/pages\/5121\/revisions"}],"predecessor-version":[{"id":5176,"href":"http:\/\/lorrylesmetz-histoire.fr\/index.php?rest_route=\/wp\/v2\/pages\/5121\/revisions\/5176"}],"up":[{"embeddable":true,"href":"http:\/\/lorrylesmetz-histoire.fr\/index.php?rest_route=\/wp\/v2\/pages\/4996"}],"wp:attachment":[{"href":"http:\/\/lorrylesmetz-histoire.fr\/index.php?rest_route=%2Fwp%2Fv2%2Fmedia&parent=5121"}],"curies":[{"name":"wp","href":"https:\/\/api.w.org\/{rel}","templated":true}]}}