{"id":5124,"date":"2019-12-28T09:57:26","date_gmt":"2019-12-28T08:57:26","guid":{"rendered":"http:\/\/lorrylesmetz-histoire.fr\/?page_id=5124"},"modified":"2019-12-28T09:59:54","modified_gmt":"2019-12-28T08:59:54","slug":"le-pays-lorrain-1963-06","status":"publish","type":"page","link":"http:\/\/lorrylesmetz-histoire.fr\/?page_id=5124","title":{"rendered":"Le Pays lorrain \u2013 1968"},"content":{"rendered":"<p><a href=\"http:\/\/lorrylesmetz-histoire.fr\/?page_id=4996\"><img loading=\"lazy\" decoding=\"async\" class=\"alignnone size-full wp-image-378\" src=\"http:\/\/lorrylesmetz-histoire.fr\/wp-content\/uploads\/2017\/05\/retour.png\" alt=\"\" width=\"89\" height=\"31\" \/><\/a><\/p>\n<h2>Articles<\/h2>\n<table>\n<tbody>\n<tr>\n<td width=\"650\">CHOUX (Jacques). Claudon Callot, grand-p\u00e8re de Jacques Callot<\/td>\n<td style=\"text-align: right;\" width=\"60\">87<\/td>\n<\/tr>\n<tr>\n<td>\u2014. Villes et paysages lorrains dans les dessins de Jacques Callot<\/td>\n<td style=\"text-align: right;\">127<\/td>\n<\/tr>\n<tr>\n<td>COLLIN (Hubert). Le plus ancien donjon de Lorraine : Vaud\u00e9mont<\/td>\n<td style=\"text-align: right;\">49<\/td>\n<\/tr>\n<tr>\n<td>DENIS (Paul). Le fort de Manonviller en 1914<\/td>\n<td style=\"text-align: right;\">59<\/td>\n<\/tr>\n<tr>\n<td>\u2014. L\u2019offensive qui n\u2019a pas eu lieu<\/td>\n<td style=\"text-align: right;\">173<\/td>\n<\/tr>\n<tr>\n<td>DESFEUILLES (A.). La vie discr\u00e8te d\u2019un \u00e9rudit : Arthur Desfeuilles (1822-1907)<\/td>\n<td style=\"text-align: right;\">75<\/td>\n<\/tr>\n<tr>\n<td>DUVERNOY (\u00c9mile). Un pr\u00e9fet homme de lettres : Jean-Charles-Fran\u00e7ois Ladoucette (1772-1848)<\/td>\n<td style=\"text-align: right;\">166<\/td>\n<\/tr>\n<tr>\n<td>LECL\u00c8RE (Andr\u00e9). Un chirurgien vosgien : Joseph-Fran\u00e7ois Malgaigne (1806-1865)<\/td>\n<td style=\"text-align: right;\">71<\/td>\n<\/tr>\n<tr>\n<td>MAROT (Pierre). Recherches sur les \u00ab sculpteurs en bois de Sainte-Lucie \u00bb : les Foullon<\/td>\n<td style=\"text-align: right;\">1<\/td>\n<\/tr>\n<tr>\n<td>TAVENEAUX (R.). Jacques Callot, t\u00e9moin de la R\u00e9forme catholique<\/td>\n<td style=\"text-align: right;\">99<\/td>\n<\/tr>\n<tr>\n<td>VAHL (A.). Deux graveurs devant la guerre : Jacques Callot et Francesco Goya<\/td>\n<td style=\"text-align: right;\">117<\/td>\n<\/tr>\n<tr>\n<td>VINCIENNE (Olivier). Chronique du chol\u00e9ra (1831\u20111832)<\/td>\n<td style=\"text-align: right;\">147<\/td>\n<\/tr>\n<\/tbody>\n<\/table>\n<h2>Vari\u00e9t\u00e9s et chroniques<\/h2>\n<table>\n<tbody>\n<tr>\n<td width=\"500\">La vie de la Soci\u00e9t\u00e9 d\u2019Arch\u00e9ologie lorraine et du Mus\u00e9e historique lorrain. Nouvelles lorraines. Arch\u00e9ologie<\/td>\n<td style=\"width: 210px; text-align: right;\" width=\"210\">77 \u00e0 79, 179 \u00e0 182<\/td>\n<\/tr>\n<\/tbody>\n<\/table>\n<h2>Bibliographie<\/h2>\n<table>\n<tbody>\n<tr>\n<td width=\"500\">Livres r\u00e9cents<\/td>\n<td style=\"width: 210px; text-align: right;\" width=\"210\">80 \u00e0 84, 184 \u00e0 188<\/td>\n<\/tr>\n<\/tbody>\n<\/table>\n<h2>Notices n\u00e9crologiques<\/h2>\n<table>\n<tbody>\n<tr>\n<td width=\"650\">AIMOND (Charles)<\/td>\n<td style=\"text-align: right;\" width=\"60\">182<\/td>\n<\/tr>\n<tr>\n<td>DELSARTE (Jean)<\/td>\n<td style=\"text-align: right;\">183<\/td>\n<\/tr>\n<tr>\n<td>LUCIEN (Maurice)<\/td>\n<td style=\"text-align: right;\">183<\/td>\n<\/tr>\n<tr>\n<td>RAY (Joanny)<\/td>\n<td style=\"text-align: right;\">183<\/td>\n<\/tr>\n<tr>\n<td>SENN (F\u00e9lix)<\/td>\n<td style=\"text-align: right;\">80<\/td>\n<\/tr>\n<\/tbody>\n<\/table>\n<p><a href=\"http:\/\/lorrylesmetz-histoire.fr\/?page_id=4996\"><img loading=\"lazy\" decoding=\"async\" class=\"alignnone size-full wp-image-378\" src=\"http:\/\/lorrylesmetz-histoire.fr\/wp-content\/uploads\/2017\/05\/retour.png\" alt=\"\" width=\"89\" height=\"31\" \/><\/a><\/p>\n","protected":false},"excerpt":{"rendered":"<p>Articles CHOUX (Jacques). Claudon Callot, grand-p\u00e8re de Jacques Callot 87 \u2014. Villes et paysages lorrains dans les dessins de Jacques Callot 127 COLLIN (Hubert). Le plus ancien donjon de Lorraine : Vaud\u00e9mont 49 DENIS (Paul). Le fort de Manonviller en&hellip; <\/p>\n","protected":false},"author":1,"featured_media":0,"parent":4996,"menu_order":25,"comment_status":"closed","ping_status":"closed","template":"","meta":{"_mc_calendar":[],"footnotes":""},"class_list":["post-5124","page","type-page","status-publish","hentry"],"_links":{"self":[{"href":"http:\/\/lorrylesmetz-histoire.fr\/index.php?rest_route=\/wp\/v2\/pages\/5124","targetHints":{"allow":["GET"]}}],"collection":[{"href":"http:\/\/lorrylesmetz-histoire.fr\/index.php?rest_route=\/wp\/v2\/pages"}],"about":[{"href":"http:\/\/lorrylesmetz-histoire.fr\/index.php?rest_route=\/wp\/v2\/types\/page"}],"author":[{"embeddable":true,"href":"http:\/\/lorrylesmetz-histoire.fr\/index.php?rest_route=\/wp\/v2\/users\/1"}],"replies":[{"embeddable":true,"href":"http:\/\/lorrylesmetz-histoire.fr\/index.php?rest_route=%2Fwp%2Fv2%2Fcomments&post=5124"}],"version-history":[{"count":4,"href":"http:\/\/lorrylesmetz-histoire.fr\/index.php?rest_route=\/wp\/v2\/pages\/5124\/revisions"}],"predecessor-version":[{"id":5164,"href":"http:\/\/lorrylesmetz-histoire.fr\/index.php?rest_route=\/wp\/v2\/pages\/5124\/revisions\/5164"}],"up":[{"embeddable":true,"href":"http:\/\/lorrylesmetz-histoire.fr\/index.php?rest_route=\/wp\/v2\/pages\/4996"}],"wp:attachment":[{"href":"http:\/\/lorrylesmetz-histoire.fr\/index.php?rest_route=%2Fwp%2Fv2%2Fmedia&parent=5124"}],"curies":[{"name":"wp","href":"https:\/\/api.w.org\/{rel}","templated":true}]}}