{"id":5125,"date":"2019-12-28T09:50:40","date_gmt":"2019-12-28T08:50:40","guid":{"rendered":"http:\/\/lorrylesmetz-histoire.fr\/?page_id=5125"},"modified":"2019-12-28T09:55:21","modified_gmt":"2019-12-28T08:55:21","slug":"le-pays-lorrain-1963-05","status":"publish","type":"page","link":"http:\/\/lorrylesmetz-histoire.fr\/?page_id=5125","title":{"rendered":"Le Pays lorrain \u2013 1967"},"content":{"rendered":"<p><a href=\"http:\/\/lorrylesmetz-histoire.fr\/?page_id=4996\"><img loading=\"lazy\" decoding=\"async\" class=\"alignnone size-full wp-image-378\" src=\"http:\/\/lorrylesmetz-histoire.fr\/wp-content\/uploads\/2017\/05\/retour.png\" alt=\"\" width=\"89\" height=\"31\" \/><\/a><\/p>\n<h2>Articles<\/h2>\n<table>\n<tbody>\n<tr>\n<td width=\"650\">CHOUX (Jacques). Nicolas-Cl\u00e9ment de Tr\u00e8les, po\u00e8te humaniste (vers 1545-1588)<\/td>\n<td style=\"text-align: right;\" width=\"60\">147<\/td>\n<\/tr>\n<tr>\n<td>DAVID-DANEL (M.-L.). Le culte et l\u2019iconographie des saints C\u00f4me et Damien en Lorraine<\/td>\n<td style=\"text-align: right;\">45<\/td>\n<\/tr>\n<tr>\n<td>DUMONTIER (Maurice). Les embl\u00e8mes militaires lorrains<\/td>\n<td style=\"text-align: right;\">1<\/td>\n<\/tr>\n<tr>\n<td>Dr GEORGES (Eug\u00e8ne). Un Lorrain au service d\u2019Autriche, Victor Chaudelot (1767-1843)<\/td>\n<td style=\"text-align: right;\">33<\/td>\n<\/tr>\n<tr>\n<td>HUMBERT (Auguste). La fontaine du po\u00e8te : Louis des Masures \u00e0 Saint-Nicolas-de-Port<\/td>\n<td style=\"text-align: right;\">129<\/td>\n<\/tr>\n<tr>\n<td>LEF\u00c8VRE (Andr\u00e9). Un Anglais en captivit\u00e9 \u00e0 Verdun en 1804<\/td>\n<td style=\"text-align: right;\">53<\/td>\n<\/tr>\n<tr>\n<td>MARCILLY (Th\u00e9r\u00e8se). Quelques aspects du th\u00e9\u00e2tre en Lorraine \u00e0 la fin du XVIe et au d\u00e9but du XVIIe si\u00e8cle<\/td>\n<td style=\"text-align: right;\">157<\/td>\n<\/tr>\n<tr>\n<td>No\u00cbL (Maurice). Le palais \u00e9piscopal de Toul<\/td>\n<td style=\"text-align: right;\">81<\/td>\n<\/tr>\n<tr>\n<td>TRUTTMANN (Ren\u00e9). \u00c9tudes allemandes r\u00e9centes sur la sculpture lorraine du Moyen Age<\/td>\n<td style=\"text-align: right;\">59<\/td>\n<\/tr>\n<\/tbody>\n<\/table>\n<h2>Vari\u00e9t\u00e9s et chroniques<\/h2>\n<table>\n<tbody>\n<tr>\n<td width=\"500\">La vie de la Soci\u00e9t\u00e9 d\u2019Arch\u00e9ologie lorraine et du Mus\u00e9e historique lorrain; Nouvelles lorraines; Arch\u00e9ologie<\/td>\n<td style=\"text-align: right;\" width=\"210\">67 \u00e0 69, 166 \u00e0 171<\/td>\n<\/tr>\n<\/tbody>\n<\/table>\n<h2>Bibliographie<\/h2>\n<table>\n<tbody>\n<tr>\n<td width=\"500\">Livres r\u00e9cents<\/td>\n<td style=\"text-align: right;\" width=\"210\">71 \u00e0 76, 172 \u00e0 173<\/td>\n<\/tr>\n<\/tbody>\n<\/table>\n<h2>Notices n\u00e9crologiques<\/h2>\n<table>\n<tbody>\n<tr>\n<td width=\"650\">BURGUET (Georges)<\/td>\n<td style=\"text-align: right;\" width=\"60\">170<\/td>\n<\/tr>\n<tr>\n<td>GEORGEL (Marc)<\/td>\n<td style=\"text-align: right;\">69<\/td>\n<\/tr>\n<tr>\n<td>HAUSER (Alfred)<\/td>\n<td style=\"text-align: right;\">170<\/td>\n<\/tr>\n<tr>\n<td>HERRY (Andr\u00e9)<\/td>\n<td style=\"text-align: right;\">70<\/td>\n<\/tr>\n<tr>\n<td>KARCHER (Louis-Henri)<\/td>\n<td style=\"text-align: right;\">70<\/td>\n<\/tr>\n<tr>\n<td>MARCHAL (L\u00e9on)<\/td>\n<td style=\"text-align: right;\">170<\/td>\n<\/tr>\n<tr>\n<td>PARISOT (Jacques)<\/td>\n<td style=\"text-align: right;\">170<\/td>\n<\/tr>\n<tr>\n<td>RAPHA\u00cbL (Charles)<\/td>\n<td style=\"text-align: right;\">170<\/td>\n<\/tr>\n<tr>\n<td>SADOUL (Georges)<\/td>\n<td style=\"text-align: right;\">170<\/td>\n<\/tr>\n<tr>\n<td>UNTERSTELLER (Nicolas)<\/td>\n<td style=\"text-align: right;\">170<\/td>\n<\/tr>\n<tr>\n<td>URION<\/td>\n<td style=\"text-align: right;\">70<\/td>\n<\/tr>\n<tr>\n<td>VALLIN (Auguste).<\/td>\n<td style=\"text-align: right;\">170<\/td>\n<\/tr>\n<\/tbody>\n<\/table>\n<p><a href=\"http:\/\/lorrylesmetz-histoire.fr\/?page_id=4996\"><img loading=\"lazy\" decoding=\"async\" class=\"alignnone size-full wp-image-378\" src=\"http:\/\/lorrylesmetz-histoire.fr\/wp-content\/uploads\/2017\/05\/retour.png\" alt=\"\" width=\"89\" height=\"31\" \/><\/a><\/p>\n","protected":false},"excerpt":{"rendered":"<p>Articles CHOUX (Jacques). Nicolas-Cl\u00e9ment de Tr\u00e8les, po\u00e8te humaniste (vers 1545-1588) 147 DAVID-DANEL (M.-L.). Le culte et l\u2019iconographie des saints C\u00f4me et Damien en Lorraine 45 DUMONTIER (Maurice). Les embl\u00e8mes militaires lorrains 1 Dr GEORGES (Eug\u00e8ne). Un Lorrain au service d\u2019Autriche,&hellip; <\/p>\n","protected":false},"author":1,"featured_media":0,"parent":4996,"menu_order":24,"comment_status":"closed","ping_status":"closed","template":"","meta":{"_mc_calendar":[],"footnotes":""},"class_list":["post-5125","page","type-page","status-publish","hentry"],"_links":{"self":[{"href":"http:\/\/lorrylesmetz-histoire.fr\/index.php?rest_route=\/wp\/v2\/pages\/5125","targetHints":{"allow":["GET"]}}],"collection":[{"href":"http:\/\/lorrylesmetz-histoire.fr\/index.php?rest_route=\/wp\/v2\/pages"}],"about":[{"href":"http:\/\/lorrylesmetz-histoire.fr\/index.php?rest_route=\/wp\/v2\/types\/page"}],"author":[{"embeddable":true,"href":"http:\/\/lorrylesmetz-histoire.fr\/index.php?rest_route=\/wp\/v2\/users\/1"}],"replies":[{"embeddable":true,"href":"http:\/\/lorrylesmetz-histoire.fr\/index.php?rest_route=%2Fwp%2Fv2%2Fcomments&post=5125"}],"version-history":[{"count":4,"href":"http:\/\/lorrylesmetz-histoire.fr\/index.php?rest_route=\/wp\/v2\/pages\/5125\/revisions"}],"predecessor-version":[{"id":5160,"href":"http:\/\/lorrylesmetz-histoire.fr\/index.php?rest_route=\/wp\/v2\/pages\/5125\/revisions\/5160"}],"up":[{"embeddable":true,"href":"http:\/\/lorrylesmetz-histoire.fr\/index.php?rest_route=\/wp\/v2\/pages\/4996"}],"wp:attachment":[{"href":"http:\/\/lorrylesmetz-histoire.fr\/index.php?rest_route=%2Fwp%2Fv2%2Fmedia&parent=5125"}],"curies":[{"name":"wp","href":"https:\/\/api.w.org\/{rel}","templated":true}]}}