{"id":5126,"date":"2019-12-28T09:43:33","date_gmt":"2019-12-28T08:43:33","guid":{"rendered":"http:\/\/lorrylesmetz-histoire.fr\/?page_id=5126"},"modified":"2019-12-28T09:46:16","modified_gmt":"2019-12-28T08:46:16","slug":"le-pays-lorrain-1963-04","status":"publish","type":"page","link":"http:\/\/lorrylesmetz-histoire.fr\/?page_id=5126","title":{"rendered":"Le Pays lorrain \u2013 1966"},"content":{"rendered":"<p><a href=\"http:\/\/lorrylesmetz-histoire.fr\/?page_id=4996\"><img loading=\"lazy\" decoding=\"async\" class=\"alignnone size-full wp-image-378\" src=\"http:\/\/lorrylesmetz-histoire.fr\/wp-content\/uploads\/2017\/05\/retour.png\" alt=\"\" width=\"89\" height=\"31\" \/><\/a><\/p>\n<h2>Articles<\/h2>\n<table>\n<tbody>\n<tr>\n<td width=\"650\">CANINI (G\u00e9rard). L\u2019exode des Verdunois pendant la Grande Guerre<\/td>\n<td style=\"text-align: right;\" width=\"60\">1<\/td>\n<\/tr>\n<tr>\n<td>DUSSAUX (C.). Un \u00e9rudit du XIXe si\u00e8cle : Charles Friry<\/td>\n<td style=\"text-align: right;\">13<\/td>\n<\/tr>\n<tr>\n<td>DUMONTIER (Maurice). \u00c0 propos d\u2019un ensemble de ruines situ\u00e9 \u00e0 Bazoilles-sur-Meuse, au bord de la Meuse<\/td>\n<td style=\"text-align: right;\">27<\/td>\n<\/tr>\n<tr>\n<td>ELIE (Hubert). Michelet et la Lorraine<\/td>\n<td style=\"text-align: right;\">35<\/td>\n<\/tr>\n<tr>\n<td>DENIS (P.). L\u2019affaire du major Krewski<\/td>\n<td style=\"text-align: right;\">45<\/td>\n<\/tr>\n<tr>\n<td>FRAN\u00c7OIS (Charles). Trouard de Riolles<\/td>\n<td style=\"text-align: right;\">47<\/td>\n<\/tr>\n<tr>\n<td>MOINIER (E.). Mademoiselle de Lillebonne, abbesse de Remiremont<\/td>\n<td style=\"text-align: right;\">55<\/td>\n<\/tr>\n<tr>\n<td>BOY\u00c9 (Pierre). La croix du Saint-Esprit du roi Stanislas<\/td>\n<td style=\"text-align: right;\">67<\/td>\n<\/tr>\n<tr>\n<td>BEAU (A.). La pompe fun\u00e8bre du roi Stanislas<\/td>\n<td style=\"text-align: right;\">73<\/td>\n<\/tr>\n<tr>\n<td>PERRIN (Charles-Edmond). Les c\u00e9r\u00e9monies de juillet 1866 \u00e0 Nancy<\/td>\n<td style=\"text-align: right;\">93<\/td>\n<\/tr>\n<tr>\n<td>KASTENER (Jean). Napol\u00e9on III \u00e0 Plombi\u00e8res<\/td>\n<td style=\"text-align: right;\">103<\/td>\n<\/tr>\n<tr>\n<td>Un voyage d\u2019Eclaron \u00e0 Metz en 1843 \u2013 Relation du Baron Louis de H\u00e9douville (1821-1887)<\/td>\n<td style=\"text-align: right;\">120<\/td>\n<\/tr>\n<tr>\n<td>DENIS (P.). Un aviateur am\u00e9ricain tomb\u00e9 en Lorraine \u2013 Le major Lufbery (1883-1918)<\/td>\n<td style=\"text-align: right;\">125<\/td>\n<\/tr>\n<\/tbody>\n<\/table>\n<h2>Vari\u00e9t\u00e9s et chroniques<\/h2>\n<table>\n<tbody>\n<tr>\n<td width=\"500\">La vie de la Soci\u00e9t\u00e9 d\u2019Arch\u00e9ologie lorraine et du Mus\u00e9e historique lorrain. Nouvelles lorraines. Arch\u00e9ologie<\/td>\n<td style=\"text-align: right;\" width=\"210\">57 \u00e0 59, 129 \u00e0 136<\/td>\n<\/tr>\n<\/tbody>\n<\/table>\n<h2>Bibliographie<\/h2>\n<table>\n<tbody>\n<tr>\n<td width=\"500\">Livres r\u00e9cents<\/td>\n<td style=\"text-align: right;\" width=\"210\">61 \u00e0 64, 137 \u00e0 142<\/td>\n<\/tr>\n<\/tbody>\n<\/table>\n<h2>Notices n\u00e9crologiques<\/h2>\n<table>\n<tbody>\n<tr>\n<td width=\"650\">LUR\u00c7AT (Jean)<\/td>\n<td style=\"text-align: right;\" width=\"60\">59<\/td>\n<\/tr>\n<tr>\n<td>SAUR (Hubert)<\/td>\n<td style=\"text-align: right;\">59<\/td>\n<\/tr>\n<tr>\n<td>LANREZAC<\/td>\n<td style=\"text-align: right;\">136<\/td>\n<\/tr>\n<tr>\n<td>MALGRAS (L\u00e9on)<\/td>\n<td style=\"text-align: right;\">136<\/td>\n<\/tr>\n<tr>\n<td>DAUM (L\u00e9on)<\/td>\n<td style=\"text-align: right;\">136<\/td>\n<\/tr>\n<tr>\n<td>SPIRE (Andr\u00e9)<\/td>\n<td style=\"text-align: right;\">137<\/td>\n<\/tr>\n<tr>\n<td>THIRION (Louis)<\/td>\n<td style=\"text-align: right;\">137<\/td>\n<\/tr>\n<tr>\n<td>PETOT (Pierre)<\/td>\n<td style=\"text-align: right;\">137<\/td>\n<\/tr>\n<\/tbody>\n<\/table>\n<p><a href=\"http:\/\/lorrylesmetz-histoire.fr\/?page_id=4996\"><img loading=\"lazy\" decoding=\"async\" class=\"alignnone size-full wp-image-378\" src=\"http:\/\/lorrylesmetz-histoire.fr\/wp-content\/uploads\/2017\/05\/retour.png\" alt=\"\" width=\"89\" height=\"31\" \/><\/a><\/p>\n","protected":false},"excerpt":{"rendered":"<p>Articles CANINI (G\u00e9rard). L\u2019exode des Verdunois pendant la Grande Guerre 1 DUSSAUX (C.). Un \u00e9rudit du XIXe si\u00e8cle : Charles Friry 13 DUMONTIER (Maurice). \u00c0 propos d\u2019un ensemble de ruines situ\u00e9 \u00e0 Bazoilles-sur-Meuse, au bord de la Meuse 27 ELIE&hellip; <\/p>\n","protected":false},"author":1,"featured_media":0,"parent":4996,"menu_order":23,"comment_status":"closed","ping_status":"closed","template":"","meta":{"_mc_calendar":[],"footnotes":""},"class_list":["post-5126","page","type-page","status-publish","hentry"],"_links":{"self":[{"href":"http:\/\/lorrylesmetz-histoire.fr\/index.php?rest_route=\/wp\/v2\/pages\/5126","targetHints":{"allow":["GET"]}}],"collection":[{"href":"http:\/\/lorrylesmetz-histoire.fr\/index.php?rest_route=\/wp\/v2\/pages"}],"about":[{"href":"http:\/\/lorrylesmetz-histoire.fr\/index.php?rest_route=\/wp\/v2\/types\/page"}],"author":[{"embeddable":true,"href":"http:\/\/lorrylesmetz-histoire.fr\/index.php?rest_route=\/wp\/v2\/users\/1"}],"replies":[{"embeddable":true,"href":"http:\/\/lorrylesmetz-histoire.fr\/index.php?rest_route=%2Fwp%2Fv2%2Fcomments&post=5126"}],"version-history":[{"count":4,"href":"http:\/\/lorrylesmetz-histoire.fr\/index.php?rest_route=\/wp\/v2\/pages\/5126\/revisions"}],"predecessor-version":[{"id":5155,"href":"http:\/\/lorrylesmetz-histoire.fr\/index.php?rest_route=\/wp\/v2\/pages\/5126\/revisions\/5155"}],"up":[{"embeddable":true,"href":"http:\/\/lorrylesmetz-histoire.fr\/index.php?rest_route=\/wp\/v2\/pages\/4996"}],"wp:attachment":[{"href":"http:\/\/lorrylesmetz-histoire.fr\/index.php?rest_route=%2Fwp%2Fv2%2Fmedia&parent=5126"}],"curies":[{"name":"wp","href":"https:\/\/api.w.org\/{rel}","templated":true}]}}