{"id":5128,"date":"2019-12-28T09:30:12","date_gmt":"2019-12-28T08:30:12","guid":{"rendered":"http:\/\/lorrylesmetz-histoire.fr\/?page_id=5128"},"modified":"2019-12-28T09:33:55","modified_gmt":"2019-12-28T08:33:55","slug":"le-pays-lorrain-1963-02","status":"publish","type":"page","link":"http:\/\/lorrylesmetz-histoire.fr\/?page_id=5128","title":{"rendered":"Le Pays lorrain \u2013 1964"},"content":{"rendered":"<p><a href=\"http:\/\/lorrylesmetz-histoire.fr\/?page_id=4996\"><img loading=\"lazy\" decoding=\"async\" class=\"alignnone size-full wp-image-378\" src=\"http:\/\/lorrylesmetz-histoire.fr\/wp-content\/uploads\/2017\/05\/retour.png\" alt=\"\" width=\"89\" height=\"31\" \/><\/a><\/p>\n<h2>Articles<\/h2>\n<table>\n<tbody>\n<tr>\n<td width=\"650\">CHARVET (Louis). Un s\u00e9jour des filles de Louis XV \u00e0 Plombi\u00e8res (1761-1762) (1)<\/td>\n<td style=\"text-align: right;\" width=\"60\">48<\/td>\n<\/tr>\n<tr>\n<td>CHOUX (Jacques). Les Armes de Lorraine<\/td>\n<td style=\"text-align: right;\">1<\/td>\n<\/tr>\n<tr>\n<td>COLLIN (Hubert). L\u2019ancien ch\u00e2teau de Longwy<\/td>\n<td style=\"text-align: right;\">121<\/td>\n<\/tr>\n<tr>\n<td>C. F. Notes lorraines : Le lotissement du cours L\u00e9opold. Qui habitait il y a 150 ans, au sommet de la colline de Mousson\u2005?<\/td>\n<td style=\"text-align: right;\">63<\/td>\n<\/tr>\n<tr>\n<td>DENIS (P.) Le 20e corps \u00e0 la bataille de Morhange<\/td>\n<td style=\"text-align: right;\">73<\/td>\n<\/tr>\n<tr>\n<td>DOUX-RICHARD (\u00c9lisabeth). Cinquante ans apr\u00e8s Nancy et la bataille du Grand-Couronn\u00e9 \u2013 Le Comit\u00e9 nanc\u00e9ien d\u2019assistance aux r\u00e9fugi\u00e9s<\/td>\n<td style=\"text-align: right;\">106<\/td>\n<\/tr>\n<tr>\n<td>\u00c9LIE (Hubert). Contribution \u00e0 l\u2019histoire d\u2019Her\u00adb\u00e9viller (Meurthe-et-Moselle)<\/td>\n<td style=\"text-align: right;\">57<\/td>\n<\/tr>\n<tr>\n<td>RENARD (Georges). Une d\u00e9couverte mon\u00e9taire aux environs de Gand<\/td>\n<td style=\"text-align: right;\">45<\/td>\n<\/tr>\n<tr>\n<td>RICHARD (Gabriel). La d\u00e9fense du Grand-Couronn\u00e9<\/td>\n<td style=\"text-align: right;\">94<\/td>\n<\/tr>\n<tr>\n<td>\u2014. Vacances lorraines \u00e0 la fin de l\u2019ancien r\u00e9gime<\/td>\n<td style=\"text-align: right;\">138<\/td>\n<\/tr>\n<tr>\n<td>TRUTTMANN (Ren\u00e9). Quelques \u00e9glises fortifi\u00e9es de l\u2019Est de la France<\/td>\n<td style=\"text-align: right;\">129<\/td>\n<\/tr>\n<\/tbody>\n<\/table>\n<h2>Vari\u00e9t\u00e9s et chroniques<\/h2>\n<table>\n<tbody>\n<tr>\n<td width=\"500\">La vie de la Soci\u00e9t\u00e9 d\u2019Arch\u00e9ologie<\/td>\n<td style=\"text-align: right;\" width=\"210\">65, 152<\/td>\n<\/tr>\n<tr>\n<td>Nouvelles lorraines<\/td>\n<td style=\"text-align: right;\">65 \u00e0 67, 153 \u00e0 155<\/td>\n<\/tr>\n<\/tbody>\n<\/table>\n<h2>Bibliographie<\/h2>\n<table>\n<tbody>\n<tr>\n<td width=\"500\">Livres r\u00e9cents<\/td>\n<td style=\"text-align: right;\" width=\"210\">68 \u00e0 70, 155 \u00e0 159<\/td>\n<\/tr>\n<\/tbody>\n<\/table>\n<h2>Notices n\u00e9crologiques<\/h2>\n<table>\n<tbody>\n<tr>\n<td width=\"650\">KIEFFER (Cl\u00e9ment)<\/td>\n<td style=\"text-align: right;\" width=\"60\">67<\/td>\n<\/tr>\n<tr>\n<td>MORHAIN (Chanoine \u00c9mile)<\/td>\n<td style=\"text-align: right;\">67<\/td>\n<\/tr>\n<tr>\n<td>EICH (Abb\u00e9 Jean)<\/td>\n<td style=\"text-align: right;\">67<\/td>\n<\/tr>\n<tr>\n<td>BOREL (Lucien)<\/td>\n<td style=\"text-align: right;\">155<\/td>\n<\/tr>\n<tr>\n<td>Mgr BRAULT (Henri-Ren\u00e9-Adrien)<\/td>\n<td style=\"text-align: right;\">155<\/td>\n<\/tr>\n<tr>\n<td>CAVALLIER (Michel-Paul)<\/td>\n<td style=\"text-align: right;\">155<\/td>\n<\/tr>\n<\/tbody>\n<\/table>\n<p><a href=\"http:\/\/lorrylesmetz-histoire.fr\/?page_id=4996\"><img loading=\"lazy\" decoding=\"async\" class=\"alignnone size-full wp-image-378\" src=\"http:\/\/lorrylesmetz-histoire.fr\/wp-content\/uploads\/2017\/05\/retour.png\" alt=\"\" width=\"89\" height=\"31\" \/><\/a><\/p>\n","protected":false},"excerpt":{"rendered":"<p>Articles CHARVET (Louis). Un s\u00e9jour des filles de Louis XV \u00e0 Plombi\u00e8res (1761-1762) (1) 48 CHOUX (Jacques). Les Armes de Lorraine 1 COLLIN (Hubert). L\u2019ancien ch\u00e2teau de Longwy 121 C. F. Notes lorraines : Le lotissement du cours L\u00e9opold. Qui&hellip; <\/p>\n","protected":false},"author":1,"featured_media":0,"parent":4996,"menu_order":21,"comment_status":"closed","ping_status":"closed","template":"","meta":{"_mc_calendar":[],"footnotes":""},"class_list":["post-5128","page","type-page","status-publish","hentry"],"_links":{"self":[{"href":"http:\/\/lorrylesmetz-histoire.fr\/index.php?rest_route=\/wp\/v2\/pages\/5128","targetHints":{"allow":["GET"]}}],"collection":[{"href":"http:\/\/lorrylesmetz-histoire.fr\/index.php?rest_route=\/wp\/v2\/pages"}],"about":[{"href":"http:\/\/lorrylesmetz-histoire.fr\/index.php?rest_route=\/wp\/v2\/types\/page"}],"author":[{"embeddable":true,"href":"http:\/\/lorrylesmetz-histoire.fr\/index.php?rest_route=\/wp\/v2\/users\/1"}],"replies":[{"embeddable":true,"href":"http:\/\/lorrylesmetz-histoire.fr\/index.php?rest_route=%2Fwp%2Fv2%2Fcomments&post=5128"}],"version-history":[{"count":4,"href":"http:\/\/lorrylesmetz-histoire.fr\/index.php?rest_route=\/wp\/v2\/pages\/5128\/revisions"}],"predecessor-version":[{"id":5145,"href":"http:\/\/lorrylesmetz-histoire.fr\/index.php?rest_route=\/wp\/v2\/pages\/5128\/revisions\/5145"}],"up":[{"embeddable":true,"href":"http:\/\/lorrylesmetz-histoire.fr\/index.php?rest_route=\/wp\/v2\/pages\/4996"}],"wp:attachment":[{"href":"http:\/\/lorrylesmetz-histoire.fr\/index.php?rest_route=%2Fwp%2Fv2%2Fmedia&parent=5128"}],"curies":[{"name":"wp","href":"https:\/\/api.w.org\/{rel}","templated":true}]}}