{"id":5131,"date":"2019-12-28T11:52:44","date_gmt":"2019-12-28T10:52:44","guid":{"rendered":"http:\/\/lorrylesmetz-histoire.fr\/?page_id=5131"},"modified":"2019-12-28T11:52:44","modified_gmt":"2019-12-28T10:52:44","slug":"le-pays-lorrain-1973-06","status":"publish","type":"page","link":"http:\/\/lorrylesmetz-histoire.fr\/?page_id=5131","title":{"rendered":"Le Pays lorrain \u2013 1978"},"content":{"rendered":"<h2>Num\u00e9ro 1<\/h2>\n<table>\n<tbody>\n<tr>\n<td width=\"650\">Alain GIRARDOT, Les Angevins, ducs de Lorraine et de Bar<\/td>\n<td style=\"text-align: right;\" width=\"60\">1<\/td>\n<\/tr>\n<tr>\n<td>Pierre SIMONIN, Trois Vierges \u00e0 l\u2019Enfant du XIVe si\u00e8cle \u00e0 Lucey, Francheville, V\u00e9zelise<\/td>\n<td style=\"text-align: right;\">19<\/td>\n<\/tr>\n<tr>\n<td>Jacques CAREL, La chapelle Saint-Luc de Bassompierre \u00e0 Boulange (Moselle)<\/td>\n<td style=\"text-align: right;\">37<\/td>\n<\/tr>\n<tr>\n<td>Chroniques<\/td>\n<td style=\"text-align: right;\">41<\/td>\n<\/tr>\n<\/tbody>\n<\/table>\n<h2>Num\u00e9ro 2<\/h2>\n<table>\n<tbody>\n<tr>\n<td width=\"650\">Chantal HUMBERT, Les heyduques \u00e0 la cour de L\u00e9opold, duc de Lorraine<\/td>\n<td style=\"text-align: right;\" width=\"60\">53<\/td>\n<\/tr>\n<tr>\n<td>Liliane CH\u00c2TELET-LANGE, Jacques Gentill\u00e2tre et les ch\u00e2teaux des Tons et de Chauvirey<\/td>\n<td style=\"text-align: right;\">65<\/td>\n<\/tr>\n<tr>\n<td>Olivier VINCIENNE, Le duc du Ch\u00e2telet (1727-1793)<\/td>\n<td style=\"text-align: right;\">97<\/td>\n<\/tr>\n<\/tbody>\n<\/table>\n<h2>Num\u00e9ro 3<\/h2>\n<table>\n<tbody>\n<tr>\n<td width=\"650\">Pierre SIMONIN, L\u2019ancien buffet d\u2019orgue de la cath\u00e9drale de Toul<\/td>\n<td style=\"text-align: right;\" width=\"60\">107<\/td>\n<\/tr>\n<tr>\n<td>Hubert COLLIN, Les d\u00e9buts d\u2019une fondation cistercienne en Argonne. L\u2019abbaye et l\u2019abbatiale de La Chalade au dioc\u00e8se de Verdun<\/td>\n<td style=\"text-align: right;\">121<\/td>\n<\/tr>\n<tr>\n<td>Henri HIEGEL, Sainte Oranne, patronne du bailliage d\u2019Allemagne<\/td>\n<td style=\"text-align: right;\">133<\/td>\n<\/tr>\n<tr>\n<td>Fran\u00e7oise JOB, La synagogue de Lun\u00e9ville<\/td>\n<td style=\"text-align: right;\">141<\/td>\n<\/tr>\n<\/tbody>\n<\/table>\n<p><a href=\"http:\/\/lorrylesmetz-histoire.fr\/?page_id=4996\"><img loading=\"lazy\" decoding=\"async\" class=\"alignnone size-full wp-image-378\" src=\"http:\/\/lorrylesmetz-histoire.fr\/wp-content\/uploads\/2017\/05\/retour.png\" alt=\"\" width=\"89\" height=\"31\" \/><\/a><\/p>\n","protected":false},"excerpt":{"rendered":"<p>Num\u00e9ro 1 Alain GIRARDOT, Les Angevins, ducs de Lorraine et de Bar 1 Pierre SIMONIN, Trois Vierges \u00e0 l\u2019Enfant du XIVe si\u00e8cle \u00e0 Lucey, Francheville, V\u00e9zelise 19 Jacques CAREL, La chapelle Saint-Luc de Bassompierre \u00e0 Boulange (Moselle) 37 Chroniques 41&hellip; <\/p>\n","protected":false},"author":1,"featured_media":0,"parent":4996,"menu_order":35,"comment_status":"closed","ping_status":"closed","template":"","meta":{"_mc_calendar":[],"footnotes":""},"class_list":["post-5131","page","type-page","status-publish","hentry"],"_links":{"self":[{"href":"http:\/\/lorrylesmetz-histoire.fr\/index.php?rest_route=\/wp\/v2\/pages\/5131","targetHints":{"allow":["GET"]}}],"collection":[{"href":"http:\/\/lorrylesmetz-histoire.fr\/index.php?rest_route=\/wp\/v2\/pages"}],"about":[{"href":"http:\/\/lorrylesmetz-histoire.fr\/index.php?rest_route=\/wp\/v2\/types\/page"}],"author":[{"embeddable":true,"href":"http:\/\/lorrylesmetz-histoire.fr\/index.php?rest_route=\/wp\/v2\/users\/1"}],"replies":[{"embeddable":true,"href":"http:\/\/lorrylesmetz-histoire.fr\/index.php?rest_route=%2Fwp%2Fv2%2Fcomments&post=5131"}],"version-history":[{"count":2,"href":"http:\/\/lorrylesmetz-histoire.fr\/index.php?rest_route=\/wp\/v2\/pages\/5131\/revisions"}],"predecessor-version":[{"id":5192,"href":"http:\/\/lorrylesmetz-histoire.fr\/index.php?rest_route=\/wp\/v2\/pages\/5131\/revisions\/5192"}],"up":[{"embeddable":true,"href":"http:\/\/lorrylesmetz-histoire.fr\/index.php?rest_route=\/wp\/v2\/pages\/4996"}],"wp:attachment":[{"href":"http:\/\/lorrylesmetz-histoire.fr\/index.php?rest_route=%2Fwp%2Fv2%2Fmedia&parent=5131"}],"curies":[{"name":"wp","href":"https:\/\/api.w.org\/{rel}","templated":true}]}}